{"id":90,"date":"2013-08-11T19:06:15","date_gmt":"2013-08-11T19:06:15","guid":{"rendered":"http:\/\/localhost:8888\/test\/?page_id=520"},"modified":"2022-06-25T10:55:06","modified_gmt":"2022-06-25T10:55:06","slug":"ghostguns-online-kaufen","status":"publish","type":"page","link":"https:\/\/buyaghostgun.com\/de\/ghostguns-online-kaufen\/","title":{"rendered":"\u00dcber"},"content":{"rendered":"<div class=\"banner has-hover has-parallax\" id=\"banner-954898406\">\n          <div class=\"banner-inner fill\">\n        <div class=\"banner-bg fill\" data-parallax=\"-3\" data-parallax-container=\".banner\" data-parallax-background>\n            <div class=\"bg fill bg-fill\"><\/div>\n                        <div class=\"overlay\"><\/div>            \n                    <\/div>\n\t\t\n        <div class=\"banner-layers container\">\n            <div class=\"fill banner-link\"><\/div>            \n   <div id=\"text-box-2129670003\" class=\"text-box banner-layer x50 md-x50 lg-x50 y80 md-y80 lg-y80 res-text\">\n                                <div class=\"text-box-content text dark\">\n              \n              <div class=\"text-inner text-center\">\n                  \n<h1 class=\"lead\">\u00dcber uns<\/h1>\n<p class=\"lead\">Wenn Sie Wert auf Professionalit\u00e4t und Anonymit\u00e4t legen, sind Sie bei uns genau richtig.<\/p>\n<p><span style=\"font-size: 115%;\">Wir bieten nicht zur\u00fcckverfolgbare, nicht regulierte und nicht serialisierte Schusswaffen zu erschwinglichen Preisen sowie 100% Discrete Hitman Service. .<\/span><\/p>\n              <\/div>\n           <\/div>\n                            \n<style>\n#text-box-2129670003 {\n  width: 60%;\n}\n#text-box-2129670003 .text-box-content {\n  font-size: 100%;\n}\n<\/style>\n    <\/div>\n \n        <\/div>\n      <\/div>\n\n            \n<style>\n#banner-954898406 {\n  padding-top: 507px;\n}\n#banner-954898406 .bg.bg-loaded {\n  background-image: url(https:\/\/buyaghostgun.com\/wp-content\/uploads\/2022\/06\/Ghost-guns-for-sale-around-me.jpg);\n}\n#banner-954898406 .overlay {\n  background-color: rgba(0, 0, 0, 0.49);\n}\n#banner-954898406 .ux-shape-divider--top svg {\n  height: 150px;\n  --divider-top-width: 100%;\n}\n#banner-954898406 .ux-shape-divider--bottom svg {\n  height: 150px;\n  --divider-width: 100%;\n}\n<\/style>\n  <\/div>\n\n\n\t<section class=\"section\" id=\"section_1532774629\">\n\t\t<div class=\"bg section-bg fill bg-fill  bg-loaded\" >\n\n\t\t\t\n\t\t\t\n\t\t\t\n\n\t\t<\/div>\n\n\t\t\n\n\t\t<div class=\"section-content relative\">\n\t\t\t\n<div class=\"row align-middle\"  id=\"row-882288183\">\n\n\t<div id=\"col-859729065\" class=\"col medium-5 small-12 large-5\"  >\n\t\t\t\t<div class=\"col-inner\"  >\n\t\t\t\n\t\t\t\n\n  <div class=\"banner has-hover\" id=\"banner-1486458067\">\n          <div class=\"banner-inner fill\">\n        <div class=\"banner-bg fill\" >\n            <div class=\"bg fill bg-fill\"><\/div>\n                                    \n                    <\/div>\n\t\t\n        <div class=\"banner-layers container\">\n            <div class=\"fill banner-link\"><\/div>            \n        <\/div>\n      <\/div>\n\n            \n<style>\n#banner-1486458067 {\n  padding-top: 400px;\n  background-color: rgb(255, 255, 255);\n}\n#banner-1486458067 .bg.bg-loaded {\n  background-image: url(https:\/\/buyaghostgun.com\/wp-content\/uploads\/2022\/06\/Ghost-guns-for-sale-with-bitcoin-1.jpg);\n}\n#banner-1486458067 .ux-shape-divider--top svg {\n  height: 150px;\n  --divider-top-width: 100%;\n}\n#banner-1486458067 .ux-shape-divider--bottom svg {\n  height: 150px;\n  --divider-width: 100%;\n}\n@media (min-width:550px) {\n  #banner-1486458067 {\n    padding-top: 600px;\n  }\n}\n<\/style>\n  <\/div>\n\n\n\t\t<\/div>\n\t\t\t\t\t<\/div>\n\n\t\n\n\t<div id=\"col-2076054427\" class=\"col medium-7 small-12 large-7\"  >\n\t\t\t\t<div class=\"col-inner\"  >\n\t\t\t\n\t\t\t\n\t<div id=\"text-2769521500\" class=\"text\">\n\t\t\n<h3>Ghost Guns online kaufen<\/h3>\n\t\t\n<style>\n#text-2769521500 {\n  font-size: 2.5rem;\n  line-height: 0.75;\n}\n<\/style>\n\t<\/div>\n\t\n<p><strong>Ghost Guns for sale | Buy Untraceable Firearms Online | Buy Machine Guns Online | Where can i buy Ghost Guns | Buy Ghost Guns Online<br \/>\n<\/strong><\/p>\n<p>Ghost Guns sind unregulierte Feuerwaffen. Hier k\u00f6nnen Sie untraceable Maschinengewehre, Gewehre und 9mm Handfeuerwaffen Pistolen zum Verkauf online und lokal sehr billig mit Bitcoin und anderen Kryptow\u00e4hrungen zu bekommen. Unsere Feuerwaffen haben keine Seriennummer und k\u00f6nnen nicht zur\u00fcckverfolgt werden, weil sie zu Hause aus Teilen zusammengebaut werden, die ohne eine Hintergrundpr\u00fcfung gekauft wurden. <a href=\"https:\/\/buyaghostgun.com\/de\/product-category\/ghost-rifles-zu-verkaufen\/\">Wo kann ich Ghost-Guns f\u00fcr den Verkauf in meiner N\u00e4he bekommen<\/a> .<\/p>\n<h4 style=\"text-align: center;\"><span class=\"tagify__tag-text\" contenteditable=\"true\">Nicht zur\u00fcckverfolgbare Geisterwaffen kaufen<\/span><\/h4>\n<p>Die Amerikaner haben das Recht, Waffen zu besitzen und zu tragen. Wir haben auch das Recht, sie zu bauen und zu verkaufen. Wir verkaufen 80 Prozent Empf\u00e4nger, Rahmen, Oberteile, Sch\u00e4fte und Unterteile, um jedes DIY-Waffensystem auf dem Markt zu beenden. Die Artikel, die wir f\u00fchren, sind diejenigen, die wir selbst verwenden. Ghost guns for sale near me in Denver.<\/p>\n<p>Wir sind ausschlie\u00dflich in den Vereinigten Staaten t\u00e4tig und beliefern B\u00fcrger, Soldaten und Strafverfolgungsbeh\u00f6rden gleicherma\u00dfen. Wir arbeiten direkt mit Herstellern und Importeuren zusammen, um die hochwertigsten AK47- und 308 80%-Empf\u00e4nger auf dem Markt anbieten zu k\u00f6nnen. Dar\u00fcber hinaus verkaufen wir einfach zu bedienende Vorrichtungen, Halterungen und CNC-Ausr\u00fcstung f\u00fcr die Fertigstellung Ihrer Builds auf jeder Ebene des Know-how. <a href=\"https:\/\/buyaghostgun.com\/de\/geisterwaffen-zu-verkaufen\/\">Ghost guns for sale near me in Florida<\/a>.<\/p>\n<a href=\"https:\/\/buyaghostgun.com\/de\/geisterwaffen-zu-verkaufen\/\" target=\"_self\" class=\"button secondary\"  style=\"border-radius:5px;padding:6px 30px 6px 30px;\">\n    <span>Eine Waffe bestellen<\/span>\n  <\/a>\n\n\t\t<\/div>\n\t\t\t\t\n<style>\n#col-2076054427 > .col-inner {\n  padding: 0px 1% 0px 1%;\n}\n@media (min-width:550px) {\n  #col-2076054427 > .col-inner {\n    padding: 0px 2% 0px 2%;\n  }\n}\n@media (min-width:850px) {\n  #col-2076054427 > .col-inner {\n    padding: 0px 0px 0px 10%;\n  }\n}\n<\/style>\n\t<\/div>\n\n\t\n<\/div>\n\t\t<\/div>\n\n\t\t\n<style>\n#section_1532774629 {\n  padding-top: 30px;\n  padding-bottom: 30px;\n}\n#section_1532774629 .ux-shape-divider--top svg {\n  height: 150px;\n  --divider-top-width: 100%;\n}\n#section_1532774629 .ux-shape-divider--bottom svg {\n  height: 150px;\n  --divider-width: 100%;\n}\n<\/style>\n\t<\/section>\n\t\n<div class=\"row\"  id=\"row-682082864\">\n\n\t<div id=\"col-1172458952\" class=\"col small-12 large-12\"  >\n\t\t\t\t<div class=\"col-inner\"  >\n\t\t\t\n\t\t\t\n<h2 class=\"lead text-center\" style=\"text-align: center;\">Maschinengewehre online kaufen<\/h2>\n<p>Im Allgemeinen ist eine \u201cGeisterwaffe\u201d jede Art von Feuerwaffe, die zu Hause aus Materialien hergestellt wird, die nicht bereits als Feuerwaffen im Sinne des Gesetzes gelten. Es gibt keine genauen gesetzlichen Definitionen f\u00fcr \u201c80%-Empf\u00e4nger\u201d oder \u201cunfertige Feuerwaffen\u201d, aber Geisterwaffen werden am h\u00e4ufigsten aus diesen Materialien hergestellt. Maschinengewehre online kaufen mit BTC <a href=\"https:\/\/duckduckgo.com\/\" target=\"_blank\" rel=\"noopener\">.<\/a><\/p>\n<figure id=\"attachment_565\" aria-describedby=\"caption-attachment-565\" style=\"width: 493px\" class=\"wp-caption alignright\"><img decoding=\"async\" class=\"size-full wp-image-565 lazyload\" data-src=\"https:\/\/buyaghostgun.com\/wp-content\/uploads\/2022\/06\/Buy-untraceable-ghost-guns.png\" alt=\"Nicht zur\u00fcckverfolgbare Geisterwaffen kaufen\" width=\"493\" height=\"300\" src=\"data:image\/svg+xml;base64,PHN2ZyB3aWR0aD0iMSIgaGVpZ2h0PSIxIiB4bWxucz0iaHR0cDovL3d3dy53My5vcmcvMjAwMC9zdmciPjwvc3ZnPg==\" style=\"--smush-placeholder-width: 493px; --smush-placeholder-aspect-ratio: 493\/300;\" \/><figcaption id=\"caption-attachment-565\" class=\"wp-caption-text\">Nicht zur\u00fcckverfolgbare Geisterwaffen kaufen<\/figcaption><\/figure>\n<p>Die Medien und Politiker m\u00f6chten den Irrglauben verbreiten, dass die einzige legale M\u00f6glichkeit, eine Waffe zu erwerben, darin besteht, sie von einem Hersteller oder H\u00e4ndler zu kaufen. Wenn Sie den Bau einer nicht seriennummerierten Feuerwaffe in Erw\u00e4gung ziehen, liegt es in Ihrer Verantwortung, sich \u00fcber die einschl\u00e4gigen Bundes- und Landesgesetze zu informieren, die f\u00fcr Ihre besonderen Umst\u00e4nde gelten. Nach Bundesrecht sind Seriennummern nur f\u00fcr kommerziell hergestellte Feuerwaffen erforderlich. Von begrenzten staatlichen und kommunalen Ausnahmen abgesehen, haben die Amerikaner schon immer ihre eigenen Feuerwaffen zu Hause hergestellt. <a href=\"https:\/\/buyaghostgun.com\/de\/product-category\/ghost-machine-guns-for-sale\/\">Wo man Maschinengewehre online kaufen kann<\/a>.<\/p>\n<h2 style=\"text-align: center;\">Wo man Maschinengewehre in den Vereinigten Staaten kaufen kann<\/h2>\n<p>Wo man Maschinengewehre in den Vereinigten Staaten diskret kaufen kann; wir sind der richtige Ort. In den Vereinigten Staaten werden Maschinengewehre als Titel-II-Waffen eingestuft. Mit anderen Worten, sie gelten als \u201cbeschr\u00e4nkte\u201d Feuerwaffen und m\u00fcssen beim Bureau of Alcohol Tobacco Firearms and Explosives (ATF) registriert werden. Es gibt jedoch ein Schlupfloch im US-Gesetz, das es Privatpersonen erlaubt, Maschinengewehre zu besitzen, die vor 1986 hergestellt wurden, wenn sie vom ATF zugelassen wurden. Wo kann man in den Vereinigten Staaten Maschinengewehre kaufen COD.<\/p>\n<p>Ein Maschinengewehr ist eine automatische Feuerwaffe mit langem gezogenem Lauf und Selbstladefunktion, die f\u00fcr anhaltendes direktes Feuer mit voll geladenen Patronen ausgelegt ist. Andere automatische Feuerwaffen wie Sturmgewehre und automatische Gewehre sind in der Regel eher f\u00fcr das Abfeuern kurzer Feuerst\u00f6\u00dfe als f\u00fcr eine kontinuierliche Feuerkraft ausgelegt und gelten nicht als Maschinengewehre. Automatische Waffen f\u00fcr Trupps, die dieselbe (in der Regel mittelstarke) Patrone abfeuern, die auch von den anderen Sch\u00fctzen derselben Kampfeinheit verwendet wird, sind funktionell leichte Maschinengewehre, auch wenn sie nicht als solche bezeichnet werden. Maschinenpistolen, die zu einem kontinuierlichen Schnellfeuer f\u00e4hig sind, aber Handfeuerwaffenpatronen verwenden, werden technisch gesehen ebenfalls nicht als echte Maschinengewehre angesehen. Maschinengewehre online kaufen dark web. <a href=\"https:\/\/buyaghostgun.com\/de\/contact\/\"><strong>KONTAKT US<\/strong><\/a><\/p>\n<h2 style=\"text-align: center;\">Ghost guns for sale near me in USA<\/h2>\n<p>In 37 Staaten ist es heute m\u00f6glich, ein Maschinengewehr zu kaufen. Allerdings ist es nicht so einfach, wie zu einem lokalen Waffengesch\u00e4ft oder sogar einer Waffenausstellung zu gehen. Maschinengewehre sind auf Bundesebene legal, aber stark reguliert. Dies geht auf den National Firearms Act von 1934 (NFA) zur\u00fcck, der als Teil des Internal Revenue Code erlassen wurde und die erste Bundesregelung f\u00fcr die Herstellung und den Transfer von Feuerwaffen darstellte. Wo kann man in den Vereinigten Staaten Maschinengewehre ohne Lizenz kaufen.<\/p>\n<figure id=\"attachment_567\" aria-describedby=\"caption-attachment-567\" style=\"width: 400px\" class=\"wp-caption alignleft\"><img decoding=\"async\" class=\"size-medium wp-image-567 lazyload\" data-src=\"https:\/\/buyaghostgun.com\/wp-content\/uploads\/2022\/06\/Where-can-i-buy-Ghost-Guns-400x400.jpg\" alt=\"Wo kann ich Ghost Guns kaufen?\" width=\"400\" height=\"400\" data-srcset=\"https:\/\/buyaghostgun.com\/wp-content\/uploads\/2022\/06\/Where-can-i-buy-Ghost-Guns-400x400.jpg 400w, https:\/\/buyaghostgun.com\/wp-content\/uploads\/2022\/06\/Where-can-i-buy-Ghost-Guns-800x800.jpg 800w, https:\/\/buyaghostgun.com\/wp-content\/uploads\/2022\/06\/Where-can-i-buy-Ghost-Guns-280x280.jpg 280w, https:\/\/buyaghostgun.com\/wp-content\/uploads\/2022\/06\/Where-can-i-buy-Ghost-Guns-768x768.jpg 768w, https:\/\/buyaghostgun.com\/wp-content\/uploads\/2022\/06\/Where-can-i-buy-Ghost-Guns-200x200.jpg 200w, https:\/\/buyaghostgun.com\/wp-content\/uploads\/2022\/06\/Where-can-i-buy-Ghost-Guns-500x500.jpg 500w, https:\/\/buyaghostgun.com\/wp-content\/uploads\/2022\/06\/Where-can-i-buy-Ghost-Guns-100x100.jpg 100w, https:\/\/buyaghostgun.com\/wp-content\/uploads\/2022\/06\/Where-can-i-buy-Ghost-Guns.jpg 1200w\" data-sizes=\"(max-width: 400px) 100vw, 400px\" src=\"data:image\/svg+xml;base64,PHN2ZyB3aWR0aD0iMSIgaGVpZ2h0PSIxIiB4bWxucz0iaHR0cDovL3d3dy53My5vcmcvMjAwMC9zdmciPjwvc3ZnPg==\" style=\"--smush-placeholder-width: 400px; --smush-placeholder-aspect-ratio: 400\/400;\" \/><figcaption id=\"caption-attachment-567\" class=\"wp-caption-text\">Wo kann ich Ghost Guns kaufen?<\/figcaption><\/figure>\n<p>Schauen Sie sich eines der bekannteren Sturmgewehre an oder untersuchen Sie das Sortiment der automatischen WW2-Waffen. David Spiwak hat es sich zur Aufgabe gemacht, Sammlern dabei zu helfen, die dunkle Waffe aus dem Zweiten Weltkrieg zu finden, die sie suchen. Die Personen, die hoffen, eine WW2-Feuerwaffe zu verkaufen, erhalten einen fairen Preis. Alle Waffen sind dazu bestimmt, wie abgebildet zu sein und ordnungsgem\u00e4\u00df zu funktionieren. Die Schussfestigkeit ist nicht gew\u00e4hrleistet, und Sie sollten Ihre Waffe von einem B\u00fcchsenmacher \u00fcberpr\u00fcfen lassen. Munitionstypen und Reichweitenbedingungen sind Faktoren, die ich nicht kontrollieren kann. Alle Autowaffen sind vor 1986 und werden als Sammlerst\u00fccke verkauft.<\/p>\n\t\t<\/div>\n\t\t\t\t\t<\/div>\n\n\t\n<\/div>\n\t<section class=\"section\" id=\"section_414098376\">\n\t\t<div class=\"bg section-bg fill bg-fill  bg-loaded\" >\n\n\t\t\t\n\t\t\t\n\t\t\t\n\n\t\t<\/div>\n\n\t\t\n\n\t\t<div class=\"section-content relative\">\n\t\t\t\n<div class=\"row align-middle\"  id=\"row-459236202\">\n\n\t<div id=\"col-1436010107\" class=\"col medium-12 small-12 large-6\"  >\n\t\t\t\t<div class=\"col-inner\"  >\n\t\t\t\n\t\t\t\n\n  <div class=\"banner has-hover\" id=\"banner-166637740\">\n          <div class=\"banner-inner fill\">\n        <div class=\"banner-bg fill\" >\n            <div class=\"bg fill bg-fill\"><\/div>\n                                    \n                    <\/div>\n\t\t\n        <div class=\"banner-layers container\">\n            <div class=\"fill banner-link\"><\/div>            \n        <\/div>\n      <\/div>\n\n            \n<style>\n#banner-166637740 {\n  padding-top: 99.99%;\n  background-color: rgb(255, 255, 255);\n}\n#banner-166637740 .bg.bg-loaded {\n  background-image: url(https:\/\/buyaghostgun.com\/wp-content\/uploads\/2022\/06\/Hitman-on-hire.jpg);\n}\n#banner-166637740 .bg {\n  background-position: 35% 56%;\n}\n#banner-166637740 .ux-shape-divider--top svg {\n  height: 150px;\n  --divider-top-width: 100%;\n}\n#banner-166637740 .ux-shape-divider--bottom svg {\n  height: 150px;\n  --divider-width: 100%;\n}\n@media (min-width:550px) {\n  #banner-166637740 {\n    padding-top: 75%;\n  }\n}\n@media (min-width:850px) {\n  #banner-166637740 {\n    padding-top: 99.99%;\n  }\n}\n<\/style>\n  <\/div>\n\n\n\t\t<\/div>\n\t\t\t\t\t<\/div>\n\n\t\n\n\t<div id=\"col-1778321878\" class=\"col medium-12 small-12 large-6\"  >\n\t\t\t\t<div class=\"col-inner\"  >\n\t\t\t\n\t\t\t\n\t<div id=\"gap-1888492330\" class=\"gap-element clearfix\" style=\"display:block; height:auto;\">\n\t\t\n<style>\n#gap-1888492330 {\n  padding-top: 10px;\n}\n@media (min-width:850px) {\n  #gap-1888492330 {\n    padding-top: 30px;\n  }\n}\n<\/style>\n\t<\/div>\n\t\n\t<div id=\"text-2244813319\" class=\"text\">\n\t\t\n<h2>Einen Auftragskiller anheuern<\/h2>\n\t\t\n<style>\n#text-2244813319 {\n  font-size: 1.5rem;\n}\n<\/style>\n\t<\/div>\n\t\n<p>Wir sind ehemalige Geheimdienstmitarbeiter, die Menschen aller Altersgruppen, von Neugeborenen bis zu \u00e4lteren Menschen, t\u00f6ten. Nachdem Sie angenommen wurden, m\u00fcssen Sie eine Anzahlung leisten, bevor die Arbeit beginnt. Auftragskiller werden in vielen L\u00e4ndern der Welt angeboten, darunter in den Vereinigten Staaten, Russland, Australien, China und nat\u00fcrlich in Europa. Es ist sicher und einfach, einen M\u00f6rder \u00fcber uns zu engagieren. hitman for hire 2022<\/p>\n<h4 style=\"text-align: center;\">Einen Killer anheuern<\/h4>\n<p>Eindeutig die beste und gr\u00f6\u00dfte <b>mieten<\/b> <b>a<\/b> <b>Killer<\/b> Service rundum. Top-Qualit\u00e4t und erschwingliche Preise. Shot and run Mord an der durchschnittlichen Person als auch die T\u00f6tung einer wichtigen Person, die bewaffnet ist oder hat Leibw\u00e4chter zur Verf\u00fcgung, je nach Ziel Schwierigkeit.<\/p>\n<p><a href=\"https:\/\/buyaghostgun.com\/de\/contact\/\"><img decoding=\"async\" class=\"wp-image-569 size-full lazyload\" data-src=\"https:\/\/buyaghostgun.com\/wp-content\/uploads\/2022\/06\/Ghost-guns-for-sale-near-me-in-USA.png\" alt=\"Ghost guns for sale near me in USA\" width=\"151\" height=\"34\" src=\"data:image\/svg+xml;base64,PHN2ZyB3aWR0aD0iMSIgaGVpZ2h0PSIxIiB4bWxucz0iaHR0cDovL3d3dy53My5vcmcvMjAwMC9zdmciPjwvc3ZnPg==\" style=\"--smush-placeholder-width: 151px; --smush-placeholder-aspect-ratio: 151\/34;\" \/><\/a><\/p>\n<p>Wo auch immer Sie sich auf der Welt befinden, <a href=\"https:\/\/buyaghostgun.com\/de\/\">wir<\/a> ist nur einen Smartphone-Browser entfernt! Wir sind stolz darauf, seit 2001 im World Wide Web vertreten zu sein und verf\u00fcgen \u00fcber das gr\u00f6\u00dfte Au\u00dfendienstnetz der Welt! Das Leben kann hektisch sein, also holen Sie sich Ihre kostenlose Beratung noch heute! T\u00f6ten Sie eine Person, die Sie f\u00fcr schuldig halten Bilder und Zusammenstellung von Beweisen \u00dcberwachung, Gegen\u00fcberwachung<\/p>\n<a href=\"https:\/\/buyaghostgun.com\/de\/einen-auftragskiller-online-anheuern\/\" target=\"_self\" class=\"button primary is-link\" style=\"padding:0 0px 0px 0px;\">\n    <span>Mehr erfahren<\/span>\n  <i class=\"icon-angle-right\" ><\/i><\/a>\n\n\t\t<\/div>\n\t\t\t\t\n<style>\n#col-1778321878 > .col-inner {\n  padding: 0px 0px 0px 0;\n}\n@media (min-width:850px) {\n  #col-1778321878 > .col-inner {\n    padding: 0px 0px 0px 10%;\n  }\n}\n<\/style>\n\t<\/div>\n\n\t\n<\/div>\n\t\t<\/div>\n\n\t\t\n<style>\n#section_414098376 {\n  padding-top: 40px;\n  padding-bottom: 40px;\n}\n#section_414098376 .ux-shape-divider--top svg {\n  height: 150px;\n  --divider-top-width: 100%;\n}\n#section_414098376 .ux-shape-divider--bottom svg {\n  height: 150px;\n  --divider-width: 100%;\n}\n@media (min-width:850px) {\n  #section_414098376 {\n    padding-top: 70px;\n    padding-bottom: 70px;\n  }\n}\n<\/style>\n\t<\/section>","protected":false},"excerpt":{"rendered":"","protected":false},"author":1,"featured_media":562,"parent":0,"menu_order":0,"comment_status":"closed","ping_status":"closed","template":"page-transparent-header-light.php","meta":{"_acf_changed":false,"footnotes":""},"class_list":["post-90","page","type-page","status-publish","has-post-thumbnail","hentry"],"acf":[],"_links":{"self":[{"href":"https:\/\/buyaghostgun.com\/de\/wp-json\/wp\/v2\/pages\/90","targetHints":{"allow":["GET"]}}],"collection":[{"href":"https:\/\/buyaghostgun.com\/de\/wp-json\/wp\/v2\/pages"}],"about":[{"href":"https:\/\/buyaghostgun.com\/de\/wp-json\/wp\/v2\/types\/page"}],"author":[{"embeddable":true,"href":"https:\/\/buyaghostgun.com\/de\/wp-json\/wp\/v2\/users\/1"}],"replies":[{"embeddable":true,"href":"https:\/\/buyaghostgun.com\/de\/wp-json\/wp\/v2\/comments?post=90"}],"version-history":[{"count":15,"href":"https:\/\/buyaghostgun.com\/de\/wp-json\/wp\/v2\/pages\/90\/revisions"}],"predecessor-version":[{"id":571,"href":"https:\/\/buyaghostgun.com\/de\/wp-json\/wp\/v2\/pages\/90\/revisions\/571"}],"wp:featuredmedia":[{"embeddable":true,"href":"https:\/\/buyaghostgun.com\/de\/wp-json\/wp\/v2\/media\/562"}],"wp:attachment":[{"href":"https:\/\/buyaghostgun.com\/de\/wp-json\/wp\/v2\/media?parent=90"}],"curies":[{"name":"wp","href":"https:\/\/api.w.org\/{rel}","templated":true}]}}