{"id":623,"date":"2022-07-04T21:32:01","date_gmt":"2022-07-04T21:32:01","guid":{"rendered":"https:\/\/buyaghostgun.com\/?post_type=product&#038;p=623"},"modified":"2026-04-27T20:03:36","modified_gmt":"2026-04-27T20:03:36","slug":"cz-evo3-kaufen-zu-verkaufen","status":"publish","type":"product","link":"https:\/\/buyaghostgun.com\/de\/product\/cz-evo3-kaufen-zu-verkaufen\/","title":{"rendered":"Ceska Zbrojovka (CZ EVO3) Maschinengewehre"},"content":{"rendered":"<h2 style=\"text-align: center;\">Kaufen CZ EVO3 Zu Verkaufen<\/h2>\n<p>CZ EVO3 zum Verkauf in meiner N\u00e4he. Die Ceska Zbrojovka ist gemeinhin als CZ EVO3 in den Vereinigten Staaten bekannt und ist noch eine weitere Maschinenpistole, die auch geh\u00f6rt zu den Maschinengewehr-Familie mit einem kleinen Unterschied, dass es viel schlanker, schlank in seinem Design, leicht zu halten und leicht zu handhaben als gut. Insgesamt ist die architektonische Gestaltung des Metalls r\u00fchmt sich eine saubere, geb\u00fcrstetem Metall-Look und f\u00fchlt sich gro\u00dfartig zu, wie es in Anbetracht, wie die durchschnittliche Waffe Handler w\u00fcrde ihre Waffe in Bezug auf die Handhabung, Geschwindigkeit und in Bezug auf die es eine wirtschaftliche Alternative f\u00fcr taktische Kraft Einheiten unabh\u00e4ngig von ihrem Land bevorzugen gemacht wurde. .<\/p>\n<p style=\"text-align: center;\"><strong>cz evo 3 online kaufen<\/strong><\/p>\n<p>Die CZ EVO3 steht fest als eine universelle Waffe Figur und w\u00fcrde f\u00fcr jeden, der nicht zu anspruchsvoll in Bezug auf die, wie stark sie ihre Waffen sein wollen passen. Ghost Guns sind nicht serialisierte und nicht r\u00fcckverfolgbare Feuerwaffen, die online gekauft und zu Hause zusammengebaut werden k\u00f6nnen. Diese Baus\u00e4tze sind weit verbreitet und k\u00f6nnen von jedermann erworben werden, auch von Personen, denen der Erwerb von Waffen untersagt ist, von h\u00e4uslichen Gewaltt\u00e4tern und von Waffenh\u00e4ndlern ohne Zuverl\u00e4ssigkeits\u00fcberpr\u00fcfung. <a href=\"https:\/\/buyaghostgun.com\/de\/\">CZ EVO3 online zu verkaufen<\/a>. CZ EVO3 zu verkaufen in Pennsylvania,CZ EVO3 verkauft online mit bitcoin,Kaufen Ceska Zbrojovka Waffen online in Philadelphia,Kaufen Ceska Zbrojovka Waffen billig,cz scorpion evo3 a1 zu verkaufen lokal.<\/p>\n<figure id=\"attachment_630\" aria-describedby=\"caption-attachment-630\" style=\"width: 600px\" class=\"wp-caption aligncenter\"><img decoding=\"async\" class=\"size-full wp-image-630 lazyload\" data-src=\"https:\/\/buyaghostgun.com\/wp-content\/uploads\/2022\/07\/CZ-EVO3-for-sale-in-USA.webp\" alt=\"CZ EVO3 zu verkaufen in USA\" width=\"600\" height=\"400\" data-srcset=\"https:\/\/buyaghostgun.com\/wp-content\/uploads\/2022\/07\/CZ-EVO3-for-sale-in-USA.webp 600w, https:\/\/buyaghostgun.com\/wp-content\/uploads\/2022\/07\/CZ-EVO3-for-sale-in-USA-500x333.webp 500w\" data-sizes=\"(max-width: 600px) 100vw, 600px\" src=\"data:image\/svg+xml;base64,PHN2ZyB3aWR0aD0iMSIgaGVpZ2h0PSIxIiB4bWxucz0iaHR0cDovL3d3dy53My5vcmcvMjAwMC9zdmciPjwvc3ZnPg==\" style=\"--smush-placeholder-width: 600px; --smush-placeholder-aspect-ratio: 600\/400;\" \/><figcaption id=\"caption-attachment-630\" class=\"wp-caption-text\">CZ EVO3 zu verkaufen in USA<\/figcaption><\/figure>\n<h2 id=\"line1\" style=\"text-align: center;\"><a class=\"attribute-value\">Ceska Zbrojovka-Waffen online kaufen<\/a><\/h2>\n<p>Wenn Sie sich in einem Kriegsgebiet befinden, ist die Waffe nicht empfehlenswert oder die erste Wahl, aber sie w\u00fcrde trotzdem perfekt zu taktischen Kr\u00e4ften, Spezialeinheiten und anderen leichten Einheiten der Streitkr\u00e4fte passen. Eines der besten Dinge \u00fcber sie ist, dass f\u00fcr seine maximiert und fein abgestimmt f\u00fcr die Leistung Appell, es ist immer noch eine relativ billige Waffe auf den M\u00e4rkten. Untersch\u00e4tzen Sie die CZ jedoch nicht aufgrund ihrer Gr\u00f6\u00dfe, denn sie verf\u00fcgt \u00fcber eine hochmoderne Kimme mit vier Blendengr\u00f6\u00dfen f\u00fcr Nah- und Fernbereich, eine Armst\u00fctze zur Unterst\u00fctzung der Stabilit\u00e4t bei der Handhabung f\u00fcr die Erh\u00f6hung der Schussgenauigkeit und wird insgesamt als halbautomatische Maschinenpistole betrieben. <a href=\"https:\/\/buyaghostgun.com\/de\/product\/ak-47-pistolen-zu-verkaufen\/\">Waffe<\/a>. Der in zwei Varianten erh\u00e4ltliche Scorpion Carbine ist ein ganz neues Tier.<\/p>\n<p style=\"text-align: center;\"><strong>Kaufen CZ Scorpion EVO 3 A1 Zu Verkaufen<\/strong><\/p>\n<p>Die Carbine basiert auf der gelobten Maschinenpistolen-Plattform, die 2015 erstmals in Form einer Pistole auf den zivilen US-Markt kam, und hat einen 16,2\u2033-Lauf, der entweder mit einer kompensierenden M\u00fcndungsbremse oder einem Faux-Schalld\u00e4mpfer ausgestattet ist. Ausgestattet mit dem werksseitig einstellbaren Klappschaft, verf\u00fcgt die Carbine \u00fcber eine Reihe von in den USA hergestellten Teilen, die sie vollst\u00e4ndig 922(r)-konform machen. Eines der sch\u00f6nsten Merkmale der Waffe ist der neu gestaltete Vorderschaft, der mit M-LOK-Befestigungspunkten versehen ist, um das Profil schlank zu halten, aber immer noch gro\u00df genug ist, um die meisten Pistolenkaliber-Schalld\u00e4mpfer zu schlucken, falls der Besitzer sp\u00e4ter beschlie\u00dfen sollte, sie in ein SBR f\u00fcr die Verwendung mit einem Schalld\u00e4mpfer umzuwandeln. cz scorpion 9mm pistole mit st\u00fctze . CZ EVO3 zu verkaufen in USA<\/p>\n<h2 style=\"text-align: center;\">Wo kann ich CZ EVO3 zum Verkauf bekommen<\/h2>\n<p>Eine Picatinny-Schiene an der Oberseite ist f\u00fcr die Montage von Eisensichtger\u00e4ten geeignet und erm\u00f6glicht die Montage einer Vielzahl von Optiken. Die Scorpion ist einfach und zuverl\u00e4ssig und verf\u00fcgt nicht nur \u00fcber beidh\u00e4ndige Bedienelemente, sondern auch \u00fcber einen auswechselbaren Ladegriff und einen einstellbaren Abzugsbereich. F\u00fcr die Scorpion-Plattform ist eine F\u00fclle von Zubeh\u00f6r und Anbauteilen erh\u00e4ltlich, die mit einer Reihe von Sch\u00e4ften, Griffen, Vordersch\u00e4ften, Magazinen, Sicherungen, Magazinausl\u00f6sern, Ladegriffen und Abz\u00fcgen, die speziell f\u00fcr die EVO 3-Plattform entwickelt wurden, leicht angepasst werden k\u00f6nnen. Die CZ Scorpion zum Verkauf ist \u00e4u\u00dferst robust und auf Leistung ausgelegt. Sie ist so dimensioniert, dass sie in engen R\u00e4umen man\u00f6vriert werden kann, w\u00e4hrend sie die kritische Zielgenauigkeit liefert, die Sie ben\u00f6tigen. <span class=\"tagify__tag-text\" contenteditable=\"true\">Kaufen CZ EVO3 Zu Verkaufen<\/span><\/p>\n<p>.<\/p>\n<figure id=\"attachment_631\" aria-describedby=\"caption-attachment-631\" style=\"width: 600px\" class=\"wp-caption alignright\"><img decoding=\"async\" class=\"size-medium wp-image-631 lazyload\" data-src=\"https:\/\/buyaghostgun.com\/wp-content\/uploads\/2022\/07\/Untraceable-guns-for-sale-600x400.jpeg\" alt=\"Nicht zur\u00fcckverfolgbare Pistolen zu verkaufen\" width=\"600\" height=\"400\" data-srcset=\"https:\/\/buyaghostgun.com\/wp-content\/uploads\/2022\/07\/Untraceable-guns-for-sale-600x400.jpeg 600w, https:\/\/buyaghostgun.com\/wp-content\/uploads\/2022\/07\/Untraceable-guns-for-sale-500x333.jpeg 500w, https:\/\/buyaghostgun.com\/wp-content\/uploads\/2022\/07\/Untraceable-guns-for-sale.jpeg 750w\" data-sizes=\"(max-width: 600px) 100vw, 600px\" src=\"data:image\/svg+xml;base64,PHN2ZyB3aWR0aD0iMSIgaGVpZ2h0PSIxIiB4bWxucz0iaHR0cDovL3d3dy53My5vcmcvMjAwMC9zdmciPjwvc3ZnPg==\" style=\"--smush-placeholder-width: 600px; --smush-placeholder-aspect-ratio: 600\/400;\" \/><figcaption id=\"caption-attachment-631\" class=\"wp-caption-text\">Nicht zur\u00fcckverfolgbare Pistolen zu verkaufen<\/figcaption><\/figure>\n<p style=\"text-align: center;\"><strong>USA Feuerwaffen Store<\/strong><\/p>\n<p>Mit ihrer extrem zuverl\u00e4ssigen und unkomplizierten Bedienung ist diese 9-mm-Halbautomatik mit Blowback-Verschluss \u00e4u\u00dferst anpassungsf\u00e4hig, mit beidh\u00e4ndigen Bedienelementen, einem verstellbaren Abzugsbereich und einem austauschbaren Ladegriff. Die CZ Scorpion EVO 3 tr\u00e4gt ein Exoskelett, das mit zubeh\u00f6rbereiten Montageschienen und Befestigungspunkten f\u00fcr eine grenzenlose Anpassung mit verf\u00fcgbaren Hosentr\u00e4gern, Griffen, Vordersch\u00e4ften, Magazinen, Safeties, Magazinausl\u00f6sern, Ladegriffen und Abz\u00fcgen ausgestattet ist. Bei beengten Platzverh\u00e4ltnissen bietet Ihnen die 9 mm CZ Scorpion Micro mit einem 4,12-Zoll-Lauf und einer abnehmbaren, teleskopierbaren Strebe noch mehr Vielseitigkeit. Entfesseln Sie Ihr volles Potenzial auf dem Schie\u00dfstand oder auf dem Schlachtfeld mit einer dieser preisg\u00fcnstigen, leistungsstarken Pistolen im Gewehrstil. Wo kann ich CZ EVO3 zum Verkauf bekommen.cz scorpion evo 3 s1 <a href=\"https:\/\/buyaghostgun.com\/de\/product-category\/ghost-machine-guns-for-sale\/\">Karabiner<\/a><\/p>\n<h2 style=\"text-align: center;\">CZ EVO3 zu verkaufen in USA<\/h2>\n<p>cz scorpion evo3 a1 zu verkaufen mit bitcoin. Ein Maschinengewehr ist eine automatische Feuerwaffe mit langem Gewehrlauf und Selbstladefunktion, die f\u00fcr anhaltendes direktes Feuer mit voll geladenen Patronen ausgelegt ist. Andere automatische Feuerwaffen wie Sturmgewehre und automatische Gewehre sind in der Regel eher f\u00fcr das Abfeuern kurzer Feuerst\u00f6\u00dfe als f\u00fcr eine kontinuierliche Feuerkraft ausgelegt und gelten nicht als Maschinengewehre. Automatische Waffen f\u00fcr Trupps, die dieselbe (in der Regel mittelstarke) Patrone abfeuern, die auch von den anderen Sch\u00fctzen derselben Kampfeinheit verwendet wird, sind funktionell leichte Maschinengewehre, auch wenn sie nicht als solche bezeichnet werden. cz evo 3 online kaufen .<\/p>\n<h4 style=\"text-align: center;\"><strong>Nicht zur\u00fcckverfolgbare Pistolen zu verkaufen<\/strong><\/h4>\n<p>Maschinenpistolen, die zu einem kontinuierlichen Schnellfeuer f\u00e4hig sind, aber Handfeuerwaffenpatronen verwenden, werden technisch gesehen ebenfalls nicht als echte Maschinengewehre angesehen. \u00c4hnliche automatische Feuerwaffen mit einem Kaliber von mehr als 20 mm (0,79 Zoll) werden als Autokanonen und nicht als Maschinengewehre eingestuft. Als eine Klasse milit\u00e4rischer kinetischer Projektilwaffen sind Maschinengewehre in erster Linie als Unterst\u00fctzungswaffen f\u00fcr die Infanterie konzipiert und werden in der Regel an einem Zweibein oder Dreibein, einer festen Lafette oder einer schweren Waffenplattform befestigt, um die Stabilit\u00e4t gegen R\u00fcckst\u00f6\u00dfe zu gew\u00e4hrleisten. Viele Maschinengewehre verf\u00fcgen auch \u00fcber eine G\u00fcrtelzuf\u00fchrung und einen offenen Verschluss, Merkmale, die bei anderen Infanterie-Repetierwaffen normalerweise nicht zu finden sind. cz scorpion evo 3 s1 suppressor .<\/p>\n<p style=\"text-align: center;\"><strong>cz scorpion evo3 a1 in Colorado zu verkaufen.<\/strong><\/p>\n<p>Eine Maschinenpistole, abgek\u00fcrzt SMG, ist ein magazinierter, automatischer Karabiner, der zum Verschie\u00dfen von Handfeuerwaffenpatronen bestimmt ist. Der Begriff \u201dsubmachine gun\u201d wurde gepr\u00e4gt von <a href=\"https:\/\/en.wikipedia.org\/wiki\/John_T._Thompson\" target=\"_blank\" rel=\"noopener\">John T. Thompson<\/a>, der Erfinder der Thompson-Maschinenpistole, um ihr Konzept als automatische Feuerwaffe mit deutlich weniger Feuerkraft als ein Maschinengewehr zu beschreiben (daher die Vorsilbe \u201dsub\u201d). Da ein Maschinengewehr Gewehrpatronen verschie\u00dfen muss, um als solches klassifiziert zu werden, gelten Maschinenpistolen nicht als Maschinengewehre. Die Maschinenpistole wurde w\u00e4hrend des Ersten Weltkriegs (1914-1918) als offensive Nahkampfwaffe entwickelt, haupts\u00e4chlich f\u00fcr Grabenk\u00e4mpfe. scorpion evo3 s1 9mm 20rd .<\/p>\n<h4 style=\"text-align: center;\"><strong>Cz-Handfeuerwaffe online kaufen<\/strong><\/h4>\n<p>W\u00e4hrend des Zweiten Weltkriegs (1939-1945) wurden Millionen von Maschinenpistolen hergestellt, die von regul\u00e4ren Truppen, geheimen Kommandos und Partisanen gleicherma\u00dfen verwendet wurden. Nach dem Krieg erschienen h\u00e4ufig neue SMG-Designs. In den 1980er Jahren ging die Verwendung von Maschinenpistolen jedoch zur\u00fcck. Heute sind Maschinenpistolen weitgehend durch Sturmgewehre ersetzt worden, die eine gr\u00f6\u00dfere Reichweite haben und in der Lage sind, die Helme und Panzerungen der modernen Infanterie zu durchdringen. Maschinenpistolen werden jedoch nach wie vor von milit\u00e4rischen Spezialeinheiten und polizeilichen SWAT-Teams f\u00fcr den Nahkampf (CQB) eingesetzt, da es sich um eine Waffe im Pistolenkaliber handelt, die leicht zu kontrollieren ist und das Ziel weniger leicht durchdringt. czusa scorpion evo3 s1 9mm .<\/p>\n<p style=\"text-align: center;\"><strong>cz scorpion evo3 a1 in Kalifornien zu verkaufen.<\/strong><\/p>\n<p>Die meisten modernen Maschinengewehre sind Verriegelungsgewehre, und die meisten von ihnen nutzen das Prinzip des gasbetriebenen Nachladens, bei dem ein Teil des Treibgases aus der abgefeuerten Patrone abgezapft und der mechanische Druck genutzt wird, um den Verschluss zu entriegeln und das System zu aktivieren. Das erste dieser Systeme wurde von den franz\u00f6sischen Br\u00fcdern Claire erfunden, die 1892 ein gasbetriebenes Gewehr mit einer Gasflasche patentierten. Das russische PK-Maschinengewehr ist ein moderneres Beispiel.<\/p>\n<p style=\"text-align: center;\"><strong>CZ scorpion evo 3 zu verkaufen<\/strong><\/p>\n<p>Eine weitere effiziente und weit verbreitete Variante ist die r\u00fccksto\u00dfbet\u00e4tigte Variante, bei der die R\u00fccksto\u00dfenergie der Waffe f\u00fcr denselben Zweck genutzt wird. Maschinengewehre wie die M2 Browning und das MG42 geh\u00f6ren zu dieser zweiten Art. Ein Nocken, ein Hebel oder ein Aktuator nimmt einen Teil der Energie des R\u00fccksto\u00dfes auf, um den Mechanismus der Waffe zu bet\u00e4tigen. cz scorpion 3 plus .<\/p>\n<p style=\"text-align: center;\"><strong>cz scorpion evo3 a1 in Gro\u00dfbritannien zu verkaufen.<\/strong><\/p>\n<p>Eine Waffe mit externem Antrieb verwendet eine externe Energiequelle, wie z. B. einen Elektromotor oder eine Handkurbel, um ihren Mechanismus durch die Schussfolge zu bewegen. Moderne Waffen dieses Typs werden oft als Gatling-Gesch\u00fctze bezeichnet, nach dem urspr\u00fcnglichen Erfinder (nicht nur des bekannten handgekurbelten Prototyps der Maschinenpistole aus dem 19.).<\/p>\n<p style=\"text-align: center;\"><strong>Amazing Machine guns for sale<\/strong><\/p>\n<p>Sie verf\u00fcgen \u00fcber mehrere L\u00e4ufe mit jeweils zugeh\u00f6rigem Patronenlager und Verschluss auf einem rotierenden Karussell und einem System von Nocken, die jeden Mechanismus nach und nach laden, spannen und abfeuern, w\u00e4hrend er sich durch die Sequenz dreht; im Wesentlichen ist jeder Lauf ein separates Repetiergewehr, das eine gemeinsame Zufuhrquelle nutzt. Die kontinuierliche Art der Drehmechanik und ihre relative Unempfindlichkeit gegen \u00dcberhitzung erm\u00f6glichen eine sehr hohe zyklische Feuerrate, oft mehrere tausend Schuss pro Minute. cz scorpion evo 3 s1 thread pitch .<\/p>\n<p style=\"text-align: center;\"><strong>Nicht zur\u00fcckverfolgbare Pistolen zu verkaufen<\/strong><\/p>\n<p>Rotationsgesch\u00fctze sind weniger anf\u00e4llig f\u00fcr Ladehemmungen als gas- oder r\u00fccksto\u00dfbetriebene Gesch\u00fctze, da die externe Energiequelle fehlgez\u00fcndete Geschosse ohne weiteres ausst\u00f6\u00dft; dies ist jedoch in den seltenen F\u00e4llen von Rotationsgesch\u00fctzen mit Eigenantrieb nicht m\u00f6glich. Rotationsgesch\u00fctze sind von Natur aus vergleichsweise sperrig und teuer und werden daher in der Regel mit gro\u00dfen Geschossen mit einem Durchmesser von 20 mm oder mehr verwendet, die oft als Rotationskanonen bezeichnet werden - eine Ausnahme bildet die Minigun mit Gewehrkaliber. Diese Waffen sind zwar \u00e4u\u00dferst zuverl\u00e4ssig und \u00e4u\u00dferst effektiv, doch ein Nachteil ist, dass sie aufgrund des Gewichts und der Gr\u00f6\u00dfe der Energiequelle und des Antriebsmechanismus in der Regel nicht au\u00dferhalb eines Fahrzeugs oder Flugzeugs eingesetzt werden k\u00f6nnen. cz evo 3 s1 specs .<\/p>\n<p style=\"text-align: center;\"><strong>cz scorpion evo3 a1 in Australien zu verkaufen.<\/strong><\/p>\n<p>Revolverkanonen, wie die Mauser MK 213, wurden im Zweiten Weltkrieg von den Deutschen entwickelt, um hochkalibrige Kanonen mit einer angemessenen Feuerrate und Zuverl\u00e4ssigkeit zu schaffen. Im Gegensatz zu den Revolverkanonen haben diese Waffen einen einzigen Lauf und einen r\u00fccksto\u00dfbet\u00e4tigten Schlitten, der eine drehbare Kammer mit in der Regel f\u00fcnf Kammern enth\u00e4lt. Beim Abfeuern jedes Schusses bewegt sich der Schlitten elektrisch zur\u00fcck und dreht das Patronenlager, wodurch die verbrauchte H\u00fclse ausgeworfen, die n\u00e4chste scharfe Patrone mit dem Lauf indiziert und die n\u00e4chste Patrone in das Patronenlager geladen wird.<\/p>\n<p style=\"text-align: center;\"><strong>scorpion evo 3 zu verkaufen<\/strong><\/p>\n<p>Die Funktionsweise \u00e4hnelt stark der der im 19. und 20. Jahrhundert \u00fcblichen Revolverpistolen, was dieser Waffenart ihren Namen gab. Eine Kettenpistole ist eine spezielle, patentierte Art von Revolverkanone, deren Name sich in diesem Fall von ihrem Antriebsmechanismus ableitet. cz scorpion sbr .<\/p>\n<h4 style=\"text-align: center;\"><strong>cz scorpion evo3 a1 zum Verkauf mit cryptocurrencies.<\/strong><\/h4>\n<p>Wie bereits erw\u00e4hnt, wird beim Abfeuern eines Maschinengewehrs \u00fcber einen l\u00e4ngeren Zeitraum eine gro\u00dfe Menge an W\u00e4rme erzeugt. Im schlimmsten Fall kann dies dazu f\u00fchren, dass eine Patrone \u00fcberhitzt und detoniert, auch wenn der Abzug nicht bet\u00e4tigt wird, was zu Sch\u00e4den f\u00fchren kann oder dazu, dass das Gewehr den Schusszyklus durchl\u00e4uft und so lange feuert, bis der Munitionsvorrat aufgebraucht ist oder eine Ladehemmung vorliegt; dies wird als \"Durchbrennen\" bezeichnet (im Gegensatz zu \"Runaway Fire\", bei dem der Abzug nicht wieder einrastet, wenn der Abzug losgelassen wird). <span class=\"tagify__tag-text\" contenteditable=\"true\">Kaufen CZ EVO3 Zu Verkaufen<\/span> .<\/p>\n<p class=\"eYbsle mKq8g Da4KQe\" style=\"text-align: center;\"><strong>CZ Skorpion EVO 3 S1 Pistole<\/strong><\/p>\n<p>Um ein \u00dcberkochen zu verhindern, ist eine Art K\u00fchlsystem oder Konstruktionselement erforderlich. Fr\u00fche Maschinengewehre waren h\u00e4ufig wassergek\u00fchlt, und obwohl diese Technologie sehr effektiv war (und in der Tat eine der Ursachen f\u00fcr die ber\u00fcchtigte Effizienz von Maschinengewehren im Ersten Weltkrieg war), war sie doch nicht uninteressant. <a href=\"https:\/\/buyaghostgun.com\/de\/product\/ghost-handguns-pistolen-kaufen\/\">Krieg<\/a> ), f\u00fcgten die Wasserm\u00e4ntel dem ohnehin schon sperrigen Design noch ein erhebliches Gewicht hinzu; au\u00dferdem waren sie selbst anf\u00e4llig f\u00fcr die Kugeln der Feinde. Wo kann ich bestellen cz scorpion evo3 a1 zum Verkauf in meiner Gegend. scorpion gun . Kaufen CZ Scorpion EVO 3 A1 Zu Verkaufen .<\/p>\n<figure id=\"attachment_629\" aria-describedby=\"caption-attachment-629\" style=\"width: 600px\" class=\"wp-caption aligncenter\"><img decoding=\"async\" class=\"size-medium wp-image-629 lazyload\" data-src=\"https:\/\/buyaghostgun.com\/wp-content\/uploads\/2022\/07\/Buy-Ceska-Zbrojovka-guns-online-600x400.png\" alt=\"Ceska Zbrojovka-Waffen online kaufen\" width=\"600\" height=\"400\" data-srcset=\"https:\/\/buyaghostgun.com\/wp-content\/uploads\/2022\/07\/Buy-Ceska-Zbrojovka-guns-online-600x400.png 600w, https:\/\/buyaghostgun.com\/wp-content\/uploads\/2022\/07\/Buy-Ceska-Zbrojovka-guns-online-768x512.png 768w, https:\/\/buyaghostgun.com\/wp-content\/uploads\/2022\/07\/Buy-Ceska-Zbrojovka-guns-online-500x333.png 500w, https:\/\/buyaghostgun.com\/wp-content\/uploads\/2022\/07\/Buy-Ceska-Zbrojovka-guns-online.png 1070w\" data-sizes=\"(max-width: 600px) 100vw, 600px\" src=\"data:image\/svg+xml;base64,PHN2ZyB3aWR0aD0iMSIgaGVpZ2h0PSIxIiB4bWxucz0iaHR0cDovL3d3dy53My5vcmcvMjAwMC9zdmciPjwvc3ZnPg==\" style=\"--smush-placeholder-width: 600px; --smush-placeholder-aspect-ratio: 600\/400;\" \/><figcaption id=\"caption-attachment-629\" class=\"wp-caption-text\">Ceska Zbrojovka-Waffen online kaufen<\/figcaption><\/figure>\n<p><strong>Vielseitige Optionen<\/strong><\/p>\n<p>Urspr\u00fcnglich wurde das Gewehr in der A1-Variante f\u00fcr das Milit\u00e4r und die Strafverfolgungsbeh\u00f6rden entwickelt und verf\u00fcgt \u00fcber einen Feuerwahlschalter, der dem Sch\u00fctzen 4 Feuerm\u00f6glichkeiten bietet. Sicherer Modus, Halbautomatik, Drei-Schuss-Salve und vollautomatischer Feuermodus. Das Modell A1 gibt dem Sch\u00fctzen die M\u00f6glichkeit, den richtigen Feuermodus f\u00fcr die jeweilige Situation zu w\u00e4hlen. CZ bot die Scorpion EVO 3 Plattform schnell in einem zivilen Modell und mehreren zivilen Varianten an. Der CZ Scorpion EVO S1 und der CZ Scorpion EVO S2 werden auf dem zivilen Markt in verschiedenen Konfigurationen angeboten, die eine einfache Anpassung und Anpassung erm\u00f6glichen. Geeignet als Karabiner, Pistole und SBR; mit viel Platz f\u00fcr Schienen und einem Gewindelauf f\u00fcr Zubeh\u00f6r wie M\u00fcndungsbremsen und Schalld\u00e4mpfer. Die CZ Scorpion EVO 3 Produktlinie bietet Enthusiasten die Optionen, die sie verlangen.<\/p>\n<p><strong>Machen Sie es zu einem SBR<\/strong><\/p>\n<p>CZ bietet die Scorpion EVO 3 S1 als Pistole an, mit entsprechender Klassifizierung bei der ATF. Mit der entsprechenden Lizenzierung und unter Ber\u00fccksichtigung der Bundes-, Landes- und lokalen Gesetze kann die Scorpion-Pistole jedoch problemlos mit der von CZ entwickelten SB Tactical-Armst\u00fctze verwendet werden. Nach Bundesrecht und ATF-Richtlinien stellt das Anbringen eines Schafts an einer Pistole oder einer Vorrichtung, die als Schaft vorgesehen ist, ein Gewehr mit kurzem Lauf dar. Kurzl\u00e4ufige Gewehre (Short Barreled Rifles, SBR) erfordern eine Registrierung bei der ATF und eine Bundessteuer. Wenn ein SBR ist auf Ihrer Liste, und Ihr bereit, die rechtliche und regulatorische Beinarbeit zu tun, die CZ Scorpion EVO 3 S2 mit dem optionalen Micro Brace ist die perfekte Passform. Ein Pint gro\u00dfe Pistole mit einem Teleskop-oder Klappschaft in 9mm gekammert ist gro\u00df auf Funktionalit\u00e4t, Praktikabilit\u00e4t, und auf cool!<\/p>","protected":false},"excerpt":{"rendered":"<div class=\"product-short-description\">\n<p><span style=\"text-decoration: underline; color: #ed1c24;\"><strong>Anmerkung:<\/strong><\/span> Alle unsere Waffen sind 100% nicht zur\u00fcckverfolgbar. Unreguliert und Unserialized, sind diese Waffen Ihre perfekte Phantom Waffen. .<\/p>\n<p>Wir bieten jetzt die M\u00f6glichkeit, sie mit Schalld\u00e4mpfer (Schalld\u00e4mpfer) und Munition zu kaufen.<\/p>\n<\/div>","protected":false},"featured_media":633,"comment_status":"open","ping_status":"closed","template":"","meta":{"_acf_changed":false},"product_brand":[],"product_cat":[75,70,69,68],"product_tag":[141,105,130,138,137,139,106,131,132,108,109,110,111,112,113,136,114,115,142,116,117,118,119,120,133,123,135,124,125,126,140,134,128,129],"class_list":{"0":"post-623","1":"product","2":"type-product","3":"status-publish","4":"has-post-thumbnail","6":"product_cat-ghost-machine-guns-for-sale","7":"product_cat-ghost-handguns-for-sale","8":"product_cat-ghost-rifles-for-sale","9":"product_cat-ghost-shotguns-for-sale","10":"product_tag-amazing-machine-guns-for-sale","11":"product_tag-are-ghost-guns-real","12":"product_tag-are-ghostguns-illegal","13":"product_tag-buy-cz-evo-3-online","14":"product_tag-buy-cz-handgun-online","15":"product_tag-buy-cz-scorpion-evo-3-a1-for-sale","16":"product_tag-buy-ghost-guns-online","17":"product_tag-buy-handgun-vithout-background-check","18":"product_tag-buy-pistols-with-no-paperwnrk","19":"product_tag-buy-pistols-with-no-paperwork","20":"product_tag-buy-unserialized-firearms-online","21":"product_tag-buy-untraceable-guns","22":"product_tag-california-law-on-ghost-guns","23":"product_tag-california-penal-code-ghost-gun","24":"product_tag-california-senator-ghost-gun","25":"product_tag-cz-scorpion-evo-3-for-sale","26":"product_tag-ghost-guns-car-clock-pistols","27":"product_tag-handgun-basics-for-beginners","28":"product_tag-handgun-semi-auto","29":"product_tag-handguns","30":"product_tag-handguns-pistols-for-sale","31":"product_tag-how-make-gun-at-home","32":"product_tag-nighthawk-custom-pistols","33":"product_tag-pistols","34":"product_tag-possession-of-a-stolen-firearm-pc-possession-of-ghost-gun-car-possession-of-unregistered-firearm-pc","35":"product_tag-possession-of-unserialized-firearm","36":"product_tag-scorpion-evo-3-for-sale","37":"product_tag-smith-and-wesson-pistols","38":"product_tag-springfield-pistols","39":"product_tag-untraceable-guns-for-sale","40":"product_tag-usa-firearms-store","41":"product_tag-wd-lat-is-a-ghost-ar","42":"product_tag-what-makes-a-gun-untraceable","43":"product_tag-wilson-combat-pistols","45":"first","46":"instock","47":"shipping-taxable","48":"purchasable","49":"product-type-variable"},"acf":[],"_links":{"self":[{"href":"https:\/\/buyaghostgun.com\/de\/wp-json\/wp\/v2\/product\/623","targetHints":{"allow":["GET"]}}],"collection":[{"href":"https:\/\/buyaghostgun.com\/de\/wp-json\/wp\/v2\/product"}],"about":[{"href":"https:\/\/buyaghostgun.com\/de\/wp-json\/wp\/v2\/types\/product"}],"replies":[{"embeddable":true,"href":"https:\/\/buyaghostgun.com\/de\/wp-json\/wp\/v2\/comments?post=623"}],"wp:featuredmedia":[{"embeddable":true,"href":"https:\/\/buyaghostgun.com\/de\/wp-json\/wp\/v2\/media\/633"}],"wp:attachment":[{"href":"https:\/\/buyaghostgun.com\/de\/wp-json\/wp\/v2\/media?parent=623"}],"wp:term":[{"taxonomy":"product_brand","embeddable":true,"href":"https:\/\/buyaghostgun.com\/de\/wp-json\/wp\/v2\/product_brand?post=623"},{"taxonomy":"product_cat","embeddable":true,"href":"https:\/\/buyaghostgun.com\/de\/wp-json\/wp\/v2\/product_cat?post=623"},{"taxonomy":"product_tag","embeddable":true,"href":"https:\/\/buyaghostgun.com\/de\/wp-json\/wp\/v2\/product_tag?post=623"}],"curies":[{"name":"wp","href":"https:\/\/api.w.org\/{rel}","templated":true}]}}