{"id":638,"date":"2022-07-05T11:42:47","date_gmt":"2022-07-05T11:42:47","guid":{"rendered":"https:\/\/buyaghostgun.com\/?post_type=product&#038;p=638"},"modified":"2025-10-16T01:58:27","modified_gmt":"2025-10-16T01:58:27","slug":"nicht-auffindbare-benelli-m4-schrotflinte-zu-verkaufen","status":"publish","type":"product","link":"https:\/\/buyaghostgun.com\/de\/product\/nicht-auffindbare-benelli-m4-schrotflinte-zu-verkaufen\/","title":{"rendered":"Benelli M4 Schrotflinte"},"content":{"rendered":"<h2 style=\"text-align: center;\">Unauffindbar Benelli M4 Schrotflinte zu verkaufen<\/h2>\n<p>Der K\u00f6nig der Kampfschrotflinten - die <strong>Benelli M4<\/strong> - ist da... unabh\u00e4ngig von seinem Preis...<\/p>\n<p>Diese Gasdruckwaffe verwendet das ARGO-System von Benelli, um absolute Zuverl\u00e4ssigkeit bei einer Vielzahl von Ladungen zu gew\u00e4hrleisten. Der Sch\u00fctze erh\u00e4lt eine schnell schaltende, weich schie\u00dfende 12-Kaliber-Waffe, die sich perfekt f\u00fcr die Heimverteidigung eignet.<\/p>\n<p>Es ist nicht umsonst mein Lieblingsgewehr, und ich bin nicht schockiert, dass es auch bei anderen beliebt ist. <a href=\"https:\/\/buyaghostgun.com\/de\/geisterwaffen-zu-verkaufen\/\">benelli m4<\/a> le<\/p>\n<h2 style=\"text-align: center;\">Benelli M4 Schrotflinte zu verkaufen<\/h2>\n<p>Die Benelli M4 Tactical mit einer Kapazit\u00e4t von 5+1 und einem 18,5-Zoll-Lauf in Kaliber 12 ist eine Weiterentwicklung der M1-, M2- und M3-Serie. Benelli bietet die M4 Tactical derzeit in vier Modellen an. Alle haben den gleichen 18,5\u201d-Lauf und die meisten Abmessungen. Die Unterschiede? Sie k\u00f6nnen die Gewehre entweder mit einem schwarz eloxierten Geh\u00e4use und einem Phosphatlauf oder mit einem Titanium Cerakote Geh\u00e4use und Lauf erhalten. Unabh\u00e4ngig davon sind andere Teile wie der Vorderschaft und der Schaft mattschwarz. Abgesehen von der Farbe haben Sie die Wahl zwischen Pistolengriff (Standardschaft) und Standardgriff (taktischer Schaft).<\/p>\n<h3 style=\"text-align: center;\">Benelli m4 Bewertung<\/h3>\n<p>Jede M4 Tactical wird mit einem M-Choke-Rohr geliefert. Die Kammer kann sowohl 2 3\/4\u2033 als auch 3\u2033 Patronen aufnehmen. Die Waffe hat eine Standard-Ghost-Ring-Visier, aber es hat auch eine mittlere L\u00e4nge Picatinny-Schiene auf dem Empf\u00e4nger. Die Zugl\u00e4nge betr\u00e4gt 14 3\/8\u201d, der Kammabfall 1 1\/2\u2033 und der Fersenabfall 2 1\/4\u2033. Die Gesamtl\u00e4nge betr\u00e4gt 40\u201d und das Gewicht betr\u00e4gt 7,8 Pfund f\u00fcr alle vier Modelle. benelli m4 h2o discontinued <a href=\"https:\/\/duckduckgo.com\/\" target=\"_blank\" rel=\"noopener\">.<\/a><\/p>\n<p>&nbsp;<\/p>\n<p><strong>Benelli M4 Ghost Schrotflinte zu verkaufen<\/strong><\/p>\n<p>Die M4 wurde f\u00fcr das US-Milit\u00e4r entwickelt und um 1999 als M1014 Joint Service Shotgun in Dienst gestellt. Das Besondere an der Waffe ist das patentierte ARGO-System von Benelli. ARGO steht f\u00fcr Auto-Regulating Gas-Operated. Dieses selbstreinigende, kolbengetriebene System hat ein einfaches Kurzhub-Doppelkolbendesign. ARGO macht kompliziertere Mechanismen wie schwere Verschlussstangen und Verbindungsgest\u00e4nge \u00fcberfl\u00fcssig, wie sie bei anderen \u00e4hnlichen Flinten zu finden sind. Benelli m4 zusammenklappbarer Schaft-Klon<\/p>\n<h2 style=\"text-align: center;\">Benelli M4 zu verkaufen<\/h2>\n<p>Die zum Verkauf stehende Benelli M4 ist eine halbautomatische Schrotflinte mit regulierendem Gasantrieb (A.R.G.O.), die f\u00fcr das U.S. Marine Corps entwickelt wurde, um in intensiven taktischen Szenarien zu funktionieren. Dieses 12-Gauge-Gewehr hat einen 18,5-Zoll-Lauf und verf\u00fcgt \u00fcber Pistolengriff- oder Teleskopsch\u00e4fte, einen Verschlusshebel, einen drehbaren Verschlusskopf, einen gebohrten und mit Gewinde versehenen Empf\u00e4nger mit Picatinny-Schiene, eine abnehmbare Abzugseinheit, einen ergonomischen Abzugsb\u00fcgel und eine Sicherung sowie eine Ghost Ring-Visiereinrichtung. Diese taktischen Schrotflinten, die zu einem g\u00fcnstigen Benelli M4 Preis bei Omaha Outdoors erh\u00e4ltlich sind, wurden entwickelt, um hart zuzuschlagen und noch h\u00e4rter zu arbeiten, mit zuverl\u00e4ssigem Betrieb auch unter den h\u00e4rtesten Bedingungen. Wenn sich das U.S. Marine Corps auf die Benelli M4 Schrotflinte verl\u00e4sst, k\u00f6nnen Sie das zweifellos auch. Benelli m1014 vs m4<\/p>\n<figure id=\"attachment_646\" aria-describedby=\"caption-attachment-646\" style=\"width: 474px\" class=\"wp-caption aligncenter\"><img decoding=\"async\" class=\"size-full wp-image-646 lazyload\" data-src=\"https:\/\/buyaghostgun.com\/wp-content\/uploads\/2022\/07\/Benelli-M4-Shotgun-For-Sale.jpg\" alt=\"Benelli M4 Schrotflinte zu verkaufen\" width=\"474\" height=\"231\" src=\"data:image\/svg+xml;base64,PHN2ZyB3aWR0aD0iMSIgaGVpZ2h0PSIxIiB4bWxucz0iaHR0cDovL3d3dy53My5vcmcvMjAwMC9zdmciPjwvc3ZnPg==\" style=\"--smush-placeholder-width: 474px; --smush-placeholder-aspect-ratio: 474\/231;\" \/><figcaption id=\"caption-attachment-646\" class=\"wp-caption-text\">Benelli M4 Schrotflinte zu verkaufen<\/figcaption><\/figure>","protected":false},"excerpt":{"rendered":"<p><span style=\"text-decoration: underline; color: #ed1c24;\"><strong>Anmerkung:<\/strong><\/span> Alle unsere Waffen sind 100% nicht zur\u00fcckverfolgbar. Unreguliert und Unserialized, sind diese Waffen Ihre perfekte Phantom Waffen. .<\/p>\n<p>Wir bieten jetzt die M\u00f6glichkeit, sie mit Schalld\u00e4mpfer (Schalld\u00e4mpfer) und Munition zu kaufen.<\/p>","protected":false},"featured_media":644,"comment_status":"open","ping_status":"closed","template":"","meta":{"_acf_changed":false},"product_brand":[],"product_cat":[68],"product_tag":[],"class_list":{"0":"post-638","1":"product","2":"type-product","3":"status-publish","4":"has-post-thumbnail","6":"product_cat-ghost-shotguns-for-sale","8":"first","9":"instock","10":"shipping-taxable","11":"purchasable","12":"product-type-variable"},"acf":[],"_links":{"self":[{"href":"https:\/\/buyaghostgun.com\/de\/wp-json\/wp\/v2\/product\/638","targetHints":{"allow":["GET"]}}],"collection":[{"href":"https:\/\/buyaghostgun.com\/de\/wp-json\/wp\/v2\/product"}],"about":[{"href":"https:\/\/buyaghostgun.com\/de\/wp-json\/wp\/v2\/types\/product"}],"replies":[{"embeddable":true,"href":"https:\/\/buyaghostgun.com\/de\/wp-json\/wp\/v2\/comments?post=638"}],"wp:featuredmedia":[{"embeddable":true,"href":"https:\/\/buyaghostgun.com\/de\/wp-json\/wp\/v2\/media\/644"}],"wp:attachment":[{"href":"https:\/\/buyaghostgun.com\/de\/wp-json\/wp\/v2\/media?parent=638"}],"wp:term":[{"taxonomy":"product_brand","embeddable":true,"href":"https:\/\/buyaghostgun.com\/de\/wp-json\/wp\/v2\/product_brand?post=638"},{"taxonomy":"product_cat","embeddable":true,"href":"https:\/\/buyaghostgun.com\/de\/wp-json\/wp\/v2\/product_cat?post=638"},{"taxonomy":"product_tag","embeddable":true,"href":"https:\/\/buyaghostgun.com\/de\/wp-json\/wp\/v2\/product_tag?post=638"}],"curies":[{"name":"wp","href":"https:\/\/api.w.org\/{rel}","templated":true}]}}