{"id":647,"date":"2022-07-05T16:00:45","date_gmt":"2022-07-05T16:00:45","guid":{"rendered":"https:\/\/buyaghostgun.com\/?post_type=product&#038;p=647"},"modified":"2025-12-29T09:16:16","modified_gmt":"2025-12-29T09:16:16","slug":"cz-scorpion-evo-3-s1-karabiner-zu-verkaufen","status":"publish","type":"product","link":"https:\/\/buyaghostgun.com\/de\/product\/cz-scorpion-evo-3-s1-karabiner-zu-verkaufen\/","title":{"rendered":"CZ Skorpion EVO 3 S1 Karabiner"},"content":{"rendered":"<h2 class=\"product-title product_title entry-title\" style=\"text-align: center;\">CZ Scorpion EVO 3 S1 Karabiner zu verkaufen<\/h2>\n<section class=\"elementor-section elementor-top-section elementor-element elementor-element-5236c3a2 elementor-section-boxed elementor-section-height-default elementor-section-height-default\" data-id=\"5236c3a2\" data-element_type=\"section\" data-settings=\"{&quot;background_background&quot;:&quot;classic&quot;,&quot;shape_divider_top&quot;:&quot;tilt&quot;,&quot;shape_divider_bottom&quot;:&quot;tilt&quot;}\">\n<div class=\"elementor-container elementor-column-gap-default\">\n<div class=\"elementor-row\">\n<div class=\"elementor-column elementor-col-100 elementor-top-column elementor-element elementor-element-492a73a1\" data-id=\"492a73a1\" data-element_type=\"column\">\n<div class=\"elementor-column-wrap elementor-element-populated\">\n<div class=\"elementor-widget-wrap\">\n<div class=\"elementor-element elementor-element-381118b5 woo-desc elementor-widget elementor-widget-shortcode\" data-id=\"381118b5\" data-element_type=\"widget\" data-widget_type=\"shortcode.default\">\n<div class=\"elementor-widget-container\">\n<div class=\"elementor-shortcode\">\n<p>Die in zwei Varianten erh\u00e4ltliche Scorpion Carbine ist ein ganz neues Tier. Aufbauend auf der gelobten Maschinenpistolenplattform, die 2015 erstmals in Pistolenform auf den zivilen US-Markt kam, hat die Carbine einen 16,2\u2033-Lauf, der entweder mit einer kompensierenden M\u00fcndungsbremse oder einem Faux-Schalld\u00e4mpfer ausgestattet ist. evo s carbine for sale .<\/p>\n<p style=\"text-align: center;\"><strong>Unauffindbarer Skorpion-Karabiner kaufen<\/strong><\/p>\n<p>Der Karabiner ist mit dem werksseitig verstellbaren Klappschaft ausgestattet und verf\u00fcgt \u00fcber eine Reihe von in den USA hergestellten Teilen, die ihn vollst\u00e4ndig 922(r)-konform machen. Eines der sch\u00f6nsten Merkmale der Waffe ist der neu gestaltete Vorderschaft, der mit M-LOK-Befestigungspunkten versehen ist, um das Profil schlank zu halten, w\u00e4hrend er immer noch gro\u00df genug ist, um die meisten Pistolenkaliber-Schalld\u00e4mpfer zu schlucken, sollte der Besitzer sp\u00e4ter beschlie\u00dfen, ihn in einen SBR f\u00fcr die Verwendung mit einem Schalld\u00e4mpfer umzubauen. cz scorpion carbine for sale .<\/p>\n<h2 style=\"text-align: center;\">CZ Skorpion Karabiner zu verkaufen<\/h2>\n<p>Die Picatinny-Schiene an der Oberseite ist mit einem Eisensichtger\u00e4t ausgestattet und erm\u00f6glicht die Montage einer Vielzahl von Optiken. Der Scorpion ist einfach und zuverl\u00e4ssig und verf\u00fcgt nicht nur \u00fcber beidh\u00e4ndige Bedienelemente, sondern auch \u00fcber einen auswechselbaren Ladegriff und einen einstellbaren Abzug. cz scorpion evo s carbine<a href=\"https:\/\/www.google.com\/\" target=\"_blank\" rel=\"noopener\">.<\/a><\/p>\n<p>Mit einer F\u00fclle von Zubeh\u00f6r und Anbauteilen, die f\u00fcr die Scorpion-Plattform verf\u00fcgbar sind, kann die Anpassung mit einer Reihe von Sch\u00e4ften, Griffen, Vordersch\u00e4ften, Magazinen, Sicherungen, Magazinausl\u00f6sern, Ladegriffen und Abz\u00fcgen, die speziell f\u00fcr die Scorpion-Plattform entwickelt wurden, leicht durchgef\u00fchrt werden. <a href=\"https:\/\/buyaghostgun.com\/de\/geisterwaffen-zu-verkaufen\/\">EVO 3<\/a> Plattform. scorpion evo s zu verkaufen .<\/p>\n<p style=\"text-align: center;\"><strong>Ghost Scorpion Karabiner zu verkaufen<br \/>\n<\/strong><\/p>\n<\/div>\n<\/div>\n<\/div>\n<\/div>\n<\/div>\n<\/div>\n<\/div>\n<\/div>\n<\/section>\n<section class=\"elementor-section elementor-top-section elementor-element elementor-element-5cc82c0b elementor-section-boxed elementor-section-height-default elementor-section-height-default\" data-id=\"5cc82c0b\" data-element_type=\"section\" data-settings=\"{&quot;background_background&quot;:&quot;classic&quot;}\">\n<div class=\"elementor-container elementor-column-gap-default\">\n<div class=\"elementor-row\">\n<div class=\"elementor-column elementor-col-100 elementor-top-column elementor-element elementor-element-52b8acd2\" data-id=\"52b8acd2\" data-element_type=\"column\" data-settings=\"{&quot;background_background&quot;:&quot;classic&quot;}\">\n<div class=\"elementor-column-wrap elementor-element-populated\">\n<div class=\"elementor-widget-wrap\">\n<div class=\"elementor-element elementor-element-3b9b5a19 elementor-widget elementor-widget-heading\" data-id=\"3b9b5a19\" data-element_type=\"widget\" data-widget_type=\"heading.default\">\n<div class=\"elementor-widget-container\">\n<p class=\"elementor-heading-title elementor-size-default\"><strong>Spezifikationen<\/strong><\/p>\n<\/div>\n<\/div>\n<div class=\"elementor-element elementor-element-53e1667c elementor-widget elementor-widget-product_specs_table\" data-id=\"53e1667c\" data-element_type=\"widget\" data-widget_type=\"product_specs_table.default\">\n<div class=\"elementor-widget-container\">\n<div class=\"wrapper-414141\">\n<div id=\"product-specifications\" class=\"slick-initialized slick-slider\" data-slick=\"{&quot;slidesToShow&quot;: 1, &quot;slidesToScroll&quot;: 1}\">\n<div class=\"slick-list draggable\">\n<div class=\"slick-track\">\n<div class=\"slick-slide slick-current slick-active\" tabindex=\"0\" data-slick-index=\"0\" aria-hidden=\"false\">\n<h2 class=\"specs-title\">CZ SCORPION EVO 3 S1 KARABINER W\/ FAUX SCHALLD\u00c4MPFER<\/h2>\n<div class=\"spec-row\"><span class=\"label\">Produktname<\/span><span class=\"value\">CZ Scorpion EVO 3 S1 Karabiner w \/ Faux Entst\u00f6rung<\/span><\/div>\n<div class=\"spec-row\"><span class=\"label\">SKU<\/span><span class=\"value\">08507<\/span><\/div>\n<div class=\"spec-row\"><span class=\"label\">Feuerwaffe Typ<\/span><span class=\"value\">Gewehr<\/span><\/div>\n<div class=\"spec-row\"><span class=\"label\">Zweck<\/span><span class=\"value\">Selbstverteidigung<\/span><\/div>\n<div class=\"spec-row\"><span class=\"label\">Kammern<\/span><span class=\"value\">9mm Luger<\/span><\/div>\n<div class=\"spec-row\"><span class=\"label\">Magazin-Kapazit\u00e4t<\/span><span class=\"value\">20 1<\/span><\/div>\n<div class=\"spec-row\"><span class=\"label\">Magazin Typ<\/span><span class=\"value\">Doppelt gestapeltes Polymer<\/span><\/div>\n<div class=\"spec-row\"><span class=\"label\">Rahmen<\/span><span class=\"value\">Faserverst\u00e4rktes Polymer<\/span><\/div>\n<div class=\"spec-row\"><span class=\"label\">Griffe<\/span><span class=\"value\">Polymer, einstellbar f\u00fcr Reichweite bis zum Ausl\u00f6ser<\/span><\/div>\n<div class=\"spec-row\"><span class=\"label\">Ausl\u00f6ser Mech<\/span><span class=\"value\">SA<\/span><\/div>\n<div class=\"spec-row\"><span class=\"label\">Sehensw\u00fcrdigkeiten<\/span><span class=\"value\">Einstellbar<\/span><\/div>\n<div class=\"spec-row\"><span class=\"label\">Trommel<\/span><span class=\"value\">Kaltgeschmiedet, M\u00fcndungsgewinde 1\/2\u00d728<\/span><\/div>\n<div class=\"spec-row\"><span class=\"label\">L\u00e4nge des Laufs<\/span><span class=\"value\">16.2<\/span><\/div>\n<div class=\"spec-row\"><span class=\"label\">Gewicht<\/span><span class=\"value\">7 Pfund<\/span><\/div>\n<div class=\"spec-row\"><span class=\"label\">Gesamtl\u00e4nge<\/span><span class=\"value\">34,75 Zoll \/ 24,5 Zoll<\/span><\/div>\n<div class=\"spec-row\"><span class=\"label\">H\u00f6he<\/span><span class=\"value\">9,4 Zoll<\/span><\/div>\n<div class=\"spec-row\"><span class=\"label\">Sicherheit<\/span><span class=\"value\">Beidh\u00e4ndige Daumensicherung<\/span><\/div>\n<div>\n<figure id=\"attachment_650\" aria-describedby=\"caption-attachment-650\" style=\"width: 510px\" class=\"wp-caption aligncenter\"><img decoding=\"async\" class=\"size-full wp-image-650 lazyload\" data-src=\"https:\/\/buyaghostgun.com\/wp-content\/uploads\/2022\/07\/CZ-Scorpion-EVO-3-S1-Carbine-For-Sale-2.png\" alt=\"CZ Scorpion EVO 3 S1 Karabiner zu verkaufen\" width=\"510\" height=\"340\" data-srcset=\"https:\/\/buyaghostgun.com\/wp-content\/uploads\/2022\/07\/CZ-Scorpion-EVO-3-S1-Carbine-For-Sale-2.png 510w, https:\/\/buyaghostgun.com\/wp-content\/uploads\/2022\/07\/CZ-Scorpion-EVO-3-S1-Carbine-For-Sale-2-500x333.png 500w\" data-sizes=\"(max-width: 510px) 100vw, 510px\" src=\"data:image\/svg+xml;base64,PHN2ZyB3aWR0aD0iMSIgaGVpZ2h0PSIxIiB4bWxucz0iaHR0cDovL3d3dy53My5vcmcvMjAwMC9zdmciPjwvc3ZnPg==\" style=\"--smush-placeholder-width: 510px; --smush-placeholder-aspect-ratio: 510\/340;\" \/><figcaption id=\"caption-attachment-650\" class=\"wp-caption-text\">CZ Scorpion EVO 3 S1 Karabiner zu verkaufen<\/figcaption><\/figure>\n<\/div>\n<\/div>\n<\/div>\n<\/div>\n<\/div>\n<\/div>\n<\/div>\n<\/div>\n<\/div>\n<\/div>\n<\/div>\n<\/div>\n<\/div>\n<\/section>\n<p>&nbsp;<\/p>","protected":false},"excerpt":{"rendered":"<p><span style=\"text-decoration: underline; color: #ed1c24;\"><strong>Anmerkung:<\/strong><\/span> Alle unsere Waffen sind 100% nicht zur\u00fcckverfolgbar. Unreguliert und Unserialized, sind diese Waffen Ihre perfekte Phantom Waffen. .<\/p>\n<p>Wir bieten jetzt die M\u00f6glichkeit, sie mit Schalld\u00e4mpfer (Schalld\u00e4mpfer) und Munition zu kaufen.<\/p>","protected":false},"featured_media":650,"comment_status":"open","ping_status":"closed","template":"","meta":{"_acf_changed":false},"product_brand":[],"product_cat":[69,75],"product_tag":[],"class_list":{"0":"post-647","1":"product","2":"type-product","3":"status-publish","4":"has-post-thumbnail","6":"product_cat-ghost-rifles-for-sale","7":"product_cat-ghost-machine-guns-for-sale","9":"first","10":"instock","11":"shipping-taxable","12":"purchasable","13":"product-type-variable"},"acf":[],"_links":{"self":[{"href":"https:\/\/buyaghostgun.com\/de\/wp-json\/wp\/v2\/product\/647","targetHints":{"allow":["GET"]}}],"collection":[{"href":"https:\/\/buyaghostgun.com\/de\/wp-json\/wp\/v2\/product"}],"about":[{"href":"https:\/\/buyaghostgun.com\/de\/wp-json\/wp\/v2\/types\/product"}],"replies":[{"embeddable":true,"href":"https:\/\/buyaghostgun.com\/de\/wp-json\/wp\/v2\/comments?post=647"}],"wp:featuredmedia":[{"embeddable":true,"href":"https:\/\/buyaghostgun.com\/de\/wp-json\/wp\/v2\/media\/650"}],"wp:attachment":[{"href":"https:\/\/buyaghostgun.com\/de\/wp-json\/wp\/v2\/media?parent=647"}],"wp:term":[{"taxonomy":"product_brand","embeddable":true,"href":"https:\/\/buyaghostgun.com\/de\/wp-json\/wp\/v2\/product_brand?post=647"},{"taxonomy":"product_cat","embeddable":true,"href":"https:\/\/buyaghostgun.com\/de\/wp-json\/wp\/v2\/product_cat?post=647"},{"taxonomy":"product_tag","embeddable":true,"href":"https:\/\/buyaghostgun.com\/de\/wp-json\/wp\/v2\/product_tag?post=647"}],"curies":[{"name":"wp","href":"https:\/\/api.w.org\/{rel}","templated":true}]}}