{"id":656,"date":"2022-07-05T16:24:55","date_gmt":"2022-07-05T16:24:55","guid":{"rendered":"https:\/\/buyaghostgun.com\/?post_type=product&#038;p=656"},"modified":"2025-11-30T13:38:47","modified_gmt":"2025-11-30T13:38:47","slug":"unauffindbare-cz-75-sp-01-handfeuerwaffe-zu-verkaufen","status":"publish","type":"product","link":"https:\/\/buyaghostgun.com\/de\/product\/unauffindbare-cz-75-sp-01-handfeuerwaffe-zu-verkaufen\/","title":{"rendered":"CZ 75 SP-01 Handfeuerwaffe"},"content":{"rendered":"<h2 style=\"text-align: center;\">Unauffindbar CZ 75 SP-01 Handfeuerwaffe zu verkaufen<\/h2>\n<p>Die CZ 75 SP-01 ist die erste Handfeuerwaffe in voller Gr\u00f6\u00dfe (4,6\u201d Lauf) von CZ, die die verbesserte Fertigungstechnologie und Ergonomie des NATO-zugelassenen Modells CZ 75 Compact P-01 aufweist. Ausgestattet mit einer integrierten 1913-Zubeh\u00f6rschiene auf der Staubschutzkappe, Gummigriffschalen und der korrosionsbest\u00e4ndigen schwarzen Polycoat-Beschichtung von CZ ist die SP-01 das neueste Modell in der Familie der Pistolen auf Basis der CZ 75 (SA\/DA) Plattform.<a href=\"https:\/\/www.google.com\/\" target=\"_blank\" rel=\"noopener\">. <\/a><\/p>\n<h3 style=\"text-align: center;\"><span class=\"tagify__input\" tabindex=\"0\" role=\"textbox\" contenteditable=\"true\" data-placeholder=\"Example: Rank Math SEO\" aria-placeholder=\"Example: Rank Math SEO\" aria-autocomplete=\"both\" aria-multiline=\"false\">Kaufen Ghost Handfeuerwaffen zu verkaufen<\/span><\/h3>\n<p>In Anlehnung an die verbesserte Griffgeometrie der kompakten P-01 verf\u00fcgt die SP-01 \u00fcber einen verl\u00e4ngerten Beavertail, der die starke Hand des Sch\u00fctzen sch\u00fctzt und einen tieferen und sichereren Griff erm\u00f6glicht. Die neue Griffgeometrie, die Riffelung in den Schl\u00fcsselbereichen des vorderen und hinteren Riemens und die Umverteilung der Masse durch die Zubeh\u00f6rschiene verringern den wahrgenommenen R\u00fccksto\u00df im Vergleich zu den Vorg\u00e4ngermodellen sp\u00fcrbar und erm\u00f6glichen eine schnellere Zielerfassung und -\u00fcbergabe.<a href=\"https:\/\/duckduckgo.com\/\" target=\"_blank\" rel=\"noopener\">.<\/a><\/p>\n<h3 style=\"text-align: center;\">CZ 75 SP-01 Handfeuerwaffe online kaufen<\/h3>\n<p>Die SP-01 wurde als Dienstwaffe f\u00fcr das Milit\u00e4r und die Strafverfolgungsbeh\u00f6rden entwickelt. Das neue Modell wird derzeit von Sicherheitskr\u00e4ften im Kampf gegen den Terrorismus eingesetzt. Dank ihrer au\u00dfergew\u00f6hnlichen Pr\u00e4zision und \u00fcberlegenen Handhabungseigenschaften hat die CZ 75 SP-01 auch im Bereich des Sport- und Scheibenschie\u00dfens ihre Anh\u00e4nger gefunden. Zu den Anwendern bei Wettk\u00e4mpfen geh\u00f6ren die Weltmeister Adam Tyc und Angus Hobdell (1. und 3. Platz bei der IPSC-Meisterschaft 2005, World Shoot XIV). <a href=\"https:\/\/buyaghostgun.com\/de\/\">cz 75 sp-01<\/a> Rezension .<\/p>\n<figure id=\"attachment_657\" aria-describedby=\"caption-attachment-657\" style=\"width: 233px\" class=\"wp-caption aligncenter\"><img decoding=\"async\" class=\"size-full wp-image-657 lazyload\" data-src=\"https:\/\/buyaghostgun.com\/wp-content\/uploads\/2022\/07\/Untraceable-CZ-75-SP-01-Handgun-For-Sale.png\" alt=\"Unauffindbar CZ 75 SP-01 Handfeuerwaffe zu verkaufen\" width=\"233\" height=\"155\" src=\"data:image\/svg+xml;base64,PHN2ZyB3aWR0aD0iMSIgaGVpZ2h0PSIxIiB4bWxucz0iaHR0cDovL3d3dy53My5vcmcvMjAwMC9zdmciPjwvc3ZnPg==\" style=\"--smush-placeholder-width: 233px; --smush-placeholder-aspect-ratio: 233\/155;\" \/><figcaption id=\"caption-attachment-657\" class=\"wp-caption-text\">Unauffindbar CZ 75 SP-01 Handfeuerwaffe zu verkaufen<\/figcaption><\/figure>\n<p>&nbsp;<\/p>\n<section class=\"elementor-section elementor-top-section elementor-element elementor-element-1a4f151b elementor-section-boxed elementor-section-height-default elementor-section-height-default\" data-id=\"1a4f151b\" data-element_type=\"section\" data-settings=\"{&quot;background_background&quot;:&quot;classic&quot;}\">\n<div class=\"elementor-container elementor-column-gap-default\">\n<div class=\"elementor-row\">\n<div class=\"elementor-column elementor-col-100 elementor-top-column elementor-element elementor-element-2640c88b\" data-id=\"2640c88b\" data-element_type=\"column\" data-settings=\"{&quot;background_background&quot;:&quot;classic&quot;}\">\n<div class=\"elementor-column-wrap elementor-element-populated\">\n<div class=\"elementor-widget-wrap\">\n<div class=\"elementor-element elementor-element-5038c49f elementor-widget elementor-widget-heading\" data-id=\"5038c49f\" data-element_type=\"widget\" data-widget_type=\"heading.default\">\n<div class=\"elementor-widget-container\">\n<h4 class=\"elementor-heading-title elementor-size-default\">Spezifikationen<\/h4>\n<\/div>\n<\/div>\n<\/div>\n<\/div>\n<\/div>\n<\/div>\n<\/div>\n<\/section>\n<div class=\"slick-list draggable\">\n<div class=\"slick-track\">\n<div class=\"slick-slide slick-current slick-active\" tabindex=\"0\" data-slick-index=\"0\" aria-hidden=\"false\">\n<h3 class=\"specs-title\"><strong>CZ 75 SP-01 - 9MM<\/strong><\/h3>\n<div class=\"spec-row\"><span class=\"label\">Produktname<\/span><span class=\"value\">CZ 75 SP-01 - 9mm<\/span><\/div>\n<div class=\"spec-row\"><span class=\"label\">SKU<\/span><span class=\"value\">91152<\/span><\/div>\n<div class=\"spec-row\"><span class=\"label\">Feuerwaffe Typ<\/span><span class=\"value\">Handfeuerwaffe<\/span><\/div>\n<div class=\"spec-row\"><span class=\"label\">Kammern<\/span><span class=\"value\">9mm Luger<\/span><\/div>\n<div class=\"spec-row\"><span class=\"label\">Magazin-Kapazit\u00e4t<\/span><span class=\"value\">19<\/span><\/div>\n<div class=\"spec-row\"><span class=\"label\">Magazin Typ<\/span><span class=\"value\">Doppelter Stapel<\/span><\/div>\n<div class=\"spec-row\"><span class=\"label\">Rahmen<\/span><span class=\"value\">Stahl<\/span><\/div>\n<div class=\"spec-row\"><span class=\"label\">Griffe<\/span><span class=\"value\">Gummi<\/span><\/div>\n<div class=\"spec-row\"><span class=\"label\">Ausl\u00f6ser Mech<\/span><span class=\"value\">DA\/SA<\/span><\/div>\n<div class=\"spec-row\"><span class=\"label\">Sehensw\u00fcrdigkeiten<\/span><span class=\"value\">Feste Nachtzielger\u00e4te<\/span><\/div>\n<div class=\"spec-row\"><span class=\"label\">Trommel<\/span><span class=\"value\">Kaltgeh\u00e4mmert geschmiedet<\/span><\/div>\n<div class=\"spec-row\"><span class=\"label\">L\u00e4nge des Laufs<\/span><span class=\"value\">4,6 Zoll<\/span><\/div>\n<div class=\"spec-row\"><span class=\"label\">Gewicht<\/span><span class=\"value\">40.7<\/span><\/div>\n<div class=\"spec-row\"><span class=\"label\">Gesamtl\u00e4nge<\/span><span class=\"value\">8,15 in<\/span><\/div>\n<div class=\"spec-row\"><span class=\"label\">H\u00f6he<\/span><span class=\"value\">5,79 Zoll<\/span><\/div>\n<div class=\"spec-row\"><span class=\"label\">Breite<\/span><span class=\"value\">1,46 Zoll<\/span><\/div>\n<div class=\"spec-row\"><span class=\"label\">Sicherheit<\/span><span class=\"value\">Manuelle Sicherung, Sicherheitsstop am Hammer, Schlagbolzensicherung<\/span><\/div>\n<div>\n<h3 class=\"c-detail__title\" style=\"text-align: center;\">CZ 75 SP-01 Tactical 9mm Kaliber Pistole zu verkaufen<\/h3>\n<p>&nbsp;<\/p>\n<\/div>\n<\/div>\n<\/div>\n<\/div>","protected":false},"excerpt":{"rendered":"<div class=\"product-short-description\">\n<p><span style=\"text-decoration: underline; color: #ed1c24;\"><strong>Anmerkung:<\/strong><\/span> Alle unsere Waffen sind 100% nicht zur\u00fcckverfolgbar. Unreguliert und Unserialized, sind diese Waffen Ihre perfekte Phantom Waffen. .<\/p>\n<p>Wir bieten jetzt die M\u00f6glichkeit, sie mit Schalld\u00e4mpfer (Schalld\u00e4mpfer) und Munition zu kaufen.<\/p>\n<\/div>","protected":false},"featured_media":657,"comment_status":"open","ping_status":"closed","template":"","meta":{"_acf_changed":false},"product_brand":[],"product_cat":[70],"product_tag":[143],"class_list":{"0":"post-656","1":"product","2":"type-product","3":"status-publish","4":"has-post-thumbnail","6":"product_cat-ghost-handguns-for-sale","7":"product_tag-cz-75-sp-01-10-round","9":"first","10":"instock","11":"shipping-taxable","12":"purchasable","13":"product-type-variable"},"acf":[],"_links":{"self":[{"href":"https:\/\/buyaghostgun.com\/de\/wp-json\/wp\/v2\/product\/656","targetHints":{"allow":["GET"]}}],"collection":[{"href":"https:\/\/buyaghostgun.com\/de\/wp-json\/wp\/v2\/product"}],"about":[{"href":"https:\/\/buyaghostgun.com\/de\/wp-json\/wp\/v2\/types\/product"}],"replies":[{"embeddable":true,"href":"https:\/\/buyaghostgun.com\/de\/wp-json\/wp\/v2\/comments?post=656"}],"wp:featuredmedia":[{"embeddable":true,"href":"https:\/\/buyaghostgun.com\/de\/wp-json\/wp\/v2\/media\/657"}],"wp:attachment":[{"href":"https:\/\/buyaghostgun.com\/de\/wp-json\/wp\/v2\/media?parent=656"}],"wp:term":[{"taxonomy":"product_brand","embeddable":true,"href":"https:\/\/buyaghostgun.com\/de\/wp-json\/wp\/v2\/product_brand?post=656"},{"taxonomy":"product_cat","embeddable":true,"href":"https:\/\/buyaghostgun.com\/de\/wp-json\/wp\/v2\/product_cat?post=656"},{"taxonomy":"product_tag","embeddable":true,"href":"https:\/\/buyaghostgun.com\/de\/wp-json\/wp\/v2\/product_tag?post=656"}],"curies":[{"name":"wp","href":"https:\/\/api.w.org\/{rel}","templated":true}]}}