{"id":88,"date":"2013-08-11T19:22:53","date_gmt":"2013-08-11T19:22:53","guid":{"rendered":"http:\/\/localhost:8888\/test\/?page_id=532"},"modified":"2025-10-22T16:57:48","modified_gmt":"2025-10-22T16:57:48","slug":"venta-de-pistolas-fantasma-imposibles-de-rastrear","status":"publish","type":"page","link":"https:\/\/buyaghostgun.com\/es\/venta-de-pistolas-fantasma-imposibles-de-rastrear\/","title":{"rendered":"P\u00f3ngase en contacto con"},"content":{"rendered":"<div class=\"row\"  id=\"row-472092345\">\n\n\t<div id=\"col-915175597\" class=\"col medium-4 small-12 large-4\"  >\n\t\t\t\t<div class=\"col-inner\"  >\n\t\t\t\n\t\t\t\n\t<div id=\"gap-1384237937\" class=\"gap-element clearfix\" style=\"display:block; height:auto;\">\n\t\t\n<style>\n#gap-1384237937 {\n  padding-top: 179px;\n}\n<\/style>\n\t<\/div>\n\t\n<p>Correo electr\u00f3nico:<strong><span class=\"gI\">Buyaghostgun@gmail.com<\/span><\/strong><\/p>\n\t\t<\/div>\n\t\t\t\t\t<\/div>\n\n\t\n\n\t<div id=\"col-1652997457\" class=\"col medium-8 small-12 large-8\"  >\n\t\t\t\t<div class=\"col-inner\"  >\n\t\t\t\n\t\t\t\n\t<div id=\"gap-903720354\" class=\"gap-element clearfix\" style=\"display:block; height:auto;\">\n\t\t\n<style>\n#gap-903720354 {\n  padding-top: 155px;\n}\n<\/style>\n\t<\/div>\n\t\n\t\t<\/div>\n\t\t\t\t\t<\/div>\n\n\t\n<\/div>\n<h2 style=\"text-align: center;\"><span style=\"color: #000000;\">\u00a0 \u00a0 \u00a0 \u00a0 \u00a0 \u00a0 \u00a0 \u00a0 \u00a0 \u00a0 \u00a0 \u00a0 \u00a0 \u00a0 Se venden armas fantasma imposibles de rastrear<br \/>\n<\/span><\/h2>\n<p class=\"lead\" style=\"text-align: center;\"><span style=\"font-size: 80%;\">Al estar en la industria de las armas de fuego entendemos la importancia de la seguridad. Nuestro objetivo es proporcionarle una experiencia de compra en l\u00ednea segura y protegida combinada con un servicio al cliente sin igual.<\/span><\/p>\n<p>Armas fantasma en venta Denver con bitcoin. Nosotros su ventanilla \u00fanica para todas sus necesidades de armas de fuego. Echa un vistazo a nuestra gran selecci\u00f3n de armas de AR-15, AR-10, AK-47, rifles de caza, pistolas y escopetas de marcas de primera calidad. Ya sea para la caza, la defensa del hogar, o llevar oculta podemos ayudarle a encontrar el arma de fuego perfecta hoy. Navegue por nuestra selecci\u00f3n de armas usadas para encontrar grandes ofertas en pistolas, escopetas, rifles y mucho m\u00e1s. Trabajamos con distribuidores locales, as\u00ed como coleccionistas de armas individuales. Armas fantasma en venta Denver shop.<\/p>\n<p>Pistolas fantasma en venta Denver y Texas<\/p>\n<p>Si est\u00e1 buscando la mejor arma de defensa personal, un rifle para un d\u00eda en el campo de tiro, o la mejor pistola oculta, \u00a1Cheaper Than Dirt! es el lugar adecuado para empezar. Con una gran selecci\u00f3n de armas de fuego a los mejores precios, usted puede comprar rifles, pistolas, escopetas y armas de fuego t\u00e1cticas de las mejores marcas como DPMS, GLOCK,<\/p>\n<p>&lt;&gt;, Taurus, Mossberg, Remington y muchas m\u00e1s. Adem\u00e1s, tenemos pistolas semiautom\u00e1ticas, rev\u00f3lveres, AK-47 y AR-15 dise\u00f1ados para una amplia variedad de prop\u00f3sitos. S\u00f3lo tenemos las mejores armas de los fabricantes m\u00e1s fiables para que pueda confiar plenamente en su compra. Eche un vistazo hoy mismo a nuestra selecci\u00f3n de armas de fuego de alta calidad y prep\u00e1rese para encontrar las armas de sus sue\u00f1os. \u00bfD\u00f3nde puedo conseguir armas Ghost a la venta en Denver?.<\/p>\n<p>Pistolas fantasma en venta en California barato<\/p>\n<p>Pistolas fantasma en venta en California baratas cerca de mi. Ideal para llevar oculta y la protecci\u00f3n del hogar, tenemos un arma de fuego para todo el mundo si usted es due\u00f1o de un arma por primera vez o un tirador experimentado. Tenemos semi-automaticas, revolvers, break-actions, y mas con muchas opciones para cada presupuesto y nivel de habilidad. Adem\u00e1s, tenemos una gran variedad de pistolas defensivas, armas de fuego ocultables, as\u00ed como pistolas de punter\u00eda. Tenemos pistolas de los mejores fabricantes como GLOCK, Springfield Armory, Ruger y SIG Sauer. Cheaper Than Dirt! tiene la m\u00e1s amplia variedad de pistolas a la venta online. Eche un vistazo a nuestra selecci\u00f3n de pistolas de alta calidad hoy mismo y prep\u00e1rese para encontrar la pistola de sus sue\u00f1os. <a href=\"https:\/\/buyaghostgun.com\/es\/product-category\/ametralladoras-fantasma-en-venta\/\">Pistolas fantasma en venta en California barato COD<\/a>.<\/p>\n<p>Nos esforzamos por ser sus especialistas en rifles con armas de fuego asequibles y resistentes de las mejores marcas como Remington, Winchester, Ruger, Browning y Savage. Encontrar\u00e1 rifles AR-15, rifles rimfire, rifles AK-47, rifles de caza y mucho m\u00e1s en stock y listo para enviar. Tenemos opciones para pr\u00e1cticamente todos los intereses y calibres de rifle. As\u00ed que, tanto si su objetivo es el tiro deportivo, la defensa personal, la caza o el tiro al blanco, puede conseguir el arma adecuada al precio adecuado. \u00bfD\u00f3nde se puede comprar Ghost pistolas para la venta en California barato <a href=\"https:\/\/duckduckgo.com\/\" target=\"_blank\" rel=\"noopener\">.<\/a><\/p>\n<h2 style=\"text-align: center;\">Comprar rifles online USA<\/h2>\n<p>Comprar rifles online USA con bitcoin. Nuestros expertos en la industria le ayudar\u00e1n con todas sus preguntas, precios competitivos de mercado, env\u00edo s\u00faper r\u00e1pido y excelente servicio al cliente. Ghost guns for sale es un nombre muy conocido gracias a sus amplios esfuerzos de marketing; enviando millones de cat\u00e1logos al a\u00f1o y recibiendo millones de visitantes al mes en nuestro sitio web. La amplitud de los productos ofrecidos se expande sobre muchas categor\u00edas con cientos de miles de productos en stock y listos para enviar inmediatamente. Comprar rifles online USA<\/p>\n<p>Tanto si es la primera vez que compra como si no, nuestra gran selecci\u00f3n de armas online combinada con nuestros sencillos pasos sobre c\u00f3mo comprar un arma online en el mejor lugar para comprar armas. Compre en nuestra incomparable selecci\u00f3n de pistolas, rifles y escopetas de los principales fabricantes del sector. Si busca comprar rifles, ha llegado al lugar adecuado. Somos el mayor sitio de subastas de armas del mundo, y tenemos una gran selecci\u00f3n de todo tipo de rifles a la venta. Cada d\u00eda, vendedores de todo el pa\u00eds ponen a la venta rifles nuevos para caza, defensa dom\u00e9stica, tiro deportivo o simplemente la \u00faltima adquisici\u00f3n para su hogar. Comprar rifles online USA shop.<\/p>\n<h3 style=\"text-align: center;\">Comprar rifles online USA website<\/h3>\n<p>Un rifle es un arma de fuego de ca\u00f1\u00f3n largo dise\u00f1ada para disparar con precisi\u00f3n, con un ca\u00f1\u00f3n que tiene un patr\u00f3n helicoidal de ranuras (estr\u00edas) cortadas en la pared del \u00e1nima. En consonancia con su enfoque en la precisi\u00f3n, los rifles suelen estar dise\u00f1ados para ser sostenidos con ambas manos y apoyados firmemente contra el hombro del tirador a trav\u00e9s de una culata para la estabilidad durante el disparo. Los rifles se utilizan mucho en la guerra, la defensa personal, el cumplimiento de la ley y la delincuencia (sobre todo en asesinatos), <a href=\"https:\/\/en.wikipedia.org\/wiki\/Hunting\" target=\"_blank\" rel=\"noopener\">caza<\/a>, y deportes de tiro. Comprar rifles en l\u00ednea EE.UU. sitio web.<\/p>\n<p>Originalmente, el t\u00e9rmino era rifle, y el verbo rifle se refer\u00eda al proceso de mecanizado moderno de crear ranuras con herramientas de corte. En el siglo XX, el arma se hab\u00eda hecho tan com\u00fan que el sustantivo moderno rifle se utiliza ahora a menudo para cualquier arma a distancia manual de forma alargada dise\u00f1ada para una descarga bien dirigida activada por un gatillo (por ejemplo, el rifle de respuesta de parada y estimulaci\u00f3n del personal, que en realidad es un deslumbrador l\u00e1ser). Donde Comprar rifles online USA. Kit pistola fantasma 45 . <span class=\"tagify__tag-text\" contenteditable=\"true\">Se venden armas fantasma imposibles de rastrear<\/span> En l\u00ednea.<\/p>\n<div class=\"row\"  id=\"row-187706744\">\n\n\t<div id=\"col-1614004321\" class=\"col medium-4 small-12 large-4\"  >\n\t\t\t\t<div class=\"col-inner\"  >\n\t\t\t\n\t\t\t\n<h4 style=\"text-align: center;\"><span style=\"color: #00ccff;\"><strong>Comprar en l\u00ednea armas de fuego sin serializar<\/strong><\/span><\/h4>\n<p style=\"text-align: center;\">Hacemos que el env\u00edo a su FFL local sea r\u00e1pido y sencillo.<\/p>\n<p><b>Fantasma<\/b> <b>armas<\/b> <b>para<\/b> <b>venta<\/b> es el mejor sitio web de armas de fuego en l\u00ednea del mundo dedicado a las \u00faltimas armas y municiones. Comprar ahora <a href=\"https:\/\/buyaghostgun.com\/es\/product-category\/ametralladoras-fantasma-en-venta\/\">M\u00e1quina <b>armas<\/b> <b>para<\/b> <b>venta<\/b><\/a> en l\u00ednea <b>Fantasma<\/b> <b>armas<\/b> <b>para<\/b> <b>venta<\/b> ha hecho que la compra de m\u00e1quinas <b>armas<\/b> una actividad menos mon\u00f3tona ofreciendo una selecci\u00f3n de m\u00e1quinas <b>armas<\/b> disponible para su compra en l\u00ednea. <a href=\"https:\/\/buyaghostgun.com\/es\/product-category\/venta-de-pistolas-fantasma\/\">Comprar ahora Rifles para <b>venta<\/b> en l\u00ednea<\/a>.<\/p>\n<figure id=\"attachment_619\" aria-describedby=\"caption-attachment-619\" style=\"width: 447px\" class=\"wp-caption aligncenter\"><img decoding=\"async\" class=\"wp-image-619 lazyload\" data-src=\"https:\/\/buyaghostgun.com\/wp-content\/uploads\/2022\/07\/Buy-Unserialized-Firearms-Online.jpg\" alt=\"Comprar en l\u00ednea armas de fuego sin serializar\" width=\"447\" height=\"183\" data-srcset=\"https:\/\/buyaghostgun.com\/wp-content\/uploads\/2022\/07\/Buy-Unserialized-Firearms-Online.jpg 612w, https:\/\/buyaghostgun.com\/wp-content\/uploads\/2022\/07\/Buy-Unserialized-Firearms-Online-500x205.jpg 500w\" data-sizes=\"(max-width: 447px) 100vw, 447px\" src=\"data:image\/svg+xml;base64,PHN2ZyB3aWR0aD0iMSIgaGVpZ2h0PSIxIiB4bWxucz0iaHR0cDovL3d3dy53My5vcmcvMjAwMC9zdmciPjwvc3ZnPg==\" style=\"--smush-placeholder-width: 447px; --smush-placeholder-aspect-ratio: 447\/183;\" \/><figcaption id=\"caption-attachment-619\" class=\"wp-caption-text\">Comprar en l\u00ednea armas de fuego sin serializar<\/figcaption><\/figure>\n\t\t<\/div>\n\t\t\t\t\t<\/div>\n\n\t\n\n\t<div id=\"col-569942141\" class=\"col medium-4 small-12 large-4\"  >\n\t\t\t\t<div class=\"col-inner\"  >\n\t\t\t\n\t\t\t\n<h4 style=\"text-align: center;\"><strong><span style=\"color: #00ccff;\">Comprar armas fantasma irrastreables en l\u00ednea<br \/>\n<\/span><\/strong><\/h4>\n<p style=\"text-align: center;\">Aqu\u00ed en <a href=\"https:\/\/buyaghostgun.com\/es\/\">Buyaghostgun.com<\/a> nos esforzamos por tener los precios m\u00e1s imbatibles que cualquier otro sitio.<\/p>\n<p>Como fuente en l\u00ednea l\u00edder de pistolas para <b>venta<\/b>, <a href=\"https:\/\/buyaghostgun.com\/es\/pistolas-fantasma-en-venta\/\"><b>Fantasma<\/b> <b>armas<\/b> <b>para<\/b> <b>venta<\/b><\/a> le trae sin serializar y <b>irrastreable<\/b> pistolas semiautom\u00e1ticas de marcas l\u00edderes con d\u00e9cadas de experiencia. Cuando nos compra pistolas en l\u00ednea, puede elegir entre el \u00e9xito de las armas peque\u00f1as. La experiencia de nuestros fabricantes se fusiona con la tecnolog\u00eda avanzada para lograr est\u00e1ndares elevados. Proyecto de ley de armas fantasma 2022<\/p>\n<figure id=\"attachment_616\" aria-describedby=\"caption-attachment-616\" style=\"width: 361px\" class=\"wp-caption aligncenter\"><img decoding=\"async\" class=\"wp-image-616 lazyload\" data-src=\"https:\/\/buyaghostgun.com\/wp-content\/uploads\/2022\/07\/Buy-Untraceable-Ghost-Guns-Online-578x400.png\" alt=\"Comprar armas fantasma irrastreables en l\u00ednea\" width=\"361\" height=\"250\" data-srcset=\"https:\/\/buyaghostgun.com\/wp-content\/uploads\/2022\/07\/Buy-Untraceable-Ghost-Guns-Online-578x400.png 578w, https:\/\/buyaghostgun.com\/wp-content\/uploads\/2022\/07\/Buy-Untraceable-Ghost-Guns-Online-500x346.png 500w, https:\/\/buyaghostgun.com\/wp-content\/uploads\/2022\/07\/Buy-Untraceable-Ghost-Guns-Online.png 727w\" data-sizes=\"(max-width: 361px) 100vw, 361px\" src=\"data:image\/svg+xml;base64,PHN2ZyB3aWR0aD0iMSIgaGVpZ2h0PSIxIiB4bWxucz0iaHR0cDovL3d3dy53My5vcmcvMjAwMC9zdmciPjwvc3ZnPg==\" style=\"--smush-placeholder-width: 361px; --smush-placeholder-aspect-ratio: 361\/250;\" \/><figcaption id=\"caption-attachment-616\" class=\"wp-caption-text\">Comprar armas fantasma irrastreables en l\u00ednea<\/figcaption><\/figure>\n\t\t<\/div>\n\t\t\t\t\t<\/div>\n\n\t\n\n\t<div id=\"col-1563938044\" class=\"col medium-4 small-12 large-4\"  >\n\t\t\t\t<div class=\"col-inner\"  >\n\t\t\t\n\t\t\t\n<h4 style=\"text-align: center;\"><strong><span style=\"color: #00ccff;\">Pistolas fantasma en venta<\/span><\/strong><\/h4>\n<p style=\"text-align: center;\">Aplicar la tecnolog\u00eda m\u00e1s avanzada para garantizar transacciones seguras en las compras de cada cliente.<\/p>\n<p>Nuestra <b>Irrastreable<\/b> Pistolas, silenciadores y munici\u00f3n vienen en embalaje est\u00e1ndar, as\u00ed como nuestros paquetes Prepper que protege su <b>Irrastreable<\/b> Munici\u00f3n de la humedad, el aire y la corrosi\u00f3n. Pistolas Automatic Depot tiene a granel <b>Irrastreable<\/b> Pistolas Autom\u00e1ticas en todos los calibres populares y comunes para <b>Irrastreable<\/b> pistolas, rifles y <b>Irrastreable<\/b> escopetas. <b>Irrastreable<\/b> <b>Fantasma<\/b> <b>Pistola<\/b> <b>para<\/b> <b>venta<\/b><\/p>\n<figure id=\"attachment_614\" aria-describedby=\"caption-attachment-614\" style=\"width: 314px\" class=\"wp-caption aligncenter\"><img decoding=\"async\" class=\"wp-image-614 lazyload\" data-src=\"https:\/\/buyaghostgun.com\/wp-content\/uploads\/2022\/07\/Rifles-for-sale-online-600x400.jpg\" alt=\"Venta de rifles en l\u00ednea\" width=\"314\" height=\"209\" data-srcset=\"https:\/\/buyaghostgun.com\/wp-content\/uploads\/2022\/07\/Rifles-for-sale-online-600x400.jpg 600w, https:\/\/buyaghostgun.com\/wp-content\/uploads\/2022\/07\/Rifles-for-sale-online-500x333.jpg 500w, https:\/\/buyaghostgun.com\/wp-content\/uploads\/2022\/07\/Rifles-for-sale-online.jpg 612w\" data-sizes=\"(max-width: 314px) 100vw, 314px\" src=\"data:image\/svg+xml;base64,PHN2ZyB3aWR0aD0iMSIgaGVpZ2h0PSIxIiB4bWxucz0iaHR0cDovL3d3dy53My5vcmcvMjAwMC9zdmciPjwvc3ZnPg==\" style=\"--smush-placeholder-width: 314px; --smush-placeholder-aspect-ratio: 314\/209;\" \/><figcaption id=\"caption-attachment-614\" class=\"wp-caption-text\">Venta de rifles en l\u00ednea<\/figcaption><\/figure>\n\t\t<\/div>\n\t\t\t\t\t<\/div>\n\n\t\n<\/div>\n<h2 class=\"uppercase\" style=\"text-align: center;\"><strong>Su seguridad es nuestra prioridad<\/strong><\/h2>","protected":false},"excerpt":{"rendered":"<p>\u00a0 \u00a0 \u00a0 \u00a0 \u00a0 \u00a0 \u00a0 \u00a0 \u00a0 \u00a0 \u00a0 \u00a0 \u00a0 \u00a0 Untraceable Ghost Guns For Sale Being in the firearms industry we understand the importance of security. Our goal is to provide you with a safe and secure online shopping experience combined with unmatched customer service.We value each and every one of [&#8230;]","protected":false},"author":1,"featured_media":612,"parent":0,"menu_order":0,"comment_status":"closed","ping_status":"closed","template":"page-blank.php","meta":{"_acf_changed":false,"footnotes":""},"class_list":["post-88","page","type-page","status-publish","has-post-thumbnail","hentry"],"acf":[],"_links":{"self":[{"href":"https:\/\/buyaghostgun.com\/es\/wp-json\/wp\/v2\/pages\/88","targetHints":{"allow":["GET"]}}],"collection":[{"href":"https:\/\/buyaghostgun.com\/es\/wp-json\/wp\/v2\/pages"}],"about":[{"href":"https:\/\/buyaghostgun.com\/es\/wp-json\/wp\/v2\/types\/page"}],"author":[{"embeddable":true,"href":"https:\/\/buyaghostgun.com\/es\/wp-json\/wp\/v2\/users\/1"}],"replies":[{"embeddable":true,"href":"https:\/\/buyaghostgun.com\/es\/wp-json\/wp\/v2\/comments?post=88"}],"version-history":[{"count":22,"href":"https:\/\/buyaghostgun.com\/es\/wp-json\/wp\/v2\/pages\/88\/revisions"}],"predecessor-version":[{"id":806,"href":"https:\/\/buyaghostgun.com\/es\/wp-json\/wp\/v2\/pages\/88\/revisions\/806"}],"wp:featuredmedia":[{"embeddable":true,"href":"https:\/\/buyaghostgun.com\/es\/wp-json\/wp\/v2\/media\/612"}],"wp:attachment":[{"href":"https:\/\/buyaghostgun.com\/es\/wp-json\/wp\/v2\/media?parent=88"}],"curies":[{"name":"wp","href":"https:\/\/api.w.org\/{rel}","templated":true}]}}