{"id":90,"date":"2013-08-11T19:06:15","date_gmt":"2013-08-11T19:06:15","guid":{"rendered":"http:\/\/localhost:8888\/test\/?page_id=520"},"modified":"2022-06-25T10:55:06","modified_gmt":"2022-06-25T10:55:06","slug":"comprar-armas-fantasma-online","status":"publish","type":"page","link":"https:\/\/buyaghostgun.com\/es\/comprar-armas-fantasma-online\/","title":{"rendered":"Acerca de"},"content":{"rendered":"<div class=\"banner has-hover has-parallax\" id=\"banner-141613368\">\n          <div class=\"banner-inner fill\">\n        <div class=\"banner-bg fill\" data-parallax=\"-3\" data-parallax-container=\".banner\" data-parallax-background>\n            <div class=\"bg fill bg-fill\"><\/div>\n                        <div class=\"overlay\"><\/div>            \n                    <\/div>\n\t\t\n        <div class=\"banner-layers container\">\n            <div class=\"fill banner-link\"><\/div>            \n   <div id=\"text-box-1305544366\" class=\"text-box banner-layer x50 md-x50 lg-x50 y80 md-y80 lg-y80 res-text\">\n                                <div class=\"text-box-content text dark\">\n              \n              <div class=\"text-inner text-center\">\n                  \n<h1 class=\"lead\">Qui\u00e9nes somos<\/h1>\n<p class=\"lead\">Si sus palabras clave son profesionalidad y anonimato, est\u00e1 en el lugar adecuado.<\/p>\n<p><span style=\"font-size: 115%;\">Ofrecemos armas de fuego Untraceable,Unregulated y Unserialized a precios asequibles, as\u00ed como 100% Discrete Hitman service .<\/span><\/p>\n              <\/div>\n           <\/div>\n                            \n<style>\n#text-box-1305544366 {\n  width: 60%;\n}\n#text-box-1305544366 .text-box-content {\n  font-size: 100%;\n}\n<\/style>\n    <\/div>\n \n        <\/div>\n      <\/div>\n\n            \n<style>\n#banner-141613368 {\n  padding-top: 507px;\n}\n#banner-141613368 .bg.bg-loaded {\n  background-image: url(https:\/\/buyaghostgun.com\/wp-content\/uploads\/2022\/06\/Ghost-guns-for-sale-around-me.jpg);\n}\n#banner-141613368 .overlay {\n  background-color: rgba(0, 0, 0, 0.49);\n}\n#banner-141613368 .ux-shape-divider--top svg {\n  height: 150px;\n  --divider-top-width: 100%;\n}\n#banner-141613368 .ux-shape-divider--bottom svg {\n  height: 150px;\n  --divider-width: 100%;\n}\n<\/style>\n  <\/div>\n\n\n\t<section class=\"section\" id=\"section_400733101\">\n\t\t<div class=\"bg section-bg fill bg-fill  bg-loaded\" >\n\n\t\t\t\n\t\t\t\n\t\t\t\n\n\t\t<\/div>\n\n\t\t\n\n\t\t<div class=\"section-content relative\">\n\t\t\t\n<div class=\"row align-middle\"  id=\"row-1078220014\">\n\n\t<div id=\"col-387624170\" class=\"col medium-5 small-12 large-5\"  >\n\t\t\t\t<div class=\"col-inner\"  >\n\t\t\t\n\t\t\t\n\n  <div class=\"banner has-hover\" id=\"banner-1969324200\">\n          <div class=\"banner-inner fill\">\n        <div class=\"banner-bg fill\" >\n            <div class=\"bg fill bg-fill\"><\/div>\n                                    \n                    <\/div>\n\t\t\n        <div class=\"banner-layers container\">\n            <div class=\"fill banner-link\"><\/div>            \n        <\/div>\n      <\/div>\n\n            \n<style>\n#banner-1969324200 {\n  padding-top: 400px;\n  background-color: rgb(255, 255, 255);\n}\n#banner-1969324200 .bg.bg-loaded {\n  background-image: url(https:\/\/buyaghostgun.com\/wp-content\/uploads\/2022\/06\/Ghost-guns-for-sale-with-bitcoin-1.jpg);\n}\n#banner-1969324200 .ux-shape-divider--top svg {\n  height: 150px;\n  --divider-top-width: 100%;\n}\n#banner-1969324200 .ux-shape-divider--bottom svg {\n  height: 150px;\n  --divider-width: 100%;\n}\n@media (min-width:550px) {\n  #banner-1969324200 {\n    padding-top: 600px;\n  }\n}\n<\/style>\n  <\/div>\n\n\n\t\t<\/div>\n\t\t\t\t\t<\/div>\n\n\t\n\n\t<div id=\"col-341876078\" class=\"col medium-7 small-12 large-7\"  >\n\t\t\t\t<div class=\"col-inner\"  >\n\t\t\t\n\t\t\t\n\t<div id=\"text-2264642486\" class=\"text\">\n\t\t\n<h3>Comprar armas fantasma en l\u00ednea<\/h3>\n\t\t\n<style>\n#text-2264642486 {\n  font-size: 2.5rem;\n  line-height: 0.75;\n}\n<\/style>\n\t<\/div>\n\t\n<p><strong>Pistolas Fantasma en venta | Comprar Armas de Fuego Imposibles de rastrear Online | Comprar Ametralladoras Online | Donde puedo comprar Pistolas Fantasma | Comprar Pistolas Fantasma Online<br \/>\n<\/strong><\/p>\n<p>Las armas fantasma son armas de fuego no reguladas. Aqu\u00ed puede obtener ametralladoras no rastreables, rifles y pistolas de 9 mm para la venta en l\u00ednea y localmente muy barato con bitcoin y otras criptomonedas. Nuestras armas de fuego no tiene un n\u00famero de serie y no puede ser rastreado porque se ensamblan en casa de piezas compradas sin una verificaci\u00f3n de antecedentes. <a href=\"https:\/\/buyaghostgun.com\/es\/product-category\/rifles-fantasma-en-venta\/\">\u00bfD\u00f3nde puedo conseguir un Ghost armas para la venta cerca de m\u00ed<\/a> .<\/p>\n<h4 style=\"text-align: center;\"><span class=\"tagify__tag-text\" contenteditable=\"true\">Comprar armas fantasma imposibles de rastrear<\/span><\/h4>\n<p>Los estadounidenses tienen derecho a poseer y portar armas. Tambi\u00e9n tenemos derecho a fabricarlas y venderlas. Vendemos un 80% de receptores, armazones, culatas, culatas y kits de piezas inferiores para terminar todos los sistemas de armas DIY del mercado. Los art\u00edculos que vendemos son los que nosotros mismos utilizamos. Pistolas fantasma en venta cerca de m\u00ed en Denver.<\/p>\n<p>Nuestras operaciones se basan enteramente en los Estados Unidos, y servimos a los ciudadanos, soldados, y las fuerzas del orden por igual. Nos preocupamos por las tolerancias y los componentes adecuados, por lo que trabajamos directamente con los productores e importadores para almacenar la m\u00e1s alta calidad AK47 y 308 80% receptores en el mercado. Adem\u00e1s, vendemos plantillas f\u00e1ciles de usar, accesorios y equipos CNC para completar sus construcciones en cualquier nivel de experiencia. <a href=\"https:\/\/buyaghostgun.com\/es\/pistolas-fantasma-en-venta\/\">Pistolas fantasma para la venta cerca de m\u00ed en la Florida<\/a>.<\/p>\n<a href=\"https:\/\/buyaghostgun.com\/es\/pistolas-fantasma-en-venta\/\" target=\"_self\" class=\"button secondary\"  style=\"border-radius:5px;padding:6px 30px 6px 30px;\">\n    <span>Pedir un arma<\/span>\n  <\/a>\n\n\t\t<\/div>\n\t\t\t\t\n<style>\n#col-341876078 > .col-inner {\n  padding: 0px 1% 0px 1%;\n}\n@media (min-width:550px) {\n  #col-341876078 > .col-inner {\n    padding: 0px 2% 0px 2%;\n  }\n}\n@media (min-width:850px) {\n  #col-341876078 > .col-inner {\n    padding: 0px 0px 0px 10%;\n  }\n}\n<\/style>\n\t<\/div>\n\n\t\n<\/div>\n\t\t<\/div>\n\n\t\t\n<style>\n#section_400733101 {\n  padding-top: 30px;\n  padding-bottom: 30px;\n}\n#section_400733101 .ux-shape-divider--top svg {\n  height: 150px;\n  --divider-top-width: 100%;\n}\n#section_400733101 .ux-shape-divider--bottom svg {\n  height: 150px;\n  --divider-width: 100%;\n}\n<\/style>\n\t<\/section>\n\t\n<div class=\"row\"  id=\"row-1007242685\">\n\n\t<div id=\"col-115569672\" class=\"col small-12 large-12\"  >\n\t\t\t\t<div class=\"col-inner\"  >\n\t\t\t\n\t\t\t\n<h2 class=\"lead text-center\" style=\"text-align: center;\">Comprar ametralladoras en l\u00ednea<\/h2>\n<p>En general, un \u201carma fantasma\u201d es cualquier tipo de arma de fuego fabricada en casa con materiales que la ley no considera armas de fuego. No existen definiciones legales exactas de \u201creceptores 80%\u201d o \u201carmas de fuego inacabadas\u201d, pero las armas fantasma suelen fabricarse a partir de ellos. Comprar ametralladoras online con BTC <a href=\"https:\/\/duckduckgo.com\/\" target=\"_blank\" rel=\"noopener\">.<\/a><\/p>\n<figure id=\"attachment_565\" aria-describedby=\"caption-attachment-565\" style=\"width: 493px\" class=\"wp-caption alignright\"><img decoding=\"async\" class=\"size-full wp-image-565 lazyload\" data-src=\"https:\/\/buyaghostgun.com\/wp-content\/uploads\/2022\/06\/Buy-untraceable-ghost-guns.png\" alt=\"Comprar armas fantasma imposibles de rastrear\" width=\"493\" height=\"300\" src=\"data:image\/svg+xml;base64,PHN2ZyB3aWR0aD0iMSIgaGVpZ2h0PSIxIiB4bWxucz0iaHR0cDovL3d3dy53My5vcmcvMjAwMC9zdmciPjwvc3ZnPg==\" style=\"--smush-placeholder-width: 493px; --smush-placeholder-aspect-ratio: 493\/300;\" \/><figcaption id=\"caption-attachment-565\" class=\"wp-caption-text\">Comprar armas fantasma imposibles de rastrear<\/figcaption><\/figure>\n<p>A los medios de comunicaci\u00f3n y a los pol\u00edticos les gustar\u00eda difundir la creencia err\u00f3nea de que la \u00fanica forma legal de adquirir un arma es comprarla a un fabricante o distribuidor. Si usted est\u00e1 considerando la posibilidad de construir un arma de fuego sin serializar, es su responsabilidad entender las leyes federales y estatales pertinentes que rigen sus circunstancias particulares. La ley federal s\u00f3lo exige n\u00fameros de serie para las armas de fuego fabricadas comercialmente. Los estadounidenses siempre, con limitadas excepciones estatales y municipales, han fabricado sus propias armas de fuego en casa. <a href=\"https:\/\/buyaghostgun.com\/es\/product-category\/ametralladoras-fantasma-en-venta\/\">D\u00f3nde comprar ametralladoras en l\u00ednea<\/a>.<\/p>\n<h2 style=\"text-align: center;\">Donde comprar ametralladoras en estados unidos<\/h2>\n<p>D\u00f3nde comprar ametralladoras en estados unidos discretamente; somos el lugar adecuado. En Estados Unidos, las ametralladoras est\u00e1n clasificadas como armas del T\u00edtulo II. En otras palabras, se consideran armas de fuego \u201crestringidas\u201d y deben registrarse en la Oficina de Alcohol, Tabaco, Armas de Fuego y Explosivos (ATF). Sin embargo, existe una laguna en la legislaci\u00f3n estadounidense que permite a los ciudadanos particulares poseer ametralladoras fabricadas antes de 1986 si han sido aprobadas por la ATF. Donde comprar ametralladoras en estados unidos COD.<\/p>\n<p>Una ametralladora es un arma autom\u00e1tica de ca\u00f1\u00f3n largo estriado, dise\u00f1ada para el disparo directo sostenido con cartuchos totalmente cargados. Otras armas de fuego autom\u00e1ticas, como los fusiles de asalto y los fusiles autom\u00e1ticos, suelen estar dise\u00f1adas m\u00e1s para disparar r\u00e1fagas cortas que para disparar de forma continua, y no se consideran ametralladoras. Las armas autom\u00e1ticas de escuadra, que disparan el mismo cartucho (normalmente de potencia intermedia) utilizado por los dem\u00e1s fusileros de la misma unidad de combate, son funcionalmente ametralladoras ligeras aunque no se denominen as\u00ed. Las subametralladoras, que son capaces de realizar disparos r\u00e1pidos continuos pero utilizan cartuchos de pistola, tampoco se consideran t\u00e9cnicamente verdaderas ametralladoras. Comprar ametralladoras online dark web. <a href=\"https:\/\/buyaghostgun.com\/es\/contact\/\"><strong>CONTACTO<\/strong><\/a><\/p>\n<h2 style=\"text-align: center;\">Pistolas fantasma en venta cerca de m\u00ed en EE.UU.<\/h2>\n<p>En 37 estados es posible comprar una ametralladora hoy en d\u00eda. Sin embargo, no es tan f\u00e1cil como ir a una armer\u00eda local o incluso a una feria de armas. Las ametralladoras son legales a nivel federal, pero est\u00e1n muy reguladas. Esto se remonta a la Ley Nacional de Armas de Fuego de 1934 (NFA), que fue promulgada como parte del C\u00f3digo de Rentas Internas, y fue la primera regulaci\u00f3n federal de la fabricaci\u00f3n y transferencia de armas de fuego. Donde comprar ametralladoras en estados unidos sin licencia.<\/p>\n<figure id=\"attachment_567\" aria-describedby=\"caption-attachment-567\" style=\"width: 400px\" class=\"wp-caption alignleft\"><img decoding=\"async\" class=\"size-medium wp-image-567 lazyload\" data-src=\"https:\/\/buyaghostgun.com\/wp-content\/uploads\/2022\/06\/Where-can-i-buy-Ghost-Guns-400x400.jpg\" alt=\"\u00bfD\u00f3nde puedo comprar Ghost Guns?\" width=\"400\" height=\"400\" data-srcset=\"https:\/\/buyaghostgun.com\/wp-content\/uploads\/2022\/06\/Where-can-i-buy-Ghost-Guns-400x400.jpg 400w, https:\/\/buyaghostgun.com\/wp-content\/uploads\/2022\/06\/Where-can-i-buy-Ghost-Guns-800x800.jpg 800w, https:\/\/buyaghostgun.com\/wp-content\/uploads\/2022\/06\/Where-can-i-buy-Ghost-Guns-280x280.jpg 280w, https:\/\/buyaghostgun.com\/wp-content\/uploads\/2022\/06\/Where-can-i-buy-Ghost-Guns-768x768.jpg 768w, https:\/\/buyaghostgun.com\/wp-content\/uploads\/2022\/06\/Where-can-i-buy-Ghost-Guns-200x200.jpg 200w, https:\/\/buyaghostgun.com\/wp-content\/uploads\/2022\/06\/Where-can-i-buy-Ghost-Guns-500x500.jpg 500w, https:\/\/buyaghostgun.com\/wp-content\/uploads\/2022\/06\/Where-can-i-buy-Ghost-Guns-100x100.jpg 100w, https:\/\/buyaghostgun.com\/wp-content\/uploads\/2022\/06\/Where-can-i-buy-Ghost-Guns.jpg 1200w\" data-sizes=\"(max-width: 400px) 100vw, 400px\" src=\"data:image\/svg+xml;base64,PHN2ZyB3aWR0aD0iMSIgaGVpZ2h0PSIxIiB4bWxucz0iaHR0cDovL3d3dy53My5vcmcvMjAwMC9zdmciPjwvc3ZnPg==\" style=\"--smush-placeholder-width: 400px; --smush-placeholder-aspect-ratio: 400\/400;\" \/><figcaption id=\"caption-attachment-567\" class=\"wp-caption-text\">\u00bfD\u00f3nde puedo comprar Ghost Guns?<\/figcaption><\/figure>\n<p>Eche un vistazo a uno de los estilos de rifle de asalto completo m\u00e1s conocidos o escudri\u00f1e el surtido de armas autom\u00e1ticas de la Segunda Guerra Mundial . David Spiwak se dedica a ayudar a los coleccionistas a encontrar el arma oscura de la Segunda Guerra Mundial que han estado buscando. Las personas que esperan vender un arma de fuego WW2 se les asegura un costo justo. Todas las armas est\u00e1n destinadas a ser como se representa y para trabajar adecuadamente. El bienestar del tirador no est\u00e1 asegurado y deber\u00eda hacer revisar su arma por un armero. Los tipos de munici\u00f3n y las condiciones de alcance son factores que no puedo controlar. Todas las armas autom\u00e1ticas son anteriores a 1986 y se venden como cosas de coleccionistas.<\/p>\n\t\t<\/div>\n\t\t\t\t\t<\/div>\n\n\t\n<\/div>\n\t<section class=\"section\" id=\"section_1909079287\">\n\t\t<div class=\"bg section-bg fill bg-fill  bg-loaded\" >\n\n\t\t\t\n\t\t\t\n\t\t\t\n\n\t\t<\/div>\n\n\t\t\n\n\t\t<div class=\"section-content relative\">\n\t\t\t\n<div class=\"row align-middle\"  id=\"row-474087495\">\n\n\t<div id=\"col-1114350381\" class=\"col medium-12 small-12 large-6\"  >\n\t\t\t\t<div class=\"col-inner\"  >\n\t\t\t\n\t\t\t\n\n  <div class=\"banner has-hover\" id=\"banner-173767563\">\n          <div class=\"banner-inner fill\">\n        <div class=\"banner-bg fill\" >\n            <div class=\"bg fill bg-fill\"><\/div>\n                                    \n                    <\/div>\n\t\t\n        <div class=\"banner-layers container\">\n            <div class=\"fill banner-link\"><\/div>            \n        <\/div>\n      <\/div>\n\n            \n<style>\n#banner-173767563 {\n  padding-top: 99.99%;\n  background-color: rgb(255, 255, 255);\n}\n#banner-173767563 .bg.bg-loaded {\n  background-image: url(https:\/\/buyaghostgun.com\/wp-content\/uploads\/2022\/06\/Hitman-on-hire.jpg);\n}\n#banner-173767563 .bg {\n  background-position: 35% 56%;\n}\n#banner-173767563 .ux-shape-divider--top svg {\n  height: 150px;\n  --divider-top-width: 100%;\n}\n#banner-173767563 .ux-shape-divider--bottom svg {\n  height: 150px;\n  --divider-width: 100%;\n}\n@media (min-width:550px) {\n  #banner-173767563 {\n    padding-top: 75%;\n  }\n}\n@media (min-width:850px) {\n  #banner-173767563 {\n    padding-top: 99.99%;\n  }\n}\n<\/style>\n  <\/div>\n\n\n\t\t<\/div>\n\t\t\t\t\t<\/div>\n\n\t\n\n\t<div id=\"col-841184522\" class=\"col medium-12 small-12 large-6\"  >\n\t\t\t\t<div class=\"col-inner\"  >\n\t\t\t\n\t\t\t\n\t<div id=\"gap-22286785\" class=\"gap-element clearfix\" style=\"display:block; height:auto;\">\n\t\t\n<style>\n#gap-22286785 {\n  padding-top: 10px;\n}\n@media (min-width:850px) {\n  #gap-22286785 {\n    padding-top: 30px;\n  }\n}\n<\/style>\n\t<\/div>\n\t\n\t<div id=\"text-2557263025\" class=\"text\">\n\t\t\n<h2>Contratar a un sicario<\/h2>\n\t\t\n<style>\n#text-2557263025 {\n  font-size: 1.5rem;\n}\n<\/style>\n\t<\/div>\n\t\n<p>Somos ex funcionarios de inteligencia que prestamos servicios de asesinato a personas de todas las edades, desde reci\u00e9n nacidos hasta ancianos. Una vez que haya sido aceptado, se le pedir\u00e1 que pague un dep\u00f3sito antes de que comience cualquier trabajo. Los servicios de sicarios est\u00e1n disponibles en muchas naciones de todo el mundo, incluidos Estados Unidos, Rusia, Australia, China y, por supuesto, Europa. Es seguro y sencillo contratar a un asesino a trav\u00e9s de nosotros. hitman for hire 2022<\/p>\n<h4 style=\"text-align: center;\">Contratar a un asesino<\/h4>\n<p>Claramente el mejor y el m\u00e1s grande <b>contratar<\/b> <b>a<\/b> <b>hitman<\/b> servicio alrededor. M\u00e1xima calidad y precios asequibles. Asesinato a tiros y a la fuga de una persona normal, as\u00ed como matar a una persona importante que est\u00e9 armada o disponga de guardaespaldas, dependiendo de la dificultad del objetivo.<\/p>\n<p><a href=\"https:\/\/buyaghostgun.com\/es\/contact\/\"><img decoding=\"async\" class=\"wp-image-569 size-full lazyload\" data-src=\"https:\/\/buyaghostgun.com\/wp-content\/uploads\/2022\/06\/Ghost-guns-for-sale-near-me-in-USA.png\" alt=\"Pistolas fantasma en venta cerca de m\u00ed en EE.UU.\" width=\"151\" height=\"34\" src=\"data:image\/svg+xml;base64,PHN2ZyB3aWR0aD0iMSIgaGVpZ2h0PSIxIiB4bWxucz0iaHR0cDovL3d3dy53My5vcmcvMjAwMC9zdmciPjwvc3ZnPg==\" style=\"--smush-placeholder-width: 151px; --smush-placeholder-aspect-ratio: 151\/34;\" \/><\/a><\/p>\n<p>Dondequiera que est\u00e9s en el mundo, <a href=\"https:\/\/buyaghostgun.com\/es\/\">nosotros<\/a> \u00a1est\u00e1 a s\u00f3lo un navegador de smartphone de distancia! Llevamos orgullosos en la Red desde 2001 y contamos con la mayor red de operadores de campo del mundo. La vida puede ser agitada, \u00a1as\u00ed que consiga su consulta gratuita hoy mismo! Matar a una persona que encuentre culpable Fotograf\u00edas y recopilaci\u00f3n de pruebas Vigilancia, contravigilancia<\/p>\n<a href=\"https:\/\/buyaghostgun.com\/es\/contratar-a-un-asesino-a-sueldo-en-linea\/\" target=\"_self\" class=\"button primary is-link\" style=\"padding:0 0px 0px 0px;\">\n    <span>M\u00e1s informaci\u00f3n<\/span>\n  <i class=\"icon-angle-right\" ><\/i><\/a>\n\n\t\t<\/div>\n\t\t\t\t\n<style>\n#col-841184522 > .col-inner {\n  padding: 0px 0px 0px 0;\n}\n@media (min-width:850px) {\n  #col-841184522 > .col-inner {\n    padding: 0px 0px 0px 10%;\n  }\n}\n<\/style>\n\t<\/div>\n\n\t\n<\/div>\n\t\t<\/div>\n\n\t\t\n<style>\n#section_1909079287 {\n  padding-top: 40px;\n  padding-bottom: 40px;\n}\n#section_1909079287 .ux-shape-divider--top svg {\n  height: 150px;\n  --divider-top-width: 100%;\n}\n#section_1909079287 .ux-shape-divider--bottom svg {\n  height: 150px;\n  --divider-width: 100%;\n}\n@media (min-width:850px) {\n  #section_1909079287 {\n    padding-top: 70px;\n    padding-bottom: 70px;\n  }\n}\n<\/style>\n\t<\/section>","protected":false},"excerpt":{"rendered":"","protected":false},"author":1,"featured_media":562,"parent":0,"menu_order":0,"comment_status":"closed","ping_status":"closed","template":"page-transparent-header-light.php","meta":{"_acf_changed":false,"footnotes":""},"class_list":["post-90","page","type-page","status-publish","has-post-thumbnail","hentry"],"acf":[],"_links":{"self":[{"href":"https:\/\/buyaghostgun.com\/es\/wp-json\/wp\/v2\/pages\/90","targetHints":{"allow":["GET"]}}],"collection":[{"href":"https:\/\/buyaghostgun.com\/es\/wp-json\/wp\/v2\/pages"}],"about":[{"href":"https:\/\/buyaghostgun.com\/es\/wp-json\/wp\/v2\/types\/page"}],"author":[{"embeddable":true,"href":"https:\/\/buyaghostgun.com\/es\/wp-json\/wp\/v2\/users\/1"}],"replies":[{"embeddable":true,"href":"https:\/\/buyaghostgun.com\/es\/wp-json\/wp\/v2\/comments?post=90"}],"version-history":[{"count":15,"href":"https:\/\/buyaghostgun.com\/es\/wp-json\/wp\/v2\/pages\/90\/revisions"}],"predecessor-version":[{"id":571,"href":"https:\/\/buyaghostgun.com\/es\/wp-json\/wp\/v2\/pages\/90\/revisions\/571"}],"wp:featuredmedia":[{"embeddable":true,"href":"https:\/\/buyaghostgun.com\/es\/wp-json\/wp\/v2\/media\/562"}],"wp:attachment":[{"href":"https:\/\/buyaghostgun.com\/es\/wp-json\/wp\/v2\/media?parent=90"}],"curies":[{"name":"wp","href":"https:\/\/api.w.org\/{rel}","templated":true}]}}