{"id":623,"date":"2022-07-04T21:32:01","date_gmt":"2022-07-04T21:32:01","guid":{"rendered":"https:\/\/buyaghostgun.com\/?post_type=product&#038;p=623"},"modified":"2026-04-27T20:03:36","modified_gmt":"2026-04-27T20:03:36","slug":"comprar-cz-evo3-en-venta","status":"publish","type":"product","link":"https:\/\/buyaghostgun.com\/es\/product\/comprar-cz-evo3-en-venta\/","title":{"rendered":"Ametralladoras Ceska Zbrojovka (CZ EVO3)"},"content":{"rendered":"<h2 style=\"text-align: center;\">Comprar CZ EVO3 en venta<\/h2>\n<p>CZ EVO3 en venta cerca de m\u00ed. El Ceska Zbrojovka es com\u00fanmente conocido como CZ EVO3 en los Estados Unidos y es otro subfusil que tambi\u00e9n pertenece a la familia de ametralladoras con una ligera diferencia de que es mucho m\u00e1s delgado, delgado en su dise\u00f1o, f\u00e1cil de sostener y f\u00e1cil de manejar tambi\u00e9n. En general, el dise\u00f1o arquitect\u00f3nico del metal cuenta con un aspecto limpio, de metal cepillado y se siente muy bien tambi\u00e9n, ya que fue hecho a medida en consideraci\u00f3n a c\u00f3mo el manipulador de armas promedio preferir\u00eda su arma en t\u00e9rminos de manejo, velocidad y en t\u00e9rminos de que es una alternativa econ\u00f3mica para las unidades de la fuerza t\u00e1ctica, independientemente de su pa\u00eds. .<\/p>\n<p style=\"text-align: center;\"><strong>Comprar cz evo 3 en l\u00ednea<\/strong><\/p>\n<p>La CZ EVO3 se mantiene firme como una figura de pistola universal y ser\u00eda apta para cualquiera que no sea demasiado exigente en cuanto a lo potentes que quiere que sean sus pistolas. Las pistolas fantasma son armas de fuego no serializadas y no rastreables que pueden comprarse en l\u00ednea y montarse en casa. Estos kits est\u00e1n ampliamente disponibles y pueden ser adquiridos por cualquiera, incluidos compradores prohibidos, maltratadores dom\u00e9sticos y traficantes de armas sin una comprobaci\u00f3n de antecedentes. <a href=\"https:\/\/buyaghostgun.com\/es\/\">CZ EVO3 venta online<\/a>. CZ EVO3 en venta en Pennsylvania,CZ EVO3 vendido online con bitcoin,Comprar armas Ceska Zbrojovka online en Philadelphia,Comprar armas Ceska Zbrojovka baratas,cz scorpion evo3 a1 en venta local.<\/p>\n<figure id=\"attachment_630\" aria-describedby=\"caption-attachment-630\" style=\"width: 600px\" class=\"wp-caption aligncenter\"><img decoding=\"async\" class=\"size-full wp-image-630 lazyload\" data-src=\"https:\/\/buyaghostgun.com\/wp-content\/uploads\/2022\/07\/CZ-EVO3-for-sale-in-USA.webp\" alt=\"CZ EVO3 se vende en Estados Unidos\" width=\"600\" height=\"400\" data-srcset=\"https:\/\/buyaghostgun.com\/wp-content\/uploads\/2022\/07\/CZ-EVO3-for-sale-in-USA.webp 600w, https:\/\/buyaghostgun.com\/wp-content\/uploads\/2022\/07\/CZ-EVO3-for-sale-in-USA-500x333.webp 500w\" data-sizes=\"(max-width: 600px) 100vw, 600px\" src=\"data:image\/svg+xml;base64,PHN2ZyB3aWR0aD0iMSIgaGVpZ2h0PSIxIiB4bWxucz0iaHR0cDovL3d3dy53My5vcmcvMjAwMC9zdmciPjwvc3ZnPg==\" style=\"--smush-placeholder-width: 600px; --smush-placeholder-aspect-ratio: 600\/400;\" \/><figcaption id=\"caption-attachment-630\" class=\"wp-caption-text\">CZ EVO3 se vende en Estados Unidos<\/figcaption><\/figure>\n<h2 id=\"line1\" style=\"text-align: center;\"><a class=\"attribute-value\">Comprar armas Ceska Zbrojovka en l\u00ednea<\/a><\/h2>\n<p>Si usted est\u00e1 en una zona de guerra el arma no se recomienda o la primera opci\u00f3n, pero todav\u00eda encajar\u00eda perfectamente en las fuerzas t\u00e1cticas, unidades especiales y otras unidades de las fuerzas armadas de servicio ligero. Una de las mejores cosas sobre ella es que para su maximizado y afinado para el atractivo de rendimiento, sigue siendo un arma relativamente barata en los mercados. Sin embargo, no hay que subestimar la CZ debido a su tama\u00f1o, ya que cuenta con un estado de la vista trasera de arte que tiene cuatro tama\u00f1os de apertura para atender a corta y larga distancia tambi\u00e9n, un brazo para ayudar a la estabilidad en el manejo para el aumento de disparos precisos y en general se opera como una subametralladora semiautom\u00e1tica. <a href=\"https:\/\/buyaghostgun.com\/es\/product\/armas-ak-47-en-venta\/\">pistola<\/a>. Disponible en dos variantes, la carabina Scorpion es un animal completamente nuevo.<\/p>\n<p style=\"text-align: center;\"><strong>Comprar CZ Scorpion EVO 3 A1 en venta<\/strong><\/p>\n<p>Basada en la alabada plataforma de subametralladoras que lleg\u00f3 por primera vez al mercado civil estadounidense en forma de pistola en 2015, la carabina tiene un ca\u00f1\u00f3n de 16,2\u2033 equipado con un freno de boca compensador o un supresor de imitaci\u00f3n. Equipada con la culata plegable ajustable de f\u00e1brica, la Carbine cuenta con una serie de piezas de fabricaci\u00f3n estadounidense que la hacen totalmente compatible con la norma 922(r). Una de las mejores caracter\u00edsticas del arma es el nuevo dise\u00f1o de la culata, cubierta de puntos de anclaje M-LOK para mantener el perfil delgado y al mismo tiempo ser lo suficientemente grande como para tragar la mayor\u00eda de los supresores de calibre de pistola en caso de que el propietario decida convertirla en una SBR para su uso con un supresor. cz scorpion 9mm pistola con soporte . CZ EVO3 en venta en USA<\/p>\n<h2 style=\"text-align: center;\">\u00bfD\u00f3nde puedo conseguir CZ EVO3 para la venta<\/h2>\n<p>Un carril Picatinny superior se ajusta con miras de hierro y permite el montaje de un amplio n\u00famero de \u00f3pticas. Sencilla y fiable, la Scorpion no s\u00f3lo dispone de controles ambidiestros, sino que su empu\u00f1adura de carga no rec\u00edproca es intercambiable y el alcance del gatillo es ajustable. Con una gran cantidad de accesorios y complementos disponibles para la plataforma Scorpion, la personalizaci\u00f3n se puede hacer f\u00e1cilmente con una serie de culatas, empu\u00f1aduras, guardamanos, cargadores, seguros, liberadores de cargador, asas de carga y disparadores dise\u00f1ados espec\u00edficamente para la plataforma EVO 3. Enormemente robusta y construida para rendir, la CZ Scorpion en venta est\u00e1 dimensionada para maniobrar en espacios reducidos al tiempo que ofrece la precisi\u00f3n cr\u00edtica que necesita. <span class=\"tagify__tag-text\" contenteditable=\"true\">Comprar CZ EVO3 en venta<\/span><\/p>\n<p>.<\/p>\n<figure id=\"attachment_631\" aria-describedby=\"caption-attachment-631\" style=\"width: 600px\" class=\"wp-caption alignright\"><img decoding=\"async\" class=\"size-medium wp-image-631 lazyload\" data-src=\"https:\/\/buyaghostgun.com\/wp-content\/uploads\/2022\/07\/Untraceable-guns-for-sale-600x400.jpeg\" alt=\"Se venden armas imposibles de rastrear\" width=\"600\" height=\"400\" data-srcset=\"https:\/\/buyaghostgun.com\/wp-content\/uploads\/2022\/07\/Untraceable-guns-for-sale-600x400.jpeg 600w, https:\/\/buyaghostgun.com\/wp-content\/uploads\/2022\/07\/Untraceable-guns-for-sale-500x333.jpeg 500w, https:\/\/buyaghostgun.com\/wp-content\/uploads\/2022\/07\/Untraceable-guns-for-sale.jpeg 750w\" data-sizes=\"(max-width: 600px) 100vw, 600px\" src=\"data:image\/svg+xml;base64,PHN2ZyB3aWR0aD0iMSIgaGVpZ2h0PSIxIiB4bWxucz0iaHR0cDovL3d3dy53My5vcmcvMjAwMC9zdmciPjwvc3ZnPg==\" style=\"--smush-placeholder-width: 600px; --smush-placeholder-aspect-ratio: 600\/400;\" \/><figcaption id=\"caption-attachment-631\" class=\"wp-caption-text\">Se venden armas imposibles de rastrear<\/figcaption><\/figure>\n<p style=\"text-align: center;\"><strong>Tienda de armas de fuego de EE.UU.<\/strong><\/p>\n<p>Con su funcionamiento ultra fiable y sencillo, esta 9mm semiautom\u00e1tica de retroceso es altamente adaptable, con controles ambidiestros, un gatillo ajustable y una palanca de carga intercambiable. La CZ Scorpion EVO 3 lleva un exoesqueleto cargado de ra\u00edles de montaje y puntos de fijaci\u00f3n listos para accesorios para una personalizaci\u00f3n ilimitada con abrazaderas, empu\u00f1aduras, guardamanos, cargadores, seguros, liberadores de cargador, palancas de carga y gatillos disponibles. Para espacios reducidos, la CZ Scorpion Micro de 9 mm le ofrece a\u00fan m\u00e1s versatilidad, con un ca\u00f1\u00f3n de 4,12 pulgadas y una abrazadera telesc\u00f3pica desmontable. D\u00e9 rienda suelta a todo su potencial en el campo de tiro o en el campo de batalla con una de estas pistolas estilo rifle de alto rendimiento y precio asequible. Donde puedo conseguir CZ EVO3 en venta.cz scorpion evo 3 s1 <a href=\"https:\/\/buyaghostgun.com\/es\/product-category\/ametralladoras-fantasma-en-venta\/\">carabina<\/a><\/p>\n<h2 style=\"text-align: center;\">CZ EVO3 se vende en Estados Unidos<\/h2>\n<p>cz scorpion evo3 a1 en venta con bitcoin. Una ametralladora es un arma de fuego autom\u00e1tica de ca\u00f1\u00f3n largo estriado dise\u00f1ada para el fuego directo sostenido con cartuchos totalmente cargados. Otras armas de fuego autom\u00e1ticas, como los fusiles de asalto y los fusiles autom\u00e1ticos, suelen estar dise\u00f1adas m\u00e1s para disparar r\u00e1fagas cortas que para disparar de forma continua, y no se consideran ametralladoras. Las armas autom\u00e1ticas de escuadra, que disparan el mismo cartucho (normalmente de potencia intermedia) utilizado por los dem\u00e1s fusileros de la misma unidad de combate, son funcionalmente ametralladoras ligeras aunque no se las denomine as\u00ed. Comprar cz evo 3 online .<\/p>\n<h4 style=\"text-align: center;\"><strong>Se venden armas imposibles de rastrear<\/strong><\/h4>\n<p>Las subametralladoras, capaces de realizar disparos r\u00e1pidos continuos pero que utilizan cartuchos de pistola, tampoco se consideran t\u00e9cnicamente verdaderas ametralladoras. Las armas de fuego autom\u00e1ticas similares de calibre superior a 20 mm (0,79 pulgadas) se clasifican como autocanones, en lugar de ametralladoras. Como clase de arma militar de proyectiles cin\u00e9ticos, las ametralladoras est\u00e1n dise\u00f1adas para ser utilizadas principalmente como armas de apoyo a la infanter\u00eda y, por lo general, se utilizan acopladas a un b\u00edpode o tr\u00edpode, a una montura fija o a una plataforma de armas pesadas para mayor estabilidad frente a los retrocesos. Muchas ametralladoras tambi\u00e9n utilizan alimentaci\u00f3n por cintur\u00f3n y funcionamiento con cerrojo abierto, caracter\u00edsticas que normalmente no se encuentran en otras armas de fuego de repetici\u00f3n de infanter\u00eda. supresor cz scorpion evo 3 s1 .<\/p>\n<p style=\"text-align: center;\"><strong>cz scorpion evo3 a1 en venta en Colorado.<\/strong><\/p>\n<p>Un subfusil, abreviado SMG, es una carabina autom\u00e1tica con cargador dise\u00f1ada para disparar cartuchos de pistola. El t\u00e9rmino \u201dsubfusil\u201d fue acu\u00f1ado por <a href=\"https:\/\/en.wikipedia.org\/wiki\/John_T._Thompson\" target=\"_blank\" rel=\"noopener\">John T. Thompson<\/a>, inventor del subfusil Thompson, para describir su concepto de dise\u00f1o como un arma de fuego autom\u00e1tica con una potencia de fuego notablemente inferior a la de una ametralladora (de ah\u00ed el prefijo \u201dsub\u201d). Dado que una ametralladora debe disparar cartuchos de fusil para ser clasificada como tal, los subfusiles no se consideran ametralladoras. El subfusil se desarroll\u00f3 durante la Primera Guerra Mundial (1914-1918) como arma ofensiva de cuerpo a cuerpo, principalmente para asaltar trincheras. scorpion evo3 s1 9mm 20rd .<\/p>\n<h4 style=\"text-align: center;\"><strong>Comprar pistola cz online<\/strong><\/h4>\n<p>En su apogeo durante la Segunda Guerra Mundial (1939-1945), se fabricaron millones de SMG para uso de tropas regulares, comandos clandestinos y partisanos por igual. Tras la guerra, aparecieron con frecuencia nuevos dise\u00f1os de SMG. Sin embargo, en la d\u00e9cada de 1980 disminuy\u00f3 su uso. En la actualidad, los subfusiles han sido sustituidos en gran medida por los fusiles de asalto, que tienen un mayor alcance efectivo y son capaces de atravesar los cascos y los chalecos antibalas que utiliza la infanter\u00eda moderna. Sin embargo, los subfusiles siguen siendo utilizados por las fuerzas especiales militares y los equipos SWAT de la polic\u00eda para la batalla cuerpo a cuerpo (CQB), ya que son un arma de calibre pistola que es f\u00e1cil de controlar, y es menos probable que penetre demasiado en el objetivo. czusa scorpion evo3 s1 9mm .<\/p>\n<p style=\"text-align: center;\"><strong>cz scorpion evo3 a1 en venta en California.<\/strong><\/p>\n<p>La mayor\u00eda de las ametralladoras modernas son del tipo de cerrojo, y de \u00e9stas, la mayor\u00eda utilizan el principio de recarga accionada por gas, que extrae parte del gas propulsor del cartucho disparado, utilizando su presi\u00f3n mec\u00e1nica para desbloquear el cerrojo y hacer girar la acci\u00f3n. El primero de ellos fue inventado por los hermanos franceses Claire, que patentaron en 1892 un fusil accionado por gas, que inclu\u00eda un cilindro de gas. La ametralladora rusa PK es un ejemplo m\u00e1s moderno.<\/p>\n<p style=\"text-align: center;\"><strong>CZ scorpion evo 3 en venta<\/strong><\/p>\n<p>Otro formato eficaz y muy utilizado es el tipo accionado por retroceso, que utiliza la energ\u00eda de retroceso del arma para el mismo fin. Ametralladoras como la M2 Browning y la MG42, son de este segundo tipo. Una leva, palanca o actuador absorbe parte de la energ\u00eda del retroceso para accionar el mecanismo del arma. cz scorpion 3 plus .<\/p>\n<p style=\"text-align: center;\"><strong>cz scorpion evo3 a1 en venta en el Reino Unido.<\/strong><\/p>\n<p>Un arma de accionamiento externo utiliza una fuente de energ\u00eda externa, como un motor el\u00e9ctrico o una manivela, para mover su mecanismo a trav\u00e9s de la secuencia de disparo. Las armas modernas de este tipo suelen denominarse Gatling, en honor al inventor original (no s\u00f3lo de la conocida protoametralladora manual del siglo XIX, sino tambi\u00e9n de la primera versi\u00f3n accionada el\u00e9ctricamente).<\/p>\n<p style=\"text-align: center;\"><strong>Venta de ametralladoras incre\u00edbles<\/strong><\/p>\n<p>Tienen varios ca\u00f1ones, cada uno con una rec\u00e1mara y una acci\u00f3n asociadas, en un carrusel giratorio y un sistema de levas que cargan, amartillan y disparan cada mecanismo progresivamente a medida que gira a trav\u00e9s de la secuencia; esencialmente, cada ca\u00f1\u00f3n es un rifle de cerrojo independiente que utiliza una fuente de alimentaci\u00f3n com\u00fan. La naturaleza continua de la acci\u00f3n rotativa, y su relativa inmunidad al sobrecalentamiento permiten una cadencia de fuego c\u00edclica muy alta, a menudo de varios miles de cartuchos por minuto. cz scorpion evo 3 s1 paso de rosca .<\/p>\n<p style=\"text-align: center;\"><strong>Se venden armas imposibles de rastrear<\/strong><\/p>\n<p>Los ca\u00f1ones giratorios son menos propensos a atascarse que un ca\u00f1\u00f3n accionado por gas o por retroceso, ya que la fuente de energ\u00eda externa expulsar\u00e1 los proyectiles mal disparados sin m\u00e1s problemas, pero esto no es posible en los raros casos de ca\u00f1ones giratorios autoalimentados. Los dise\u00f1os giratorios son intr\u00ednsecamente voluminosos y caros, por lo que se suelen utilizar con proyectiles grandes, de 20 mm de di\u00e1metro o m\u00e1s, a menudo denominados ca\u00f1ones giratorios, aunque la Minigun de calibre rifle es una excepci\u00f3n. Si bien este tipo de armas son muy fiables y formidablemente eficaces, uno de sus inconvenientes es que el peso y el tama\u00f1o de la fuente de energ\u00eda y el mecanismo de accionamiento hacen que por lo general sean poco pr\u00e1cticas para su uso fuera de un veh\u00edculo o aeronave. cz evo 3 s1 specs .<\/p>\n<p style=\"text-align: center;\"><strong>cz scorpion evo3 a1 en venta en Australia.<\/strong><\/p>\n<p>Los ca\u00f1ones rev\u00f3lver, como el Mauser MK 213, fueron desarrollados en la Segunda Guerra Mundial por los alemanes para proporcionar ca\u00f1ones de alto calibre con una cadencia de fuego y una fiabilidad razonables. A diferencia del formato giratorio, estas armas tienen un solo ca\u00f1\u00f3n y un carro accionado por el retroceso que sujeta una rec\u00e1mara giratoria con, por lo general, cinco rec\u00e1maras. A medida que se dispara cada cartucho, el\u00e9ctricamente, el carro se mueve hacia atr\u00e1s haciendo girar la rec\u00e1mara, que tambi\u00e9n expulsa el cartucho gastado, indexa con el ca\u00f1\u00f3n el siguiente cartucho vivo que se va a disparar y carga el siguiente cartucho en la rec\u00e1mara.<\/p>\n<p style=\"text-align: center;\"><strong>scorpion evo 3 en venta<\/strong><\/p>\n<p>La acci\u00f3n es muy similar a la de las pistolas rev\u00f3lver comunes en los siglos XIX y XX, lo que da nombre a este tipo de arma. Un rev\u00f3lver de cadena es un tipo espec\u00edfico y patentado de ca\u00f1\u00f3n rev\u00f3lver, cuyo nombre, en este caso, deriva de su mecanismo de accionamiento. cz scorpion sbr .<\/p>\n<h4 style=\"text-align: center;\"><strong>cz scorpion evo3 a1 a la venta con cryptocurrencies.<\/strong><\/h4>\n<p>Como se ha indicado anteriormente, disparar una ametralladora durante per\u00edodos prolongados produce grandes cantidades de calor. En el peor de los casos, esto puede hacer que un cartucho se sobrecaliente y detone incluso cuando no se aprieta el gatillo, lo que puede provocar da\u00f1os o hacer que el arma realice un ciclo de acci\u00f3n y siga disparando hasta que haya agotado su suministro de munici\u00f3n o se haya atascado; esto se conoce como \"cocci\u00f3n\" (a diferencia del fuego descontrolado, en el que el seguro no vuelve a engancharse cuando se suelta el gatillo). <span class=\"tagify__tag-text\" contenteditable=\"true\">Comprar CZ EVO3 en venta<\/span> .<\/p>\n<p class=\"eYbsle mKq8g Da4KQe\" style=\"text-align: center;\"><strong>Pistola CZ Scorpion EVO 3 S1<\/strong><\/p>\n<p>Para evitar que se produzcan quemaduras, es necesario alg\u00fan tipo de sistema de refrigeraci\u00f3n o elemento de dise\u00f1o. Las primeras ametralladoras sol\u00edan estar refrigeradas por agua y, aunque esta tecnolog\u00eda era muy eficaz (y, de hecho, fue una de las causas de la notoria eficacia de las ametralladoras durante la Primera Guerra Mundial), las ametralladoras de la Segunda Guerra Mundial eran muy eficaces. <a href=\"https:\/\/buyaghostgun.com\/es\/product\/comprar-pistolas-ghost-pistolas\/\">Guerra<\/a> ), las camisas de agua tambi\u00e9n a\u00f1ad\u00edan un peso considerable a un dise\u00f1o ya de por s\u00ed voluminoso; adem\u00e1s, eran vulnerables a las propias balas de los enemigos. Donde puedo pedir cz scorpion evo3 a1 en venta en mi zona. pistola scorpion . Comprar CZ Scorpion EVO 3 A1 en venta .<\/p>\n<figure id=\"attachment_629\" aria-describedby=\"caption-attachment-629\" style=\"width: 600px\" class=\"wp-caption aligncenter\"><img decoding=\"async\" class=\"size-medium wp-image-629 lazyload\" data-src=\"https:\/\/buyaghostgun.com\/wp-content\/uploads\/2022\/07\/Buy-Ceska-Zbrojovka-guns-online-600x400.png\" alt=\"Comprar armas Ceska Zbrojovka en l\u00ednea\" width=\"600\" height=\"400\" data-srcset=\"https:\/\/buyaghostgun.com\/wp-content\/uploads\/2022\/07\/Buy-Ceska-Zbrojovka-guns-online-600x400.png 600w, https:\/\/buyaghostgun.com\/wp-content\/uploads\/2022\/07\/Buy-Ceska-Zbrojovka-guns-online-768x512.png 768w, https:\/\/buyaghostgun.com\/wp-content\/uploads\/2022\/07\/Buy-Ceska-Zbrojovka-guns-online-500x333.png 500w, https:\/\/buyaghostgun.com\/wp-content\/uploads\/2022\/07\/Buy-Ceska-Zbrojovka-guns-online.png 1070w\" data-sizes=\"(max-width: 600px) 100vw, 600px\" src=\"data:image\/svg+xml;base64,PHN2ZyB3aWR0aD0iMSIgaGVpZ2h0PSIxIiB4bWxucz0iaHR0cDovL3d3dy53My5vcmcvMjAwMC9zdmciPjwvc3ZnPg==\" style=\"--smush-placeholder-width: 600px; --smush-placeholder-aspect-ratio: 600\/400;\" \/><figcaption id=\"caption-attachment-629\" class=\"wp-caption-text\">Comprar armas Ceska Zbrojovka en l\u00ednea<\/figcaption><\/figure>\n<p><strong>Opciones vers\u00e1tiles<\/strong><\/p>\n<p>Dise\u00f1ado originalmente para uso militar y policial en la variante A1, el rifle cuenta con un selector de tiro que ofrece al tirador 4 opciones de disparo. Modo seguro, semiautom\u00e1tico, r\u00e1faga de tres disparos y totalmente autom\u00e1tico. El modelo A1 ofrece al operador la discreci\u00f3n de seleccionar el modo de disparo adecuado para cada situaci\u00f3n. CZ r\u00e1pidamente ofreci\u00f3 la plataforma Scorpion EVO 3 en un modelo civil y m\u00faltiples variantes civiles. El CZ Scorpion EVO S1 y el CZ Scorpion EVO S2 se ofrecen en el mercado civil en m\u00faltiples configuraciones que permiten una f\u00e1cil personalizaci\u00f3n y adaptaci\u00f3n. Competente como rifle de carabina, pistola y SBR; con mucho espacio para ra\u00edles y un ca\u00f1\u00f3n roscado para accesorios como frenos de boca y supresores. La l\u00ednea de productos CZ Scorpion EVO 3 ofrece a los entusiastas las opciones que demandan.<\/p>\n<p><strong>Que sea un SBR<\/strong><\/p>\n<p>CZ ofrece la Scorpion EVO 3 S1 como pistola, con su correspondiente clasificaci\u00f3n en la ATF. Sin embargo, con la correspondiente licencia y teniendo en cuenta las leyes federales, estatales y locales, la pistola Scorpion acepta sin problemas la culata SB Tactical dise\u00f1ada por CZ. Seg\u00fan la ley federal y la pol\u00edtica de la ATF, acoplar una culata a una pistola o a un dispositivo destinado a servir de culata constituye un rifle de ca\u00f1\u00f3n corto. Los rifles de ca\u00f1\u00f3n corto (SBR) requieren registro en la ATF y un impuesto federal. Si un SBR est\u00e1 en su lista, y usted est\u00e1 dispuesto a hacer el trabajo legal y reglamentario, la CZ Scorpion EVO 3 S2 con el micro brace opcional es el ajuste perfecto. Una pistola del tama\u00f1o de una pinta con culata telesc\u00f3pica o plegable y rec\u00e1mara de 9mm es grande en funcionalidad, practicidad, \u00a1y genial!<\/p>","protected":false},"excerpt":{"rendered":"<div class=\"product-short-description\">\n<p><span style=\"text-decoration: underline; color: #ed1c24;\"><strong>Nota:<\/strong><\/span> Todas nuestras pistolas son 100% irrastreables. No regulado y Unserialized, estas armas son sus armas fantasma perfecto .<\/p>\n<p>Ahora ofrecemos la opci\u00f3n de comprarlas con silenciador (supresor de sonido) y Munici\u00f3n.<\/p>\n<\/div>","protected":false},"featured_media":633,"comment_status":"open","ping_status":"closed","template":"","meta":{"_acf_changed":false},"product_brand":[],"product_cat":[75,70,69,68],"product_tag":[141,105,130,138,137,139,106,131,132,108,109,110,111,112,113,136,114,115,142,116,117,118,119,120,133,123,135,124,125,126,140,134,128,129],"class_list":{"0":"post-623","1":"product","2":"type-product","3":"status-publish","4":"has-post-thumbnail","6":"product_cat-ghost-machine-guns-for-sale","7":"product_cat-ghost-handguns-for-sale","8":"product_cat-ghost-rifles-for-sale","9":"product_cat-ghost-shotguns-for-sale","10":"product_tag-amazing-machine-guns-for-sale","11":"product_tag-are-ghost-guns-real","12":"product_tag-are-ghostguns-illegal","13":"product_tag-buy-cz-evo-3-online","14":"product_tag-buy-cz-handgun-online","15":"product_tag-buy-cz-scorpion-evo-3-a1-for-sale","16":"product_tag-buy-ghost-guns-online","17":"product_tag-buy-handgun-vithout-background-check","18":"product_tag-buy-pistols-with-no-paperwnrk","19":"product_tag-buy-pistols-with-no-paperwork","20":"product_tag-buy-unserialized-firearms-online","21":"product_tag-buy-untraceable-guns","22":"product_tag-california-law-on-ghost-guns","23":"product_tag-california-penal-code-ghost-gun","24":"product_tag-california-senator-ghost-gun","25":"product_tag-cz-scorpion-evo-3-for-sale","26":"product_tag-ghost-guns-car-clock-pistols","27":"product_tag-handgun-basics-for-beginners","28":"product_tag-handgun-semi-auto","29":"product_tag-handguns","30":"product_tag-handguns-pistols-for-sale","31":"product_tag-how-make-gun-at-home","32":"product_tag-nighthawk-custom-pistols","33":"product_tag-pistols","34":"product_tag-possession-of-a-stolen-firearm-pc-possession-of-ghost-gun-car-possession-of-unregistered-firearm-pc","35":"product_tag-possession-of-unserialized-firearm","36":"product_tag-scorpion-evo-3-for-sale","37":"product_tag-smith-and-wesson-pistols","38":"product_tag-springfield-pistols","39":"product_tag-untraceable-guns-for-sale","40":"product_tag-usa-firearms-store","41":"product_tag-wd-lat-is-a-ghost-ar","42":"product_tag-what-makes-a-gun-untraceable","43":"product_tag-wilson-combat-pistols","45":"first","46":"instock","47":"shipping-taxable","48":"purchasable","49":"product-type-variable"},"acf":[],"_links":{"self":[{"href":"https:\/\/buyaghostgun.com\/es\/wp-json\/wp\/v2\/product\/623","targetHints":{"allow":["GET"]}}],"collection":[{"href":"https:\/\/buyaghostgun.com\/es\/wp-json\/wp\/v2\/product"}],"about":[{"href":"https:\/\/buyaghostgun.com\/es\/wp-json\/wp\/v2\/types\/product"}],"replies":[{"embeddable":true,"href":"https:\/\/buyaghostgun.com\/es\/wp-json\/wp\/v2\/comments?post=623"}],"wp:featuredmedia":[{"embeddable":true,"href":"https:\/\/buyaghostgun.com\/es\/wp-json\/wp\/v2\/media\/633"}],"wp:attachment":[{"href":"https:\/\/buyaghostgun.com\/es\/wp-json\/wp\/v2\/media?parent=623"}],"wp:term":[{"taxonomy":"product_brand","embeddable":true,"href":"https:\/\/buyaghostgun.com\/es\/wp-json\/wp\/v2\/product_brand?post=623"},{"taxonomy":"product_cat","embeddable":true,"href":"https:\/\/buyaghostgun.com\/es\/wp-json\/wp\/v2\/product_cat?post=623"},{"taxonomy":"product_tag","embeddable":true,"href":"https:\/\/buyaghostgun.com\/es\/wp-json\/wp\/v2\/product_tag?post=623"}],"curies":[{"name":"wp","href":"https:\/\/api.w.org\/{rel}","templated":true}]}}