{"id":90,"date":"2013-08-11T19:06:15","date_gmt":"2013-08-11T19:06:15","guid":{"rendered":"http:\/\/localhost:8888\/test\/?page_id=520"},"modified":"2022-06-25T10:55:06","modified_gmt":"2022-06-25T10:55:06","slug":"acheter-des-armes-fantomes-en-ligne","status":"publish","type":"page","link":"https:\/\/buyaghostgun.com\/fr\/acheter-des-armes-fantomes-en-ligne\/","title":{"rendered":"A propos de"},"content":{"rendered":"<div class=\"banner has-hover has-parallax\" id=\"banner-2140558409\">\n          <div class=\"banner-inner fill\">\n        <div class=\"banner-bg fill\" data-parallax=\"-3\" data-parallax-container=\".banner\" data-parallax-background>\n            <div class=\"bg fill bg-fill\"><\/div>\n                        <div class=\"overlay\"><\/div>            \n                    <\/div>\n\t\t\n        <div class=\"banner-layers container\">\n            <div class=\"fill banner-link\"><\/div>            \n   <div id=\"text-box-1185448779\" class=\"text-box banner-layer x50 md-x50 lg-x50 y80 md-y80 lg-y80 res-text\">\n                                <div class=\"text-box-content text dark\">\n              \n              <div class=\"text-inner text-center\">\n                  \n<h1 class=\"lead\">\u00c0 propos de nous<\/h1>\n<p class=\"lead\">Si vos mots-cl\u00e9s sont professionnalisme et anonymat, vous \u00eates au bon endroit.<\/p>\n<p><span style=\"font-size: 115%;\">Nous proposons des armes \u00e0 feu non tra\u00e7ables, non r\u00e9glement\u00e9es et non s\u00e9rialis\u00e9es \u00e0 des prix abordables ainsi que le service 100% Discrete Hitman. .<\/span><\/p>\n              <\/div>\n           <\/div>\n                            \n<style>\n#text-box-1185448779 {\n  width: 60%;\n}\n#text-box-1185448779 .text-box-content {\n  font-size: 100%;\n}\n<\/style>\n    <\/div>\n \n        <\/div>\n      <\/div>\n\n            \n<style>\n#banner-2140558409 {\n  padding-top: 507px;\n}\n#banner-2140558409 .bg.bg-loaded {\n  background-image: url(https:\/\/buyaghostgun.com\/wp-content\/uploads\/2022\/06\/Ghost-guns-for-sale-around-me.jpg);\n}\n#banner-2140558409 .overlay {\n  background-color: rgba(0, 0, 0, 0.49);\n}\n#banner-2140558409 .ux-shape-divider--top svg {\n  height: 150px;\n  --divider-top-width: 100%;\n}\n#banner-2140558409 .ux-shape-divider--bottom svg {\n  height: 150px;\n  --divider-width: 100%;\n}\n<\/style>\n  <\/div>\n\n\n\t<section class=\"section\" id=\"section_1685325869\">\n\t\t<div class=\"bg section-bg fill bg-fill  bg-loaded\" >\n\n\t\t\t\n\t\t\t\n\t\t\t\n\n\t\t<\/div>\n\n\t\t\n\n\t\t<div class=\"section-content relative\">\n\t\t\t\n<div class=\"row align-middle\"  id=\"row-1492009499\">\n\n\t<div id=\"col-179838006\" class=\"col medium-5 small-12 large-5\"  >\n\t\t\t\t<div class=\"col-inner\"  >\n\t\t\t\n\t\t\t\n\n  <div class=\"banner has-hover\" id=\"banner-891012312\">\n          <div class=\"banner-inner fill\">\n        <div class=\"banner-bg fill\" >\n            <div class=\"bg fill bg-fill\"><\/div>\n                                    \n                    <\/div>\n\t\t\n        <div class=\"banner-layers container\">\n            <div class=\"fill banner-link\"><\/div>            \n        <\/div>\n      <\/div>\n\n            \n<style>\n#banner-891012312 {\n  padding-top: 400px;\n  background-color: rgb(255, 255, 255);\n}\n#banner-891012312 .bg.bg-loaded {\n  background-image: url(https:\/\/buyaghostgun.com\/wp-content\/uploads\/2022\/06\/Ghost-guns-for-sale-with-bitcoin-1.jpg);\n}\n#banner-891012312 .ux-shape-divider--top svg {\n  height: 150px;\n  --divider-top-width: 100%;\n}\n#banner-891012312 .ux-shape-divider--bottom svg {\n  height: 150px;\n  --divider-width: 100%;\n}\n@media (min-width:550px) {\n  #banner-891012312 {\n    padding-top: 600px;\n  }\n}\n<\/style>\n  <\/div>\n\n\n\t\t<\/div>\n\t\t\t\t\t<\/div>\n\n\t\n\n\t<div id=\"col-64665523\" class=\"col medium-7 small-12 large-7\"  >\n\t\t\t\t<div class=\"col-inner\"  >\n\t\t\t\n\t\t\t\n\t<div id=\"text-1742927230\" class=\"text\">\n\t\t\n<h3>Acheter des pistolets fant\u00f4mes en ligne<\/h3>\n\t\t\n<style>\n#text-1742927230 {\n  font-size: 2.5rem;\n  line-height: 0.75;\n}\n<\/style>\n\t<\/div>\n\t\n<p><strong>Vente d'armes fant\u00f4mes | Achat d'armes \u00e0 feu intra\u00e7ables en ligne | Achat de mitrailleuses en ligne | O\u00f9 puis-je acheter des armes fant\u00f4mes | Achat d'armes fant\u00f4mes en ligne<br \/>\n<\/strong><\/p>\n<p>Les armes fant\u00f4mes sont des armes \u00e0 feu non r\u00e9glement\u00e9es. Ici, vous pouvez obtenir des mitrailleuses, des fusils et des pistolets 9mm intra\u00e7ables pour la vente en ligne et localement tr\u00e8s bon march\u00e9 avec bitcoin et d'autres cryptocurrencies. Nos armes \u00e0 feu n'ont pas de num\u00e9ro de s\u00e9rie et ne peuvent pas \u00eatre trac\u00e9es car elles sont assembl\u00e9es \u00e0 la maison \u00e0 partir de pi\u00e8ces achet\u00e9es sans v\u00e9rification des ant\u00e9c\u00e9dents. <a href=\"https:\/\/buyaghostgun.com\/fr\/product-category\/fusils-fantomes-a-vendre\/\">O\u00f9 puis-je obtenir un Ghost guns for sale near me ?<\/a> .<\/p>\n<h4 style=\"text-align: center;\"><span class=\"tagify__tag-text\" contenteditable=\"true\">Acheter des armes fant\u00f4mes intra\u00e7ables<\/span><\/h4>\n<p>Les Am\u00e9ricains ont le droit de garder et de porter des armes. Nous avons \u00e9galement le droit de les fabriquer et de les vendre. Nous vendons 80 % de r\u00e9cepteurs, de cadres, d'armatures, de crosses et de kits de pi\u00e8ces inf\u00e9rieures pour terminer tous les syst\u00e8mes d'armes bricol\u00e9s sur le march\u00e9. Les articles que nous vendons sont ceux que nous utilisons nous-m\u00eames. Les armes fant\u00f4mes \u00e0 vendre pr\u00e8s de chez moi \u00e0 Denver.<\/p>\n<p>Nos op\u00e9rations sont enti\u00e8rement bas\u00e9es aux Etats-Unis, et nous servons les citoyens, les soldats et les forces de l'ordre. Nous nous soucions des tol\u00e9rances et des bons composants, c'est pourquoi nous travaillons directement avec les producteurs et les importateurs pour stocker les r\u00e9cepteurs AK47 et 308 80% de la plus haute qualit\u00e9 sur le march\u00e9. De plus, nous vendons des gabarits, des fixations et des \u00e9quipements CNC faciles \u00e0 utiliser pour compl\u00e9ter vos constructions \u00e0 n'importe quel niveau d'expertise. <a href=\"https:\/\/buyaghostgun.com\/fr\/armes-a-feu-fantomes-a-vendre\/\">Armes fant\u00f4mes \u00e0 vendre pr\u00e8s de chez moi en Floride<\/a>.<\/p>\n<a href=\"https:\/\/buyaghostgun.com\/fr\/armes-a-feu-fantomes-a-vendre\/\" target=\"_self\" class=\"button secondary\"  style=\"border-radius:5px;padding:6px 30px 6px 30px;\">\n    <span>Commander une arme<\/span>\n  <\/a>\n\n\t\t<\/div>\n\t\t\t\t\n<style>\n#col-64665523 > .col-inner {\n  padding: 0px 1% 0px 1%;\n}\n@media (min-width:550px) {\n  #col-64665523 > .col-inner {\n    padding: 0px 2% 0px 2%;\n  }\n}\n@media (min-width:850px) {\n  #col-64665523 > .col-inner {\n    padding: 0px 0px 0px 10%;\n  }\n}\n<\/style>\n\t<\/div>\n\n\t\n<\/div>\n\t\t<\/div>\n\n\t\t\n<style>\n#section_1685325869 {\n  padding-top: 30px;\n  padding-bottom: 30px;\n}\n#section_1685325869 .ux-shape-divider--top svg {\n  height: 150px;\n  --divider-top-width: 100%;\n}\n#section_1685325869 .ux-shape-divider--bottom svg {\n  height: 150px;\n  --divider-width: 100%;\n}\n<\/style>\n\t<\/section>\n\t\n<div class=\"row\"  id=\"row-866345439\">\n\n\t<div id=\"col-2037202375\" class=\"col small-12 large-12\"  >\n\t\t\t\t<div class=\"col-inner\"  >\n\t\t\t\n\t\t\t\n<h2 class=\"lead text-center\" style=\"text-align: center;\">Acheter des mitrailleuses en ligne<\/h2>\n<p>En g\u00e9n\u00e9ral, un \u201cghost gun\u201d est une arme \u00e0 feu fabriqu\u00e9e \u00e0 la maison \u00e0 partir de mat\u00e9riaux qui ne sont pas d\u00e9j\u00e0 consid\u00e9r\u00e9s comme des armes \u00e0 feu au sens de la loi. Il n'existe pas de d\u00e9finition l\u00e9gale exacte des \u201cr\u00e9cepteurs 80%\u201d ou des \u201carmes \u00e0 feu inachev\u00e9es\u201d, mais les armes fant\u00f4mes sont le plus souvent fabriqu\u00e9es \u00e0 partir de ces mat\u00e9riaux. Acheter des mitrailleuses en ligne avec BTC <a href=\"https:\/\/duckduckgo.com\/\" target=\"_blank\" rel=\"noopener\">.<\/a><\/p>\n<figure id=\"attachment_565\" aria-describedby=\"caption-attachment-565\" style=\"width: 493px\" class=\"wp-caption alignright\"><img decoding=\"async\" class=\"size-full wp-image-565 lazyload\" data-src=\"https:\/\/buyaghostgun.com\/wp-content\/uploads\/2022\/06\/Buy-untraceable-ghost-guns.png\" alt=\"Acheter des armes fant\u00f4mes intra\u00e7ables\" width=\"493\" height=\"300\" src=\"data:image\/svg+xml;base64,PHN2ZyB3aWR0aD0iMSIgaGVpZ2h0PSIxIiB4bWxucz0iaHR0cDovL3d3dy53My5vcmcvMjAwMC9zdmciPjwvc3ZnPg==\" style=\"--smush-placeholder-width: 493px; --smush-placeholder-aspect-ratio: 493\/300;\" \/><figcaption id=\"caption-attachment-565\" class=\"wp-caption-text\">Acheter des armes fant\u00f4mes intra\u00e7ables<\/figcaption><\/figure>\n<p>Les m\u00e9dias et les politiciens aimeraient r\u00e9pandre la croyance erron\u00e9e que le seul moyen l\u00e9gal d'acqu\u00e9rir une arme \u00e0 feu est d'en acheter une aupr\u00e8s d'un fabricant ou d'un revendeur. Si vous envisagez de fabriquer une arme \u00e0 feu non num\u00e9rot\u00e9e, il vous incombe de comprendre les lois f\u00e9d\u00e9rales et nationales qui r\u00e9gissent votre situation particuli\u00e8re. La loi f\u00e9d\u00e9rale n'exige des num\u00e9ros de s\u00e9rie que pour les armes \u00e0 feu fabriqu\u00e9es commercialement. Les Am\u00e9ricains ont toujours fabriqu\u00e9 leurs propres armes \u00e0 feu \u00e0 la maison, \u00e0 quelques exceptions pr\u00e8s au niveau des \u00c9tats et des municipalit\u00e9s. <a href=\"https:\/\/buyaghostgun.com\/fr\/product-category\/machines-a-feu-fantomes-a-vendre\/\">O\u00f9 acheter des mitrailleuses en ligne<\/a>.<\/p>\n<h2 style=\"text-align: center;\">O\u00f9 acheter des mitrailleuses aux \u00c9tats-Unis<\/h2>\n<p>O\u00f9 acheter des mitrailleuses aux Etats-Unis en toute discr\u00e9tion, nous sommes le bon endroit. Aux \u00c9tats-Unis, les mitrailleuses sont class\u00e9es comme des armes du titre II. En d'autres termes, elles sont consid\u00e9r\u00e9es comme des armes \u00e0 feu \u201c\u00e0 autorisation restreinte\u201d et doivent \u00eatre enregistr\u00e9es aupr\u00e8s du Bureau of Alcohol Tobacco Firearms and Explosives (ATF). Il existe toutefois une lacune dans la l\u00e9gislation am\u00e9ricaine qui permet aux particuliers de poss\u00e9der des mitrailleuses fabriqu\u00e9es avant 1986 si elles ont \u00e9t\u00e9 approuv\u00e9es par le Bureau de l'alcool, du tabac, des armes \u00e0 feu et des explosifs (ATF). O\u00f9 acheter des mitrailleuses aux \u00e9tats-unis COD.<\/p>\n<p>Une mitrailleuse est une arme \u00e0 feu automatique, \u00e0 canon long et ray\u00e9, con\u00e7ue pour des tirs directs soutenus avec des cartouches \u00e0 pleine puissance. D'autres armes \u00e0 feu automatiques, telles que les fusils d'assaut et les fusils automatiques, sont g\u00e9n\u00e9ralement con\u00e7ues pour tirer de courtes rafales plut\u00f4t que pour une puissance de feu continue, et ne sont pas consid\u00e9r\u00e9es comme des mitrailleuses. Les armes automatiques d'escouade, qui tirent la m\u00eame cartouche (g\u00e9n\u00e9ralement de puissance interm\u00e9diaire) que celle utilis\u00e9e par les autres fusiliers de la m\u00eame unit\u00e9 de combat, sont fonctionnellement des mitrailleuses l\u00e9g\u00e8res, bien qu'elles ne soient pas appel\u00e9es ainsi. Les mitraillettes, qui sont capables de tirer rapidement en continu mais utilisent des cartouches d'armes de poing, ne sont pas non plus consid\u00e9r\u00e9es techniquement comme de v\u00e9ritables mitrailleuses. Acheter des mitrailleuses en ligne sur le dark web. <a href=\"https:\/\/buyaghostgun.com\/fr\/contact\/\"><strong>CONTACTEZ-NOUS<\/strong><\/a><\/p>\n<h2 style=\"text-align: center;\">Pistolets fant\u00f4mes \u00e0 vendre pr\u00e8s de chez moi aux USA<\/h2>\n<p>Dans 37 \u00c9tats, il est aujourd'hui possible d'acheter une mitrailleuse. Cependant, il ne suffit pas de se rendre dans un magasin d'armes local ou m\u00eame dans une exposition d'armes \u00e0 feu. Les mitraillettes sont l\u00e9gales au niveau f\u00e9d\u00e9ral mais tr\u00e8s r\u00e9glement\u00e9es. Cela remonte \u00e0 la loi nationale sur les armes \u00e0 feu de 1934 (NFA), qui a \u00e9t\u00e9 promulgu\u00e9e dans le cadre de l'Internal Revenue Code et qui a constitu\u00e9 la premi\u00e8re r\u00e9glementation f\u00e9d\u00e9rale sur la fabrication et le transfert d'armes \u00e0 feu. O\u00f9 acheter des mitrailleuses aux \u00e9tats-unis sans licence.<\/p>\n<figure id=\"attachment_567\" aria-describedby=\"caption-attachment-567\" style=\"width: 400px\" class=\"wp-caption alignleft\"><img decoding=\"async\" class=\"size-medium wp-image-567 lazyload\" data-src=\"https:\/\/buyaghostgun.com\/wp-content\/uploads\/2022\/06\/Where-can-i-buy-Ghost-Guns-400x400.jpg\" alt=\"O\u00f9 puis-je acheter Ghost Guns ?\" width=\"400\" height=\"400\" data-srcset=\"https:\/\/buyaghostgun.com\/wp-content\/uploads\/2022\/06\/Where-can-i-buy-Ghost-Guns-400x400.jpg 400w, https:\/\/buyaghostgun.com\/wp-content\/uploads\/2022\/06\/Where-can-i-buy-Ghost-Guns-800x800.jpg 800w, https:\/\/buyaghostgun.com\/wp-content\/uploads\/2022\/06\/Where-can-i-buy-Ghost-Guns-280x280.jpg 280w, https:\/\/buyaghostgun.com\/wp-content\/uploads\/2022\/06\/Where-can-i-buy-Ghost-Guns-768x768.jpg 768w, https:\/\/buyaghostgun.com\/wp-content\/uploads\/2022\/06\/Where-can-i-buy-Ghost-Guns-200x200.jpg 200w, https:\/\/buyaghostgun.com\/wp-content\/uploads\/2022\/06\/Where-can-i-buy-Ghost-Guns-500x500.jpg 500w, https:\/\/buyaghostgun.com\/wp-content\/uploads\/2022\/06\/Where-can-i-buy-Ghost-Guns-100x100.jpg 100w, https:\/\/buyaghostgun.com\/wp-content\/uploads\/2022\/06\/Where-can-i-buy-Ghost-Guns.jpg 1200w\" data-sizes=\"(max-width: 400px) 100vw, 400px\" src=\"data:image\/svg+xml;base64,PHN2ZyB3aWR0aD0iMSIgaGVpZ2h0PSIxIiB4bWxucz0iaHR0cDovL3d3dy53My5vcmcvMjAwMC9zdmciPjwvc3ZnPg==\" style=\"--smush-placeholder-width: 400px; --smush-placeholder-aspect-ratio: 400\/400;\" \/><figcaption id=\"caption-attachment-567\" class=\"wp-caption-text\">O\u00f9 puis-je acheter Ghost Guns ?<\/figcaption><\/figure>\n<p>Examinez l'un des styles de fusil d'assaut les plus connus ou scrutez l'assortiment d'armes automatiques de la Seconde Guerre mondiale. David Spiwak se consacre \u00e0 aider les collectionneurs \u00e0 trouver l'arme sombre de la Seconde Guerre mondiale qu'ils recherchent. Les personnes qui esp\u00e8rent vendre une arme \u00e0 feu de la Seconde Guerre mondiale sont assur\u00e9es d'obtenir un prix \u00e9quitable. Toutes les armes sont cens\u00e9es \u00eatre conformes \u00e0 leur description et fonctionner correctement. Le bien-\u00eatre au tir n'est pas garanti et vous devez faire v\u00e9rifier votre arme par un armurier. Les types de munitions et les conditions de port\u00e9e sont des facteurs que je ne peux pas contr\u00f4ler. Toutes les armes automatiques sont ant\u00e9rieures \u00e0 1986 et sont vendues en tant qu'objets de collection.<\/p>\n\t\t<\/div>\n\t\t\t\t\t<\/div>\n\n\t\n<\/div>\n\t<section class=\"section\" id=\"section_845893772\">\n\t\t<div class=\"bg section-bg fill bg-fill  bg-loaded\" >\n\n\t\t\t\n\t\t\t\n\t\t\t\n\n\t\t<\/div>\n\n\t\t\n\n\t\t<div class=\"section-content relative\">\n\t\t\t\n<div class=\"row align-middle\"  id=\"row-1197117237\">\n\n\t<div id=\"col-1487673513\" class=\"col medium-12 small-12 large-6\"  >\n\t\t\t\t<div class=\"col-inner\"  >\n\t\t\t\n\t\t\t\n\n  <div class=\"banner has-hover\" id=\"banner-1951489130\">\n          <div class=\"banner-inner fill\">\n        <div class=\"banner-bg fill\" >\n            <div class=\"bg fill bg-fill\"><\/div>\n                                    \n                    <\/div>\n\t\t\n        <div class=\"banner-layers container\">\n            <div class=\"fill banner-link\"><\/div>            \n        <\/div>\n      <\/div>\n\n            \n<style>\n#banner-1951489130 {\n  padding-top: 99.99%;\n  background-color: rgb(255, 255, 255);\n}\n#banner-1951489130 .bg.bg-loaded {\n  background-image: url(https:\/\/buyaghostgun.com\/wp-content\/uploads\/2022\/06\/Hitman-on-hire.jpg);\n}\n#banner-1951489130 .bg {\n  background-position: 35% 56%;\n}\n#banner-1951489130 .ux-shape-divider--top svg {\n  height: 150px;\n  --divider-top-width: 100%;\n}\n#banner-1951489130 .ux-shape-divider--bottom svg {\n  height: 150px;\n  --divider-width: 100%;\n}\n@media (min-width:550px) {\n  #banner-1951489130 {\n    padding-top: 75%;\n  }\n}\n@media (min-width:850px) {\n  #banner-1951489130 {\n    padding-top: 99.99%;\n  }\n}\n<\/style>\n  <\/div>\n\n\n\t\t<\/div>\n\t\t\t\t\t<\/div>\n\n\t\n\n\t<div id=\"col-210852794\" class=\"col medium-12 small-12 large-6\"  >\n\t\t\t\t<div class=\"col-inner\"  >\n\t\t\t\n\t\t\t\n\t<div id=\"gap-1194378603\" class=\"gap-element clearfix\" style=\"display:block; height:auto;\">\n\t\t\n<style>\n#gap-1194378603 {\n  padding-top: 10px;\n}\n@media (min-width:850px) {\n  #gap-1194378603 {\n    padding-top: 30px;\n  }\n}\n<\/style>\n\t<\/div>\n\t\n\t<div id=\"text-2778602392\" class=\"text\">\n\t\t\n<h2>Engager un tueur \u00e0 gages<\/h2>\n\t\t\n<style>\n#text-2778602392 {\n  font-size: 1.5rem;\n}\n<\/style>\n\t<\/div>\n\t\n<p>Nous sommes d'anciens agents des services de renseignement qui fournissent des services de mise \u00e0 mort \u00e0 des personnes de tous \u00e2ges, des nouveau-n\u00e9s aux personnes \u00e2g\u00e9es. Une fois que vous aurez \u00e9t\u00e9 accept\u00e9, vous devrez verser un acompte avant que le travail ne commence. Les services de tueurs \u00e0 gages sont disponibles dans de nombreux pays, dont les \u00c9tats-Unis, la Russie, l'Australie, la Chine et, bien s\u00fbr, l'Europe. Il est s\u00fbr et simple d'engager un meurtrier par notre interm\u00e9diaire. tueur \u00e0 gages \u00e0 louer 2022<\/p>\n<h4 style=\"text-align: center;\">Engager un tueur<\/h4>\n<p>Clairement le meilleur et le plus grand <b>embaucher<\/b> <b>a<\/b> <b>tueur \u00e0 gages<\/b> service autour. Qualit\u00e9 sup\u00e9rieure et prix abordables. Le meurtre par balle d'une personne ordinaire ainsi que le meurtre d'une personne importante qui est arm\u00e9e ou qui a des gardes du corps disponibles, en fonction de la difficult\u00e9 de la cible.<\/p>\n<p><a href=\"https:\/\/buyaghostgun.com\/fr\/contact\/\"><img decoding=\"async\" class=\"wp-image-569 size-full lazyload\" data-src=\"https:\/\/buyaghostgun.com\/wp-content\/uploads\/2022\/06\/Ghost-guns-for-sale-near-me-in-USA.png\" alt=\"Pistolets fant\u00f4mes \u00e0 vendre pr\u00e8s de chez moi aux USA\" width=\"151\" height=\"34\" src=\"data:image\/svg+xml;base64,PHN2ZyB3aWR0aD0iMSIgaGVpZ2h0PSIxIiB4bWxucz0iaHR0cDovL3d3dy53My5vcmcvMjAwMC9zdmciPjwvc3ZnPg==\" style=\"--smush-placeholder-width: 151px; --smush-placeholder-aspect-ratio: 151\/34;\" \/><\/a><\/p>\n<p>O\u00f9 que vous soyez dans le monde, <a href=\"https:\/\/buyaghostgun.com\/fr\/\">nous<\/a> est \u00e0 port\u00e9e de navigateur de smartphone ! Nous sommes fiers d'\u00eatre pr\u00e9sents sur le World Wide Web depuis 2001 et disposons du plus grand r\u00e9seau d'agents de terrain au monde ! La vie peut \u00eatre tr\u00e9pidante, alors demandez une consultation gratuite d\u00e8s aujourd'hui ! Tuer une personne que vous jugez coupable Images et compilation de preuves Surveillance, contre-surveillance<\/p>\n<a href=\"https:\/\/buyaghostgun.com\/fr\/embaucher-un-tueur-a-gages-en-ligne\/\" target=\"_self\" class=\"button primary is-link\" style=\"padding:0 0px 0px 0px;\">\n    <span>En savoir plus<\/span>\n  <i class=\"icon-angle-right\" ><\/i><\/a>\n\n\t\t<\/div>\n\t\t\t\t\n<style>\n#col-210852794 > .col-inner {\n  padding: 0px 0px 0px 0;\n}\n@media (min-width:850px) {\n  #col-210852794 > .col-inner {\n    padding: 0px 0px 0px 10%;\n  }\n}\n<\/style>\n\t<\/div>\n\n\t\n<\/div>\n\t\t<\/div>\n\n\t\t\n<style>\n#section_845893772 {\n  padding-top: 40px;\n  padding-bottom: 40px;\n}\n#section_845893772 .ux-shape-divider--top svg {\n  height: 150px;\n  --divider-top-width: 100%;\n}\n#section_845893772 .ux-shape-divider--bottom svg {\n  height: 150px;\n  --divider-width: 100%;\n}\n@media (min-width:850px) {\n  #section_845893772 {\n    padding-top: 70px;\n    padding-bottom: 70px;\n  }\n}\n<\/style>\n\t<\/section>","protected":false},"excerpt":{"rendered":"","protected":false},"author":1,"featured_media":562,"parent":0,"menu_order":0,"comment_status":"closed","ping_status":"closed","template":"page-transparent-header-light.php","meta":{"_acf_changed":false,"footnotes":""},"class_list":["post-90","page","type-page","status-publish","has-post-thumbnail","hentry"],"acf":[],"_links":{"self":[{"href":"https:\/\/buyaghostgun.com\/fr\/wp-json\/wp\/v2\/pages\/90","targetHints":{"allow":["GET"]}}],"collection":[{"href":"https:\/\/buyaghostgun.com\/fr\/wp-json\/wp\/v2\/pages"}],"about":[{"href":"https:\/\/buyaghostgun.com\/fr\/wp-json\/wp\/v2\/types\/page"}],"author":[{"embeddable":true,"href":"https:\/\/buyaghostgun.com\/fr\/wp-json\/wp\/v2\/users\/1"}],"replies":[{"embeddable":true,"href":"https:\/\/buyaghostgun.com\/fr\/wp-json\/wp\/v2\/comments?post=90"}],"version-history":[{"count":15,"href":"https:\/\/buyaghostgun.com\/fr\/wp-json\/wp\/v2\/pages\/90\/revisions"}],"predecessor-version":[{"id":571,"href":"https:\/\/buyaghostgun.com\/fr\/wp-json\/wp\/v2\/pages\/90\/revisions\/571"}],"wp:featuredmedia":[{"embeddable":true,"href":"https:\/\/buyaghostgun.com\/fr\/wp-json\/wp\/v2\/media\/562"}],"wp:attachment":[{"href":"https:\/\/buyaghostgun.com\/fr\/wp-json\/wp\/v2\/media?parent=90"}],"curies":[{"name":"wp","href":"https:\/\/api.w.org\/{rel}","templated":true}]}}