{"id":638,"date":"2022-07-05T11:42:47","date_gmt":"2022-07-05T11:42:47","guid":{"rendered":"https:\/\/buyaghostgun.com\/?post_type=product&#038;p=638"},"modified":"2025-10-16T01:58:27","modified_gmt":"2025-10-16T01:58:27","slug":"fusil-de-chasse-benelli-m4-intracable-a-vendre","status":"publish","type":"product","link":"https:\/\/buyaghostgun.com\/fr\/product\/fusil-de-chasse-benelli-m4-intracable-a-vendre\/","title":{"rendered":"Fusil de chasse Benelli M4"},"content":{"rendered":"<h2 style=\"text-align: center;\">Fusil de chasse Benelli M4 introuvable \u00e0 vendre<\/h2>\n<p>Le roi des fusils de combat - le <strong>Benelli M4<\/strong> - est l\u00e0... quel que soit son prix...<\/p>\n<p>Cette arme \u00e0 gaz utilise le syst\u00e8me ARGO de Benelli pour assurer une fiabilit\u00e9 totale avec une grande vari\u00e9t\u00e9 de charges. Les tireurs obtiennent un calibre 12 \u00e0 cycle rapide et \u00e0 tir doux, parfait pour la d\u00e9fense de la maison.<\/p>\n<p>Ce n'est pas pour rien que c'est mon fusil pr\u00e9f\u00e9r\u00e9, et je ne suis pas choqu\u00e9 de voir qu'il est populaire aupr\u00e8s d'autres personnes. <a href=\"https:\/\/buyaghostgun.com\/fr\/armes-a-feu-fantomes-a-vendre\/\">benelli m4<\/a> le<\/p>\n<h2 style=\"text-align: center;\">Benelli M4 Shotgun For Sale<\/h2>\n<p>Le fusil de chasse semi-automatique Benelli M4 Tactical avec une capacit\u00e9 de 5+1 et un canon de 18,5 pouces de calibre 12 est une \u00e9volution des lignes M1, M2 et M3. Benelli propose actuellement le M4 Tactical en quatre mod\u00e8les. Tous ont le m\u00eame canon de 18,5\u201d et partagent la plupart des dimensions g\u00e9n\u00e9rales. Les diff\u00e9rences ? Les armes peuvent \u00eatre livr\u00e9es avec une carcasse noire anodis\u00e9e et un canon phosphat\u00e9 ou avec une carcasse et un canon en titane cerakot\u00e9. Quoi qu'il en soit, les autres parties telles que le fourreau et la crosse sont en noir mat. Au-del\u00e0 de la couleur, vous avez le choix entre une poign\u00e9e pistolet (crosse standard) ou une poign\u00e9e standard (crosse tactique).<\/p>\n<h3 style=\"text-align: center;\">Benelli m4 Critique<\/h3>\n<p>Chaque M4 Tactical est livr\u00e9 avec un tube d'\u00e9tranglement M. La chambre peut recevoir des obus de 2 3\/4\u2033 et de 3\u2033. Le pistolet est \u00e9quip\u00e9 d'un anneau de vis\u00e9e fant\u00f4me standard, mais aussi d'un rail Picatinny de longueur moyenne sur le dessus de la carcasse. La longueur de traction est de 14 3\/8\u201d, la chute au niveau du peigne est de 1 1\/2\u2033 tandis que la chute au niveau du talon est de 2 1\/4\u2033. La longueur totale est de 40\u201d et le poids de 7,8 livres pour les quatre mod\u00e8les. benelli m4 h2o discontinu\u00e9 <a href=\"https:\/\/duckduckgo.com\/\" target=\"_blank\" rel=\"noopener\">.<\/a><\/p>\n<p>&nbsp;<\/p>\n<p><strong>Benelli M4 Ghost Shotgun \u00e0 vendre<\/strong><\/p>\n<p>Le M4 a \u00e9t\u00e9 con\u00e7u pour l'arm\u00e9e am\u00e9ricaine et est entr\u00e9 en service vers 1999 sous le nom de M1014 Joint Service Shotgun. La magie de l'arme provient du syst\u00e8me ARGO brevet\u00e9 par Benelli. ARGO signifie Auto-Regulating Gas-Operated (r\u00e9gulation automatique des gaz). Ce syst\u00e8me autonettoyant, actionn\u00e9 par un piston, a une conception simple de piston double \u00e0 course courte. Le syst\u00e8me ARGO \u00e9limine le besoin de m\u00e9canismes plus compliqu\u00e9s comme les barres d'action lourdes et les liens de connexion que l'on trouve sur d'autres fusils de chasse similaires. Clone de crosse pliable Benelli m4<\/p>\n<h2 style=\"text-align: center;\">Benelli M4 \u00e0 vendre<\/h2>\n<p>Con\u00e7u pour fonctionner dans des sc\u00e9narios tactiques intenses, le Benelli M4 \u00e0 vendre est un fusil de chasse semi-automatique \u00e0 gaz r\u00e9gulateur (A.R.G.O) cr\u00e9\u00e9 pour le corps des Marines am\u00e9ricains. Ce fusil de calibre 12 a un canon de 18,5 pouces et dispose d'une crosse pistolet ou t\u00e9lescopique, d'un levier de verrouillage de la culasse, d'une t\u00eate de culasse rotative, d'un r\u00e9cepteur perc\u00e9 et taraud\u00e9 avec un rail Picatinny, d'une d\u00e9tente amovible, d'un pontet et d'une s\u00e9curit\u00e9 ergonomiques, et d'un viseur Ghost Ring. Disponibles au bas prix Benelli M4 chez Omaha Outdoors, ces fusils tactiques sont con\u00e7us pour frapper fort et \u00eatre encore plus performants, avec un fonctionnement fiable m\u00eame dans les conditions les plus difficiles. Sans aucun doute, si le corps des Marines am\u00e9ricains fait confiance au fusil de chasse Benelli M4, vous pouvez en faire autant. Benelli m1014 vs m4<\/p>\n<figure id=\"attachment_646\" aria-describedby=\"caption-attachment-646\" style=\"width: 474px\" class=\"wp-caption aligncenter\"><img decoding=\"async\" class=\"size-full wp-image-646 lazyload\" data-src=\"https:\/\/buyaghostgun.com\/wp-content\/uploads\/2022\/07\/Benelli-M4-Shotgun-For-Sale.jpg\" alt=\"Benelli M4 Shotgun For Sale\" width=\"474\" height=\"231\" src=\"data:image\/svg+xml;base64,PHN2ZyB3aWR0aD0iMSIgaGVpZ2h0PSIxIiB4bWxucz0iaHR0cDovL3d3dy53My5vcmcvMjAwMC9zdmciPjwvc3ZnPg==\" style=\"--smush-placeholder-width: 474px; --smush-placeholder-aspect-ratio: 474\/231;\" \/><figcaption id=\"caption-attachment-646\" class=\"wp-caption-text\">Benelli M4 Shotgun For Sale<\/figcaption><\/figure>","protected":false},"excerpt":{"rendered":"<p><span style=\"text-decoration: underline; color: #ed1c24;\"><strong>Remarque :<\/strong><\/span> Tous nos pistolets sont 100% intra\u00e7ables. Non r\u00e9glement\u00e9s et non s\u00e9rialis\u00e9s, ces pistolets sont vos parfaits pistolets fant\u00f4mes. .<\/p>\n<p>Nous offrons maintenant la possibilit\u00e9 de les acheter avec un silencieux (suppresseur de son) et des munitions.<\/p>","protected":false},"featured_media":644,"comment_status":"open","ping_status":"closed","template":"","meta":{"_acf_changed":false},"product_brand":[],"product_cat":[68],"product_tag":[],"class_list":{"0":"post-638","1":"product","2":"type-product","3":"status-publish","4":"has-post-thumbnail","6":"product_cat-ghost-shotguns-for-sale","8":"first","9":"instock","10":"shipping-taxable","11":"purchasable","12":"product-type-variable"},"acf":[],"_links":{"self":[{"href":"https:\/\/buyaghostgun.com\/fr\/wp-json\/wp\/v2\/product\/638","targetHints":{"allow":["GET"]}}],"collection":[{"href":"https:\/\/buyaghostgun.com\/fr\/wp-json\/wp\/v2\/product"}],"about":[{"href":"https:\/\/buyaghostgun.com\/fr\/wp-json\/wp\/v2\/types\/product"}],"replies":[{"embeddable":true,"href":"https:\/\/buyaghostgun.com\/fr\/wp-json\/wp\/v2\/comments?post=638"}],"wp:featuredmedia":[{"embeddable":true,"href":"https:\/\/buyaghostgun.com\/fr\/wp-json\/wp\/v2\/media\/644"}],"wp:attachment":[{"href":"https:\/\/buyaghostgun.com\/fr\/wp-json\/wp\/v2\/media?parent=638"}],"wp:term":[{"taxonomy":"product_brand","embeddable":true,"href":"https:\/\/buyaghostgun.com\/fr\/wp-json\/wp\/v2\/product_brand?post=638"},{"taxonomy":"product_cat","embeddable":true,"href":"https:\/\/buyaghostgun.com\/fr\/wp-json\/wp\/v2\/product_cat?post=638"},{"taxonomy":"product_tag","embeddable":true,"href":"https:\/\/buyaghostgun.com\/fr\/wp-json\/wp\/v2\/product_tag?post=638"}],"curies":[{"name":"wp","href":"https:\/\/api.w.org\/{rel}","templated":true}]}}