{"id":88,"date":"2013-08-11T19:22:53","date_gmt":"2013-08-11T19:22:53","guid":{"rendered":"http:\/\/localhost:8888\/test\/?page_id=532"},"modified":"2025-10-22T16:57:48","modified_gmt":"2025-10-22T16:57:48","slug":"vendita-di-pistole-fantasma-non-rintracciabili","status":"publish","type":"page","link":"https:\/\/buyaghostgun.com\/it\/vendita-di-pistole-fantasma-non-rintracciabili\/","title":{"rendered":"Contatto"},"content":{"rendered":"<div class=\"row\"  id=\"row-1437848286\">\n\n\t<div id=\"col-215010379\" class=\"col medium-4 small-12 large-4\"  >\n\t\t\t\t<div class=\"col-inner\"  >\n\t\t\t\n\t\t\t\n\t<div id=\"gap-264001689\" class=\"gap-element clearfix\" style=\"display:block; height:auto;\">\n\t\t\n<style>\n#gap-264001689 {\n  padding-top: 179px;\n}\n<\/style>\n\t<\/div>\n\t\n<p>E-mail:<strong><span class=\"gI\">Buyaghostgun@gmail.com<\/span><\/strong><\/p>\n\t\t<\/div>\n\t\t\t\t\t<\/div>\n\n\t\n\n\t<div id=\"col-68216517\" class=\"col medium-8 small-12 large-8\"  >\n\t\t\t\t<div class=\"col-inner\"  >\n\t\t\t\n\t\t\t\n\t<div id=\"gap-223690391\" class=\"gap-element clearfix\" style=\"display:block; height:auto;\">\n\t\t\n<style>\n#gap-223690391 {\n  padding-top: 155px;\n}\n<\/style>\n\t<\/div>\n\t\n\t\t<\/div>\n\t\t\t\t\t<\/div>\n\n\t\n<\/div>\n<h2 style=\"text-align: center;\"><span style=\"color: #000000;\">\u00a0 \u00a0 \u00a0 \u00a0 \u00a0 \u00a0 \u00a0 \u00a0 \u00a0 \u00a0 \u00a0 \u00a0 \u00a0 \u00a0 Pistole fantasma non rintracciabili in vendita<br \/>\n<\/span><\/h2>\n<p class=\"lead\" style=\"text-align: center;\"><span style=\"font-size: 80%;\">Essendo nel settore delle armi da fuoco, comprendiamo l'importanza della sicurezza. Il nostro obiettivo \u00e8 quello di fornirvi un'esperienza di acquisto online sicura e protetta, unita a un servizio clienti impareggiabile. Apprezziamo ogni singolo cliente e siamo orgogliosi del feedback che riceviamo.<\/span><\/p>\n<p>Pistole fantasma in vendita a Denver con bitcoin. Siamo il vostro one-stop-shop per tutte le vostre esigenze di armi da fuoco. Scoprite la nostra grande selezione di armi da AR-15, AR-10, AK-47, fucili da caccia, pistole e fucili da caccia delle migliori marche. Che sia per la caccia, la difesa domestica o il trasporto occulto, possiamo aiutarvi a trovare l'arma da fuoco perfetta. Sfogliate la nostra selezione di armi usate per trovare grandi offerte su pistole, fucili, carabine e altro ancora. Lavoriamo con i rivenditori locali e con i singoli collezionisti di armi. Pistole fantasma in vendita nel negozio di Denver.<\/p>\n<p>Pistole fantasma in vendita Denver e Texas<\/p>\n<p>Se siete alla ricerca della migliore arma da difesa domestica, di un fucile per una giornata al poligono o della migliore pistola da occultamento, Cheaper Than Dirt! \u00e8 il posto giusto da cui partire. Con un'enorme selezione di armi da fuoco ai migliori prezzi, potete acquistare fucili, pistole, fucili a pompa e armi da fuoco tattiche di marchi di alto livello come DPMS, GLOCK,<\/p>\n<p>&lt;&lt;Smith and Wesson, Taurus, Mossberg, Remington e altri ancora. Inoltre, abbiamo pistole semiautomatiche, revolver, AK-47 e AR-15 progettati per un&#039;ampia variet\u00e0 di scopi. Abbiamo solo le migliori pistole dei produttori pi\u00f9 affidabili, in modo che possiate avere la massima fiducia nel vostro acquisto. Date un&#039;occhiata alla nostra selezione di armi da fuoco di alta qualit\u00e0 e preparatevi a trovare le armi dei vostri sogni. Dove posso trovare pistole Ghost in vendita a Denver.<\/p>\n<p>Pistole fantasma in vendita in California a buon mercato<\/p>\n<p>Pistole fantasma in vendita in California a buon mercato vicino a me. Ottime per il porto occulto e la protezione della casa, abbiamo una pistola per tutti, sia che siate alle prime armi sia che siate tiratori esperti. Abbiamo semiautomatiche, revolver, break-action e molto altro ancora, con molte opzioni per ogni budget e livello di abilit\u00e0. Inoltre, abbiamo un'ampia variet\u00e0 di pistole da difesa, pistole da occultamento e pistole da tiro. Abbiamo pistole dei migliori produttori come GLOCK, Springfield Armory, Ruger e SIG Sauer. Cheaper Than Dirt! ha la pi\u00f9 ampia variet\u00e0 di pistole in vendita online. Date un'occhiata alla nostra selezione di pistole di alta qualit\u00e0 e preparatevi a trovare la pistola dei vostri sogni. <a href=\"https:\/\/buyaghostgun.com\/it\/product-category\/mitragliatrici-fantasma-in-vendita\/\">Pistole fantasma in vendita in California a buon mercato COD<\/a>.<\/p>\n<p>Ci sforziamo di essere i vostri specialisti di fucili con armi da fuoco convenienti e resistenti delle migliori marche come Remington, Winchester, Ruger, Browning e Savage. Troverete fucili AR-15, fucili a percussione anulare, fucili AK-47, fucili da caccia e molto altro in stock e pronti per la spedizione. Abbiamo opzioni praticamente per ogni interesse e calibro di fucile. Quindi, se il vostro obiettivo \u00e8 il tiro sportivo, l'autodifesa, la caccia o il plinking, potete trovare l'arma giusta al prezzo giusto. Dove \u00e8 possibile acquistare pistole Ghost in vendita in California a buon mercato <a href=\"https:\/\/duckduckgo.com\/\" target=\"_blank\" rel=\"noopener\">.<\/a><\/p>\n<h2 style=\"text-align: center;\">Comprare fucili online USA<\/h2>\n<p>Acquistare fucili online negli Stati Uniti con bitcoin. I nostri esperti del settore vi assisteranno con tutte le vostre domande, prezzi di mercato competitivi, spedizioni super veloci e un eccellente servizio clienti. La vendita di fucili Ghost \u00e8 un nome familiare grazie agli ampi sforzi di marketing, con l'invio di milioni di cataloghi all'anno e la ricezione di milioni di visitatori al mese sul nostro sito web. L'ampiezza dei prodotti offerti si estende a molte categorie con centinaia di migliaia di prodotti in stock e pronti per essere spediti immediatamente. Comprare fucili online USA<\/p>\n<p>Che si tratti di un acquirente alle prime armi o meno, la nostra vasta selezione di pistole online, combinata con i nostri semplici passaggi su come acquistare una pistola online, \u00e8 il posto migliore per acquistare armi. Scoprite la nostra impareggiabile selezione di pistole, fucili e fucili da caccia dei migliori produttori del settore. Se state cercando di acquistare fucili, siete nel posto giusto. Siamo il pi\u00f9 grande sito di aste di armi al mondo e abbiamo un'ampia selezione di tutti i tipi di fucili in vendita. Ogni giorno, venditori di tutto il paese inseriscono nuovi fucili per la caccia, la difesa domestica, il tiro sportivo o semplicemente per l'ultima novit\u00e0 della vostra casa. Acquista fucili online nel negozio USA.<\/p>\n<h3 style=\"text-align: center;\">Comprare fucili online Sito web USA<\/h3>\n<p>Un fucile \u00e8 un'arma da fuoco a canna lunga progettata per sparare con precisione, con una canna che presenta un disegno elicoidale di scanalature (rigatura) tagliate nella parete della canna. In linea con la loro attenzione alla precisione, i fucili sono tipicamente progettati per essere impugnati con entrambe le mani e sostenuti saldamente contro la spalla del tiratore tramite un calcio per garantire la stabilit\u00e0 durante il tiro. I fucili sono ampiamente utilizzati in guerra, per la difesa personale, per l'applicazione della legge e per il crimine (in particolare per gli omicidi), <a href=\"https:\/\/en.wikipedia.org\/wiki\/Hunting\" target=\"_blank\" rel=\"noopener\">caccia<\/a>, e gli sport di tiro. Comprare fucili online Sito web USA.<\/p>\n<p>Il termine era originariamente arma rigata, con il verbo rifle che si riferiva al processo di lavorazione dei primi anni della modernit\u00e0, che consisteva nel creare scanalature con utensili da taglio. Nel XX secolo, l'arma era diventata cos\u00ec comune che il sostantivo moderno fucile \u00e8 ora spesso utilizzato per qualsiasi arma a distanza portatile di forma allungata progettata per una scarica ben mirata attivata da un grilletto (ad esempio, il fucile per l'arresto e la stimolazione del personale, che in realt\u00e0 \u00e8 un abbagliatore laser). Dove acquistare fucili online USA. Kit fucile fantasma 45 . <span class=\"tagify__tag-text\" contenteditable=\"true\">Pistole fantasma non rintracciabili in vendita<\/span> Online.<\/p>\n<div class=\"row\"  id=\"row-1762251711\">\n\n\t<div id=\"col-2106997862\" class=\"col medium-4 small-12 large-4\"  >\n\t\t\t\t<div class=\"col-inner\"  >\n\t\t\t\n\t\t\t\n<h4 style=\"text-align: center;\"><span style=\"color: #00ccff;\"><strong>Acquistare armi da fuoco non serializzate online<\/strong><\/span><\/h4>\n<p style=\"text-align: center;\">La spedizione alla FFL locale \u00e8 facile e veloce.<\/p>\n<p><b>Fantasma<\/b> <b>pistole<\/b> <b>per<\/b> <b>vendita<\/b> \u00e8 il miglior sito online di armi da fuoco al mondo, dedicato alle armi e alle munizioni pi\u00f9 recenti. Acquista ora <a href=\"https:\/\/buyaghostgun.com\/it\/product-category\/mitragliatrici-fantasma-in-vendita\/\">Macchina <b>pistole<\/b> <b>per<\/b> <b>vendita<\/b><\/a> online <b>Fantasma<\/b> <b>pistole<\/b> <b>per<\/b> <b>vendita<\/b> ha reso l'acquisto di macchine <b>pistole<\/b> un'attivit\u00e0 meno monotona offrendo una selezione di macchine <b>pistole<\/b> disponibili per l'acquisto online. <a href=\"https:\/\/buyaghostgun.com\/it\/product-category\/pistole-fantasma-in-vendita-2\/\">Acquista ora Fucili per <b>vendita<\/b> online<\/a>.<\/p>\n<figure id=\"attachment_619\" aria-describedby=\"caption-attachment-619\" style=\"width: 447px\" class=\"wp-caption aligncenter\"><img decoding=\"async\" class=\"wp-image-619 lazyload\" data-src=\"https:\/\/buyaghostgun.com\/wp-content\/uploads\/2022\/07\/Buy-Unserialized-Firearms-Online.jpg\" alt=\"Acquistare armi da fuoco non serializzate online\" width=\"447\" height=\"183\" data-srcset=\"https:\/\/buyaghostgun.com\/wp-content\/uploads\/2022\/07\/Buy-Unserialized-Firearms-Online.jpg 612w, https:\/\/buyaghostgun.com\/wp-content\/uploads\/2022\/07\/Buy-Unserialized-Firearms-Online-500x205.jpg 500w\" data-sizes=\"(max-width: 447px) 100vw, 447px\" src=\"data:image\/svg+xml;base64,PHN2ZyB3aWR0aD0iMSIgaGVpZ2h0PSIxIiB4bWxucz0iaHR0cDovL3d3dy53My5vcmcvMjAwMC9zdmciPjwvc3ZnPg==\" style=\"--smush-placeholder-width: 447px; --smush-placeholder-aspect-ratio: 447\/183;\" \/><figcaption id=\"caption-attachment-619\" class=\"wp-caption-text\">Acquistare armi da fuoco non serializzate online<\/figcaption><\/figure>\n\t\t<\/div>\n\t\t\t\t\t<\/div>\n\n\t\n\n\t<div id=\"col-833160329\" class=\"col medium-4 small-12 large-4\"  >\n\t\t\t\t<div class=\"col-inner\"  >\n\t\t\t\n\t\t\t\n<h4 style=\"text-align: center;\"><strong><span style=\"color: #00ccff;\">Acquista online le pistole fantasma irrintracciabili<br \/>\n<\/span><\/strong><\/h4>\n<p style=\"text-align: center;\">Qui a <a href=\"https:\/\/buyaghostgun.com\/it\/\">Buyaghostgun.com<\/a> ci sforziamo di avere i prezzi pi\u00f9 imbattibili di qualsiasi altro sito.<\/p>\n<p>Come fonte leader online di pistole per <b>vendita<\/b>, <a href=\"https:\/\/buyaghostgun.com\/it\/pistole-fantasma-in-vendita\/\"><b>Fantasma<\/b> <b>pistole<\/b> <b>per<\/b> <b>vendita<\/b><\/a> porta i file non serializzati e <b>irrintracciabile<\/b> pistole semiautomatiche di marchi leader con decenni di esperienza. Quando acquistate pistole online da noi, potete scegliere il successo delle vostre armi leggere. L'esperienza dei nostri produttori si fonde con la tecnologia avanzata per garantire standard elevati. Legge sulle armi fantasma 2022<\/p>\n<figure id=\"attachment_616\" aria-describedby=\"caption-attachment-616\" style=\"width: 361px\" class=\"wp-caption aligncenter\"><img decoding=\"async\" class=\"wp-image-616 lazyload\" data-src=\"https:\/\/buyaghostgun.com\/wp-content\/uploads\/2022\/07\/Buy-Untraceable-Ghost-Guns-Online-578x400.png\" alt=\"Acquista online le pistole fantasma irrintracciabili\" width=\"361\" height=\"250\" data-srcset=\"https:\/\/buyaghostgun.com\/wp-content\/uploads\/2022\/07\/Buy-Untraceable-Ghost-Guns-Online-578x400.png 578w, https:\/\/buyaghostgun.com\/wp-content\/uploads\/2022\/07\/Buy-Untraceable-Ghost-Guns-Online-500x346.png 500w, https:\/\/buyaghostgun.com\/wp-content\/uploads\/2022\/07\/Buy-Untraceable-Ghost-Guns-Online.png 727w\" data-sizes=\"(max-width: 361px) 100vw, 361px\" src=\"data:image\/svg+xml;base64,PHN2ZyB3aWR0aD0iMSIgaGVpZ2h0PSIxIiB4bWxucz0iaHR0cDovL3d3dy53My5vcmcvMjAwMC9zdmciPjwvc3ZnPg==\" style=\"--smush-placeholder-width: 361px; --smush-placeholder-aspect-ratio: 361\/250;\" \/><figcaption id=\"caption-attachment-616\" class=\"wp-caption-text\">Acquista online le pistole fantasma irrintracciabili<\/figcaption><\/figure>\n\t\t<\/div>\n\t\t\t\t\t<\/div>\n\n\t\n\n\t<div id=\"col-1887797840\" class=\"col medium-4 small-12 large-4\"  >\n\t\t\t\t<div class=\"col-inner\"  >\n\t\t\t\n\t\t\t\n<h4 style=\"text-align: center;\"><strong><span style=\"color: #00ccff;\">Pistole fantasma in vendita<\/span><\/strong><\/h4>\n<p style=\"text-align: center;\">Applicare la tecnologia pi\u00f9 avanzata per garantire transazioni sicure e protette per ogni acquisto dei clienti.<\/p>\n<p>Il nostro <b>Non rintracciabile<\/b> Le armi, i silenziatori e le munizioni sono disponibili in confezioni standard e in confezioni Prepper che proteggono le armi e le munizioni. <b>Non rintracciabile<\/b> Le munizioni sono protette da umidit\u00e0, aria e corrosione. Pistole Automatic Depot dispone di munizioni sfuse <b>Non rintracciabile<\/b> Pistole automatiche in tutti i calibri pi\u00f9 diffusi e comuni per <b>Non rintracciabile<\/b> pistole, fucili e <b>Non rintracciabile<\/b> fucili da caccia. <b>Non rintracciabile<\/b> <b>Fantasma<\/b> <b>Pistola<\/b> <b>per<\/b> <b>vendita<\/b><\/p>\n<figure id=\"attachment_614\" aria-describedby=\"caption-attachment-614\" style=\"width: 314px\" class=\"wp-caption aligncenter\"><img decoding=\"async\" class=\"wp-image-614 lazyload\" data-src=\"https:\/\/buyaghostgun.com\/wp-content\/uploads\/2022\/07\/Rifles-for-sale-online-600x400.jpg\" alt=\"Fucili in vendita online\" width=\"314\" height=\"209\" data-srcset=\"https:\/\/buyaghostgun.com\/wp-content\/uploads\/2022\/07\/Rifles-for-sale-online-600x400.jpg 600w, https:\/\/buyaghostgun.com\/wp-content\/uploads\/2022\/07\/Rifles-for-sale-online-500x333.jpg 500w, https:\/\/buyaghostgun.com\/wp-content\/uploads\/2022\/07\/Rifles-for-sale-online.jpg 612w\" data-sizes=\"(max-width: 314px) 100vw, 314px\" src=\"data:image\/svg+xml;base64,PHN2ZyB3aWR0aD0iMSIgaGVpZ2h0PSIxIiB4bWxucz0iaHR0cDovL3d3dy53My5vcmcvMjAwMC9zdmciPjwvc3ZnPg==\" style=\"--smush-placeholder-width: 314px; --smush-placeholder-aspect-ratio: 314\/209;\" \/><figcaption id=\"caption-attachment-614\" class=\"wp-caption-text\">Fucili in vendita online<\/figcaption><\/figure>\n\t\t<\/div>\n\t\t\t\t\t<\/div>\n\n\t\n<\/div>\n<h2 class=\"uppercase\" style=\"text-align: center;\"><strong>La vostra sicurezza \u00e8 la nostra priorit\u00e0<\/strong><\/h2>","protected":false},"excerpt":{"rendered":"<p>\u00a0 \u00a0 \u00a0 \u00a0 \u00a0 \u00a0 \u00a0 \u00a0 \u00a0 \u00a0 \u00a0 \u00a0 \u00a0 \u00a0 Untraceable Ghost Guns For Sale Being in the firearms industry we understand the importance of security. Our goal is to provide you with a safe and secure online shopping experience combined with unmatched customer service.We value each and every one of [&#8230;]","protected":false},"author":1,"featured_media":612,"parent":0,"menu_order":0,"comment_status":"closed","ping_status":"closed","template":"page-blank.php","meta":{"_acf_changed":false,"footnotes":""},"class_list":["post-88","page","type-page","status-publish","has-post-thumbnail","hentry"],"acf":[],"_links":{"self":[{"href":"https:\/\/buyaghostgun.com\/it\/wp-json\/wp\/v2\/pages\/88","targetHints":{"allow":["GET"]}}],"collection":[{"href":"https:\/\/buyaghostgun.com\/it\/wp-json\/wp\/v2\/pages"}],"about":[{"href":"https:\/\/buyaghostgun.com\/it\/wp-json\/wp\/v2\/types\/page"}],"author":[{"embeddable":true,"href":"https:\/\/buyaghostgun.com\/it\/wp-json\/wp\/v2\/users\/1"}],"replies":[{"embeddable":true,"href":"https:\/\/buyaghostgun.com\/it\/wp-json\/wp\/v2\/comments?post=88"}],"version-history":[{"count":22,"href":"https:\/\/buyaghostgun.com\/it\/wp-json\/wp\/v2\/pages\/88\/revisions"}],"predecessor-version":[{"id":806,"href":"https:\/\/buyaghostgun.com\/it\/wp-json\/wp\/v2\/pages\/88\/revisions\/806"}],"wp:featuredmedia":[{"embeddable":true,"href":"https:\/\/buyaghostgun.com\/it\/wp-json\/wp\/v2\/media\/612"}],"wp:attachment":[{"href":"https:\/\/buyaghostgun.com\/it\/wp-json\/wp\/v2\/media?parent=88"}],"curies":[{"name":"wp","href":"https:\/\/api.w.org\/{rel}","templated":true}]}}