{"id":90,"date":"2013-08-11T19:06:15","date_gmt":"2013-08-11T19:06:15","guid":{"rendered":"http:\/\/localhost:8888\/test\/?page_id=520"},"modified":"2022-06-25T10:55:06","modified_gmt":"2022-06-25T10:55:06","slug":"acquistare-pistole-fantasma-online","status":"publish","type":"page","link":"https:\/\/buyaghostgun.com\/it\/acquistare-pistole-fantasma-online\/","title":{"rendered":"Circa"},"content":{"rendered":"<div class=\"banner has-hover has-parallax\" id=\"banner-1666822482\">\n          <div class=\"banner-inner fill\">\n        <div class=\"banner-bg fill\" data-parallax=\"-3\" data-parallax-container=\".banner\" data-parallax-background>\n            <div class=\"bg fill bg-fill\"><\/div>\n                        <div class=\"overlay\"><\/div>            \n                    <\/div>\n\t\t\n        <div class=\"banner-layers container\">\n            <div class=\"fill banner-link\"><\/div>            \n   <div id=\"text-box-1963596555\" class=\"text-box banner-layer x50 md-x50 lg-x50 y80 md-y80 lg-y80 res-text\">\n                                <div class=\"text-box-content text dark\">\n              \n              <div class=\"text-inner text-center\">\n                  \n<h1 class=\"lead\">Chi siamo<\/h1>\n<p class=\"lead\">Se le vostre parole chiave sono professionalit\u00e0 e anonimato, siete nel posto giusto.<\/p>\n<p><span style=\"font-size: 115%;\">Offriamo armi da fuoco non rintracciabili, non regolamentate e non serializzate a prezzi accessibili, nonch\u00e9 il servizio di Hitman discreto 100%. .<\/span><\/p>\n              <\/div>\n           <\/div>\n                            \n<style>\n#text-box-1963596555 {\n  width: 60%;\n}\n#text-box-1963596555 .text-box-content {\n  font-size: 100%;\n}\n<\/style>\n    <\/div>\n \n        <\/div>\n      <\/div>\n\n            \n<style>\n#banner-1666822482 {\n  padding-top: 507px;\n}\n#banner-1666822482 .bg.bg-loaded {\n  background-image: url(https:\/\/buyaghostgun.com\/wp-content\/uploads\/2022\/06\/Ghost-guns-for-sale-around-me.jpg);\n}\n#banner-1666822482 .overlay {\n  background-color: rgba(0, 0, 0, 0.49);\n}\n#banner-1666822482 .ux-shape-divider--top svg {\n  height: 150px;\n  --divider-top-width: 100%;\n}\n#banner-1666822482 .ux-shape-divider--bottom svg {\n  height: 150px;\n  --divider-width: 100%;\n}\n<\/style>\n  <\/div>\n\n\n\t<section class=\"section\" id=\"section_2127871773\">\n\t\t<div class=\"bg section-bg fill bg-fill  bg-loaded\" >\n\n\t\t\t\n\t\t\t\n\t\t\t\n\n\t\t<\/div>\n\n\t\t\n\n\t\t<div class=\"section-content relative\">\n\t\t\t\n<div class=\"row align-middle\"  id=\"row-629736542\">\n\n\t<div id=\"col-141896600\" class=\"col medium-5 small-12 large-5\"  >\n\t\t\t\t<div class=\"col-inner\"  >\n\t\t\t\n\t\t\t\n\n  <div class=\"banner has-hover\" id=\"banner-1651787273\">\n          <div class=\"banner-inner fill\">\n        <div class=\"banner-bg fill\" >\n            <div class=\"bg fill bg-fill\"><\/div>\n                                    \n                    <\/div>\n\t\t\n        <div class=\"banner-layers container\">\n            <div class=\"fill banner-link\"><\/div>            \n        <\/div>\n      <\/div>\n\n            \n<style>\n#banner-1651787273 {\n  padding-top: 400px;\n  background-color: rgb(255, 255, 255);\n}\n#banner-1651787273 .bg.bg-loaded {\n  background-image: url(https:\/\/buyaghostgun.com\/wp-content\/uploads\/2022\/06\/Ghost-guns-for-sale-with-bitcoin-1.jpg);\n}\n#banner-1651787273 .ux-shape-divider--top svg {\n  height: 150px;\n  --divider-top-width: 100%;\n}\n#banner-1651787273 .ux-shape-divider--bottom svg {\n  height: 150px;\n  --divider-width: 100%;\n}\n@media (min-width:550px) {\n  #banner-1651787273 {\n    padding-top: 600px;\n  }\n}\n<\/style>\n  <\/div>\n\n\n\t\t<\/div>\n\t\t\t\t\t<\/div>\n\n\t\n\n\t<div id=\"col-2084525403\" class=\"col medium-7 small-12 large-7\"  >\n\t\t\t\t<div class=\"col-inner\"  >\n\t\t\t\n\t\t\t\n\t<div id=\"text-398734118\" class=\"text\">\n\t\t\n<h3>Acquista online le pistole fantasma<\/h3>\n\t\t\n<style>\n#text-398734118 {\n  font-size: 2.5rem;\n  line-height: 0.75;\n}\n<\/style>\n\t<\/div>\n\t\n<p><strong>Pistole fantasma in vendita | Comprare armi da fuoco non rintracciabili online | Comprare mitragliatrici online | Dove posso comprare pistole fantasma | Comprare pistole fantasma online<br \/>\n<\/strong><\/p>\n<p>Le pistole fantasma sono armi da fuoco non regolamentate. Ordinate armi da fuoco non rintracciabili online per le vostre operazioni. Qui potete ottenere mitragliatrici non rintracciabili, fucili e pistole da 9 mm in vendita online e localmente a prezzi molto bassi con bitcoin e altre criptovalute. Le nostre armi da fuoco non hanno un numero di serie e non possono essere rintracciate perch\u00e9 sono assemblate a casa da parti acquistate senza un controllo dei precedenti. <a href=\"https:\/\/buyaghostgun.com\/it\/product-category\/fucili-fantasma-in-vendita-2\/\">Dove posso trovare un Ghost pistole in vendita vicino a me<\/a> .<\/p>\n<h4 style=\"text-align: center;\"><span class=\"tagify__tag-text\" contenteditable=\"true\">Acquistare pistole fantasma non rintracciabili<\/span><\/h4>\n<p>Gli americani hanno il diritto di tenere e portare armi. Abbiamo anche il diritto di costruirle e venderle. Vendiamo l'80% di ricevitori, telai, tomaie, calci e kit di parti inferiori per completare ogni sistema d'arma fai-da-te sul mercato. Gli articoli che vendiamo sono quelli che usiamo noi stessi. Pistole fantasma in vendita vicino a me a Denver.<\/p>\n<p>Le nostre operazioni si svolgono interamente negli Stati Uniti e serviamo cittadini, soldati e forze dell'ordine. I nostri prodotti sono venduti interamente sul nostro sito Web, dove offriamo assistenza via e-mail 24 ore su 24. Ci preoccupiamo delle tolleranze e dei componenti giusti, quindi lavoriamo direttamente con i produttori e gli importatori per avere a disposizione i ricevitori AK47 e 308 80% della migliore qualit\u00e0 sul mercato. Inoltre, vendiamo maschere, dispositivi e attrezzature CNC facili da usare per completare le vostre costruzioni a qualsiasi livello di competenza. <a href=\"https:\/\/buyaghostgun.com\/it\/pistole-fantasma-in-vendita\/\">Pistole fantasma in vendita vicino a me in Florida<\/a>.<\/p>\n<a href=\"https:\/\/buyaghostgun.com\/it\/pistole-fantasma-in-vendita\/\" target=\"_self\" class=\"button secondary\"  style=\"border-radius:5px;padding:6px 30px 6px 30px;\">\n    <span>Ordinare una pistola<\/span>\n  <\/a>\n\n\t\t<\/div>\n\t\t\t\t\n<style>\n#col-2084525403 > .col-inner {\n  padding: 0px 1% 0px 1%;\n}\n@media (min-width:550px) {\n  #col-2084525403 > .col-inner {\n    padding: 0px 2% 0px 2%;\n  }\n}\n@media (min-width:850px) {\n  #col-2084525403 > .col-inner {\n    padding: 0px 0px 0px 10%;\n  }\n}\n<\/style>\n\t<\/div>\n\n\t\n<\/div>\n\t\t<\/div>\n\n\t\t\n<style>\n#section_2127871773 {\n  padding-top: 30px;\n  padding-bottom: 30px;\n}\n#section_2127871773 .ux-shape-divider--top svg {\n  height: 150px;\n  --divider-top-width: 100%;\n}\n#section_2127871773 .ux-shape-divider--bottom svg {\n  height: 150px;\n  --divider-width: 100%;\n}\n<\/style>\n\t<\/section>\n\t\n<div class=\"row\"  id=\"row-1184617776\">\n\n\t<div id=\"col-1574832049\" class=\"col small-12 large-12\"  >\n\t\t\t\t<div class=\"col-inner\"  >\n\t\t\t\n\t\t\t\n<h2 class=\"lead text-center\" style=\"text-align: center;\">Acquistare mitragliatrici online<\/h2>\n<p>In generale, una \u201cpistola fantasma\u201d \u00e8 qualsiasi tipo di arma da fuoco realizzata in casa con materiali che non sono gi\u00e0 considerati armi da fuoco ai sensi della legge. Non esistono definizioni legali esatte di \u201cricevitori 80%\u201d o \u201carmi da fuoco non finite\u201d, ma le armi fantasma sono spesso realizzate con questi materiali. Acquistare mitragliatrici online con BTC <a href=\"https:\/\/duckduckgo.com\/\" target=\"_blank\" rel=\"noopener\">.<\/a><\/p>\n<figure id=\"attachment_565\" aria-describedby=\"caption-attachment-565\" style=\"width: 493px\" class=\"wp-caption alignright\"><img decoding=\"async\" class=\"size-full wp-image-565 lazyload\" data-src=\"https:\/\/buyaghostgun.com\/wp-content\/uploads\/2022\/06\/Buy-untraceable-ghost-guns.png\" alt=\"Acquistare pistole fantasma non rintracciabili\" width=\"493\" height=\"300\" src=\"data:image\/svg+xml;base64,PHN2ZyB3aWR0aD0iMSIgaGVpZ2h0PSIxIiB4bWxucz0iaHR0cDovL3d3dy53My5vcmcvMjAwMC9zdmciPjwvc3ZnPg==\" style=\"--smush-placeholder-width: 493px; --smush-placeholder-aspect-ratio: 493\/300;\" \/><figcaption id=\"caption-attachment-565\" class=\"wp-caption-text\">Acquistare pistole fantasma non rintracciabili<\/figcaption><\/figure>\n<p>I media e i politici vorrebbero diffondere l'errata convinzione che l'unico modo legale di acquisire un'arma sia quello di acquistarla da un produttore o da un rivenditore. Se state pensando di costruire un'arma da fuoco non serializzata, \u00e8 vostra responsabilit\u00e0 comprendere le leggi federali e statali che regolano la vostra situazione particolare. La legge federale richiede numeri di serie solo per le armi da fuoco prodotte commercialmente. Da sempre gli americani, con limitate eccezioni statali e comunali, costruiscono le proprie armi da fuoco in casa. <a href=\"https:\/\/buyaghostgun.com\/it\/product-category\/mitragliatrici-fantasma-in-vendita\/\">Dove acquistare le mitragliatrici online<\/a>.<\/p>\n<h2 style=\"text-align: center;\">Dove acquistare mitragliatrici negli Stati Uniti<\/h2>\n<p>Dove acquistare mitragliatrici negli Stati Uniti in modo discreto; siamo il posto giusto. Negli Stati Uniti, le mitragliatrici sono classificate come armi del Titolo II. In altre parole, sono considerate armi da fuoco \u201climitate\u201d e devono essere registrate presso il Bureau of Alcohol Tobacco Firearms and Explosives (ATF). Tuttavia, esiste una scappatoia nella legge statunitense che consente ai privati cittadini di possedere mitragliatrici fabbricate prima del 1986 se approvate dall'ATF. Dove acquistare mitragliatrici negli Stati Uniti COD.<\/p>\n<p>Una mitragliatrice \u00e8 un'arma automatica a canna lunga rigata a caricamento automatico progettata per il fuoco diretto prolungato con cartucce a piena potenza. Altre armi da fuoco automatiche, come i fucili d'assalto e le carabine automatiche, sono in genere progettate pi\u00f9 per sparare brevi raffiche che per una potenza di fuoco continua e non sono considerate mitragliatrici. Le armi automatiche di squadra, che sparano la stessa cartuccia (di solito di potenza intermedia) utilizzata dagli altri fucilieri della stessa unit\u00e0 di combattimento, sono in realt\u00e0 mitragliatrici leggere, anche se non vengono chiamate cos\u00ec. Anche i fucili mitragliatori, che sono in grado di sparare in modo rapido e continuo ma utilizzano cartucce per pistola, non sono tecnicamente considerati vere e proprie mitragliatrici. Comprare mitragliatrici online dark web. <a href=\"https:\/\/buyaghostgun.com\/it\/contact\/\"><strong>CONTATTO<\/strong><\/a><\/p>\n<h2 style=\"text-align: center;\">Pistole fantasma in vendita vicino a me in USA<\/h2>\n<p>In 37 Stati \u00e8 possibile acquistare una mitragliatrice oggi. Tuttavia, non \u00e8 facile come recarsi in un negozio di armi locale o in un'esposizione di armi. Le mitragliatrici sono legali a livello federale, ma altamente regolamentate. Questo risale al National Firearms Act del 1934 (NFA), emanato come parte dell'Internal Revenue Code, che \u00e8 stato il primo regolamento federale sulla produzione e il trasferimento di armi da fuoco. Dove acquistare mitragliatrici negli Stati Uniti senza licenza.<\/p>\n<figure id=\"attachment_567\" aria-describedby=\"caption-attachment-567\" style=\"width: 400px\" class=\"wp-caption alignleft\"><img decoding=\"async\" class=\"size-medium wp-image-567 lazyload\" data-src=\"https:\/\/buyaghostgun.com\/wp-content\/uploads\/2022\/06\/Where-can-i-buy-Ghost-Guns-400x400.jpg\" alt=\"Dove posso acquistare le pistole fantasma\" width=\"400\" height=\"400\" data-srcset=\"https:\/\/buyaghostgun.com\/wp-content\/uploads\/2022\/06\/Where-can-i-buy-Ghost-Guns-400x400.jpg 400w, https:\/\/buyaghostgun.com\/wp-content\/uploads\/2022\/06\/Where-can-i-buy-Ghost-Guns-800x800.jpg 800w, https:\/\/buyaghostgun.com\/wp-content\/uploads\/2022\/06\/Where-can-i-buy-Ghost-Guns-280x280.jpg 280w, https:\/\/buyaghostgun.com\/wp-content\/uploads\/2022\/06\/Where-can-i-buy-Ghost-Guns-768x768.jpg 768w, https:\/\/buyaghostgun.com\/wp-content\/uploads\/2022\/06\/Where-can-i-buy-Ghost-Guns-200x200.jpg 200w, https:\/\/buyaghostgun.com\/wp-content\/uploads\/2022\/06\/Where-can-i-buy-Ghost-Guns-500x500.jpg 500w, https:\/\/buyaghostgun.com\/wp-content\/uploads\/2022\/06\/Where-can-i-buy-Ghost-Guns-100x100.jpg 100w, https:\/\/buyaghostgun.com\/wp-content\/uploads\/2022\/06\/Where-can-i-buy-Ghost-Guns.jpg 1200w\" data-sizes=\"(max-width: 400px) 100vw, 400px\" src=\"data:image\/svg+xml;base64,PHN2ZyB3aWR0aD0iMSIgaGVpZ2h0PSIxIiB4bWxucz0iaHR0cDovL3d3dy53My5vcmcvMjAwMC9zdmciPjwvc3ZnPg==\" style=\"--smush-placeholder-width: 400px; --smush-placeholder-aspect-ratio: 400\/400;\" \/><figcaption id=\"caption-attachment-567\" class=\"wp-caption-text\">Dove posso acquistare le pistole fantasma<\/figcaption><\/figure>\n<p>Esaminate uno dei pi\u00f9 noti stili di fucili d'assalto o esaminate l'assortimento di armi automatiche della Seconda Guerra Mondiale. David Spiwak si dedica ad aiutare i collezionisti a trovare l'arma oscura della Seconda Guerra Mondiale che stavano cercando. Agli individui che sperano di vendere un'arma da fuoco della Seconda Guerra Mondiale viene assicurato un costo equo. Tutte le armi sono destinate ad essere come raffigurate e a funzionare correttamente. Il benessere del tiro non \u00e8 assicurato ed \u00e8 necessario far controllare l'arma da un armaiolo. I tipi di munizioni e le condizioni di utilizzo sono fattori che non posso controllare. Tutte le armi automatiche sono precedenti al 1986 e sono vendute come oggetti da collezione.<\/p>\n\t\t<\/div>\n\t\t\t\t\t<\/div>\n\n\t\n<\/div>\n\t<section class=\"section\" id=\"section_1721972459\">\n\t\t<div class=\"bg section-bg fill bg-fill  bg-loaded\" >\n\n\t\t\t\n\t\t\t\n\t\t\t\n\n\t\t<\/div>\n\n\t\t\n\n\t\t<div class=\"section-content relative\">\n\t\t\t\n<div class=\"row align-middle\"  id=\"row-1720730191\">\n\n\t<div id=\"col-1782679664\" class=\"col medium-12 small-12 large-6\"  >\n\t\t\t\t<div class=\"col-inner\"  >\n\t\t\t\n\t\t\t\n\n  <div class=\"banner has-hover\" id=\"banner-949661297\">\n          <div class=\"banner-inner fill\">\n        <div class=\"banner-bg fill\" >\n            <div class=\"bg fill bg-fill\"><\/div>\n                                    \n                    <\/div>\n\t\t\n        <div class=\"banner-layers container\">\n            <div class=\"fill banner-link\"><\/div>            \n        <\/div>\n      <\/div>\n\n            \n<style>\n#banner-949661297 {\n  padding-top: 99.99%;\n  background-color: rgb(255, 255, 255);\n}\n#banner-949661297 .bg.bg-loaded {\n  background-image: url(https:\/\/buyaghostgun.com\/wp-content\/uploads\/2022\/06\/Hitman-on-hire.jpg);\n}\n#banner-949661297 .bg {\n  background-position: 35% 56%;\n}\n#banner-949661297 .ux-shape-divider--top svg {\n  height: 150px;\n  --divider-top-width: 100%;\n}\n#banner-949661297 .ux-shape-divider--bottom svg {\n  height: 150px;\n  --divider-width: 100%;\n}\n@media (min-width:550px) {\n  #banner-949661297 {\n    padding-top: 75%;\n  }\n}\n@media (min-width:850px) {\n  #banner-949661297 {\n    padding-top: 99.99%;\n  }\n}\n<\/style>\n  <\/div>\n\n\n\t\t<\/div>\n\t\t\t\t\t<\/div>\n\n\t\n\n\t<div id=\"col-488384409\" class=\"col medium-12 small-12 large-6\"  >\n\t\t\t\t<div class=\"col-inner\"  >\n\t\t\t\n\t\t\t\n\t<div id=\"gap-723057263\" class=\"gap-element clearfix\" style=\"display:block; height:auto;\">\n\t\t\n<style>\n#gap-723057263 {\n  padding-top: 10px;\n}\n@media (min-width:850px) {\n  #gap-723057263 {\n    padding-top: 30px;\n  }\n}\n<\/style>\n\t<\/div>\n\t\n\t<div id=\"text-2850256977\" class=\"text\">\n\t\t\n<h2>Assumere un sicario<\/h2>\n\t\t\n<style>\n#text-2850256977 {\n  font-size: 1.5rem;\n}\n<\/style>\n\t<\/div>\n\t\n<p>Siamo ex funzionari dei servizi segreti che forniscono servizi di omicidio a persone di tutte le et\u00e0, dai neonati agli anziani. Dopo essere stati accettati, vi sar\u00e0 richiesto di pagare un deposito prima dell'inizio del lavoro. I servizi di Hitman sono disponibili in molte nazioni del mondo, tra cui Stati Uniti, Russia, Australia, Cina e, naturalmente, Europa. Assumere un killer tramite noi \u00e8 semplice e sicuro. hitman a noleggio 2022<\/p>\n<h4 style=\"text-align: center;\">Assumere un killer<\/h4>\n<p>Chiaramente il migliore e il pi\u00f9 grande <b>noleggio<\/b> <b>a<\/b> <b>sicario<\/b> servizio in giro. Qualit\u00e0 eccellente e prezzi accessibili. Omicidio con sparo e fuga di una persona comune, ma anche uccisione di una persona importante armata o con guardie del corpo a disposizione, a seconda della difficolt\u00e0 dell'obiettivo.<\/p>\n<p><a href=\"https:\/\/buyaghostgun.com\/it\/contact\/\"><img decoding=\"async\" class=\"wp-image-569 size-full lazyload\" data-src=\"https:\/\/buyaghostgun.com\/wp-content\/uploads\/2022\/06\/Ghost-guns-for-sale-near-me-in-USA.png\" alt=\"Pistole fantasma in vendita vicino a me in USA\" width=\"151\" height=\"34\" src=\"data:image\/svg+xml;base64,PHN2ZyB3aWR0aD0iMSIgaGVpZ2h0PSIxIiB4bWxucz0iaHR0cDovL3d3dy53My5vcmcvMjAwMC9zdmciPjwvc3ZnPg==\" style=\"--smush-placeholder-width: 151px; --smush-placeholder-aspect-ratio: 151\/34;\" \/><\/a><\/p>\n<p>Ovunque vi troviate nel mondo, <a href=\"https:\/\/buyaghostgun.com\/it\/\">noi<\/a> \u00e8 a portata di smartphone! Siamo orgogliosamente presenti sul World Wide Web dal 2001 e abbiamo la pi\u00f9 grande rete di operatori sul campo al mondo! La vita pu\u00f2 essere frenetica, quindi richiedete oggi stesso la vostra consulenza gratuita! Uccidere una persona ritenuta colpevole Immagini e raccolta di prove Sorveglianza e controsorveglianza<\/p>\n<a href=\"https:\/\/buyaghostgun.com\/it\/assumere-un-killer-a-contratto-online\/\" target=\"_self\" class=\"button primary is-link\" style=\"padding:0 0px 0px 0px;\">\n    <span>Per saperne di pi\u00f9<\/span>\n  <i class=\"icon-angle-right\" ><\/i><\/a>\n\n\t\t<\/div>\n\t\t\t\t\n<style>\n#col-488384409 > .col-inner {\n  padding: 0px 0px 0px 0;\n}\n@media (min-width:850px) {\n  #col-488384409 > .col-inner {\n    padding: 0px 0px 0px 10%;\n  }\n}\n<\/style>\n\t<\/div>\n\n\t\n<\/div>\n\t\t<\/div>\n\n\t\t\n<style>\n#section_1721972459 {\n  padding-top: 40px;\n  padding-bottom: 40px;\n}\n#section_1721972459 .ux-shape-divider--top svg {\n  height: 150px;\n  --divider-top-width: 100%;\n}\n#section_1721972459 .ux-shape-divider--bottom svg {\n  height: 150px;\n  --divider-width: 100%;\n}\n@media (min-width:850px) {\n  #section_1721972459 {\n    padding-top: 70px;\n    padding-bottom: 70px;\n  }\n}\n<\/style>\n\t<\/section>","protected":false},"excerpt":{"rendered":"","protected":false},"author":1,"featured_media":562,"parent":0,"menu_order":0,"comment_status":"closed","ping_status":"closed","template":"page-transparent-header-light.php","meta":{"_acf_changed":false,"footnotes":""},"class_list":["post-90","page","type-page","status-publish","has-post-thumbnail","hentry"],"acf":[],"_links":{"self":[{"href":"https:\/\/buyaghostgun.com\/it\/wp-json\/wp\/v2\/pages\/90","targetHints":{"allow":["GET"]}}],"collection":[{"href":"https:\/\/buyaghostgun.com\/it\/wp-json\/wp\/v2\/pages"}],"about":[{"href":"https:\/\/buyaghostgun.com\/it\/wp-json\/wp\/v2\/types\/page"}],"author":[{"embeddable":true,"href":"https:\/\/buyaghostgun.com\/it\/wp-json\/wp\/v2\/users\/1"}],"replies":[{"embeddable":true,"href":"https:\/\/buyaghostgun.com\/it\/wp-json\/wp\/v2\/comments?post=90"}],"version-history":[{"count":15,"href":"https:\/\/buyaghostgun.com\/it\/wp-json\/wp\/v2\/pages\/90\/revisions"}],"predecessor-version":[{"id":571,"href":"https:\/\/buyaghostgun.com\/it\/wp-json\/wp\/v2\/pages\/90\/revisions\/571"}],"wp:featuredmedia":[{"embeddable":true,"href":"https:\/\/buyaghostgun.com\/it\/wp-json\/wp\/v2\/media\/562"}],"wp:attachment":[{"href":"https:\/\/buyaghostgun.com\/it\/wp-json\/wp\/v2\/media?parent=90"}],"curies":[{"name":"wp","href":"https:\/\/api.w.org\/{rel}","templated":true}]}}