{"id":88,"date":"2013-08-11T19:22:53","date_gmt":"2013-08-11T19:22:53","guid":{"rendered":"http:\/\/localhost:8888\/test\/?page_id=532"},"modified":"2025-10-22T16:57:48","modified_gmt":"2025-10-22T16:57:48","slug":"niewykrywalne-pistolety-widmo-na-sprzedaz","status":"publish","type":"page","link":"https:\/\/buyaghostgun.com\/pl\/niewykrywalne-pistolety-widmo-na-sprzedaz\/","title":{"rendered":"Kontakt"},"content":{"rendered":"<div class=\"row\"  id=\"row-1114061665\">\n\n\t<div id=\"col-743251558\" class=\"col medium-4 small-12 large-4\"  >\n\t\t\t\t<div class=\"col-inner\"  >\n\t\t\t\n\t\t\t\n\t<div id=\"gap-1014915536\" class=\"gap-element clearfix\" style=\"display:block; height:auto;\">\n\t\t\n<style>\n#gap-1014915536 {\n  padding-top: 179px;\n}\n<\/style>\n\t<\/div>\n\t\n<p>E-mail:<strong><span class=\"gI\">Buyaghostgun@gmail.com<\/span><\/strong><\/p>\n\t\t<\/div>\n\t\t\t\t\t<\/div>\n\n\t\n\n\t<div id=\"col-1157742770\" class=\"col medium-8 small-12 large-8\"  >\n\t\t\t\t<div class=\"col-inner\"  >\n\t\t\t\n\t\t\t\n\t<div id=\"gap-1457514904\" class=\"gap-element clearfix\" style=\"display:block; height:auto;\">\n\t\t\n<style>\n#gap-1457514904 {\n  padding-top: 155px;\n}\n<\/style>\n\t<\/div>\n\t\n\t\t<\/div>\n\t\t\t\t\t<\/div>\n\n\t\n<\/div>\n<h2 style=\"text-align: center;\"><span style=\"color: #000000;\">\u00a0 \u00a0 \u00a0 \u00a0 \u00a0 \u00a0 \u00a0 \u00a0 \u00a0 \u00a0 \u00a0 \u00a0 \u00a0 \u00a0 Niewykrywalne Ghost Guns na sprzeda\u017c<br \/>\n<\/span><\/h2>\n<p class=\"lead\" style=\"text-align: center;\"><span style=\"font-size: 80%;\">Dzia\u0142aj\u0105c w bran\u017cy broni palnej, rozumiemy znaczenie bezpiecze\u0144stwa. Naszym celem jest zapewnienie bezpiecznych zakup\u00f3w online w po\u0142\u0105czeniu z niezr\u00f3wnan\u0105 obs\u0142ug\u0105 klienta. Cenimy ka\u017cdego z naszych klient\u00f3w i jeste\u015bmy dumni z otrzymywanych opinii.<\/span><\/p>\n<p>Ghost guns na sprzeda\u017c w Denver za bitcoiny. Jeste\u015bmy punktem kompleksowej obs\u0142ugi dla wszystkich potrzeb zwi\u0105zanych z broni\u0105 paln\u0105. Sprawd\u017a nasz ogromny wyb\u00f3r broni od AR-15, AR-10, AK-47, karabin\u00f3w my\u015bliwskich, pistolet\u00f3w i strzelb najwy\u017cszej jako\u015bci marek. Niezale\u017cnie od tego, czy chodzi o polowanie, obron\u0119 domu, czy ukryte noszenie, mo\u017cemy pom\u00f3c Ci znale\u017a\u0107 idealn\u0105 bro\u0144 paln\u0105 ju\u017c dzi\u015b. Przejrzyj nasz\u0105 ofert\u0119 u\u017cywanej broni, aby znale\u017a\u0107 \u015bwietne okazje na pistolety, strzelby, karabiny i nie tylko. Wsp\u00f3\u0142pracujemy zar\u00f3wno z lokalnymi dealerami, jak i indywidualnymi kolekcjonerami broni. Pistolety duchy na sprzeda\u017c sklep Denver.<\/p>\n<p>Pistolety duchy na sprzeda\u017c w Denver i Teksasie<\/p>\n<p>Je\u015bli szukasz najlepszej broni do obrony domu, karabinu na dzie\u0144 na strzelnicy lub najlepszego ukrytego pistoletu, Cheaper Than Dirt! jest w\u0142a\u015bciwym miejscem do rozpocz\u0119cia. Dzi\u0119ki ogromnemu wyborowi broni palnej w najlepszych cenach, mo\u017cesz kupowa\u0107 karabiny, pistolety, strzelby i taktyczn\u0105 bro\u0144 paln\u0105 najlepszych marek, takich jak DPMS, GLOCK,<\/p>\n<p>&lt;&gt;, Taurus, Mossberg, Remington i inne. Ponadto posiadamy p\u00f3\u0142automatyczne pistolety, rewolwery, AK-47 i AR-15 przeznaczone do szerokiej gamy cel\u00f3w. Oferujemy tylko najlepsz\u0105 bro\u0144 od najbardziej zaufanych producent\u00f3w, dzi\u0119ki czemu mo\u017cesz mie\u0107 pe\u0142ne zaufanie do swojego zakupu. Zapoznaj si\u0119 z nasz\u0105 ofert\u0105 wysokiej jako\u015bci broni palnej ju\u017c dzi\u015b i przygotuj si\u0119 na znalezienie wymarzonej broni. Gdzie mog\u0119 dosta\u0107 bro\u0144 Ghost na sprzeda\u017c Denver.<\/p>\n<p>Pistolety duchy na sprzeda\u017c w Kalifornii tanio<\/p>\n<p>Pistolety Ghost na sprzeda\u017c w Kalifornii tanio blisko mnie. Doskona\u0142y do noszenia w ukryciu i ochrony domu, mamy pistolet dla ka\u017cdego, niezale\u017cnie od tego, czy jeste\u015b pocz\u0105tkuj\u0105cym posiadaczem broni, czy do\u015bwiadczonym strzelcem. Oferujemy p\u00f3\u0142automaty, rewolwery, pistolety samopowtarzalne i nie tylko, z wieloma opcjami dla ka\u017cdego bud\u017cetu i poziomu umiej\u0119tno\u015bci. Ponadto posiadamy szerok\u0105 gam\u0119 \u015bwietnych pistolet\u00f3w obronnych, pistolet\u00f3w do ukrycia, a tak\u017ce pistolet\u00f3w docelowych. Posiadamy pistolety najlepszych producent\u00f3w, takich jak GLOCK, Springfield Armory, Ruger i SIG Sauer. Cheaper Than Dirt! ma najwi\u0119kszy wyb\u00f3r pistolet\u00f3w na sprzeda\u017c online. Zapoznaj si\u0119 z nasz\u0105 ofert\u0105 wysokiej jako\u015bci pistolet\u00f3w ju\u017c dzi\u015b i przygotuj si\u0119 na znalezienie wymarzonego pistoletu. <a href=\"https:\/\/buyaghostgun.com\/pl\/product-category\/karabiny-maszynowe-ghost-na-sprzedaz\/\">Ghost guns na sprzeda\u017c w Kalifornii tanio za pobraniem<\/a>.<\/p>\n<p>Staramy si\u0119 by\u0107 Twoim specjalist\u0105 od karabin\u00f3w, oferuj\u0105c niedrog\u0105 i wytrzyma\u0142\u0105 bro\u0144 paln\u0105 najlepszych marek, takich jak Remington, Winchester, Ruger, Browning i Savage. Znajdziesz u nas karabiny AR-15, karabiny rimfire, karabiny AK-47, karabiny my\u015bliwskie i wiele wi\u0119cej w magazynie i gotowe do wysy\u0142ki. Mamy opcje dla praktycznie ka\u017cdego zainteresowania i kalibru karabinu. Tak wi\u0119c, niezale\u017cnie od tego, czy Twoim celem jest strzelectwo sportowe, samoobrona, polowanie czy strzelanie do celu, mo\u017cesz zdoby\u0107 odpowiedni\u0105 bro\u0144 w odpowiedniej cenie. Gdzie mo\u017cna tanio kupi\u0107 pistolety Ghost na sprzeda\u017c w Kalifornii? <a href=\"https:\/\/duckduckgo.com\/\" target=\"_blank\" rel=\"noopener\">.<\/a><\/p>\n<h2 style=\"text-align: center;\">Kup karabiny online USA<\/h2>\n<p>Kupuj karabiny online w USA za pomoc\u0105 bitcoin\u00f3w. Nasi eksperci bran\u017cowi odpowiedz\u0105 na wszystkie pytania, zaoferuj\u0105 konkurencyjne ceny rynkowe, super szybk\u0105 wysy\u0142k\u0119 i doskona\u0142\u0105 obs\u0142ug\u0119 klienta. Ghost guns for sale jest powszechnie znan\u0105 mark\u0105 dzi\u0119ki szeroko zakrojonym dzia\u0142aniom marketingowym; wysy\u0142amy miliony katalog\u00f3w rocznie i otrzymujemy miliony odwiedzaj\u0105cych miesi\u0119cznie nasz\u0105 stron\u0119 internetow\u0105. Zakres oferowanych produkt\u00f3w rozci\u0105ga si\u0119 na wiele kategorii z setkami tysi\u0119cy produkt\u00f3w w magazynie i gotowych do natychmiastowej wysy\u0142ki. Kup karabiny online USA<\/p>\n<p>Niezale\u017cnie od tego, czy jeste\u015b kupuj\u0105cym po raz pierwszy, czy nie, nasz ogromny wyb\u00f3r broni online w po\u0142\u0105czeniu z naszymi prostymi krokami, jak kupi\u0107 bro\u0144 online w najlepszym miejscu do zakup\u00f3w broni. Skorzystaj z naszego niezr\u00f3wnanego wyboru pistolet\u00f3w, karabin\u00f3w i strzelb od najlepszych producent\u00f3w w bran\u017cy. Je\u015bli chcesz kupi\u0107 karabiny, to trafi\u0142e\u015b we w\u0142a\u015bciwe miejsce. Jeste\u015bmy najwi\u0119kszym na \u015bwiecie serwisem aukcyjnym broni i mamy du\u017cy wyb\u00f3r wszystkich rodzaj\u00f3w karabin\u00f3w na sprzeda\u017c. Ka\u017cdego dnia sprzedawcy z ca\u0142ego kraju wystawiaj\u0105 nowe karabiny do polowania, obrony domu, strzelectwa sportowego lub po prostu najnowszy dodatek do domu. Kupuj karabiny online w sklepie USA.<\/p>\n<h3 style=\"text-align: center;\">Kup karabiny online na stronie USA<\/h3>\n<p>Karabin to bro\u0144 palna o d\u0142ugiej lufie zaprojektowana do celnego strzelania, z luf\u0105, kt\u00f3ra ma spiralny wz\u00f3r rowk\u00f3w (gwintowanie) wyci\u0119tych w \u015bciance otworu. Zgodnie ze swoim naciskiem na celno\u015b\u0107, karabiny s\u0105 zwykle zaprojektowane do trzymania obiema r\u0119kami i mocno oparte o rami\u0119 strzelca za pomoc\u0105 kolby, aby zapewni\u0107 stabilno\u015b\u0107 podczas strzelania. Karabiny s\u0105 szeroko stosowane w dzia\u0142aniach wojennych, samoobronie, egzekwowaniu prawa, przest\u0119pczo\u015bci (zw\u0142aszcza w zab\u00f3jstwach), <a href=\"https:\/\/en.wikipedia.org\/wiki\/Hunting\" target=\"_blank\" rel=\"noopener\">polowanie<\/a>, i sporty strzeleckie. Kup karabiny online na stronie USA.<\/p>\n<p>Termin ten pierwotnie brzmia\u0142 rifled gun, a czasownik rifle odnosi\u0142 si\u0119 do wczesnego nowoczesnego procesu obr\u00f3bki polegaj\u0105cego na tworzeniu rowk\u00f3w za pomoc\u0105 narz\u0119dzi tn\u0105cych. W XX wieku bro\u0144 ta sta\u0142a si\u0119 tak powszechna, \u017ce wsp\u00f3\u0142czesny rzeczownik karabin jest obecnie cz\u0119sto u\u017cywany w odniesieniu do ka\u017cdej r\u0119cznej broni dystansowej o d\u0142ugim kszta\u0142cie, zaprojektowanej do celnego wy\u0142adowania aktywowanego spustem (np. karabin zatrzymuj\u0105cy i stymuluj\u0105cy personel, kt\u00f3ry w rzeczywisto\u015bci jest laserowym o\u015blepiaczem). Gdzie kupi\u0107 karabiny online USA. Ghost gun kit 45 . <span class=\"tagify__tag-text\" contenteditable=\"true\">Niewykrywalne Ghost Guns na sprzeda\u017c<\/span> Online.<\/p>\n<div class=\"row\"  id=\"row-845137783\">\n\n\t<div id=\"col-1005099688\" class=\"col medium-4 small-12 large-4\"  >\n\t\t\t\t<div class=\"col-inner\"  >\n\t\t\t\n\t\t\t\n<h4 style=\"text-align: center;\"><span style=\"color: #00ccff;\"><strong>Kup nieserializowan\u0105 bro\u0144 paln\u0105 online<\/strong><\/span><\/h4>\n<p style=\"text-align: center;\">Zapewniamy szybk\u0105 i \u0142atw\u0105 wysy\u0142k\u0119 do lokalnego FFL.<\/p>\n<p><b>Duch<\/b> <b>pistolety<\/b> <b>dla<\/b> <b>sprzeda\u017c<\/b> to najlepsza na \u015bwiecie strona internetowa po\u015bwi\u0119cona najnowszej broni i amunicji. Kup teraz <a href=\"https:\/\/buyaghostgun.com\/pl\/product-category\/karabiny-maszynowe-ghost-na-sprzedaz\/\">Maszyna <b>pistolety<\/b> <b>dla<\/b> <b>sprzeda\u017c<\/b><\/a> online <b>Duch<\/b> <b>pistolety<\/b> <b>dla<\/b> <b>sprzeda\u017c<\/b> sprawi\u0142, \u017ce zakupy maszyn <b>pistolety<\/b> mniej monotonn\u0105 czynno\u015b\u0107, oferuj\u0105c wyb\u00f3r maszyn <b>pistolety<\/b> dost\u0119pne do zakupu online. <a href=\"https:\/\/buyaghostgun.com\/pl\/product-category\/pistolety-duchy-na-sprzedaz-2\/\">Kup teraz Karabiny dla <b>sprzeda\u017c<\/b> online<\/a>.<\/p>\n<figure id=\"attachment_619\" aria-describedby=\"caption-attachment-619\" style=\"width: 447px\" class=\"wp-caption aligncenter\"><img decoding=\"async\" class=\"wp-image-619 lazyload\" data-src=\"https:\/\/buyaghostgun.com\/wp-content\/uploads\/2022\/07\/Buy-Unserialized-Firearms-Online.jpg\" alt=\"Kup nieserializowan\u0105 bro\u0144 paln\u0105 online\" width=\"447\" height=\"183\" data-srcset=\"https:\/\/buyaghostgun.com\/wp-content\/uploads\/2022\/07\/Buy-Unserialized-Firearms-Online.jpg 612w, https:\/\/buyaghostgun.com\/wp-content\/uploads\/2022\/07\/Buy-Unserialized-Firearms-Online-500x205.jpg 500w\" data-sizes=\"(max-width: 447px) 100vw, 447px\" src=\"data:image\/svg+xml;base64,PHN2ZyB3aWR0aD0iMSIgaGVpZ2h0PSIxIiB4bWxucz0iaHR0cDovL3d3dy53My5vcmcvMjAwMC9zdmciPjwvc3ZnPg==\" style=\"--smush-placeholder-width: 447px; --smush-placeholder-aspect-ratio: 447\/183;\" \/><figcaption id=\"caption-attachment-619\" class=\"wp-caption-text\">Kup nieserializowan\u0105 bro\u0144 paln\u0105 online<\/figcaption><\/figure>\n\t\t<\/div>\n\t\t\t\t\t<\/div>\n\n\t\n\n\t<div id=\"col-1525428282\" class=\"col medium-4 small-12 large-4\"  >\n\t\t\t\t<div class=\"col-inner\"  >\n\t\t\t\n\t\t\t\n<h4 style=\"text-align: center;\"><strong><span style=\"color: #00ccff;\">Kup Untraceable Ghost Guns online<br \/>\n<\/span><\/strong><\/h4>\n<p style=\"text-align: center;\">Tutaj <a href=\"https:\/\/buyaghostgun.com\/pl\/\">Buyaghostgun.com<\/a> staramy si\u0119 mie\u0107 najbardziej bezkonkurencyjne ceny ni\u017c jakakolwiek inna strona.<\/p>\n<p>Jako wiod\u0105ce \u017ar\u00f3d\u0142o broni r\u0119cznej online dla <b>sprzeda\u017c<\/b>, <a href=\"https:\/\/buyaghostgun.com\/pl\/pistolety-duchy-na-sprzedaz\/\"><b>Duch<\/b> <b>pistolety<\/b> <b>dla<\/b> <b>sprzeda\u017c<\/b><\/a> przynosi nieserializowane i <b>niewykrywalny<\/b> pistolety p\u00f3\u0142automatyczne wiod\u0105cych marek z wieloletnim do\u015bwiadczeniem. Kupuj\u0105c u nas pistolety online, masz wyb\u00f3r, kt\u00f3ry zapewni Ci sukces broni kr\u00f3tkiej. Do\u015bwiadczenie naszych producent\u00f3w \u0142\u0105czy si\u0119 z zaawansowan\u0105 technologi\u0105, zapewniaj\u0105c podwy\u017cszone standardy. Ghost gun bill 2022<\/p>\n<figure id=\"attachment_616\" aria-describedby=\"caption-attachment-616\" style=\"width: 361px\" class=\"wp-caption aligncenter\"><img decoding=\"async\" class=\"wp-image-616 lazyload\" data-src=\"https:\/\/buyaghostgun.com\/wp-content\/uploads\/2022\/07\/Buy-Untraceable-Ghost-Guns-Online-578x400.png\" alt=\"Kup Untraceable Ghost Guns online\" width=\"361\" height=\"250\" data-srcset=\"https:\/\/buyaghostgun.com\/wp-content\/uploads\/2022\/07\/Buy-Untraceable-Ghost-Guns-Online-578x400.png 578w, https:\/\/buyaghostgun.com\/wp-content\/uploads\/2022\/07\/Buy-Untraceable-Ghost-Guns-Online-500x346.png 500w, https:\/\/buyaghostgun.com\/wp-content\/uploads\/2022\/07\/Buy-Untraceable-Ghost-Guns-Online.png 727w\" data-sizes=\"(max-width: 361px) 100vw, 361px\" src=\"data:image\/svg+xml;base64,PHN2ZyB3aWR0aD0iMSIgaGVpZ2h0PSIxIiB4bWxucz0iaHR0cDovL3d3dy53My5vcmcvMjAwMC9zdmciPjwvc3ZnPg==\" style=\"--smush-placeholder-width: 361px; --smush-placeholder-aspect-ratio: 361\/250;\" \/><figcaption id=\"caption-attachment-616\" class=\"wp-caption-text\">Kup Untraceable Ghost Guns online<\/figcaption><\/figure>\n\t\t<\/div>\n\t\t\t\t\t<\/div>\n\n\t\n\n\t<div id=\"col-4146506\" class=\"col medium-4 small-12 large-4\"  >\n\t\t\t\t<div class=\"col-inner\"  >\n\t\t\t\n\t\t\t\n<h4 style=\"text-align: center;\"><strong><span style=\"color: #00ccff;\">Pistolety duchy na sprzeda\u017c<\/span><\/strong><\/h4>\n<p style=\"text-align: center;\">Zastosowanie najnowszych technologii w celu zapewnienia bezpiecznych transakcji dla ka\u017cdego zakupu klienta.<\/p>\n<p>Nasz <b>Niewykrywalny<\/b> Bro\u0144, t\u0142umiki i amunicja s\u0105 dostarczane w standardowych opakowaniach, a tak\u017ce w naszych opakowaniach Prepper, kt\u00f3re chroni\u0105 twoje <b>Niewykrywalny<\/b> Amunicja przed wilgoci\u0105, powietrzem i korozj\u0105. Pistolety Automatic Depot maj\u0105 luzem <b>Niewykrywalny<\/b> Pistolety automatyczne we wszystkich popularnych i powszechnych kalibrach dla <b>Niewykrywalny<\/b> pistolety, karabiny i <b>Niewykrywalny<\/b> strzelby. <b>Niewykrywalny<\/b> <b>Duch<\/b> <b>Pistolet<\/b> <b>dla<\/b> <b>sprzeda\u017c<\/b><\/p>\n<figure id=\"attachment_614\" aria-describedby=\"caption-attachment-614\" style=\"width: 314px\" class=\"wp-caption aligncenter\"><img decoding=\"async\" class=\"wp-image-614 lazyload\" data-src=\"https:\/\/buyaghostgun.com\/wp-content\/uploads\/2022\/07\/Rifles-for-sale-online-600x400.jpg\" alt=\"Karabiny na sprzeda\u017c online\" width=\"314\" height=\"209\" data-srcset=\"https:\/\/buyaghostgun.com\/wp-content\/uploads\/2022\/07\/Rifles-for-sale-online-600x400.jpg 600w, https:\/\/buyaghostgun.com\/wp-content\/uploads\/2022\/07\/Rifles-for-sale-online-500x333.jpg 500w, https:\/\/buyaghostgun.com\/wp-content\/uploads\/2022\/07\/Rifles-for-sale-online.jpg 612w\" data-sizes=\"(max-width: 314px) 100vw, 314px\" src=\"data:image\/svg+xml;base64,PHN2ZyB3aWR0aD0iMSIgaGVpZ2h0PSIxIiB4bWxucz0iaHR0cDovL3d3dy53My5vcmcvMjAwMC9zdmciPjwvc3ZnPg==\" style=\"--smush-placeholder-width: 314px; --smush-placeholder-aspect-ratio: 314\/209;\" \/><figcaption id=\"caption-attachment-614\" class=\"wp-caption-text\">Karabiny na sprzeda\u017c online<\/figcaption><\/figure>\n\t\t<\/div>\n\t\t\t\t\t<\/div>\n\n\t\n<\/div>\n<h2 class=\"uppercase\" style=\"text-align: center;\"><strong>Twoje bezpiecze\u0144stwo jest naszym priorytetem<\/strong><\/h2>","protected":false},"excerpt":{"rendered":"<p>\u00a0 \u00a0 \u00a0 \u00a0 \u00a0 \u00a0 \u00a0 \u00a0 \u00a0 \u00a0 \u00a0 \u00a0 \u00a0 \u00a0 Untraceable Ghost Guns For Sale Being in the firearms industry we understand the importance of security. Our goal is to provide you with a safe and secure online shopping experience combined with unmatched customer service.We value each and every one of [&#8230;]","protected":false},"author":1,"featured_media":612,"parent":0,"menu_order":0,"comment_status":"closed","ping_status":"closed","template":"page-blank.php","meta":{"_acf_changed":false,"footnotes":""},"class_list":["post-88","page","type-page","status-publish","has-post-thumbnail","hentry"],"acf":[],"_links":{"self":[{"href":"https:\/\/buyaghostgun.com\/pl\/wp-json\/wp\/v2\/pages\/88","targetHints":{"allow":["GET"]}}],"collection":[{"href":"https:\/\/buyaghostgun.com\/pl\/wp-json\/wp\/v2\/pages"}],"about":[{"href":"https:\/\/buyaghostgun.com\/pl\/wp-json\/wp\/v2\/types\/page"}],"author":[{"embeddable":true,"href":"https:\/\/buyaghostgun.com\/pl\/wp-json\/wp\/v2\/users\/1"}],"replies":[{"embeddable":true,"href":"https:\/\/buyaghostgun.com\/pl\/wp-json\/wp\/v2\/comments?post=88"}],"version-history":[{"count":22,"href":"https:\/\/buyaghostgun.com\/pl\/wp-json\/wp\/v2\/pages\/88\/revisions"}],"predecessor-version":[{"id":806,"href":"https:\/\/buyaghostgun.com\/pl\/wp-json\/wp\/v2\/pages\/88\/revisions\/806"}],"wp:featuredmedia":[{"embeddable":true,"href":"https:\/\/buyaghostgun.com\/pl\/wp-json\/wp\/v2\/media\/612"}],"wp:attachment":[{"href":"https:\/\/buyaghostgun.com\/pl\/wp-json\/wp\/v2\/media?parent=88"}],"curies":[{"name":"wp","href":"https:\/\/api.w.org\/{rel}","templated":true}]}}