{"id":90,"date":"2013-08-11T19:06:15","date_gmt":"2013-08-11T19:06:15","guid":{"rendered":"http:\/\/localhost:8888\/test\/?page_id=520"},"modified":"2022-06-25T10:55:06","modified_gmt":"2022-06-25T10:55:06","slug":"kup-online-pistolety-duchy","status":"publish","type":"page","link":"https:\/\/buyaghostgun.com\/pl\/kup-online-pistolety-duchy\/","title":{"rendered":"O"},"content":{"rendered":"<div class=\"banner has-hover has-parallax\" id=\"banner-1819592721\">\n          <div class=\"banner-inner fill\">\n        <div class=\"banner-bg fill\" data-parallax=\"-3\" data-parallax-container=\".banner\" data-parallax-background>\n            <div class=\"bg fill bg-fill\"><\/div>\n                        <div class=\"overlay\"><\/div>            \n                    <\/div>\n\t\t\n        <div class=\"banner-layers container\">\n            <div class=\"fill banner-link\"><\/div>            \n   <div id=\"text-box-850547578\" class=\"text-box banner-layer x50 md-x50 lg-x50 y80 md-y80 lg-y80 res-text\">\n                                <div class=\"text-box-content text dark\">\n              \n              <div class=\"text-inner text-center\">\n                  \n<h1 class=\"lead\">O nas<\/h1>\n<p class=\"lead\">Je\u015bli Twoimi s\u0142owami kluczowymi s\u0105 profesjonalizm i anonimowo\u015b\u0107, jeste\u015b we w\u0142a\u015bciwym miejscu.<\/p>\n<p><span style=\"font-size: 115%;\">Oferujemy niewykrywaln\u0105, nieuregulowan\u0105 i niezserializowan\u0105 bro\u0144 paln\u0105 w przyst\u0119pnych cenach, a tak\u017ce us\u0142ug\u0119 100% Discrete Hitman. .<\/span><\/p>\n              <\/div>\n           <\/div>\n                            \n<style>\n#text-box-850547578 {\n  width: 60%;\n}\n#text-box-850547578 .text-box-content {\n  font-size: 100%;\n}\n<\/style>\n    <\/div>\n \n        <\/div>\n      <\/div>\n\n            \n<style>\n#banner-1819592721 {\n  padding-top: 507px;\n}\n#banner-1819592721 .bg.bg-loaded {\n  background-image: url(https:\/\/buyaghostgun.com\/wp-content\/uploads\/2022\/06\/Ghost-guns-for-sale-around-me.jpg);\n}\n#banner-1819592721 .overlay {\n  background-color: rgba(0, 0, 0, 0.49);\n}\n#banner-1819592721 .ux-shape-divider--top svg {\n  height: 150px;\n  --divider-top-width: 100%;\n}\n#banner-1819592721 .ux-shape-divider--bottom svg {\n  height: 150px;\n  --divider-width: 100%;\n}\n<\/style>\n  <\/div>\n\n\n\t<section class=\"section\" id=\"section_879680040\">\n\t\t<div class=\"bg section-bg fill bg-fill  bg-loaded\" >\n\n\t\t\t\n\t\t\t\n\t\t\t\n\n\t\t<\/div>\n\n\t\t\n\n\t\t<div class=\"section-content relative\">\n\t\t\t\n<div class=\"row align-middle\"  id=\"row-753076049\">\n\n\t<div id=\"col-123267455\" class=\"col medium-5 small-12 large-5\"  >\n\t\t\t\t<div class=\"col-inner\"  >\n\t\t\t\n\t\t\t\n\n  <div class=\"banner has-hover\" id=\"banner-1114958077\">\n          <div class=\"banner-inner fill\">\n        <div class=\"banner-bg fill\" >\n            <div class=\"bg fill bg-fill\"><\/div>\n                                    \n                    <\/div>\n\t\t\n        <div class=\"banner-layers container\">\n            <div class=\"fill banner-link\"><\/div>            \n        <\/div>\n      <\/div>\n\n            \n<style>\n#banner-1114958077 {\n  padding-top: 400px;\n  background-color: rgb(255, 255, 255);\n}\n#banner-1114958077 .bg.bg-loaded {\n  background-image: url(https:\/\/buyaghostgun.com\/wp-content\/uploads\/2022\/06\/Ghost-guns-for-sale-with-bitcoin-1.jpg);\n}\n#banner-1114958077 .ux-shape-divider--top svg {\n  height: 150px;\n  --divider-top-width: 100%;\n}\n#banner-1114958077 .ux-shape-divider--bottom svg {\n  height: 150px;\n  --divider-width: 100%;\n}\n@media (min-width:550px) {\n  #banner-1114958077 {\n    padding-top: 600px;\n  }\n}\n<\/style>\n  <\/div>\n\n\n\t\t<\/div>\n\t\t\t\t\t<\/div>\n\n\t\n\n\t<div id=\"col-1450268497\" class=\"col medium-7 small-12 large-7\"  >\n\t\t\t\t<div class=\"col-inner\"  >\n\t\t\t\n\t\t\t\n\t<div id=\"text-1796152770\" class=\"text\">\n\t\t\n<h3>Kup Ghost Guns online<\/h3>\n\t\t\n<style>\n#text-1796152770 {\n  font-size: 2.5rem;\n  line-height: 0.75;\n}\n<\/style>\n\t<\/div>\n\t\n<p><strong>Ghost Guns na sprzeda\u017c | Kup niewykrywaln\u0105 bro\u0144 paln\u0105 online | Kup karabiny maszynowe online | Gdzie mog\u0119 kupi\u0107 Ghost Guns | Kup Ghost Guns online<br \/>\n<\/strong><\/p>\n<p>Pistolety duchy to nieuregulowana bro\u0144 palna. Zam\u00f3w niewykrywaln\u0105 bro\u0144 paln\u0105 online do swoich operacji. Tutaj mo\u017cesz uzyska\u0107 niewykrywalne pistolety maszynowe, karabiny i pistolety 9 mm na sprzeda\u017c online i lokalnie bardzo tanio za pomoc\u0105 bitcoin\u00f3w i innych kryptowalut. Nasza bro\u0144 palna nie ma numeru seryjnego i nie mo\u017cna jej \u015bledzi\u0107, poniewa\u017c jest montowana w domu z cz\u0119\u015bci zakupionych bez sprawdzania przesz\u0142o\u015bci. <a href=\"https:\/\/buyaghostgun.com\/pl\/product-category\/karabiny-duchy-na-sprzedaz\/\">Gdzie mog\u0119 kupi\u0107 pistolety Ghost na sprzeda\u017c w pobli\u017cu?<\/a> .<\/p>\n<h4 style=\"text-align: center;\"><span class=\"tagify__tag-text\" contenteditable=\"true\">Kup niewykrywalne pistolety widmo<\/span><\/h4>\n<p>Amerykanie maj\u0105 prawo do posiadania i noszenia broni. Mamy r\u00f3wnie\u017c prawo j\u0105 budowa\u0107 i sprzedawa\u0107. Sprzedajemy 80 procent odbiornik\u00f3w, szkielet\u00f3w, cholewek, kolb i zestaw\u00f3w dolnych cz\u0119\u015bci do wyko\u0144czenia ka\u017cdego systemu broni DIY na rynku. Przedmioty, kt\u00f3re nosimy, to te, kt\u00f3rych sami u\u017cywamy. Ghost guns na sprzeda\u017c blisko mnie w Denver.<\/p>\n<p>Nasza dzia\u0142alno\u015b\u0107 opiera si\u0119 w ca\u0142o\u015bci na Stanach Zjednoczonych i s\u0142u\u017cy zar\u00f3wno obywatelom, \u017co\u0142nierzom, jak i organom \u015bcigania. Nasze produkty s\u0105 sprzedawane w ca\u0142o\u015bci na naszej stronie internetowej, gdzie oferujemy ca\u0142odobowe wsparcie e-mailowe. Dbamy o tolerancje i odpowiednie komponenty, dlatego wsp\u00f3\u0142pracujemy bezpo\u015brednio z producentami i importerami, aby zaopatrywa\u0107 si\u0119 w najwy\u017cszej jako\u015bci odbiorniki AK47 i 308 80% na rynku. Ponadto sprzedajemy \u0142atwe w u\u017cyciu przyrz\u0105dy, uchwyty i sprz\u0119t CNC do wykonywania konstrukcji na ka\u017cdym poziomie zaawansowania. <a href=\"https:\/\/buyaghostgun.com\/pl\/pistolety-duchy-na-sprzedaz\/\">Pistolety duchy na sprzeda\u017c blisko mnie na Florydzie<\/a>.<\/p>\n<a href=\"https:\/\/buyaghostgun.com\/pl\/pistolety-duchy-na-sprzedaz\/\" target=\"_self\" class=\"button secondary\"  style=\"border-radius:5px;padding:6px 30px 6px 30px;\">\n    <span>Zam\u00f3w bro\u0144<\/span>\n  <\/a>\n\n\t\t<\/div>\n\t\t\t\t\n<style>\n#col-1450268497 > .col-inner {\n  padding: 0px 1% 0px 1%;\n}\n@media (min-width:550px) {\n  #col-1450268497 > .col-inner {\n    padding: 0px 2% 0px 2%;\n  }\n}\n@media (min-width:850px) {\n  #col-1450268497 > .col-inner {\n    padding: 0px 0px 0px 10%;\n  }\n}\n<\/style>\n\t<\/div>\n\n\t\n<\/div>\n\t\t<\/div>\n\n\t\t\n<style>\n#section_879680040 {\n  padding-top: 30px;\n  padding-bottom: 30px;\n}\n#section_879680040 .ux-shape-divider--top svg {\n  height: 150px;\n  --divider-top-width: 100%;\n}\n#section_879680040 .ux-shape-divider--bottom svg {\n  height: 150px;\n  --divider-width: 100%;\n}\n<\/style>\n\t<\/section>\n\t\n<div class=\"row\"  id=\"row-505689504\">\n\n\t<div id=\"col-1819049082\" class=\"col small-12 large-12\"  >\n\t\t\t\t<div class=\"col-inner\"  >\n\t\t\t\n\t\t\t\n<h2 class=\"lead text-center\" style=\"text-align: center;\">Kup karabiny maszynowe online<\/h2>\n<p>Og\u00f3lnie rzecz bior\u0105c, \u201cbro\u0144-widmo\u201d to ka\u017cdy rodzaj broni palnej wykonanej w domu z materia\u0142\u00f3w, kt\u00f3re nie s\u0105 jeszcze uwa\u017cane za bro\u0144 paln\u0105 w \u015bwietle prawa. Nie ma dok\u0142adnych, legalnych definicji \u201codbiornik\u00f3w 80%\u201d lub \u201cniedoko\u0144czonej broni palnej\u201d, ale pistolety-widma s\u0105 najcz\u0119\u015bciej z nich wykonane. Kupuj karabiny maszynowe online za pomoc\u0105 BTC <a href=\"https:\/\/duckduckgo.com\/\" target=\"_blank\" rel=\"noopener\">.<\/a><\/p>\n<figure id=\"attachment_565\" aria-describedby=\"caption-attachment-565\" style=\"width: 493px\" class=\"wp-caption alignright\"><img decoding=\"async\" class=\"size-full wp-image-565 lazyload\" data-src=\"https:\/\/buyaghostgun.com\/wp-content\/uploads\/2022\/06\/Buy-untraceable-ghost-guns.png\" alt=\"Kup niewykrywalne pistolety widmo\" width=\"493\" height=\"300\" src=\"data:image\/svg+xml;base64,PHN2ZyB3aWR0aD0iMSIgaGVpZ2h0PSIxIiB4bWxucz0iaHR0cDovL3d3dy53My5vcmcvMjAwMC9zdmciPjwvc3ZnPg==\" style=\"--smush-placeholder-width: 493px; --smush-placeholder-aspect-ratio: 493\/300;\" \/><figcaption id=\"caption-attachment-565\" class=\"wp-caption-text\">Kup niewykrywalne pistolety widmo<\/figcaption><\/figure>\n<p>Media i politycy chcieliby szerzy\u0107 b\u0142\u0119dne przekonanie, \u017ce jedynym legalnym sposobem nabycia broni jest zakup od producenta lub dealera. Je\u015bli rozwa\u017casz zbudowanie broni palnej bez numeru seryjnego, Twoim obowi\u0105zkiem jest zrozumienie odpowiednich przepis\u00f3w federalnych i stanowych, kt\u00f3re reguluj\u0105 Twoj\u0105 szczeg\u00f3ln\u0105 sytuacj\u0119. Prawo federalne wymaga numer\u00f3w seryjnych tylko dla broni palnej produkowanej komercyjnie. Amerykanie zawsze, z ograniczonymi wyj\u0105tkami stanowymi i miejskimi, wytwarzali w\u0142asn\u0105 bro\u0144 paln\u0105 w domu. <a href=\"https:\/\/buyaghostgun.com\/pl\/product-category\/karabiny-maszynowe-ghost-na-sprzedaz\/\">Gdzie kupi\u0107 karabiny maszynowe online?<\/a>.<\/p>\n<h2 style=\"text-align: center;\">Gdzie kupi\u0107 karabiny maszynowe w Stanach Zjednoczonych<\/h2>\n<p>Gdzie dyskretnie kupi\u0107 karabiny maszynowe w Stanach Zjednoczonych; jeste\u015bmy w\u0142a\u015bciwym miejscem. W Stanach Zjednoczonych pistolety maszynowe s\u0105 klasyfikowane jako bro\u0144 tytu\u0142u II. Innymi s\u0142owy, s\u0105 one uwa\u017cane za bro\u0144 paln\u0105 \u201cz ograniczeniami\u201d i musz\u0105 by\u0107 zarejestrowane w Biurze Alkoholu, Tytoniu, Broni Palnej i Materia\u0142\u00f3w Wybuchowych (ATF). Istnieje jednak luka w ameryka\u0144skim prawie, kt\u00f3ra pozwala prywatnym obywatelom na posiadanie pistolet\u00f3w maszynowych wyprodukowanych przed 1986 rokiem, je\u015bli zosta\u0142y one zatwierdzone przez ATF. Gdzie kupi\u0107 pistolety maszynowe w Stanach Zjednoczonych COD.<\/p>\n<p>Karabin maszynowy to samopowtarzalna, d\u0142ugolufowa bro\u0144 automatyczna przeznaczona do prowadzenia ci\u0105g\u0142ego ognia bezpo\u015bredniego przy u\u017cyciu naboj\u00f3w z pe\u0142n\u0105 moc\u0105. Inna automatyczna bro\u0144 palna, taka jak karabiny szturmowe i karabiny automatyczne, jest zwykle przeznaczona raczej do strzelania kr\u00f3tkimi seriami ni\u017c do ci\u0105g\u0142ego prowadzenia ognia i nie jest uwa\u017cana za bro\u0144 maszynow\u0105. Bro\u0144 automatyczna oddzia\u0142u, kt\u00f3ra strzela tym samym (zwykle o \u015bredniej mocy) nabojem u\u017cywanym przez innych strzelc\u00f3w z tej samej jednostki bojowej, jest funkcjonalnie lekkimi karabinami maszynowymi, cho\u0107 nie jest tak nazywana. Pistolety maszynowe, kt\u00f3re s\u0105 zdolne do ci\u0105g\u0142ego szybkiego ognia, ale u\u017cywaj\u0105 naboj\u00f3w pistoletowych, r\u00f3wnie\u017c nie s\u0105 technicznie uwa\u017cane za prawdziwe pistolety maszynowe. Karabiny maszynowe mo\u017cna kupi\u0107 w ciemnej sieci. <a href=\"https:\/\/buyaghostgun.com\/pl\/contact\/\"><strong>KONTAKT<\/strong><\/a><\/p>\n<h2 style=\"text-align: center;\">Pistolety duchy na sprzeda\u017c blisko mnie w USA<\/h2>\n<p>W 37 stanach mo\u017cna dzi\u015b kupi\u0107 pistolet maszynowy. Nie jest to jednak tak proste, jak udanie si\u0119 do lokalnego sklepu z broni\u0105 lub nawet na pokaz broni. Pistolety maszynowe s\u0105 legalne na poziomie federalnym, ale podlegaj\u0105 \u015bcis\u0142ym regulacjom. Wynika to z ustawy National Firearms Act z 1934 roku (NFA), kt\u00f3ra zosta\u0142a uchwalona jako cz\u0119\u015b\u0107 Internal Revenue Code i by\u0142a pierwsz\u0105 federaln\u0105 regulacj\u0105 dotycz\u0105c\u0105 produkcji i transferu broni palnej. Gdzie kupi\u0107 bro\u0144 maszynow\u0105 w Stanach Zjednoczonych bez licencji.<\/p>\n<figure id=\"attachment_567\" aria-describedby=\"caption-attachment-567\" style=\"width: 400px\" class=\"wp-caption alignleft\"><img decoding=\"async\" class=\"size-medium wp-image-567 lazyload\" data-src=\"https:\/\/buyaghostgun.com\/wp-content\/uploads\/2022\/06\/Where-can-i-buy-Ghost-Guns-400x400.jpg\" alt=\"Gdzie mog\u0119 kupi\u0107 Ghost Guns?\" width=\"400\" height=\"400\" data-srcset=\"https:\/\/buyaghostgun.com\/wp-content\/uploads\/2022\/06\/Where-can-i-buy-Ghost-Guns-400x400.jpg 400w, https:\/\/buyaghostgun.com\/wp-content\/uploads\/2022\/06\/Where-can-i-buy-Ghost-Guns-800x800.jpg 800w, https:\/\/buyaghostgun.com\/wp-content\/uploads\/2022\/06\/Where-can-i-buy-Ghost-Guns-280x280.jpg 280w, https:\/\/buyaghostgun.com\/wp-content\/uploads\/2022\/06\/Where-can-i-buy-Ghost-Guns-768x768.jpg 768w, https:\/\/buyaghostgun.com\/wp-content\/uploads\/2022\/06\/Where-can-i-buy-Ghost-Guns-200x200.jpg 200w, https:\/\/buyaghostgun.com\/wp-content\/uploads\/2022\/06\/Where-can-i-buy-Ghost-Guns-500x500.jpg 500w, https:\/\/buyaghostgun.com\/wp-content\/uploads\/2022\/06\/Where-can-i-buy-Ghost-Guns-100x100.jpg 100w, https:\/\/buyaghostgun.com\/wp-content\/uploads\/2022\/06\/Where-can-i-buy-Ghost-Guns.jpg 1200w\" data-sizes=\"(max-width: 400px) 100vw, 400px\" src=\"data:image\/svg+xml;base64,PHN2ZyB3aWR0aD0iMSIgaGVpZ2h0PSIxIiB4bWxucz0iaHR0cDovL3d3dy53My5vcmcvMjAwMC9zdmciPjwvc3ZnPg==\" style=\"--smush-placeholder-width: 400px; --smush-placeholder-aspect-ratio: 400\/400;\" \/><figcaption id=\"caption-attachment-567\" class=\"wp-caption-text\">Gdzie mog\u0119 kupi\u0107 Ghost Guns?<\/figcaption><\/figure>\n<p>Przyjrzyj si\u0119 jednemu z bardziej znanych styl\u00f3w karabin\u00f3w szturmowych lub przyjrzyj si\u0119 asortymentowi broni automatycznej z czas\u00f3w II wojny \u015bwiatowej. David Spiwak jest oddany pomaganiu zbieraczom w znalezieniu mrocznej broni z czas\u00f3w II wojny \u015bwiatowej, kt\u00f3rej szukali. Osoby, kt\u00f3re maj\u0105 nadziej\u0119 sprzeda\u0107 bro\u0144 paln\u0105 z czas\u00f3w II wojny \u015bwiatowej, maj\u0105 zapewnion\u0105 uczciw\u0105 cen\u0119. Wszystkie pistolety s\u0105 zaprojektowane tak, aby by\u0142y zgodne z obrazem i dzia\u0142a\u0142y prawid\u0142owo. Nie mo\u017cna zagwarantowa\u0107 dobrego samopoczucia podczas strzelania i nale\u017cy zleci\u0107 sprawdzenie broni palnej rusznikarzowi. Typy amunicji i warunki zasi\u0119gu s\u0105 czynnikami, kt\u00f3rych nie mog\u0119 kontrolowa\u0107. Wszystkie egzemplarze broni automatycznej pochodz\u0105 sprzed 1986 roku i s\u0105 sprzedawane jako przedmioty kolekcjonerskie.<\/p>\n\t\t<\/div>\n\t\t\t\t\t<\/div>\n\n\t\n<\/div>\n\t<section class=\"section\" id=\"section_1073879640\">\n\t\t<div class=\"bg section-bg fill bg-fill  bg-loaded\" >\n\n\t\t\t\n\t\t\t\n\t\t\t\n\n\t\t<\/div>\n\n\t\t\n\n\t\t<div class=\"section-content relative\">\n\t\t\t\n<div class=\"row align-middle\"  id=\"row-1385883922\">\n\n\t<div id=\"col-1624328338\" class=\"col medium-12 small-12 large-6\"  >\n\t\t\t\t<div class=\"col-inner\"  >\n\t\t\t\n\t\t\t\n\n  <div class=\"banner has-hover\" id=\"banner-1583621032\">\n          <div class=\"banner-inner fill\">\n        <div class=\"banner-bg fill\" >\n            <div class=\"bg fill bg-fill\"><\/div>\n                                    \n                    <\/div>\n\t\t\n        <div class=\"banner-layers container\">\n            <div class=\"fill banner-link\"><\/div>            \n        <\/div>\n      <\/div>\n\n            \n<style>\n#banner-1583621032 {\n  padding-top: 99.99%;\n  background-color: rgb(255, 255, 255);\n}\n#banner-1583621032 .bg.bg-loaded {\n  background-image: url(https:\/\/buyaghostgun.com\/wp-content\/uploads\/2022\/06\/Hitman-on-hire.jpg);\n}\n#banner-1583621032 .bg {\n  background-position: 35% 56%;\n}\n#banner-1583621032 .ux-shape-divider--top svg {\n  height: 150px;\n  --divider-top-width: 100%;\n}\n#banner-1583621032 .ux-shape-divider--bottom svg {\n  height: 150px;\n  --divider-width: 100%;\n}\n@media (min-width:550px) {\n  #banner-1583621032 {\n    padding-top: 75%;\n  }\n}\n@media (min-width:850px) {\n  #banner-1583621032 {\n    padding-top: 99.99%;\n  }\n}\n<\/style>\n  <\/div>\n\n\n\t\t<\/div>\n\t\t\t\t\t<\/div>\n\n\t\n\n\t<div id=\"col-1789218646\" class=\"col medium-12 small-12 large-6\"  >\n\t\t\t\t<div class=\"col-inner\"  >\n\t\t\t\n\t\t\t\n\t<div id=\"gap-886619691\" class=\"gap-element clearfix\" style=\"display:block; height:auto;\">\n\t\t\n<style>\n#gap-886619691 {\n  padding-top: 10px;\n}\n@media (min-width:850px) {\n  #gap-886619691 {\n    padding-top: 30px;\n  }\n}\n<\/style>\n\t<\/div>\n\t\n\t<div id=\"text-2519626341\" class=\"text\">\n\t\t\n<h2>Wynaj\u0119cie zab\u00f3jcy<\/h2>\n\t\t\n<style>\n#text-2519626341 {\n  font-size: 1.5rem;\n}\n<\/style>\n\t<\/div>\n\t\n<p>Jeste\u015bmy by\u0142ymi funkcjonariuszami wywiadu, kt\u00f3rzy \u015bwiadcz\u0105 us\u0142ugi zabijania osobom w ka\u017cdym wieku, od noworodk\u00f3w po osoby starsze. Po zaakceptowaniu b\u0119dziesz musia\u0142 wp\u0142aci\u0107 depozyt przed rozpocz\u0119ciem jakiejkolwiek pracy. Us\u0142ugi Hitman s\u0105 dost\u0119pne w wielu krajach na ca\u0142ym \u015bwiecie, w tym w Stanach Zjednoczonych, Rosji, Australii, Chinach i oczywi\u015bcie w Europie. Wynaj\u0119cie mordercy za naszym po\u015brednictwem jest bezpieczne i proste. hitman do wynaj\u0119cia 2022<\/p>\n<h4 style=\"text-align: center;\">Wynaj\u0119cie zab\u00f3jcy<\/h4>\n<p>Zdecydowanie najlepszy i najwi\u0119kszy <b>wynajem<\/b> <b>a<\/b> <b>hitman<\/b> serwis w okolicy. Najwy\u017csza jako\u015b\u0107 i przyst\u0119pne ceny. Zab\u00f3jstwo przeci\u0119tnej osoby, jak r\u00f3wnie\u017c zab\u00f3jstwo wa\u017cnej osoby, kt\u00f3ra jest uzbrojona lub ma dost\u0119pnych ochroniarzy, w zale\u017cno\u015bci od trudno\u015bci celu.<\/p>\n<p><a href=\"https:\/\/buyaghostgun.com\/pl\/contact\/\"><img decoding=\"async\" class=\"wp-image-569 size-full lazyload\" data-src=\"https:\/\/buyaghostgun.com\/wp-content\/uploads\/2022\/06\/Ghost-guns-for-sale-near-me-in-USA.png\" alt=\"Pistolety duchy na sprzeda\u017c blisko mnie w USA\" width=\"151\" height=\"34\" src=\"data:image\/svg+xml;base64,PHN2ZyB3aWR0aD0iMSIgaGVpZ2h0PSIxIiB4bWxucz0iaHR0cDovL3d3dy53My5vcmcvMjAwMC9zdmciPjwvc3ZnPg==\" style=\"--smush-placeholder-width: 151px; --smush-placeholder-aspect-ratio: 151\/34;\" \/><\/a><\/p>\n<p>Gdziekolwiek jeste\u015b na \u015bwiecie, <a href=\"https:\/\/buyaghostgun.com\/pl\/\">my<\/a> jest na wyci\u0105gni\u0119cie smartfona! Z dum\u0105 dzia\u0142amy w sieci World Wide Web od 2001 roku i posiadamy najwi\u0119ksz\u0105 sie\u0107 operator\u00f3w terenowych na \u015bwiecie! \u017bycie mo\u017ce by\u0107 gor\u0105czkowe, wi\u0119c skorzystaj z bezp\u0142atnej konsultacji ju\u017c dzi\u015b! Zabicie osoby uznanej za winn\u0105 Zdj\u0119cia i zbieranie dowod\u00f3w Inwigilacja, kontrinwigilacja<\/p>\n<a href=\"https:\/\/buyaghostgun.com\/pl\/zatrudnij-platnego-zabojce-online\/\" target=\"_self\" class=\"button primary is-link\" style=\"padding:0 0px 0px 0px;\">\n    <span>Dowiedz si\u0119 wi\u0119cej<\/span>\n  <i class=\"icon-angle-right\" ><\/i><\/a>\n\n\t\t<\/div>\n\t\t\t\t\n<style>\n#col-1789218646 > .col-inner {\n  padding: 0px 0px 0px 0;\n}\n@media (min-width:850px) {\n  #col-1789218646 > .col-inner {\n    padding: 0px 0px 0px 10%;\n  }\n}\n<\/style>\n\t<\/div>\n\n\t\n<\/div>\n\t\t<\/div>\n\n\t\t\n<style>\n#section_1073879640 {\n  padding-top: 40px;\n  padding-bottom: 40px;\n}\n#section_1073879640 .ux-shape-divider--top svg {\n  height: 150px;\n  --divider-top-width: 100%;\n}\n#section_1073879640 .ux-shape-divider--bottom svg {\n  height: 150px;\n  --divider-width: 100%;\n}\n@media (min-width:850px) {\n  #section_1073879640 {\n    padding-top: 70px;\n    padding-bottom: 70px;\n  }\n}\n<\/style>\n\t<\/section>","protected":false},"excerpt":{"rendered":"","protected":false},"author":1,"featured_media":562,"parent":0,"menu_order":0,"comment_status":"closed","ping_status":"closed","template":"page-transparent-header-light.php","meta":{"_acf_changed":false,"footnotes":""},"class_list":["post-90","page","type-page","status-publish","has-post-thumbnail","hentry"],"acf":[],"_links":{"self":[{"href":"https:\/\/buyaghostgun.com\/pl\/wp-json\/wp\/v2\/pages\/90","targetHints":{"allow":["GET"]}}],"collection":[{"href":"https:\/\/buyaghostgun.com\/pl\/wp-json\/wp\/v2\/pages"}],"about":[{"href":"https:\/\/buyaghostgun.com\/pl\/wp-json\/wp\/v2\/types\/page"}],"author":[{"embeddable":true,"href":"https:\/\/buyaghostgun.com\/pl\/wp-json\/wp\/v2\/users\/1"}],"replies":[{"embeddable":true,"href":"https:\/\/buyaghostgun.com\/pl\/wp-json\/wp\/v2\/comments?post=90"}],"version-history":[{"count":15,"href":"https:\/\/buyaghostgun.com\/pl\/wp-json\/wp\/v2\/pages\/90\/revisions"}],"predecessor-version":[{"id":571,"href":"https:\/\/buyaghostgun.com\/pl\/wp-json\/wp\/v2\/pages\/90\/revisions\/571"}],"wp:featuredmedia":[{"embeddable":true,"href":"https:\/\/buyaghostgun.com\/pl\/wp-json\/wp\/v2\/media\/562"}],"wp:attachment":[{"href":"https:\/\/buyaghostgun.com\/pl\/wp-json\/wp\/v2\/media?parent=90"}],"curies":[{"name":"wp","href":"https:\/\/api.w.org\/{rel}","templated":true}]}}