{"id":623,"date":"2022-07-04T21:32:01","date_gmt":"2022-07-04T21:32:01","guid":{"rendered":"https:\/\/buyaghostgun.com\/?post_type=product&#038;p=623"},"modified":"2026-04-27T20:03:36","modified_gmt":"2026-04-27T20:03:36","slug":"kupic-cz-evo3-na-sprzedaz","status":"publish","type":"product","link":"https:\/\/buyaghostgun.com\/pl\/product\/kupic-cz-evo3-na-sprzedaz\/","title":{"rendered":"Pistolety maszynowe Ceska Zbrojovka (CZ EVO3)"},"content":{"rendered":"<h2 style=\"text-align: center;\">Kup CZ EVO3 na sprzeda\u017c<\/h2>\n<p>CZ EVO3 na sprzeda\u017c blisko mnie. Ceska Zbrojovka jest powszechnie znana jako CZ EVO3 w Stanach Zjednoczonych i jest kolejnym pistoletem maszynowym, kt\u00f3ry r\u00f3wnie\u017c nale\u017cy do rodziny pistolet\u00f3w maszynowych z niewielk\u0105 r\u00f3\u017cnic\u0105 polegaj\u0105c\u0105 na tym, \u017ce jest znacznie bardziej szczup\u0142y, smuk\u0142y w swojej konstrukcji, \u0142atwy do trzymania i \u0142atwy w obs\u0142udze. Og\u00f3lnie rzecz bior\u0105c, projekt architektoniczny metalu ma czysty, szczotkowany metalowy wygl\u0105d i jest r\u00f3wnie\u017c \u015bwietny, poniewa\u017c zosta\u0142 dostosowany do tego, jak przeci\u0119tny u\u017cytkownik broni wola\u0142by swoj\u0105 bro\u0144 pod wzgl\u0119dem obs\u0142ugi, szybko\u015bci i pod wzgl\u0119dem tego, \u017ce jest ekonomiczn\u0105 alternatyw\u0105 dla jednostek si\u0142 taktycznych niezale\u017cnie od ich kraju. .<\/p>\n<p style=\"text-align: center;\"><strong>Kup cz evo 3 online<\/strong><\/p>\n<p>CZ EVO3 to uniwersalny pistolet, kt\u00f3ry b\u0119dzie odpowiedni dla ka\u017cdego, kto nie jest zbyt wymagaj\u0105cy, je\u015bli chodzi o moc swojej broni. Pistolety-duchy to nieserializowana i niemo\u017cliwa do zidentyfikowania bro\u0144 palna, kt\u00f3r\u0105 mo\u017cna kupi\u0107 online i z\u0142o\u017cy\u0107 w domu. Zestawy te s\u0105 powszechnie dost\u0119pne i mog\u0105 by\u0107 kupowane przez ka\u017cdego, w tym przez osoby z zakazem zakupu, sprawc\u00f3w przemocy domowej i handlarzy broni\u0105 bez sprawdzania przesz\u0142o\u015bci. <a href=\"https:\/\/buyaghostgun.com\/pl\/\">CZ EVO3 na sprzeda\u017c online<\/a>. CZ EVO3 na sprzeda\u017c w Pensylwanii, CZ EVO3 sprzedawane online za pomoc\u0105 bitcoin\u00f3w, Kup bro\u0144 Ceska Zbrojovka online w Filadelfii, Kup bro\u0144 Ceska Zbrojovka tanio, cz scorpion evo3 a1 na sprzeda\u017c lokalnie.<\/p>\n<figure id=\"attachment_630\" aria-describedby=\"caption-attachment-630\" style=\"width: 600px\" class=\"wp-caption aligncenter\"><img decoding=\"async\" class=\"size-full wp-image-630 lazyload\" data-src=\"https:\/\/buyaghostgun.com\/wp-content\/uploads\/2022\/07\/CZ-EVO3-for-sale-in-USA.webp\" alt=\"CZ EVO3 na sprzeda\u017c w USA\" width=\"600\" height=\"400\" data-srcset=\"https:\/\/buyaghostgun.com\/wp-content\/uploads\/2022\/07\/CZ-EVO3-for-sale-in-USA.webp 600w, https:\/\/buyaghostgun.com\/wp-content\/uploads\/2022\/07\/CZ-EVO3-for-sale-in-USA-500x333.webp 500w\" data-sizes=\"(max-width: 600px) 100vw, 600px\" src=\"data:image\/svg+xml;base64,PHN2ZyB3aWR0aD0iMSIgaGVpZ2h0PSIxIiB4bWxucz0iaHR0cDovL3d3dy53My5vcmcvMjAwMC9zdmciPjwvc3ZnPg==\" style=\"--smush-placeholder-width: 600px; --smush-placeholder-aspect-ratio: 600\/400;\" \/><figcaption id=\"caption-attachment-630\" class=\"wp-caption-text\">CZ EVO3 na sprzeda\u017c w USA<\/figcaption><\/figure>\n<h2 id=\"line1\" style=\"text-align: center;\"><a class=\"attribute-value\">Kup bro\u0144 Ceska Zbrojovka online<\/a><\/h2>\n<p>Je\u015bli znajdujesz si\u0119 w strefie dzia\u0142a\u0144 wojennych, pistolet ten nie jest zalecany ani pierwszym wyborem, ale nadal idealnie pasuje do si\u0142 taktycznych, jednostek specjalnych i innych lekkich jednostek si\u0142 zbrojnych. Jedn\u0105 z najlepszych rzeczy jest to, \u017ce dzi\u0119ki zmaksymalizowanej i dopracowanej wydajno\u015bci jest to nadal stosunkowo tani pistolet na rynku. Nie nale\u017cy jednak lekcewa\u017cy\u0107 CZ ze wzgl\u0119du na jego rozmiar, poniewa\u017c mo\u017ce pochwali\u0107 si\u0119 najnowocze\u015bniejszym tylnym celownikiem, kt\u00f3ry ma cztery rozmiary przys\u0142ony, aby zaspokoi\u0107 bliskie i dalekie odleg\u0142o\u015bci, usztywnienie ramienia wspomagaj\u0105ce stabilno\u015b\u0107 podczas obs\u0142ugi w celu zwi\u0119kszenia celnych strza\u0142\u00f3w i og\u00f3lnie jest obs\u0142ugiwany jako p\u00f3\u0142automatyczna maszyna podwodna. <a href=\"https:\/\/buyaghostgun.com\/pl\/product\/karabiny-ak-47-na-sprzedaz\/\">pistolet<\/a>. Dost\u0119pny w dw\u00f3ch wariantach karabinek Scorpion to zupe\u0142nie nowe zwierz\u0119.<\/p>\n<p style=\"text-align: center;\"><strong>Kup CZ Scorpion EVO 3 A1 na sprzeda\u017c<\/strong><\/p>\n<p>Opieraj\u0105c si\u0119 na chwalonej platformie submachinegun, kt\u00f3ra po raz pierwszy trafi\u0142a na ameryka\u0144ski rynek cywilny w formie pistoletu w 2015 roku, Carbine ma 16,2-calow\u0105 luf\u0119 wyposa\u017con\u0105 w kompensacyjny hamulec wylotowy lub sztuczny t\u0142umik. Wyposa\u017cony w fabryczn\u0105 sk\u0142adan\u0105 regulowan\u0105 kolb\u0119, Carbine posiada szereg cz\u0119\u015bci wyprodukowanych w USA, dzi\u0119ki czemu jest w pe\u0142ni zgodny z 922(r). Jedn\u0105 z naj\u0142adniejszych cech broni palnej jest nowo zaprojektowany przedni chwyt, pokryty punktami mocowania M-LOK, aby zachowa\u0107 smuk\u0142y profil, a jednocze\u015bnie wystarczaj\u0105co du\u017cy, aby po\u0142kn\u0105\u0107 wi\u0119kszo\u015b\u0107 t\u0142umik\u00f3w kalibru pistoletowego, je\u015bli w\u0142a\u015bciciel zdecyduje si\u0119 przekszta\u0142ci\u0107 go w SBR do u\u017cytku z t\u0142umikiem. cz scorpion 9mm pistolet z szelk\u0105 . CZ EVO3 na sprzeda\u017c w USA<\/p>\n<h2 style=\"text-align: center;\">Gdzie mog\u0119 kupi\u0107 CZ EVO3 na sprzeda\u017c?<\/h2>\n<p>G\u00f3rna szyna Picatinny pasuje do \u017celaznych przyrz\u0105d\u00f3w celowniczych i umo\u017cliwia monta\u017c szerokiej gamy optyki. Prosty i niezawodny, Scorpion ma nie tylko obur\u0119czne elementy steruj\u0105ce, ale jego niewymagaj\u0105cy amortyzacji uchwyt \u0142adowania mo\u017cna wymieni\u0107, a zasi\u0119g spustu jest regulowany. Dzi\u0119ki bogactwu akcesori\u00f3w i dodatk\u00f3w dost\u0119pnych dla platformy Scorpion, mo\u017cna \u0142atwo dostosowa\u0107 j\u0105 do w\u0142asnych potrzeb za pomoc\u0105 szeregu kolb, chwyt\u00f3w, cz\u00f3\u0142ek, magazynk\u00f3w, bezpiecznik\u00f3w, zwalniaczy magazynka, uchwyt\u00f3w \u0142adowania i spust\u00f3w zaprojektowanych specjalnie dla platformy EVO 3. Niezwykle wytrzyma\u0142y i zbudowany z my\u015bl\u0105 o wydajno\u015bci, CZ Scorpion na sprzeda\u017c jest przystosowany do manewrowania w ciasnych przestrzeniach, zapewniaj\u0105c jednocze\u015bnie krytyczn\u0105 celno\u015b\u0107, kt\u00f3rej potrzebujesz. <span class=\"tagify__tag-text\" contenteditable=\"true\">Kup CZ EVO3 na sprzeda\u017c<\/span><\/p>\n<p>.<\/p>\n<figure id=\"attachment_631\" aria-describedby=\"caption-attachment-631\" style=\"width: 600px\" class=\"wp-caption alignright\"><img decoding=\"async\" class=\"size-medium wp-image-631 lazyload\" data-src=\"https:\/\/buyaghostgun.com\/wp-content\/uploads\/2022\/07\/Untraceable-guns-for-sale-600x400.jpeg\" alt=\"Bro\u0144 nie do namierzenia na sprzeda\u017c\" width=\"600\" height=\"400\" data-srcset=\"https:\/\/buyaghostgun.com\/wp-content\/uploads\/2022\/07\/Untraceable-guns-for-sale-600x400.jpeg 600w, https:\/\/buyaghostgun.com\/wp-content\/uploads\/2022\/07\/Untraceable-guns-for-sale-500x333.jpeg 500w, https:\/\/buyaghostgun.com\/wp-content\/uploads\/2022\/07\/Untraceable-guns-for-sale.jpeg 750w\" data-sizes=\"(max-width: 600px) 100vw, 600px\" src=\"data:image\/svg+xml;base64,PHN2ZyB3aWR0aD0iMSIgaGVpZ2h0PSIxIiB4bWxucz0iaHR0cDovL3d3dy53My5vcmcvMjAwMC9zdmciPjwvc3ZnPg==\" style=\"--smush-placeholder-width: 600px; --smush-placeholder-aspect-ratio: 600\/400;\" \/><figcaption id=\"caption-attachment-631\" class=\"wp-caption-text\">Bro\u0144 nie do namierzenia na sprzeda\u017c<\/figcaption><\/figure>\n<p style=\"text-align: center;\"><strong>Sklep z broni\u0105 paln\u0105 USA<\/strong><\/p>\n<p>Dzi\u0119ki wyj\u0105tkowo niezawodnej i prostej obs\u0142udze, ten p\u00f3\u0142automatyczny pistolet 9 mm typu blowback jest wysoce elastyczny, z obur\u0119cznymi elementami steruj\u0105cymi, regulowanym zasi\u0119giem spustu i wymiennym uchwytem \u0142adowania. CZ Scorpion EVO 3 jest wyposa\u017cony w egzoszkielet z szynami monta\u017cowymi i punktami mocowania gotowymi do monta\u017cu akcesori\u00f3w, co pozwala na nieograniczon\u0105 personalizacj\u0119 dzi\u0119ki dost\u0119pnym szelkom, chwytom, cz\u00f3\u0142kom, magazynkom, bezpiecznikom, zwalniaczom magazynka, uchwytom \u0142adowania i spustom. W przypadku ciasnych przestrzeni, 9 mm CZ Scorpion Micro zapewnia jeszcze wi\u0119ksz\u0105 wszechstronno\u015b\u0107, z 4,12-calow\u0105 luf\u0105 i od\u0142\u0105czanym, teleskopowym wspornikiem. Uwolnij sw\u00f3j pe\u0142ny potencja\u0142 na strzelnicy lub na polu bitwy dzi\u0119ki jednemu z tych przyst\u0119pnych cenowo, wysokowydajnych pistolet\u00f3w w stylu karabinu. Gdzie mog\u0119 dosta\u0107 CZ EVO3 na sprzeda\u017c.cz scorpion evo 3 s1 <a href=\"https:\/\/buyaghostgun.com\/pl\/product-category\/karabiny-maszynowe-ghost-na-sprzedaz\/\">karabinek<\/a><\/p>\n<h2 style=\"text-align: center;\">CZ EVO3 na sprzeda\u017c w USA<\/h2>\n<p>cz scorpion evo3 a1 na sprzeda\u017c za bitcoiny. Karabin maszynowy to samopowtarzalna bro\u0144 palna o d\u0142ugiej lufie z automatycznym \u0142adowaniem, zaprojektowana do prowadzenia ci\u0105g\u0142ego ognia bezpo\u015bredniego przy u\u017cyciu w pe\u0142ni zasilanych naboj\u00f3w. Inna automatyczna bro\u0144 palna, taka jak karabiny szturmowe i karabiny automatyczne, jest zwykle przeznaczona raczej do strzelania kr\u00f3tkimi seriami ni\u017c do ci\u0105g\u0142ego prowadzenia ognia i nie jest uwa\u017cana za bro\u0144 maszynow\u0105. Bro\u0144 automatyczna oddzia\u0142u, kt\u00f3ra strzela tym samym (zwykle \u015bredniej mocy) nabojem u\u017cywanym przez innych strzelc\u00f3w z tej samej jednostki bojowej, jest funkcjonalnie lekkimi karabinami maszynowymi, cho\u0107 nie jest tak nazywana. Kup cz evo 3 online .<\/p>\n<h4 style=\"text-align: center;\"><strong>Bro\u0144 nie do namierzenia na sprzeda\u017c<\/strong><\/h4>\n<p>Pistolety maszynowe, kt\u00f3re s\u0105 zdolne do ci\u0105g\u0142ego szybkiego ognia, ale wykorzystuj\u0105 naboje do pistolet\u00f3w r\u0119cznych, r\u00f3wnie\u017c nie s\u0105 technicznie uwa\u017cane za prawdziwe pistolety maszynowe. Podobna automatyczna bro\u0144 palna o kalibrze wi\u0119kszym ni\u017c 20 mm (0,79 cala) jest klasyfikowana jako dzia\u0142ka automatyczne, a nie karabiny maszynowe. Jako klasa wojskowej broni na pociski kinetyczne, karabiny maszynowe s\u0105 zaprojektowane g\u0142\u00f3wnie jako bro\u0144 wsparcia piechoty i zazwyczaj u\u017cywane po przymocowaniu do dw\u00f3jnogu lub tr\u00f3jnogu, sta\u0142ego mocowania lub ci\u0119\u017ckiej platformy broni w celu zapewnienia stabilno\u015bci przed odrzutami. Wiele pistolet\u00f3w maszynowych wykorzystuje r\u00f3wnie\u017c podawanie pasowe i obs\u0142ug\u0119 otwartej \u015bruby, cechy zwykle niespotykane w innych powtarzalnych broniach piechoty. cz scorpion evo 3 s1 t\u0142umik .<\/p>\n<p style=\"text-align: center;\"><strong>cz scorpion evo3 a1 na sprzeda\u017c w Kolorado.<\/strong><\/p>\n<p>Pistolet maszynowy, w skr\u00f3cie SMG, to automatyczny karabinek zasilany magazynkiem, przeznaczony do strzelania nabojami pistoletowymi. Termin \u201dpistolet maszynowy\u201d zosta\u0142 wymy\u015blony przez <a href=\"https:\/\/en.wikipedia.org\/wiki\/John_T._Thompson\" target=\"_blank\" rel=\"noopener\">John T. Thompson<\/a>, Thompson, wynalazca pistoletu maszynowego Thompson, aby opisa\u0107 jego koncepcj\u0119 projektow\u0105 jako automatyczn\u0105 bro\u0144 paln\u0105 o znacznie mniejszej sile ognia ni\u017c karabin maszynowy (st\u0105d przedrostek \u201dsub\u201d). Poniewa\u017c pistolet maszynowy musi strzela\u0107 nabojami karabinowymi, aby m\u00f3g\u0142 by\u0107 sklasyfikowany jako taki, pistolety maszynowe nie s\u0105 uwa\u017cane za pistolety maszynowe. Pistolet maszynowy zosta\u0142 opracowany podczas I wojny \u015bwiatowej (1914-1918) jako bro\u0144 ofensywna do walki w zwarciu, g\u0142\u00f3wnie do rajd\u00f3w okopowych. scorpion evo3 s1 9mm 20rd .<\/p>\n<h4 style=\"text-align: center;\"><strong>Kup pistolet cz online<\/strong><\/h4>\n<p>W szczytowym okresie II wojny \u015bwiatowej (1939-1945) wyprodukowano miliony pistolet\u00f3w maszynowych do u\u017cytku przez regularne oddzia\u0142y, tajnych komandos\u00f3w i partyzant\u00f3w. Po wojnie cz\u0119sto pojawia\u0142y si\u0119 nowe konstrukcje pistolet\u00f3w maszynowych. Jednak w latach 80-tych u\u017cycie pistolet\u00f3w maszynowych spad\u0142o. Obecnie pistolety maszynowe zosta\u0142y w du\u017cej mierze zast\u0105pione przez karabiny szturmowe, kt\u00f3re maj\u0105 wi\u0119kszy zasi\u0119g skuteczny i s\u0105 w stanie przebi\u0107 he\u0142my i pancerze u\u017cywane przez wsp\u00f3\u0142czesn\u0105 piechot\u0119. Jednak pistolety maszynowe s\u0105 nadal u\u017cywane przez wojskowe si\u0142y specjalne i policyjne zespo\u0142y SWAT do walki w zwarciu (CQB), poniewa\u017c s\u0105 broni\u0105 kalibru pistoletowego, kt\u00f3r\u0105 \u0142atwo kontrolowa\u0107 i jest mniej prawdopodobne, \u017ce przebij\u0105 cel. czusa scorpion evo3 s1 9mm .<\/p>\n<p style=\"text-align: center;\"><strong>cz scorpion evo3 a1 na sprzeda\u017c w Kalifornii.<\/strong><\/p>\n<p>Wi\u0119kszo\u015b\u0107 wsp\u00f3\u0142czesnych karabin\u00f3w maszynowych to karabiny z zamkiem i wi\u0119kszo\u015b\u0107 z nich wykorzystuje zasad\u0119 prze\u0142adowywania gazowego, kt\u00f3ra odbiera cz\u0119\u015b\u0107 gazu p\u0119dnego z wystrzelonego naboju, wykorzystuj\u0105c jego mechaniczne ci\u015bnienie do odblokowania zamka i uruchomienia akcji. Pierwszy z nich zosta\u0142 wynaleziony przez francuskich braci Claire, kt\u00f3rzy w 1892 roku opatentowali karabin gazowy wyposa\u017cony w si\u0142ownik gazowy. Bardziej nowoczesnym przyk\u0142adem jest rosyjski karabin maszynowy PK.<\/p>\n<p style=\"text-align: center;\"><strong>CZ scorpion evo 3 na sprzeda\u017c<\/strong><\/p>\n<p>Innym skutecznym i szeroko stosowanym formatem jest typ uruchamiany odrzutem, kt\u00f3ry wykorzystuje energi\u0119 odrzutu pistoletu do tego samego celu. Karabiny maszynowe, takie jak M2 Browning i MG42, nale\u017c\u0105 do tego drugiego rodzaju. Krzywka, d\u017awignia lub si\u0142ownik poch\u0142ania cz\u0119\u015b\u0107 energii odrzutu w celu obs\u0142ugi mechanizmu pistoletu. cz scorpion 3 plus .<\/p>\n<p style=\"text-align: center;\"><strong>cz scorpion evo3 a1 na sprzeda\u017c w Wielkiej Brytanii.<\/strong><\/p>\n<p>Bro\u0144 uruchamiana zewn\u0119trznie wykorzystuje zewn\u0119trzne \u017ar\u00f3d\u0142o zasilania, takie jak silnik elektryczny lub korba r\u0119czna, aby przesun\u0105\u0107 mechanizm przez sekwencj\u0119 strzelania. Nowoczesne bronie tego typu s\u0105 cz\u0119sto nazywane karabinami Gatlinga, od nazwiska ich wynalazcy (nie tylko dobrze znanego XIX-wiecznego protoplasty karabinu maszynowego z r\u0119czn\u0105 korb\u0105, ale tak\u017ce pierwszej wersji z nap\u0119dem elektrycznym).<\/p>\n<p style=\"text-align: center;\"><strong>Niesamowite karabiny maszynowe na sprzeda\u017c<\/strong><\/p>\n<p>Posiadaj\u0105 one kilka luf, z kt\u00f3rych ka\u017cda ma komor\u0119 i mechanizm dzia\u0142aj\u0105cy na obracaj\u0105cej si\u0119 karuzeli oraz system krzywek, kt\u00f3re \u0142aduj\u0105, odbezpieczaj\u0105 i wystrzeliwuj\u0105 ka\u017cdy mechanizm stopniowo, gdy obraca si\u0119 on w sekwencji; zasadniczo ka\u017cda lufa jest oddzielnym karabinem powtarzalnym korzystaj\u0105cym ze wsp\u00f3lnego \u017ar\u00f3d\u0142a zasilania. Ci\u0105g\u0142y charakter dzia\u0142ania mechanizmu obrotowego i jego wzgl\u0119dna odporno\u015b\u0107 na przegrzanie pozwalaj\u0105 na bardzo wysok\u0105 cykliczn\u0105 szybkostrzelno\u015b\u0107, cz\u0119sto kilka tysi\u0119cy pocisk\u00f3w na minut\u0119. cz scorpion evo 3 s1 skok gwintu .<\/p>\n<p style=\"text-align: center;\"><strong>Bro\u0144 nie do namierzenia na sprzeda\u017c<\/strong><\/p>\n<p>Pistolety obrotowe s\u0105 mniej podatne na zaci\u0119cia ni\u017c pistolety nap\u0119dzane gazem lub odrzutem, poniewa\u017c zewn\u0119trzne \u017ar\u00f3d\u0142o zasilania wyrzuca wystrzelone pociski bez dalszych problem\u00f3w, ale nie jest to mo\u017cliwe w rzadkich przypadkach pistolet\u00f3w obrotowych z w\u0142asnym zasilaniem. Konstrukcje obrotowe s\u0105 z natury stosunkowo niepor\u0119czne i drogie, dlatego s\u0105 zwykle u\u017cywane z du\u017cymi pociskami o \u015brednicy 20 mm lub wi\u0119kszej, cz\u0119sto okre\u015blanymi jako dzia\u0142a obrotowe - cho\u0107 minigun kalibru karabinowego jest tu wyj\u0105tkiem. Podczas gdy taka bro\u0144 jest wysoce niezawodna i niezwykle skuteczna, jedn\u0105 z wad jest to, \u017ce waga i rozmiar \u017ar\u00f3d\u0142a zasilania i mechanizmu nap\u0119dowego sprawiaj\u0105, \u017ce s\u0105 one zwykle niepraktyczne do u\u017cytku poza pojazdem lub samolotem. cz evo 3 s1 specs .<\/p>\n<p style=\"text-align: center;\"><strong>cz scorpion evo3 a1 na sprzeda\u017c w Australii.<\/strong><\/p>\n<p>Dzia\u0142a rewolwerowe, takie jak Mauser MK 213, zosta\u0142y opracowane podczas II wojny \u015bwiatowej przez Niemc\u00f3w w celu zapewnienia dzia\u0142 o du\u017cym kalibrze z rozs\u0105dn\u0105 szybkostrzelno\u015bci\u0105 i niezawodno\u015bci\u0105. W przeciwie\u0144stwie do formatu obrotowego, taka bro\u0144 ma pojedyncz\u0105 luf\u0119 i obs\u0142ugiwany odrzutowo w\u00f3zek, w kt\u00f3rym znajduje si\u0119 obrotowa komora z typowymi pi\u0119cioma komorami. Po wystrzeleniu ka\u017cdego naboju, w\u00f3zek porusza si\u0119 elektrycznie do ty\u0142u, obracaj\u0105c komor\u0119, kt\u00f3ra r\u00f3wnie\u017c wyrzuca zu\u017cyt\u0105 \u0142usk\u0119, indeksuje nast\u0119pny \u017cywy nab\u00f3j, kt\u00f3ry ma zosta\u0107 wystrzelony z lufy i \u0142aduje nast\u0119pny nab\u00f3j do komory.<\/p>\n<p style=\"text-align: center;\"><strong>scorpion evo 3 na sprzeda\u017c<\/strong><\/p>\n<p>Mechanizm dzia\u0142ania jest bardzo podobny do pistolet\u00f3w rewolwerowych powszechnych w XIX i XX wieku, od czego pochodzi nazwa tego typu broni. Pistolet \u0142a\u0144cuchowy to specyficzny, opatentowany typ dzia\u0142a rewolwerowego, kt\u00f3rego nazwa w tym przypadku pochodzi od mechanizmu nap\u0119dowego. cz scorpion sbr .<\/p>\n<h4 style=\"text-align: center;\"><strong>cz scorpion evo3 a1 na sprzeda\u017c z kryptowalutami.<\/strong><\/h4>\n<p>Jak wspomniano powy\u017cej, strzelanie z karabinu maszynowego przez d\u0142u\u017cszy czas wytwarza du\u017ce ilo\u015bci ciep\u0142a. W najgorszym przypadku mo\u017ce to spowodowa\u0107 przegrzanie naboju i detonacj\u0119, nawet gdy spust nie jest naci\u015bni\u0119ty, potencjalnie prowadz\u0105c do uszkodzenia lub powoduj\u0105c, \u017ce pistolet b\u0119dzie si\u0119 obraca\u0142 i strzela\u0142 a\u017c do wyczerpania zapasu amunicji lub zaci\u0119cia; jest to znane jako gotowanie (w odr\u00f3\u017cnieniu od ognia niekontrolowanego, w kt\u00f3rym zaczep nie w\u0142\u0105cza si\u0119 ponownie po zwolnieniu spustu). <span class=\"tagify__tag-text\" contenteditable=\"true\">Kup CZ EVO3 na sprzeda\u017c<\/span> .<\/p>\n<p class=\"eYbsle mKq8g Da4KQe\" style=\"text-align: center;\"><strong>Pistolet CZ Scorpion EVO 3 S1<\/strong><\/p>\n<p>Aby zapobiec wykipieniu, wymagany jest jaki\u015b system ch\u0142odzenia lub element konstrukcyjny. Wczesne karabiny maszynowe by\u0142y cz\u0119sto ch\u0142odzone wod\u0105 i cho\u0107 technologia ta by\u0142a bardzo skuteczna (i by\u0142a jednym ze \u017ar\u00f3de\u0142 os\u0142awionej skuteczno\u015bci karabin\u00f3w maszynowych podczas I wojny \u015bwiatowej), to jednak nie by\u0142a tak skuteczna. <a href=\"https:\/\/buyaghostgun.com\/pl\/product\/kup-pistolety-pistolety-duchy\/\">Wojna<\/a> ), p\u0142aszcze wodne dodawa\u0142y r\u00f3wnie\u017c znaczn\u0105 wag\u0119 do i tak ju\u017c niepor\u0119cznej konstrukcji; by\u0142y r\u00f3wnie\u017c podatne na same pociski wroga. Gdzie mog\u0119 zam\u00f3wi\u0107 cz scorpion evo3 a1 na sprzeda\u017c w mojej okolicy. pistolet skorpion . Kup CZ Scorpion EVO 3 A1 na sprzeda\u017c .<\/p>\n<figure id=\"attachment_629\" aria-describedby=\"caption-attachment-629\" style=\"width: 600px\" class=\"wp-caption aligncenter\"><img decoding=\"async\" class=\"size-medium wp-image-629 lazyload\" data-src=\"https:\/\/buyaghostgun.com\/wp-content\/uploads\/2022\/07\/Buy-Ceska-Zbrojovka-guns-online-600x400.png\" alt=\"Kup bro\u0144 Ceska Zbrojovka online\" width=\"600\" height=\"400\" data-srcset=\"https:\/\/buyaghostgun.com\/wp-content\/uploads\/2022\/07\/Buy-Ceska-Zbrojovka-guns-online-600x400.png 600w, https:\/\/buyaghostgun.com\/wp-content\/uploads\/2022\/07\/Buy-Ceska-Zbrojovka-guns-online-768x512.png 768w, https:\/\/buyaghostgun.com\/wp-content\/uploads\/2022\/07\/Buy-Ceska-Zbrojovka-guns-online-500x333.png 500w, https:\/\/buyaghostgun.com\/wp-content\/uploads\/2022\/07\/Buy-Ceska-Zbrojovka-guns-online.png 1070w\" data-sizes=\"(max-width: 600px) 100vw, 600px\" src=\"data:image\/svg+xml;base64,PHN2ZyB3aWR0aD0iMSIgaGVpZ2h0PSIxIiB4bWxucz0iaHR0cDovL3d3dy53My5vcmcvMjAwMC9zdmciPjwvc3ZnPg==\" style=\"--smush-placeholder-width: 600px; --smush-placeholder-aspect-ratio: 600\/400;\" \/><figcaption id=\"caption-attachment-629\" class=\"wp-caption-text\">Kup bro\u0144 Ceska Zbrojovka online<\/figcaption><\/figure>\n<p><strong>Wszechstronne opcje<\/strong><\/p>\n<p>Pierwotnie zaprojektowany do u\u017cytku wojskowego i organ\u00f3w \u015bcigania w wariancie A1, karabin posiada prze\u0142\u0105cznik wyboru ognia zapewniaj\u0105cy strzelcowi 4 opcje strzelania. Tryb bezpieczny, p\u00f3\u0142automatyczny, trzystrza\u0142owy i w pe\u0142ni automatyczny. Model A1 daje operatorowi swobod\u0119 wyboru trybu ognia odpowiedniego do sytuacji. CZ szybko zaoferowa\u0142o platform\u0119 Scorpion EVO 3 w modelu cywilnym i wielu wariantach cywilnych. CZ Scorpion EVO S1 i CZ Scorpion EVO S2 s\u0105 oferowane na rynku cywilnym w wielu konfiguracjach, kt\u00f3re pozwalaj\u0105 na \u0142atwe dostosowanie i adaptacj\u0119. Sprawdza si\u0119 jako karabinek, pistolet i SBR; z du\u017c\u0105 ilo\u015bci\u0105 miejsca na szyny i gwintowan\u0105 luf\u0105 na akcesoria, takie jak hamulce wylotowe i t\u0142umiki. Linia produkt\u00f3w CZ Scorpion EVO 3 zapewnia entuzjastom opcje, kt\u00f3rych potrzebuj\u0105.<\/p>\n<p><strong>Niech to b\u0119dzie SBR<\/strong><\/p>\n<p>CZ oferuje Scorpion EVO 3 S1 jako pistolet, z odpowiedni\u0105 klasyfikacj\u0105 w ATF. Jednak po uzyskaniu odpowiedniej licencji i uwzgl\u0119dnieniu przepis\u00f3w federalnych, stanowych i lokalnych, pistolet Scorpion z \u0142atwo\u015bci\u0105 akceptuje zaprojektowan\u0105 przez CZ szelk\u0119 SB Tactical. Zgodnie z prawem federalnym i polityk\u0105 ATF, do\u0142\u0105czenie kolby do pistoletu lub urz\u0105dzenia, kt\u00f3re jest przeznaczone jako kolba, stanowi karabin z kr\u00f3tk\u0105 luf\u0105. Karabiny z kr\u00f3tk\u0105 luf\u0105 (SBR) wymagaj\u0105 rejestracji w ATF i podatku federalnego. Je\u015bli SBR jest na twojej li\u015bcie i chcesz wykona\u0107 prace prawne i regulacyjne, CZ Scorpion EVO 3 S2 z opcjonaln\u0105 mikro klamr\u0105 jest idealnym rozwi\u0105zaniem. Pistolet wielko\u015bci kufla z teleskopow\u0105 lub sk\u0142adan\u0105 kolb\u0105 w kalibrze 9 mm jest bardzo funkcjonalny, praktyczny i fajny!<\/p>","protected":false},"excerpt":{"rendered":"<div class=\"product-short-description\">\n<p><span style=\"text-decoration: underline; color: #ed1c24;\"><strong>Uwaga:<\/strong><\/span> Wszystkie nasze pistolety s\u0105 niewykrywalne 100%. Nieuregulowane i niezserializowane, te pistolety s\u0105 idealnymi pistoletami fantomowymi. .<\/p>\n<p>Teraz oferujemy mo\u017cliwo\u015b\u0107 zakupu ich z t\u0142umikiem d\u017awi\u0119ku i amunicj\u0105.<\/p>\n<\/div>","protected":false},"featured_media":633,"comment_status":"open","ping_status":"closed","template":"","meta":{"_acf_changed":false},"product_brand":[],"product_cat":[75,70,69,68],"product_tag":[141,105,130,138,137,139,106,131,132,108,109,110,111,112,113,136,114,115,142,116,117,118,119,120,133,123,135,124,125,126,140,134,128,129],"class_list":{"0":"post-623","1":"product","2":"type-product","3":"status-publish","4":"has-post-thumbnail","6":"product_cat-ghost-machine-guns-for-sale","7":"product_cat-ghost-handguns-for-sale","8":"product_cat-ghost-rifles-for-sale","9":"product_cat-ghost-shotguns-for-sale","10":"product_tag-amazing-machine-guns-for-sale","11":"product_tag-are-ghost-guns-real","12":"product_tag-are-ghostguns-illegal","13":"product_tag-buy-cz-evo-3-online","14":"product_tag-buy-cz-handgun-online","15":"product_tag-buy-cz-scorpion-evo-3-a1-for-sale","16":"product_tag-buy-ghost-guns-online","17":"product_tag-buy-handgun-vithout-background-check","18":"product_tag-buy-pistols-with-no-paperwnrk","19":"product_tag-buy-pistols-with-no-paperwork","20":"product_tag-buy-unserialized-firearms-online","21":"product_tag-buy-untraceable-guns","22":"product_tag-california-law-on-ghost-guns","23":"product_tag-california-penal-code-ghost-gun","24":"product_tag-california-senator-ghost-gun","25":"product_tag-cz-scorpion-evo-3-for-sale","26":"product_tag-ghost-guns-car-clock-pistols","27":"product_tag-handgun-basics-for-beginners","28":"product_tag-handgun-semi-auto","29":"product_tag-handguns","30":"product_tag-handguns-pistols-for-sale","31":"product_tag-how-make-gun-at-home","32":"product_tag-nighthawk-custom-pistols","33":"product_tag-pistols","34":"product_tag-possession-of-a-stolen-firearm-pc-possession-of-ghost-gun-car-possession-of-unregistered-firearm-pc","35":"product_tag-possession-of-unserialized-firearm","36":"product_tag-scorpion-evo-3-for-sale","37":"product_tag-smith-and-wesson-pistols","38":"product_tag-springfield-pistols","39":"product_tag-untraceable-guns-for-sale","40":"product_tag-usa-firearms-store","41":"product_tag-wd-lat-is-a-ghost-ar","42":"product_tag-what-makes-a-gun-untraceable","43":"product_tag-wilson-combat-pistols","45":"first","46":"instock","47":"shipping-taxable","48":"purchasable","49":"product-type-variable"},"acf":[],"_links":{"self":[{"href":"https:\/\/buyaghostgun.com\/pl\/wp-json\/wp\/v2\/product\/623","targetHints":{"allow":["GET"]}}],"collection":[{"href":"https:\/\/buyaghostgun.com\/pl\/wp-json\/wp\/v2\/product"}],"about":[{"href":"https:\/\/buyaghostgun.com\/pl\/wp-json\/wp\/v2\/types\/product"}],"replies":[{"embeddable":true,"href":"https:\/\/buyaghostgun.com\/pl\/wp-json\/wp\/v2\/comments?post=623"}],"wp:featuredmedia":[{"embeddable":true,"href":"https:\/\/buyaghostgun.com\/pl\/wp-json\/wp\/v2\/media\/633"}],"wp:attachment":[{"href":"https:\/\/buyaghostgun.com\/pl\/wp-json\/wp\/v2\/media?parent=623"}],"wp:term":[{"taxonomy":"product_brand","embeddable":true,"href":"https:\/\/buyaghostgun.com\/pl\/wp-json\/wp\/v2\/product_brand?post=623"},{"taxonomy":"product_cat","embeddable":true,"href":"https:\/\/buyaghostgun.com\/pl\/wp-json\/wp\/v2\/product_cat?post=623"},{"taxonomy":"product_tag","embeddable":true,"href":"https:\/\/buyaghostgun.com\/pl\/wp-json\/wp\/v2\/product_tag?post=623"}],"curies":[{"name":"wp","href":"https:\/\/api.w.org\/{rel}","templated":true}]}}