{"id":638,"date":"2022-07-05T11:42:47","date_gmt":"2022-07-05T11:42:47","guid":{"rendered":"https:\/\/buyaghostgun.com\/?post_type=product&#038;p=638"},"modified":"2025-10-16T01:58:27","modified_gmt":"2025-10-16T01:58:27","slug":"niemozliwa-do-namierzenia-strzelba-benelli-m4-na-sprzedaz","status":"publish","type":"product","link":"https:\/\/buyaghostgun.com\/pl\/product\/niemozliwa-do-namierzenia-strzelba-benelli-m4-na-sprzedaz\/","title":{"rendered":"Strzelba Benelli M4"},"content":{"rendered":"<h2 style=\"text-align: center;\">Nienamierzalna strzelba Benelli M4 na sprzeda\u017c<\/h2>\n<p>Kr\u00f3l strzelb bojowych - model <strong>Benelli M4<\/strong> - jest tutaj...niezale\u017cnie od jego ceny...<\/p>\n<p>Ta gazowa bro\u0144 palna wykorzystuje system ARGO firmy Benelli, aby zapewni\u0107 ca\u0142kowit\u0105 niezawodno\u015b\u0107 przy szerokiej gamie \u0142adunk\u00f3w. Strzelcy otrzymuj\u0105 szybkostrzeln\u0105, mi\u0119kko strzelaj\u0105c\u0105 12-tk\u0119 idealn\u0105 do obrony domowej.<\/p>\n<p>Nie bez powodu jest to moja ulubiona strzelba i nie jestem zszokowany, \u017ce jest popularna w\u015br\u00f3d innych. <a href=\"https:\/\/buyaghostgun.com\/pl\/pistolety-duchy-na-sprzedaz\/\">benelli m4<\/a> le<\/p>\n<h2 style=\"text-align: center;\">Strzelba Benelli M4 na sprzeda\u017c<\/h2>\n<p>P\u00f3\u0142automatyczna strzelba Benelli M4 Tactical o pojemno\u015bci 5+1 z 18,5-calow\u0105 luf\u0105 jest ewolucj\u0105 linii M1, M2 i M3. Benelli oferuje obecnie M4 Tactical w czterech modelach. Wszystkie maj\u0105 t\u0119 sam\u0105 luf\u0119 o d\u0142ugo\u015bci 18,5 cala i wi\u0119kszo\u015b\u0107 wsp\u00f3lnych wymiar\u00f3w. R\u00f3\u017cnice? Bro\u0144 mo\u017cna naby\u0107 z anodyzowan\u0105 czarn\u0105 komor\u0105 zamkow\u0105 z fosforanow\u0105 luf\u0105 lub z tytanow\u0105 komor\u0105 zamkow\u0105 i luf\u0105. Niezale\u017cnie od tego, inne cz\u0119\u015bci, takie jak przednia cz\u0119\u015b\u0107 i kolba, s\u0105 matowo czarne. Poza kolorem, mo\u017cna wybra\u0107 chwyt pistoletowy (standardowa kolba) lub standardowy chwyt (kolba taktyczna).<\/p>\n<h3 style=\"text-align: center;\">Recenzja Benelli m4<\/h3>\n<p>Ka\u017cdy M4 Tactical jest dostarczany z jedn\u0105 rurk\u0105 d\u0142awi\u0105c\u0105 M. Komora mie\u015bci zar\u00f3wno pociski 2 3\/4\u2033, jak i 3\u2033. Pistolet ma standardowy celownik typu ghost ring, ale ma r\u00f3wnie\u017c \u015bredniej d\u0142ugo\u015bci szyn\u0119 Picatinny na szczycie odbiornika. D\u0142ugo\u015b\u0107 naci\u0105gu wynosi 14 3\/8\u201d, spadek na grzebieniu to 1 1\/2\u2033, a spadek na pi\u0119cie to 2 1\/4\u2033. D\u0142ugo\u015b\u0107 ca\u0142kowita wynosi 40 cali, a waga 7,8 funta dla wszystkich czterech modeli. benelli m4 h2o discontinued <a href=\"https:\/\/duckduckgo.com\/\" target=\"_blank\" rel=\"noopener\">.<\/a><\/p>\n<p>&nbsp;<\/p>\n<p><strong>Benelli M4 Ghost Shotgun na sprzeda\u017c<\/strong><\/p>\n<p>M4 zosta\u0142 zaprojektowany dla ameryka\u0144skiego wojska i wszed\u0142 do s\u0142u\u017cby oko\u0142o 1999 roku jako M1014 Joint Service Shotgun. Magia pistoletu wywodzi si\u0119 z opatentowanego przez Benelli systemu ARGO. ARGO to skr\u00f3t od Auto-Regulating Gas-Operated. Ten samoczyszcz\u0105cy, nap\u0119dzany t\u0142ok ma prost\u0105 konstrukcj\u0119 z dwoma t\u0142okami o kr\u00f3tkim skoku. ARGO eliminuje potrzeb\u0119 stosowania bardziej skomplikowanych mechanizm\u00f3w, takich jak ci\u0119\u017ckie dr\u0105\u017cki i \u0142\u0105czniki, kt\u00f3re mo\u017cna znale\u017a\u0107 w innych podobnych strzelbach. Benelli m4 sk\u0142adana kolba klon<\/p>\n<h2 style=\"text-align: center;\">Benelli M4 na sprzeda\u017c<\/h2>\n<p>Zaprojektowany do intensywnych scenariuszy taktycznych, Benelli M4 na sprzeda\u017c to p\u00f3\u0142automatyczna strzelba z regulacj\u0105 gazu (A.R.G.O) stworzona dla Korpusu Piechoty Morskiej Stan\u00f3w Zjednoczonych. Ta 12-strza\u0142owa strzelba ma 18,5-calow\u0105 luf\u0119 i jest wyposa\u017cona w chwyt pistoletowy lub teleskopowe kolby, d\u017awigni\u0119 rygla, obrotow\u0105 g\u0142owic\u0119 rygla, nawiercan\u0105 i gwintowan\u0105 komor\u0119 zamkow\u0105 z szyn\u0105 Picatinny, zdejmowany zesp\u00f3\u0142 spustowy, ergonomiczn\u0105 os\u0142on\u0119 spustu i zabezpieczenie oraz przyrz\u0105dy celownicze Ghost Ring. Dost\u0119pne w niskiej cenie Benelli M4 w Omaha Outdoors, te taktyczne strzelby s\u0105 zaprojektowane tak, aby uderza\u0107 mocno i dzia\u0142a\u0107 jeszcze mocniej, z niezawodnym dzia\u0142aniem nawet w najtrudniejszych warunkach. Bez w\u0105tpienia, je\u015bli Korpus Piechoty Morskiej Stan\u00f3w Zjednoczonych polega na strzelbie Benelli M4, ty te\u017c mo\u017cesz. Benelli m1014 vs m4<\/p>\n<figure id=\"attachment_646\" aria-describedby=\"caption-attachment-646\" style=\"width: 474px\" class=\"wp-caption aligncenter\"><img decoding=\"async\" class=\"size-full wp-image-646 lazyload\" data-src=\"https:\/\/buyaghostgun.com\/wp-content\/uploads\/2022\/07\/Benelli-M4-Shotgun-For-Sale.jpg\" alt=\"Strzelba Benelli M4 na sprzeda\u017c\" width=\"474\" height=\"231\" src=\"data:image\/svg+xml;base64,PHN2ZyB3aWR0aD0iMSIgaGVpZ2h0PSIxIiB4bWxucz0iaHR0cDovL3d3dy53My5vcmcvMjAwMC9zdmciPjwvc3ZnPg==\" style=\"--smush-placeholder-width: 474px; --smush-placeholder-aspect-ratio: 474\/231;\" \/><figcaption id=\"caption-attachment-646\" class=\"wp-caption-text\">Strzelba Benelli M4 na sprzeda\u017c<\/figcaption><\/figure>","protected":false},"excerpt":{"rendered":"<p><span style=\"text-decoration: underline; color: #ed1c24;\"><strong>Uwaga:<\/strong><\/span> Wszystkie nasze pistolety s\u0105 niewykrywalne 100%. Nieuregulowane i niezserializowane, te pistolety s\u0105 idealnymi pistoletami fantomowymi. .<\/p>\n<p>Teraz oferujemy mo\u017cliwo\u015b\u0107 zakupu ich z t\u0142umikiem d\u017awi\u0119ku i amunicj\u0105.<\/p>","protected":false},"featured_media":644,"comment_status":"open","ping_status":"closed","template":"","meta":{"_acf_changed":false},"product_brand":[],"product_cat":[68],"product_tag":[],"class_list":{"0":"post-638","1":"product","2":"type-product","3":"status-publish","4":"has-post-thumbnail","6":"product_cat-ghost-shotguns-for-sale","8":"first","9":"instock","10":"shipping-taxable","11":"purchasable","12":"product-type-variable"},"acf":[],"_links":{"self":[{"href":"https:\/\/buyaghostgun.com\/pl\/wp-json\/wp\/v2\/product\/638","targetHints":{"allow":["GET"]}}],"collection":[{"href":"https:\/\/buyaghostgun.com\/pl\/wp-json\/wp\/v2\/product"}],"about":[{"href":"https:\/\/buyaghostgun.com\/pl\/wp-json\/wp\/v2\/types\/product"}],"replies":[{"embeddable":true,"href":"https:\/\/buyaghostgun.com\/pl\/wp-json\/wp\/v2\/comments?post=638"}],"wp:featuredmedia":[{"embeddable":true,"href":"https:\/\/buyaghostgun.com\/pl\/wp-json\/wp\/v2\/media\/644"}],"wp:attachment":[{"href":"https:\/\/buyaghostgun.com\/pl\/wp-json\/wp\/v2\/media?parent=638"}],"wp:term":[{"taxonomy":"product_brand","embeddable":true,"href":"https:\/\/buyaghostgun.com\/pl\/wp-json\/wp\/v2\/product_brand?post=638"},{"taxonomy":"product_cat","embeddable":true,"href":"https:\/\/buyaghostgun.com\/pl\/wp-json\/wp\/v2\/product_cat?post=638"},{"taxonomy":"product_tag","embeddable":true,"href":"https:\/\/buyaghostgun.com\/pl\/wp-json\/wp\/v2\/product_tag?post=638"}],"curies":[{"name":"wp","href":"https:\/\/api.w.org\/{rel}","templated":true}]}}