{"id":647,"date":"2022-07-05T16:00:45","date_gmt":"2022-07-05T16:00:45","guid":{"rendered":"https:\/\/buyaghostgun.com\/?post_type=product&#038;p=647"},"modified":"2025-12-29T09:16:16","modified_gmt":"2025-12-29T09:16:16","slug":"cz-scorpion-evo-3-s1-karabinek-na-sprzedaz","status":"publish","type":"product","link":"https:\/\/buyaghostgun.com\/pl\/product\/cz-scorpion-evo-3-s1-karabinek-na-sprzedaz\/","title":{"rendered":"Karabinek CZ Scorpion EVO 3 S1"},"content":{"rendered":"<h2 class=\"product-title product_title entry-title\" style=\"text-align: center;\">Karabinek CZ Scorpion EVO 3 S1 na sprzeda\u017c<\/h2>\n<section class=\"elementor-section elementor-top-section elementor-element elementor-element-5236c3a2 elementor-section-boxed elementor-section-height-default elementor-section-height-default\" data-id=\"5236c3a2\" data-element_type=\"section\" data-settings=\"{&quot;background_background&quot;:&quot;classic&quot;,&quot;shape_divider_top&quot;:&quot;tilt&quot;,&quot;shape_divider_bottom&quot;:&quot;tilt&quot;}\">\n<div class=\"elementor-container elementor-column-gap-default\">\n<div class=\"elementor-row\">\n<div class=\"elementor-column elementor-col-100 elementor-top-column elementor-element elementor-element-492a73a1\" data-id=\"492a73a1\" data-element_type=\"column\">\n<div class=\"elementor-column-wrap elementor-element-populated\">\n<div class=\"elementor-widget-wrap\">\n<div class=\"elementor-element elementor-element-381118b5 woo-desc elementor-widget elementor-widget-shortcode\" data-id=\"381118b5\" data-element_type=\"widget\" data-widget_type=\"shortcode.default\">\n<div class=\"elementor-widget-container\">\n<div class=\"elementor-shortcode\">\n<p>Dost\u0119pny w dw\u00f3ch wariantach karabinek Scorpion to zupe\u0142nie nowe zwierz\u0119. Opieraj\u0105c si\u0119 na chwalonej platformie submachinegun, kt\u00f3ra po raz pierwszy trafi\u0142a na ameryka\u0144ski rynek cywilny w formie pistoletu w 2015 roku, Carbine ma 16,2-calow\u0105 luf\u0119 wyposa\u017con\u0105 w kompensacyjny hamulec wylotowy lub sztuczny t\u0142umik. karabinek evo s na sprzeda\u017c. .<\/p>\n<p style=\"text-align: center;\"><strong>Kup karabinek Untraceable Scorpion<\/strong><\/p>\n<p>Wyposa\u017cony w fabryczn\u0105 sk\u0142adan\u0105 regulowan\u0105 kolb\u0119, karabinek zawiera szereg cz\u0119\u015bci wyprodukowanych w USA, dzi\u0119ki czemu jest w pe\u0142ni zgodny z 922(r). Jedn\u0105 z naj\u0142adniejszych cech broni palnej jest nowo zaprojektowany przedni chwyt, pokryty punktami mocowania M-LOK, aby zachowa\u0107 smuk\u0142y profil, a jednocze\u015bnie wystarczaj\u0105co du\u017cy, aby po\u0142kn\u0105\u0107 wi\u0119kszo\u015b\u0107 t\u0142umik\u00f3w kalibru pistoletowego, je\u015bli w\u0142a\u015bciciel zdecyduje si\u0119 przekszta\u0142ci\u0107 go w SBR do u\u017cytku z t\u0142umikiem. cz scorpion carbine na sprzeda\u017c .<\/p>\n<h2 style=\"text-align: center;\">Karabinek CZ Scorpion na sprzeda\u017c<\/h2>\n<p>G\u00f3rna szyna Picatinny pasuje do \u017celaznych przyrz\u0105d\u00f3w celowniczych i umo\u017cliwia monta\u017c szerokiej gamy optyki. Prosty i niezawodny, Scorpion ma nie tylko obur\u0119czne elementy steruj\u0105ce, ale tak\u017ce niewymagaj\u0105cy amortyzacji uchwyt \u0142adowania, kt\u00f3ry mo\u017cna wymienia\u0107 i regulowa\u0107 zasi\u0119g spustu. cz scorpion evo s carbine<a href=\"https:\/\/www.google.com\/\" target=\"_blank\" rel=\"noopener\">.<\/a><\/p>\n<p>Dzi\u0119ki bogactwu akcesori\u00f3w i dodatk\u00f3w dost\u0119pnych dla platformy Scorpion, personalizacj\u0119 mo\u017cna \u0142atwo przeprowadzi\u0107 za pomoc\u0105 szeregu kolb, chwyt\u00f3w, cz\u00f3\u0142enek, magazynk\u00f3w, bezpiecznik\u00f3w, zwalniaczy magazynka, uchwyt\u00f3w \u0142adowania i spust\u00f3w zaprojektowanych specjalnie dla platformy Scorpion. <a href=\"https:\/\/buyaghostgun.com\/pl\/pistolety-duchy-na-sprzedaz\/\">EVO 3<\/a> platforma. scorpion evo s na sprzeda\u017c. .<\/p>\n<p style=\"text-align: center;\"><strong>Karabinki Ghost Scorpion na sprzeda\u017c<br \/>\n<\/strong><\/p>\n<\/div>\n<\/div>\n<\/div>\n<\/div>\n<\/div>\n<\/div>\n<\/div>\n<\/div>\n<\/section>\n<section class=\"elementor-section elementor-top-section elementor-element elementor-element-5cc82c0b elementor-section-boxed elementor-section-height-default elementor-section-height-default\" data-id=\"5cc82c0b\" data-element_type=\"section\" data-settings=\"{&quot;background_background&quot;:&quot;classic&quot;}\">\n<div class=\"elementor-container elementor-column-gap-default\">\n<div class=\"elementor-row\">\n<div class=\"elementor-column elementor-col-100 elementor-top-column elementor-element elementor-element-52b8acd2\" data-id=\"52b8acd2\" data-element_type=\"column\" data-settings=\"{&quot;background_background&quot;:&quot;classic&quot;}\">\n<div class=\"elementor-column-wrap elementor-element-populated\">\n<div class=\"elementor-widget-wrap\">\n<div class=\"elementor-element elementor-element-3b9b5a19 elementor-widget elementor-widget-heading\" data-id=\"3b9b5a19\" data-element_type=\"widget\" data-widget_type=\"heading.default\">\n<div class=\"elementor-widget-container\">\n<p class=\"elementor-heading-title elementor-size-default\"><strong>Specyfikacje<\/strong><\/p>\n<\/div>\n<\/div>\n<div class=\"elementor-element elementor-element-53e1667c elementor-widget elementor-widget-product_specs_table\" data-id=\"53e1667c\" data-element_type=\"widget\" data-widget_type=\"product_specs_table.default\">\n<div class=\"elementor-widget-container\">\n<div class=\"wrapper-414141\">\n<div id=\"product-specifications\" class=\"slick-initialized slick-slider\" data-slick=\"{&quot;slidesToShow&quot;: 1, &quot;slidesToScroll&quot;: 1}\">\n<div class=\"slick-list draggable\">\n<div class=\"slick-track\">\n<div class=\"slick-slide slick-current slick-active\" tabindex=\"0\" data-slick-index=\"0\" aria-hidden=\"false\">\n<h2 class=\"specs-title\">KARABINEK CZ SCORPION EVO 3 S1 Z T\u0141UMIKIEM DRGA\u0143<\/h2>\n<div class=\"spec-row\"><span class=\"label\">Nazwa produktu<\/span><span class=\"value\">Karabinek CZ Scorpion EVO 3 S1 z t\u0142umikiem d\u017awi\u0119ku<\/span><\/div>\n<div class=\"spec-row\"><span class=\"label\">SKU<\/span><span class=\"value\">08507<\/span><\/div>\n<div class=\"spec-row\"><span class=\"label\">Typ broni palnej<\/span><span class=\"value\">Karabin<\/span><\/div>\n<div class=\"spec-row\"><span class=\"label\">Cel<\/span><span class=\"value\">Obrona domowa<\/span><\/div>\n<div class=\"spec-row\"><span class=\"label\">Chambering<\/span><span class=\"value\">9mm Luger<\/span><\/div>\n<div class=\"spec-row\"><span class=\"label\">Pojemno\u015b\u0107 magazynka<\/span><span class=\"value\">20 1<\/span><\/div>\n<div class=\"spec-row\"><span class=\"label\">Typ magazynu<\/span><span class=\"value\">Podw\u00f3jny stos polimerowy<\/span><\/div>\n<div class=\"spec-row\"><span class=\"label\">Rama<\/span><span class=\"value\">Polimer wzmocniony w\u0142\u00f3knami<\/span><\/div>\n<div class=\"spec-row\"><span class=\"label\">Uchwyty<\/span><span class=\"value\">Polimer, regulowany zasi\u0119g do spustu<\/span><\/div>\n<div class=\"spec-row\"><span class=\"label\">Trigger Mech<\/span><span class=\"value\">SA<\/span><\/div>\n<div class=\"spec-row\"><span class=\"label\">Widoki<\/span><span class=\"value\">Regulowany<\/span><\/div>\n<div class=\"spec-row\"><span class=\"label\">Beczka<\/span><span class=\"value\">Kuty m\u0142otkiem na zimno, gwint wylotowy 1\/2\u00d728<\/span><\/div>\n<div class=\"spec-row\"><span class=\"label\">D\u0142ugo\u015b\u0107 lufy<\/span><span class=\"value\">16.2<\/span><\/div>\n<div class=\"spec-row\"><span class=\"label\">Waga<\/span><span class=\"value\">7 funt\u00f3w<\/span><\/div>\n<div class=\"spec-row\"><span class=\"label\">D\u0142ugo\u015b\u0107 ca\u0142kowita<\/span><span class=\"value\">34,75 cala \/ 24,5 cala<\/span><\/div>\n<div class=\"spec-row\"><span class=\"label\">Wysoko\u015b\u0107<\/span><span class=\"value\">9,4 cala<\/span><\/div>\n<div class=\"spec-row\"><span class=\"label\">Bezpiecze\u0144stwo<\/span><span class=\"value\">Obur\u0119czne zabezpieczenie kciuka<\/span><\/div>\n<div>\n<figure id=\"attachment_650\" aria-describedby=\"caption-attachment-650\" style=\"width: 510px\" class=\"wp-caption aligncenter\"><img decoding=\"async\" class=\"size-full wp-image-650 lazyload\" data-src=\"https:\/\/buyaghostgun.com\/wp-content\/uploads\/2022\/07\/CZ-Scorpion-EVO-3-S1-Carbine-For-Sale-2.png\" alt=\"Karabinek CZ Scorpion EVO 3 S1 na sprzeda\u017c\" width=\"510\" height=\"340\" data-srcset=\"https:\/\/buyaghostgun.com\/wp-content\/uploads\/2022\/07\/CZ-Scorpion-EVO-3-S1-Carbine-For-Sale-2.png 510w, https:\/\/buyaghostgun.com\/wp-content\/uploads\/2022\/07\/CZ-Scorpion-EVO-3-S1-Carbine-For-Sale-2-500x333.png 500w\" data-sizes=\"(max-width: 510px) 100vw, 510px\" src=\"data:image\/svg+xml;base64,PHN2ZyB3aWR0aD0iMSIgaGVpZ2h0PSIxIiB4bWxucz0iaHR0cDovL3d3dy53My5vcmcvMjAwMC9zdmciPjwvc3ZnPg==\" style=\"--smush-placeholder-width: 510px; --smush-placeholder-aspect-ratio: 510\/340;\" \/><figcaption id=\"caption-attachment-650\" class=\"wp-caption-text\">Karabinek CZ Scorpion EVO 3 S1 na sprzeda\u017c<\/figcaption><\/figure>\n<\/div>\n<\/div>\n<\/div>\n<\/div>\n<\/div>\n<\/div>\n<\/div>\n<\/div>\n<\/div>\n<\/div>\n<\/div>\n<\/div>\n<\/div>\n<\/section>\n<p>&nbsp;<\/p>","protected":false},"excerpt":{"rendered":"<p><span style=\"text-decoration: underline; color: #ed1c24;\"><strong>Uwaga:<\/strong><\/span> Wszystkie nasze pistolety s\u0105 niewykrywalne 100%. Nieuregulowane i niezserializowane, te pistolety s\u0105 idealnymi pistoletami fantomowymi. .<\/p>\n<p>Teraz oferujemy mo\u017cliwo\u015b\u0107 zakupu ich z t\u0142umikiem d\u017awi\u0119ku i amunicj\u0105.<\/p>","protected":false},"featured_media":650,"comment_status":"open","ping_status":"closed","template":"","meta":{"_acf_changed":false},"product_brand":[],"product_cat":[69,75],"product_tag":[],"class_list":{"0":"post-647","1":"product","2":"type-product","3":"status-publish","4":"has-post-thumbnail","6":"product_cat-ghost-rifles-for-sale","7":"product_cat-ghost-machine-guns-for-sale","9":"first","10":"instock","11":"shipping-taxable","12":"purchasable","13":"product-type-variable"},"acf":[],"_links":{"self":[{"href":"https:\/\/buyaghostgun.com\/pl\/wp-json\/wp\/v2\/product\/647","targetHints":{"allow":["GET"]}}],"collection":[{"href":"https:\/\/buyaghostgun.com\/pl\/wp-json\/wp\/v2\/product"}],"about":[{"href":"https:\/\/buyaghostgun.com\/pl\/wp-json\/wp\/v2\/types\/product"}],"replies":[{"embeddable":true,"href":"https:\/\/buyaghostgun.com\/pl\/wp-json\/wp\/v2\/comments?post=647"}],"wp:featuredmedia":[{"embeddable":true,"href":"https:\/\/buyaghostgun.com\/pl\/wp-json\/wp\/v2\/media\/650"}],"wp:attachment":[{"href":"https:\/\/buyaghostgun.com\/pl\/wp-json\/wp\/v2\/media?parent=647"}],"wp:term":[{"taxonomy":"product_brand","embeddable":true,"href":"https:\/\/buyaghostgun.com\/pl\/wp-json\/wp\/v2\/product_brand?post=647"},{"taxonomy":"product_cat","embeddable":true,"href":"https:\/\/buyaghostgun.com\/pl\/wp-json\/wp\/v2\/product_cat?post=647"},{"taxonomy":"product_tag","embeddable":true,"href":"https:\/\/buyaghostgun.com\/pl\/wp-json\/wp\/v2\/product_tag?post=647"}],"curies":[{"name":"wp","href":"https:\/\/api.w.org\/{rel}","templated":true}]}}