{"id":656,"date":"2022-07-05T16:24:55","date_gmt":"2022-07-05T16:24:55","guid":{"rendered":"https:\/\/buyaghostgun.com\/?post_type=product&#038;p=656"},"modified":"2025-11-30T13:38:47","modified_gmt":"2025-11-30T13:38:47","slug":"niewykrywalny-pistolet-cz-75-sp-01-na-sprzedaz","status":"publish","type":"product","link":"https:\/\/buyaghostgun.com\/pl\/product\/niewykrywalny-pistolet-cz-75-sp-01-na-sprzedaz\/","title":{"rendered":"Pistolet CZ 75 SP-01"},"content":{"rendered":"<h2 style=\"text-align: center;\">Niepodrabialny pistolet CZ 75 SP-01 na sprzeda\u017c<\/h2>\n<p>CZ 75 SP-01 to pierwszy pe\u0142nowymiarowy pistolet (4,6\u201d bbl) od CZ, kt\u00f3ry charakteryzuje si\u0119 ulepszon\u0105 technologi\u0105 produkcji i ergonomi\u0105 zatwierdzonego przez NATO modelu CZ 75 Compact P-01. Wyposa\u017cony w zintegrowan\u0105 szyn\u0119 akcesoryjn\u0105 1913 na os\u0142onie przeciwpy\u0142owej, gumowe panele r\u0119koje\u015bci i odporne na korozj\u0119 czarne wyko\u0144czenie CZ, SP-01 jest najnowszym modelem, kt\u00f3ry do\u0142\u0105czy\u0142 do rodziny pistolet\u00f3w opartych na platformie CZ 75 (SA\/DA)<a href=\"https:\/\/www.google.com\/\" target=\"_blank\" rel=\"noopener\">. <\/a><\/p>\n<h3 style=\"text-align: center;\"><span class=\"tagify__input\" tabindex=\"0\" role=\"textbox\" contenteditable=\"true\" data-placeholder=\"Example: Rank Math SEO\" aria-placeholder=\"Example: Rank Math SEO\" aria-autocomplete=\"both\" aria-multiline=\"false\">Kup pistolety Ghost na sprzeda\u017c<\/span><\/h3>\n<p>Zapo\u017cyczaj\u0105c z ulepszonej geometrii chwytu kompaktowego P-01, SP-01 wykorzystuje wyd\u0142u\u017cony ogon bobra, aby chroni\u0107 siln\u0105 d\u0142o\u0144 strzelca, a tak\u017ce pozwala na g\u0142\u0119bszy i pewniejszy chwyt. Nowa geometria chwytu, szachownica w kluczowych obszarach na przednim i tylnym pasku oraz redystrybucja masy zapewniona przez szyn\u0119 akcesori\u00f3w zauwa\u017calnie zmniejszaj\u0105 odczuwalny odrzut w por\u00f3wnaniu z poprzednimi modelami i pozwalaj\u0105 na szybsze pozyskiwanie celu i przechodzenie do niego<a href=\"https:\/\/duckduckgo.com\/\" target=\"_blank\" rel=\"noopener\">.<\/a><\/p>\n<h3 style=\"text-align: center;\">Kup online pistolet CZ 75 SP-01<\/h3>\n<p>SP-01 zosta\u0142 zaprojektowany jako bro\u0144 s\u0142u\u017cbowa dla wojska i organ\u00f3w \u015bcigania. Nowy model jest obecnie u\u017cywany przez si\u0142y bezpiecze\u0144stwa walcz\u0105ce z terroryzmem. Dzi\u0119ki wyj\u0105tkowej celno\u015bci i doskona\u0142ej charakterystyce prowadzenia, CZ 75 SP-01 znalaz\u0142 r\u00f3wnie\u017c zwolennik\u00f3w w dziedzinie strzelectwa sportowego i tarczowego. Lista jego u\u017cytkownik\u00f3w na torze zawod\u00f3w obejmuje mistrz\u00f3w \u015bwiata Adama Tyca i Angusa Hobdella (odpowiednio 1 i 3 miejsce w mistrzostwach IPSC 2005, World Shoot XIV). <a href=\"https:\/\/buyaghostgun.com\/pl\/\">cz 75 sp-01<\/a> recenzja .<\/p>\n<figure id=\"attachment_657\" aria-describedby=\"caption-attachment-657\" style=\"width: 233px\" class=\"wp-caption aligncenter\"><img decoding=\"async\" class=\"size-full wp-image-657 lazyload\" data-src=\"https:\/\/buyaghostgun.com\/wp-content\/uploads\/2022\/07\/Untraceable-CZ-75-SP-01-Handgun-For-Sale.png\" alt=\"Niepodrabialny pistolet CZ 75 SP-01 na sprzeda\u017c\" width=\"233\" height=\"155\" src=\"data:image\/svg+xml;base64,PHN2ZyB3aWR0aD0iMSIgaGVpZ2h0PSIxIiB4bWxucz0iaHR0cDovL3d3dy53My5vcmcvMjAwMC9zdmciPjwvc3ZnPg==\" style=\"--smush-placeholder-width: 233px; --smush-placeholder-aspect-ratio: 233\/155;\" \/><figcaption id=\"caption-attachment-657\" class=\"wp-caption-text\">Niepodrabialny pistolet CZ 75 SP-01 na sprzeda\u017c<\/figcaption><\/figure>\n<p>&nbsp;<\/p>\n<section class=\"elementor-section elementor-top-section elementor-element elementor-element-1a4f151b elementor-section-boxed elementor-section-height-default elementor-section-height-default\" data-id=\"1a4f151b\" data-element_type=\"section\" data-settings=\"{&quot;background_background&quot;:&quot;classic&quot;}\">\n<div class=\"elementor-container elementor-column-gap-default\">\n<div class=\"elementor-row\">\n<div class=\"elementor-column elementor-col-100 elementor-top-column elementor-element elementor-element-2640c88b\" data-id=\"2640c88b\" data-element_type=\"column\" data-settings=\"{&quot;background_background&quot;:&quot;classic&quot;}\">\n<div class=\"elementor-column-wrap elementor-element-populated\">\n<div class=\"elementor-widget-wrap\">\n<div class=\"elementor-element elementor-element-5038c49f elementor-widget elementor-widget-heading\" data-id=\"5038c49f\" data-element_type=\"widget\" data-widget_type=\"heading.default\">\n<div class=\"elementor-widget-container\">\n<h4 class=\"elementor-heading-title elementor-size-default\">Specyfikacje<\/h4>\n<\/div>\n<\/div>\n<\/div>\n<\/div>\n<\/div>\n<\/div>\n<\/div>\n<\/section>\n<div class=\"slick-list draggable\">\n<div class=\"slick-track\">\n<div class=\"slick-slide slick-current slick-active\" tabindex=\"0\" data-slick-index=\"0\" aria-hidden=\"false\">\n<h3 class=\"specs-title\"><strong>CZ 75 SP-01 - 9MM<\/strong><\/h3>\n<div class=\"spec-row\"><span class=\"label\">Nazwa produktu<\/span><span class=\"value\">CZ 75 SP-01 - 9mm<\/span><\/div>\n<div class=\"spec-row\"><span class=\"label\">SKU<\/span><span class=\"value\">91152<\/span><\/div>\n<div class=\"spec-row\"><span class=\"label\">Typ broni palnej<\/span><span class=\"value\">Pistolet<\/span><\/div>\n<div class=\"spec-row\"><span class=\"label\">Chambering<\/span><span class=\"value\">9mm Luger<\/span><\/div>\n<div class=\"spec-row\"><span class=\"label\">Pojemno\u015b\u0107 magazynka<\/span><span class=\"value\">19<\/span><\/div>\n<div class=\"spec-row\"><span class=\"label\">Typ magazynu<\/span><span class=\"value\">Podw\u00f3jny stos<\/span><\/div>\n<div class=\"spec-row\"><span class=\"label\">Rama<\/span><span class=\"value\">Stal<\/span><\/div>\n<div class=\"spec-row\"><span class=\"label\">Uchwyty<\/span><span class=\"value\">Guma<\/span><\/div>\n<div class=\"spec-row\"><span class=\"label\">Trigger Mech<\/span><span class=\"value\">DA\/SA<\/span><\/div>\n<div class=\"spec-row\"><span class=\"label\">Widoki<\/span><span class=\"value\">Sta\u0142e celowniki noktowizyjne<\/span><\/div>\n<div class=\"spec-row\"><span class=\"label\">Beczka<\/span><span class=\"value\">Kute m\u0142otem na zimno<\/span><\/div>\n<div class=\"spec-row\"><span class=\"label\">D\u0142ugo\u015b\u0107 lufy<\/span><span class=\"value\">4,6 cala<\/span><\/div>\n<div class=\"spec-row\"><span class=\"label\">Waga<\/span><span class=\"value\">40.7<\/span><\/div>\n<div class=\"spec-row\"><span class=\"label\">D\u0142ugo\u015b\u0107 ca\u0142kowita<\/span><span class=\"value\">8,15 cala<\/span><\/div>\n<div class=\"spec-row\"><span class=\"label\">Wysoko\u015b\u0107<\/span><span class=\"value\">5,79 cala<\/span><\/div>\n<div class=\"spec-row\"><span class=\"label\">Szeroko\u015b\u0107<\/span><span class=\"value\">1,46 cala<\/span><\/div>\n<div class=\"spec-row\"><span class=\"label\">Bezpiecze\u0144stwo<\/span><span class=\"value\">Zabezpieczenie r\u0119czne, blokada bezpiecze\u0144stwa na m\u0142otku, blokada iglicy<\/span><\/div>\n<div>\n<h3 class=\"c-detail__title\" style=\"text-align: center;\">Taktyczny pistolet CZ 75 SP-01 kaliber 9 mm na sprzeda\u017c<\/h3>\n<p>&nbsp;<\/p>\n<\/div>\n<\/div>\n<\/div>\n<\/div>","protected":false},"excerpt":{"rendered":"<div class=\"product-short-description\">\n<p><span style=\"text-decoration: underline; color: #ed1c24;\"><strong>Uwaga:<\/strong><\/span> Wszystkie nasze pistolety s\u0105 niewykrywalne 100%. Nieuregulowane i niezserializowane, te pistolety s\u0105 idealnymi pistoletami fantomowymi. .<\/p>\n<p>Teraz oferujemy mo\u017cliwo\u015b\u0107 zakupu ich z t\u0142umikiem d\u017awi\u0119ku i amunicj\u0105.<\/p>\n<\/div>","protected":false},"featured_media":657,"comment_status":"open","ping_status":"closed","template":"","meta":{"_acf_changed":false},"product_brand":[],"product_cat":[70],"product_tag":[143],"class_list":{"0":"post-656","1":"product","2":"type-product","3":"status-publish","4":"has-post-thumbnail","6":"product_cat-ghost-handguns-for-sale","7":"product_tag-cz-75-sp-01-10-round","9":"first","10":"instock","11":"shipping-taxable","12":"purchasable","13":"product-type-variable"},"acf":[],"_links":{"self":[{"href":"https:\/\/buyaghostgun.com\/pl\/wp-json\/wp\/v2\/product\/656","targetHints":{"allow":["GET"]}}],"collection":[{"href":"https:\/\/buyaghostgun.com\/pl\/wp-json\/wp\/v2\/product"}],"about":[{"href":"https:\/\/buyaghostgun.com\/pl\/wp-json\/wp\/v2\/types\/product"}],"replies":[{"embeddable":true,"href":"https:\/\/buyaghostgun.com\/pl\/wp-json\/wp\/v2\/comments?post=656"}],"wp:featuredmedia":[{"embeddable":true,"href":"https:\/\/buyaghostgun.com\/pl\/wp-json\/wp\/v2\/media\/657"}],"wp:attachment":[{"href":"https:\/\/buyaghostgun.com\/pl\/wp-json\/wp\/v2\/media?parent=656"}],"wp:term":[{"taxonomy":"product_brand","embeddable":true,"href":"https:\/\/buyaghostgun.com\/pl\/wp-json\/wp\/v2\/product_brand?post=656"},{"taxonomy":"product_cat","embeddable":true,"href":"https:\/\/buyaghostgun.com\/pl\/wp-json\/wp\/v2\/product_cat?post=656"},{"taxonomy":"product_tag","embeddable":true,"href":"https:\/\/buyaghostgun.com\/pl\/wp-json\/wp\/v2\/product_tag?post=656"}],"curies":[{"name":"wp","href":"https:\/\/api.w.org\/{rel}","templated":true}]}}