{"id":88,"date":"2013-08-11T19:22:53","date_gmt":"2013-08-11T19:22:53","guid":{"rendered":"http:\/\/localhost:8888\/test\/?page_id=532"},"modified":"2025-10-22T16:57:48","modified_gmt":"2025-10-22T16:57:48","slug":"armas-fantasma-nao-rastreaveis-para-venda","status":"publish","type":"page","link":"https:\/\/buyaghostgun.com\/pt\/armas-fantasma-nao-rastreaveis-para-venda\/","title":{"rendered":"Contacto"},"content":{"rendered":"<div class=\"row\"  id=\"row-1243364817\">\n\n\t<div id=\"col-1054330940\" class=\"col medium-4 small-12 large-4\"  >\n\t\t\t\t<div class=\"col-inner\"  >\n\t\t\t\n\t\t\t\n\t<div id=\"gap-408163866\" class=\"gap-element clearfix\" style=\"display:block; height:auto;\">\n\t\t\n<style>\n#gap-408163866 {\n  padding-top: 179px;\n}\n<\/style>\n\t<\/div>\n\t\n<p>Correio eletr\u00f3nico:<strong><span class=\"gI\">Buyaghostgun@gmail.com<\/span><\/strong><\/p>\n\t\t<\/div>\n\t\t\t\t\t<\/div>\n\n\t\n\n\t<div id=\"col-617707818\" class=\"col medium-8 small-12 large-8\"  >\n\t\t\t\t<div class=\"col-inner\"  >\n\t\t\t\n\t\t\t\n\t<div id=\"gap-104556312\" class=\"gap-element clearfix\" style=\"display:block; height:auto;\">\n\t\t\n<style>\n#gap-104556312 {\n  padding-top: 155px;\n}\n<\/style>\n\t<\/div>\n\t\n\t\t<\/div>\n\t\t\t\t\t<\/div>\n\n\t\n<\/div>\n<h2 style=\"text-align: center;\"><span style=\"color: #000000;\">\u00a0 \u00a0 \u00a0 \u00a0 \u00a0 \u00a0 \u00a0 \u00a0 \u00a0 \u00a0 \u00a0 \u00a0 \u00a0 \u00a0 Armas fantasmas n\u00e3o rastre\u00e1veis \u00e0 venda<br \/>\n<\/span><\/h2>\n<p class=\"lead\" style=\"text-align: center;\"><span style=\"font-size: 80%;\">Como estamos no sector das armas de fogo, compreendemos a import\u00e2ncia da seguran\u00e7a. O nosso objetivo \u00e9 proporcionar-lhe uma experi\u00eancia de compra online segura e protegida, combinada com um servi\u00e7o ao cliente inigual\u00e1vel.<\/span><\/p>\n<p>Armas fantasma \u00e0 venda em Denver com bitcoin. A nossa loja de armas de fogo \u00e9 o seu balc\u00e3o \u00fanico para todas as suas necessidades de armas de fogo. Veja a nossa grande sele\u00e7\u00e3o de armas de AR-15, AR-10, AK-47, espingardas de ca\u00e7a, pistolas e ca\u00e7adeiras de marcas de qualidade superior. Quer seja para ca\u00e7a, defesa dom\u00e9stica ou porte oculto, podemos ajud\u00e1-lo a encontrar a arma de fogo perfeita hoje. Navegue pela nossa sele\u00e7\u00e3o de armas usadas para encontrar grandes ofertas em pistolas, ca\u00e7adeiras, espingardas e muito mais. Trabalhamos com comerciantes locais, bem como com coleccionadores de armas individuais. Armas fantasmas para venda Loja de Denver.<\/p>\n<p>Armas fantasma \u00e0 venda em Denver e no Texas<\/p>\n<p>Se procura a melhor arma de defesa dom\u00e9stica, uma espingarda para um dia no campo de tiro ou a melhor arma de m\u00e3o oculta, Cheaper Than Dirt! \u00e9 o s\u00edtio certo para come\u00e7ar. Com uma enorme sele\u00e7\u00e3o de armas de fogo aos melhores pre\u00e7os, pode comprar espingardas, pistolas, ca\u00e7adeiras e armas de fogo t\u00e1cticas de marcas de topo como DPMS, GLOCK,<\/p>\n<p>&lt;&gt;, Taurus, Mossberg, Remington e muito mais. Al\u00e9m disso, temos pistolas semi-autom\u00e1ticas, rev\u00f3lveres, AK-47s e AR-15s concebidos para uma grande variedade de objectivos. S\u00f3 temos as melhores armas dos fabricantes mais fi\u00e1veis para que possa ter total confian\u00e7a na sua compra. D\u00ea uma vista de olhos \u00e0 nossa sele\u00e7\u00e3o de armas de fogo de alta qualidade e prepare-se para encontrar as armas dos seus sonhos. Onde posso arranjar armas Ghost para venda em Denver.<\/p>\n<p>Armas fantasma \u00e0 venda na Calif\u00f3rnia baratas<\/p>\n<p>Armas de fogo \u00e0 venda na Calif\u00f3rnia baratas perto de mim. Excelente para transporte oculto e prote\u00e7\u00e3o dom\u00e9stica, temos uma arma para todos, quer seja um propriet\u00e1rio de armas pela primeira vez ou um atirador experiente. Temos armas semi-autom\u00e1ticas, rev\u00f3lveres, pistolas de a\u00e7\u00e3o r\u00e1pida e muito mais, com muitas op\u00e7\u00f5es para todos os or\u00e7amentos e n\u00edveis de habilidade. Al\u00e9m disso, temos uma grande variedade de excelentes pistolas defensivas, pistolas ocult\u00e1veis, bem como pistolas de alvo. Temos pistolas de fabricantes de topo como a GLOCK, Springfield Armory, Ruger e SIG Sauer. A Cheaper Than Dirt! tem a maior variedade de armas de m\u00e3o para venda online. D\u00ea uma vista de olhos \u00e0 nossa sele\u00e7\u00e3o de pistolas de alta qualidade e prepare-se para encontrar a pistola dos seus sonhos. <a href=\"https:\/\/buyaghostgun.com\/pt\/product-category\/venda-de-metralhadoras-fantasma\/\">Armas fantasma \u00e0 venda na Calif\u00f3rnia baratas COD<\/a>.<\/p>\n<p>Esfor\u00e7amo-nos por ser os seus especialistas em espingardas, com armas de fogo acess\u00edveis e funcionais das principais marcas, como Remington, Winchester, Ruger, Browning e Savage. Encontrar\u00e1 espingardas AR-15, espingardas rimfire, espingardas AK-47, espingardas de ca\u00e7a e muito mais em stock e prontas a enviar. Temos op\u00e7\u00f5es para praticamente todos os interesses e calibres de espingardas. Assim, quer o seu objetivo seja o tiro desportivo, a autodefesa, a ca\u00e7a ou o plinking, pode obter a arma certa ao pre\u00e7o certo. Onde \u00e9 que se pode comprar armas Ghost \u00e0 venda na Calif\u00f3rnia baratas <a href=\"https:\/\/duckduckgo.com\/\" target=\"_blank\" rel=\"noopener\">.<\/a><\/p>\n<h2 style=\"text-align: center;\">Comprar espingardas online EUA<\/h2>\n<p>Comprar espingardas online USA com bitcoin. Os nossos especialistas da ind\u00fastria ajud\u00e1-lo-\u00e3o com todas as suas quest\u00f5es, pre\u00e7os competitivos de mercado, envio super r\u00e1pido e excelente servi\u00e7o ao cliente. A Ghost guns for sale \u00e9 um nome conhecido atrav\u00e9s de extensos esfor\u00e7os de marketing; enviando milh\u00f5es de cat\u00e1logos anualmente e recebendo milh\u00f5es de visitantes por m\u00eas no nosso s\u00edtio Web. A gama de produtos oferecidos expande-se por muitas categorias, com centenas de milhares de produtos em stock e prontos para envio imediato. Comprar espingardas online USA<\/p>\n<p>Quer seja um comprador principiante ou n\u00e3o, a nossa enorme sele\u00e7\u00e3o de armas online, combinada com os nossos passos simples sobre como comprar uma arma online, \u00e9 o melhor local para comprar armas. Compre a nossa sele\u00e7\u00e3o inigual\u00e1vel de pistolas, espingardas e carabinas dos principais fabricantes da ind\u00fastria. Se procura comprar espingardas, ent\u00e3o veio ao s\u00edtio certo. Somos o maior site de leil\u00f5es de armas do mundo e temos uma grande sele\u00e7\u00e3o de todos os tipos de espingardas para venda. Todos os dias, vendedores de todo o pa\u00eds listam novas espingardas para ca\u00e7a, defesa dom\u00e9stica, tiro desportivo ou simplesmente a mais recente adi\u00e7\u00e3o \u00e0 sua casa. Comprar espingardas online USA shop.<\/p>\n<h3 style=\"text-align: center;\">Comprar espingardas online no s\u00edtio Web dos EUA<\/h3>\n<p>Uma espingarda \u00e9 uma arma de fogo de cano longo concebida para disparos precisos, com um cano que tem um padr\u00e3o helicoidal de ranhuras (estrias) cortadas na parede do cano. Para manter o seu foco na precis\u00e3o, as espingardas s\u00e3o normalmente concebidas para serem seguradas com ambas as m\u00e3os e apoiadas firmemente contra o ombro do atirador atrav\u00e9s de uma coronha para estabilidade durante o disparo. As espingardas s\u00e3o amplamente utilizadas na guerra, na autodefesa, na aplica\u00e7\u00e3o da lei e no crime (sobretudo em assassinatos), <a href=\"https:\/\/en.wikipedia.org\/wiki\/Hunting\" target=\"_blank\" rel=\"noopener\">ca\u00e7a<\/a>, e desportos de tiro. Comprar espingardas online no s\u00edtio Web dos EUA.<\/p>\n<p>O termo era originalmente rifled gun, com o verbo rifle a referir-se ao processo de maquina\u00e7\u00e3o moderno de cria\u00e7\u00e3o de ranhuras com ferramentas de corte. No s\u00e9culo XX, a arma tornou-se t\u00e3o comum que o substantivo moderno espingarda \u00e9 agora frequentemente utilizado para designar qualquer arma de longo alcance port\u00e1til concebida para uma descarga bem direcionada, activada por um gatilho (por exemplo, a espingarda de resposta de paragem e estimula\u00e7\u00e3o de pessoal, que \u00e9, na realidade, um ofuscador laser). Onde comprar espingardas online nos EUA. Kit de armas fantasma 45 . <span class=\"tagify__tag-text\" contenteditable=\"true\">Armas fantasmas n\u00e3o rastre\u00e1veis \u00e0 venda<\/span> Online.<\/p>\n<div class=\"row\"  id=\"row-845239246\">\n\n\t<div id=\"col-933139474\" class=\"col medium-4 small-12 large-4\"  >\n\t\t\t\t<div class=\"col-inner\"  >\n\t\t\t\n\t\t\t\n<h4 style=\"text-align: center;\"><span style=\"color: #00ccff;\"><strong>Comprar armas de fogo n\u00e3o serializadas online<\/strong><\/span><\/h4>\n<p style=\"text-align: center;\">Fazemos o envio para o seu FFL local de forma r\u00e1pida e f\u00e1cil.<\/p>\n<p><b>Fantasma<\/b> <b>armas<\/b> <b>para<\/b> <b>venda<\/b> \u00e9 o melhor s\u00edtio Web de armas de fogo online do mundo dedicado \u00e0s armas e muni\u00e7\u00f5es mais recentes. Comprar agora <a href=\"https:\/\/buyaghostgun.com\/pt\/product-category\/venda-de-metralhadoras-fantasma\/\">M\u00e1quina <b>armas<\/b> <b>para<\/b> <b>venda<\/b><\/a> em linha <b>Fantasma<\/b> <b>armas<\/b> <b>para<\/b> <b>venda<\/b> tornou a compra de m\u00e1quinas <b>armas<\/b> uma atividade menos mon\u00f3tona, oferecendo uma sele\u00e7\u00e3o de m\u00e1quinas <b>armas<\/b> dispon\u00edvel para compra online. <a href=\"https:\/\/buyaghostgun.com\/pt\/product-category\/armas-fantasma-para-venda-2\/\">Comprar agora Rifles para <b>venda<\/b> em linha<\/a>.<\/p>\n<figure id=\"attachment_619\" aria-describedby=\"caption-attachment-619\" style=\"width: 447px\" class=\"wp-caption aligncenter\"><img decoding=\"async\" class=\"wp-image-619 lazyload\" data-src=\"https:\/\/buyaghostgun.com\/wp-content\/uploads\/2022\/07\/Buy-Unserialized-Firearms-Online.jpg\" alt=\"Comprar armas de fogo n\u00e3o serializadas online\" width=\"447\" height=\"183\" data-srcset=\"https:\/\/buyaghostgun.com\/wp-content\/uploads\/2022\/07\/Buy-Unserialized-Firearms-Online.jpg 612w, https:\/\/buyaghostgun.com\/wp-content\/uploads\/2022\/07\/Buy-Unserialized-Firearms-Online-500x205.jpg 500w\" data-sizes=\"(max-width: 447px) 100vw, 447px\" src=\"data:image\/svg+xml;base64,PHN2ZyB3aWR0aD0iMSIgaGVpZ2h0PSIxIiB4bWxucz0iaHR0cDovL3d3dy53My5vcmcvMjAwMC9zdmciPjwvc3ZnPg==\" style=\"--smush-placeholder-width: 447px; --smush-placeholder-aspect-ratio: 447\/183;\" \/><figcaption id=\"caption-attachment-619\" class=\"wp-caption-text\">Comprar armas de fogo n\u00e3o serializadas online<\/figcaption><\/figure>\n\t\t<\/div>\n\t\t\t\t\t<\/div>\n\n\t\n\n\t<div id=\"col-1298084718\" class=\"col medium-4 small-12 large-4\"  >\n\t\t\t\t<div class=\"col-inner\"  >\n\t\t\t\n\t\t\t\n<h4 style=\"text-align: center;\"><strong><span style=\"color: #00ccff;\">Comprar Untraceable Ghost Guns Online<br \/>\n<\/span><\/strong><\/h4>\n<p style=\"text-align: center;\">Aqui no <a href=\"https:\/\/buyaghostgun.com\/pt\/\">Buyaghostgun.com<\/a> esfor\u00e7amo-nos por ter os pre\u00e7os mais imbat\u00edveis do que qualquer outro site.<\/p>\n<p>Como principal fonte online de armas de fogo para <b>venda<\/b>, <a href=\"https:\/\/buyaghostgun.com\/pt\/armas-fantasma-para-venda\/\"><b>Fantasma<\/b> <b>armas<\/b> <b>para<\/b> <b>venda<\/b><\/a> traz-lhe uma vers\u00e3o n\u00e3o-serializada e <b>indetet\u00e1vel<\/b> pistolas semi-autom\u00e1ticas de marcas l\u00edderes com d\u00e9cadas de experi\u00eancia. Quando compra pistolas online connosco, pode escolher entre o sucesso das armas pequenas. A experi\u00eancia dos nossos fabricantes combina-se com tecnologia avan\u00e7ada para padr\u00f5es elevados. Projeto de lei da arma fantasma 2022<\/p>\n<figure id=\"attachment_616\" aria-describedby=\"caption-attachment-616\" style=\"width: 361px\" class=\"wp-caption aligncenter\"><img decoding=\"async\" class=\"wp-image-616 lazyload\" data-src=\"https:\/\/buyaghostgun.com\/wp-content\/uploads\/2022\/07\/Buy-Untraceable-Ghost-Guns-Online-578x400.png\" alt=\"Comprar Untraceable Ghost Guns Online\" width=\"361\" height=\"250\" data-srcset=\"https:\/\/buyaghostgun.com\/wp-content\/uploads\/2022\/07\/Buy-Untraceable-Ghost-Guns-Online-578x400.png 578w, https:\/\/buyaghostgun.com\/wp-content\/uploads\/2022\/07\/Buy-Untraceable-Ghost-Guns-Online-500x346.png 500w, https:\/\/buyaghostgun.com\/wp-content\/uploads\/2022\/07\/Buy-Untraceable-Ghost-Guns-Online.png 727w\" data-sizes=\"(max-width: 361px) 100vw, 361px\" src=\"data:image\/svg+xml;base64,PHN2ZyB3aWR0aD0iMSIgaGVpZ2h0PSIxIiB4bWxucz0iaHR0cDovL3d3dy53My5vcmcvMjAwMC9zdmciPjwvc3ZnPg==\" style=\"--smush-placeholder-width: 361px; --smush-placeholder-aspect-ratio: 361\/250;\" \/><figcaption id=\"caption-attachment-616\" class=\"wp-caption-text\">Comprar Untraceable Ghost Guns Online<\/figcaption><\/figure>\n\t\t<\/div>\n\t\t\t\t\t<\/div>\n\n\t\n\n\t<div id=\"col-1123412343\" class=\"col medium-4 small-12 large-4\"  >\n\t\t\t\t<div class=\"col-inner\"  >\n\t\t\t\n\t\t\t\n<h4 style=\"text-align: center;\"><strong><span style=\"color: #00ccff;\">Venda de armas fantasma<\/span><\/strong><\/h4>\n<p style=\"text-align: center;\">Aplicar a tecnologia mais recente para garantir transac\u00e7\u00f5es seguras e protegidas para cada compra do cliente<\/p>\n<p>O nosso <b>N\u00e3o rastre\u00e1vel<\/b> As armas, os silenciadores e as muni\u00e7\u00f5es s\u00e3o fornecidos em embalagens normais, bem como as nossas embalagens Prepper que protegem o seu <b>N\u00e3o rastre\u00e1vel<\/b> Muni\u00e7\u00f5es contra a humidade, o ar e a corros\u00e3o. O Dep\u00f3sito Autom\u00e1tico de Pistolas tem a granel <b>N\u00e3o rastre\u00e1vel<\/b> Pistolas autom\u00e1ticas em todos os calibres populares e comuns para <b>N\u00e3o rastre\u00e1vel<\/b> armas de fogo, espingardas e <b>N\u00e3o rastre\u00e1vel<\/b> espingardas. <b>N\u00e3o rastre\u00e1vel<\/b> <b>Fantasma<\/b> <b>Arma<\/b> <b>para<\/b> <b>venda<\/b><\/p>\n<figure id=\"attachment_614\" aria-describedby=\"caption-attachment-614\" style=\"width: 314px\" class=\"wp-caption aligncenter\"><img decoding=\"async\" class=\"wp-image-614 lazyload\" data-src=\"https:\/\/buyaghostgun.com\/wp-content\/uploads\/2022\/07\/Rifles-for-sale-online-600x400.jpg\" alt=\"Espingardas \u00e0 venda online\" width=\"314\" height=\"209\" data-srcset=\"https:\/\/buyaghostgun.com\/wp-content\/uploads\/2022\/07\/Rifles-for-sale-online-600x400.jpg 600w, https:\/\/buyaghostgun.com\/wp-content\/uploads\/2022\/07\/Rifles-for-sale-online-500x333.jpg 500w, https:\/\/buyaghostgun.com\/wp-content\/uploads\/2022\/07\/Rifles-for-sale-online.jpg 612w\" data-sizes=\"(max-width: 314px) 100vw, 314px\" src=\"data:image\/svg+xml;base64,PHN2ZyB3aWR0aD0iMSIgaGVpZ2h0PSIxIiB4bWxucz0iaHR0cDovL3d3dy53My5vcmcvMjAwMC9zdmciPjwvc3ZnPg==\" style=\"--smush-placeholder-width: 314px; --smush-placeholder-aspect-ratio: 314\/209;\" \/><figcaption id=\"caption-attachment-614\" class=\"wp-caption-text\">Espingardas \u00e0 venda online<\/figcaption><\/figure>\n\t\t<\/div>\n\t\t\t\t\t<\/div>\n\n\t\n<\/div>\n<h2 class=\"uppercase\" style=\"text-align: center;\"><strong>A sua seguran\u00e7a \u00e9 a nossa prioridade<\/strong><\/h2>","protected":false},"excerpt":{"rendered":"<p>\u00a0 \u00a0 \u00a0 \u00a0 \u00a0 \u00a0 \u00a0 \u00a0 \u00a0 \u00a0 \u00a0 \u00a0 \u00a0 \u00a0 Untraceable Ghost Guns For Sale Being in the firearms industry we understand the importance of security. Our goal is to provide you with a safe and secure online shopping experience combined with unmatched customer service.We value each and every one of [&#8230;]","protected":false},"author":1,"featured_media":612,"parent":0,"menu_order":0,"comment_status":"closed","ping_status":"closed","template":"page-blank.php","meta":{"_acf_changed":false,"footnotes":""},"class_list":["post-88","page","type-page","status-publish","has-post-thumbnail","hentry"],"acf":[],"_links":{"self":[{"href":"https:\/\/buyaghostgun.com\/pt\/wp-json\/wp\/v2\/pages\/88","targetHints":{"allow":["GET"]}}],"collection":[{"href":"https:\/\/buyaghostgun.com\/pt\/wp-json\/wp\/v2\/pages"}],"about":[{"href":"https:\/\/buyaghostgun.com\/pt\/wp-json\/wp\/v2\/types\/page"}],"author":[{"embeddable":true,"href":"https:\/\/buyaghostgun.com\/pt\/wp-json\/wp\/v2\/users\/1"}],"replies":[{"embeddable":true,"href":"https:\/\/buyaghostgun.com\/pt\/wp-json\/wp\/v2\/comments?post=88"}],"version-history":[{"count":22,"href":"https:\/\/buyaghostgun.com\/pt\/wp-json\/wp\/v2\/pages\/88\/revisions"}],"predecessor-version":[{"id":806,"href":"https:\/\/buyaghostgun.com\/pt\/wp-json\/wp\/v2\/pages\/88\/revisions\/806"}],"wp:featuredmedia":[{"embeddable":true,"href":"https:\/\/buyaghostgun.com\/pt\/wp-json\/wp\/v2\/media\/612"}],"wp:attachment":[{"href":"https:\/\/buyaghostgun.com\/pt\/wp-json\/wp\/v2\/media?parent=88"}],"curies":[{"name":"wp","href":"https:\/\/api.w.org\/{rel}","templated":true}]}}