{"id":90,"date":"2013-08-11T19:06:15","date_gmt":"2013-08-11T19:06:15","guid":{"rendered":"http:\/\/localhost:8888\/test\/?page_id=520"},"modified":"2022-06-25T10:55:06","modified_gmt":"2022-06-25T10:55:06","slug":"comprar-armas-fantasma-online","status":"publish","type":"page","link":"https:\/\/buyaghostgun.com\/pt\/comprar-armas-fantasma-online\/","title":{"rendered":"Sobre"},"content":{"rendered":"<div class=\"banner has-hover has-parallax\" id=\"banner-873128628\">\n          <div class=\"banner-inner fill\">\n        <div class=\"banner-bg fill\" data-parallax=\"-3\" data-parallax-container=\".banner\" data-parallax-background>\n            <div class=\"bg fill bg-fill\"><\/div>\n                        <div class=\"overlay\"><\/div>            \n                    <\/div>\n\t\t\n        <div class=\"banner-layers container\">\n            <div class=\"fill banner-link\"><\/div>            \n   <div id=\"text-box-1784607376\" class=\"text-box banner-layer x50 md-x50 lg-x50 y80 md-y80 lg-y80 res-text\">\n                                <div class=\"text-box-content text dark\">\n              \n              <div class=\"text-inner text-center\">\n                  \n<h1 class=\"lead\">Sobre n\u00f3s<\/h1>\n<p class=\"lead\">Se as suas palavras-chave s\u00e3o profissionalismo e anonimato, est\u00e1 no s\u00edtio certo.<\/p>\n<p><span style=\"font-size: 115%;\">Oferecemos armas de fogo n\u00e3o rastre\u00e1veis, n\u00e3o regulamentadas e n\u00e3o serializadas a pre\u00e7os acess\u00edveis, bem como o servi\u00e7o 100% Discrete Hitman. .<\/span><\/p>\n              <\/div>\n           <\/div>\n                            \n<style>\n#text-box-1784607376 {\n  width: 60%;\n}\n#text-box-1784607376 .text-box-content {\n  font-size: 100%;\n}\n<\/style>\n    <\/div>\n \n        <\/div>\n      <\/div>\n\n            \n<style>\n#banner-873128628 {\n  padding-top: 507px;\n}\n#banner-873128628 .bg.bg-loaded {\n  background-image: url(https:\/\/buyaghostgun.com\/wp-content\/uploads\/2022\/06\/Ghost-guns-for-sale-around-me.jpg);\n}\n#banner-873128628 .overlay {\n  background-color: rgba(0, 0, 0, 0.49);\n}\n#banner-873128628 .ux-shape-divider--top svg {\n  height: 150px;\n  --divider-top-width: 100%;\n}\n#banner-873128628 .ux-shape-divider--bottom svg {\n  height: 150px;\n  --divider-width: 100%;\n}\n<\/style>\n  <\/div>\n\n\n\t<section class=\"section\" id=\"section_2092996764\">\n\t\t<div class=\"bg section-bg fill bg-fill  bg-loaded\" >\n\n\t\t\t\n\t\t\t\n\t\t\t\n\n\t\t<\/div>\n\n\t\t\n\n\t\t<div class=\"section-content relative\">\n\t\t\t\n<div class=\"row align-middle\"  id=\"row-1130543818\">\n\n\t<div id=\"col-974433229\" class=\"col medium-5 small-12 large-5\"  >\n\t\t\t\t<div class=\"col-inner\"  >\n\t\t\t\n\t\t\t\n\n  <div class=\"banner has-hover\" id=\"banner-716438036\">\n          <div class=\"banner-inner fill\">\n        <div class=\"banner-bg fill\" >\n            <div class=\"bg fill bg-fill\"><\/div>\n                                    \n                    <\/div>\n\t\t\n        <div class=\"banner-layers container\">\n            <div class=\"fill banner-link\"><\/div>            \n        <\/div>\n      <\/div>\n\n            \n<style>\n#banner-716438036 {\n  padding-top: 400px;\n  background-color: rgb(255, 255, 255);\n}\n#banner-716438036 .bg.bg-loaded {\n  background-image: url(https:\/\/buyaghostgun.com\/wp-content\/uploads\/2022\/06\/Ghost-guns-for-sale-with-bitcoin-1.jpg);\n}\n#banner-716438036 .ux-shape-divider--top svg {\n  height: 150px;\n  --divider-top-width: 100%;\n}\n#banner-716438036 .ux-shape-divider--bottom svg {\n  height: 150px;\n  --divider-width: 100%;\n}\n@media (min-width:550px) {\n  #banner-716438036 {\n    padding-top: 600px;\n  }\n}\n<\/style>\n  <\/div>\n\n\n\t\t<\/div>\n\t\t\t\t\t<\/div>\n\n\t\n\n\t<div id=\"col-1670066611\" class=\"col medium-7 small-12 large-7\"  >\n\t\t\t\t<div class=\"col-inner\"  >\n\t\t\t\n\t\t\t\n\t<div id=\"text-1387947760\" class=\"text\">\n\t\t\n<h3>Comprar Ghost Guns Online<\/h3>\n\t\t\n<style>\n#text-1387947760 {\n  font-size: 2.5rem;\n  line-height: 0.75;\n}\n<\/style>\n\t<\/div>\n\t\n<p><strong>Ghost Guns \u00e0 venda | Comprar armas de fogo n\u00e3o rastre\u00e1veis online | Comprar metralhadoras online | Onde posso comprar Ghost Guns | Comprar Ghost Guns online<br \/>\n<\/strong><\/p>\n<p>As armas fantasma s\u00e3o armas de fogo n\u00e3o regulamentadas. Aqui voc\u00ea pode obter metralhadoras, rifles e pistolas de 9 mm n\u00e3o rastre\u00e1veis para venda online e localmente muito barato com bitcoin e outras criptomoedas. As nossas armas de fogo n\u00e3o t\u00eam um n\u00famero de s\u00e9rie e n\u00e3o podem ser rastreadas porque s\u00e3o montadas em casa a partir de pe\u00e7as compradas sem uma verifica\u00e7\u00e3o de antecedentes. <a href=\"https:\/\/buyaghostgun.com\/pt\/product-category\/espingardas-fantasma-para-venda-2\/\">Onde posso obter uma arma Ghost \u00e0 venda perto de mim?<\/a> .<\/p>\n<h4 style=\"text-align: center;\"><span class=\"tagify__tag-text\" contenteditable=\"true\">Comprar armas fantasma n\u00e3o rastre\u00e1veis<\/span><\/h4>\n<p>Os americanos t\u00eam o direito de manter e portar armas. Tamb\u00e9m temos o direito de as construir e vender. Vendemos 80 por cento de receptores, arma\u00e7\u00f5es, partes superiores, stocks e kits de pe\u00e7as inferiores para terminar todos os sistemas de armas DIY no mercado. Os artigos que transportamos s\u00e3o os que n\u00f3s pr\u00f3prios utilizamos. Armas fantasma \u00e0 venda perto de mim em Denver.<\/p>\n<p>As nossas opera\u00e7\u00f5es est\u00e3o inteiramente baseadas nos Estados Unidos e servimos os cidad\u00e3os, os soldados e as for\u00e7as da ordem. Preocupamo-nos com as toler\u00e2ncias e os componentes certos, pelo que trabalhamos diretamente com produtores e importadores para armazenar os receptores AK47 e 308 80% da mais alta qualidade no mercado. Al\u00e9m disso, vendemos gabaritos, acess\u00f3rios e equipamento CNC f\u00e1ceis de utilizar para completar as suas constru\u00e7\u00f5es em qualquer n\u00edvel de especializa\u00e7\u00e3o. <a href=\"https:\/\/buyaghostgun.com\/pt\/armas-fantasma-para-venda\/\">Armas fantasma \u00e0 venda perto de mim na Fl\u00f3rida<\/a>.<\/p>\n<a href=\"https:\/\/buyaghostgun.com\/pt\/armas-fantasma-para-venda\/\" target=\"_self\" class=\"button secondary\"  style=\"border-radius:5px;padding:6px 30px 6px 30px;\">\n    <span>Encomendar uma arma<\/span>\n  <\/a>\n\n\t\t<\/div>\n\t\t\t\t\n<style>\n#col-1670066611 > .col-inner {\n  padding: 0px 1% 0px 1%;\n}\n@media (min-width:550px) {\n  #col-1670066611 > .col-inner {\n    padding: 0px 2% 0px 2%;\n  }\n}\n@media (min-width:850px) {\n  #col-1670066611 > .col-inner {\n    padding: 0px 0px 0px 10%;\n  }\n}\n<\/style>\n\t<\/div>\n\n\t\n<\/div>\n\t\t<\/div>\n\n\t\t\n<style>\n#section_2092996764 {\n  padding-top: 30px;\n  padding-bottom: 30px;\n}\n#section_2092996764 .ux-shape-divider--top svg {\n  height: 150px;\n  --divider-top-width: 100%;\n}\n#section_2092996764 .ux-shape-divider--bottom svg {\n  height: 150px;\n  --divider-width: 100%;\n}\n<\/style>\n\t<\/section>\n\t\n<div class=\"row\"  id=\"row-755814208\">\n\n\t<div id=\"col-868706666\" class=\"col small-12 large-12\"  >\n\t\t\t\t<div class=\"col-inner\"  >\n\t\t\t\n\t\t\t\n<h2 class=\"lead text-center\" style=\"text-align: center;\">Comprar metralhadoras online<\/h2>\n<p>Em geral, uma \u201carma fantasma\u201d \u00e9 qualquer tipo de arma de fogo feita em casa a partir de materiais que ainda n\u00e3o s\u00e3o considerados armas de fogo nos termos da lei. N\u00e3o existem defini\u00e7\u00f5es legais exactas de \u201creceptores 80%\u201d ou \u201carmas de fogo inacabadas\u201d, mas as armas fantasma s\u00e3o frequentemente fabricadas a partir destes materiais. Comprar metralhadoras online com BTC <a href=\"https:\/\/duckduckgo.com\/\" target=\"_blank\" rel=\"noopener\">.<\/a><\/p>\n<figure id=\"attachment_565\" aria-describedby=\"caption-attachment-565\" style=\"width: 493px\" class=\"wp-caption alignright\"><img decoding=\"async\" class=\"size-full wp-image-565 lazyload\" data-src=\"https:\/\/buyaghostgun.com\/wp-content\/uploads\/2022\/06\/Buy-untraceable-ghost-guns.png\" alt=\"Comprar armas fantasma n\u00e3o rastre\u00e1veis\" width=\"493\" height=\"300\" src=\"data:image\/svg+xml;base64,PHN2ZyB3aWR0aD0iMSIgaGVpZ2h0PSIxIiB4bWxucz0iaHR0cDovL3d3dy53My5vcmcvMjAwMC9zdmciPjwvc3ZnPg==\" style=\"--smush-placeholder-width: 493px; --smush-placeholder-aspect-ratio: 493\/300;\" \/><figcaption id=\"caption-attachment-565\" class=\"wp-caption-text\">Comprar armas fantasma n\u00e3o rastre\u00e1veis<\/figcaption><\/figure>\n<p>Os media e os pol\u00edticos gostariam de espalhar a ideia errada de que a \u00fanica forma legal de adquirir uma arma \u00e9 compr\u00e1-la a um fabricante ou revendedor. Se est\u00e1 a considerar construir uma arma de fogo n\u00e3o serializada, \u00e9 da sua responsabilidade compreender as leis federais e estaduais relevantes que regem as suas circunst\u00e2ncias particulares. A lei federal apenas exige n\u00fameros de s\u00e9rie para armas de fogo fabricadas comercialmente. Os americanos sempre, com limitadas excep\u00e7\u00f5es estaduais e municipais, fabricaram as suas pr\u00f3prias armas de fogo em casa. <a href=\"https:\/\/buyaghostgun.com\/pt\/product-category\/venda-de-metralhadoras-fantasma\/\">Onde comprar metralhadoras online<\/a>.<\/p>\n<h2 style=\"text-align: center;\">Onde comprar metralhadoras nos Estados Unidos<\/h2>\n<p>Onde comprar metralhadoras nos Estados Unidos de forma discreta; n\u00f3s somos o s\u00edtio certo. Nos Estados Unidos, as metralhadoras s\u00e3o classificadas como armas do T\u00edtulo II. Por outras palavras, s\u00e3o consideradas armas de fogo \u201crestritas\u201d e devem ser registadas no Bureau of Alcohol Tobacco Firearms and Explosives (ATF). No entanto, existe uma lacuna na legisla\u00e7\u00e3o dos EUA que permite que os cidad\u00e3os privados possuam metralhadoras fabricadas antes de 1986 se tiverem sido aprovadas pela ATF. Onde comprar metralhadoras nos Estados Unidos COD.<\/p>\n<p>Uma metralhadora \u00e9 uma arma autom\u00e1tica de cano longo e estriado, concebida para disparos diretos sustentados com cartuchos totalmente carregados. Outras armas de fogo autom\u00e1ticas, como as espingardas de assalto e as espingardas autom\u00e1ticas, s\u00e3o normalmente concebidas mais para disparar rajadas curtas do que para um poder de fogo cont\u00ednuo, n\u00e3o sendo consideradas metralhadoras. As armas autom\u00e1ticas de esquadr\u00e3o, que disparam o mesmo cartucho (normalmente de pot\u00eancia interm\u00e9dia) utilizado pelos outros atiradores da mesma unidade de combate, s\u00e3o funcionalmente metralhadoras ligeiras, embora n\u00e3o sejam designadas como tal. As submetralhadoras, que s\u00e3o capazes de disparar rapidamente e de forma cont\u00ednua, mas que utilizam cartuchos de pistola, tamb\u00e9m n\u00e3o s\u00e3o tecnicamente consideradas verdadeiras metralhadoras. Comprar metralhadoras online na dark web. <a href=\"https:\/\/buyaghostgun.com\/pt\/contact\/\"><strong>CONTACTE-NOS<\/strong><\/a><\/p>\n<h2 style=\"text-align: center;\">Armas fantasma \u00e0 venda perto de mim nos EUA<\/h2>\n<p>Atualmente, em 37 estados \u00e9 poss\u00edvel comprar uma metralhadora. No entanto, n\u00e3o \u00e9 t\u00e3o f\u00e1cil como ir a uma loja de armas local ou mesmo a uma exposi\u00e7\u00e3o de armas. As metralhadoras s\u00e3o legais a n\u00edvel federal, mas altamente regulamentadas. Isto remonta ao National Firearms Act de 1934 (NFA), que foi promulgado como parte do Internal Revenue Code, e foi a primeira regulamenta\u00e7\u00e3o federal do fabrico e transfer\u00eancia de armas de fogo. Onde comprar metralhadoras nos Estados Unidos sem licen\u00e7a.<\/p>\n<figure id=\"attachment_567\" aria-describedby=\"caption-attachment-567\" style=\"width: 400px\" class=\"wp-caption alignleft\"><img decoding=\"async\" class=\"size-medium wp-image-567 lazyload\" data-src=\"https:\/\/buyaghostgun.com\/wp-content\/uploads\/2022\/06\/Where-can-i-buy-Ghost-Guns-400x400.jpg\" alt=\"Onde posso comprar Ghost Guns?\" width=\"400\" height=\"400\" data-srcset=\"https:\/\/buyaghostgun.com\/wp-content\/uploads\/2022\/06\/Where-can-i-buy-Ghost-Guns-400x400.jpg 400w, https:\/\/buyaghostgun.com\/wp-content\/uploads\/2022\/06\/Where-can-i-buy-Ghost-Guns-800x800.jpg 800w, https:\/\/buyaghostgun.com\/wp-content\/uploads\/2022\/06\/Where-can-i-buy-Ghost-Guns-280x280.jpg 280w, https:\/\/buyaghostgun.com\/wp-content\/uploads\/2022\/06\/Where-can-i-buy-Ghost-Guns-768x768.jpg 768w, https:\/\/buyaghostgun.com\/wp-content\/uploads\/2022\/06\/Where-can-i-buy-Ghost-Guns-200x200.jpg 200w, https:\/\/buyaghostgun.com\/wp-content\/uploads\/2022\/06\/Where-can-i-buy-Ghost-Guns-500x500.jpg 500w, https:\/\/buyaghostgun.com\/wp-content\/uploads\/2022\/06\/Where-can-i-buy-Ghost-Guns-100x100.jpg 100w, https:\/\/buyaghostgun.com\/wp-content\/uploads\/2022\/06\/Where-can-i-buy-Ghost-Guns.jpg 1200w\" data-sizes=\"(max-width: 400px) 100vw, 400px\" src=\"data:image\/svg+xml;base64,PHN2ZyB3aWR0aD0iMSIgaGVpZ2h0PSIxIiB4bWxucz0iaHR0cDovL3d3dy53My5vcmcvMjAwMC9zdmciPjwvc3ZnPg==\" style=\"--smush-placeholder-width: 400px; --smush-placeholder-aspect-ratio: 400\/400;\" \/><figcaption id=\"caption-attachment-567\" class=\"wp-caption-text\">Onde posso comprar Ghost Guns?<\/figcaption><\/figure>\n<p>Veja um dos estilos mais conhecidos de espingardas de assalto ou examine a variedade de armas autom\u00e1ticas da Segunda Guerra Mundial. David Spiwak dedica-se a ajudar os coleccionadores a encontrar a arma obscura da Segunda Guerra Mundial que procuram. Os indiv\u00edduos que pretendem vender uma arma de fogo da 2\u00aa Guerra Mundial t\u00eam a garantia de um pre\u00e7o justo. Todas as armas est\u00e3o destinadas a ser como est\u00e3o representadas e a funcionar corretamente. O bem-estar do tiro n\u00e3o est\u00e1 assegurado e \u00e9 necess\u00e1rio que a arma seja verificada por um armeiro. Os tipos de muni\u00e7\u00f5es e as condi\u00e7\u00f5es de alcance s\u00e3o factores que n\u00e3o posso controlar. Todas as armas autom\u00e1ticas s\u00e3o anteriores a 1986 e s\u00e3o vendidas como objectos de coleccionadores.<\/p>\n\t\t<\/div>\n\t\t\t\t\t<\/div>\n\n\t\n<\/div>\n\t<section class=\"section\" id=\"section_1243076433\">\n\t\t<div class=\"bg section-bg fill bg-fill  bg-loaded\" >\n\n\t\t\t\n\t\t\t\n\t\t\t\n\n\t\t<\/div>\n\n\t\t\n\n\t\t<div class=\"section-content relative\">\n\t\t\t\n<div class=\"row align-middle\"  id=\"row-1016970979\">\n\n\t<div id=\"col-121481289\" class=\"col medium-12 small-12 large-6\"  >\n\t\t\t\t<div class=\"col-inner\"  >\n\t\t\t\n\t\t\t\n\n  <div class=\"banner has-hover\" id=\"banner-110691661\">\n          <div class=\"banner-inner fill\">\n        <div class=\"banner-bg fill\" >\n            <div class=\"bg fill bg-fill\"><\/div>\n                                    \n                    <\/div>\n\t\t\n        <div class=\"banner-layers container\">\n            <div class=\"fill banner-link\"><\/div>            \n        <\/div>\n      <\/div>\n\n            \n<style>\n#banner-110691661 {\n  padding-top: 99.99%;\n  background-color: rgb(255, 255, 255);\n}\n#banner-110691661 .bg.bg-loaded {\n  background-image: url(https:\/\/buyaghostgun.com\/wp-content\/uploads\/2022\/06\/Hitman-on-hire.jpg);\n}\n#banner-110691661 .bg {\n  background-position: 35% 56%;\n}\n#banner-110691661 .ux-shape-divider--top svg {\n  height: 150px;\n  --divider-top-width: 100%;\n}\n#banner-110691661 .ux-shape-divider--bottom svg {\n  height: 150px;\n  --divider-width: 100%;\n}\n@media (min-width:550px) {\n  #banner-110691661 {\n    padding-top: 75%;\n  }\n}\n@media (min-width:850px) {\n  #banner-110691661 {\n    padding-top: 99.99%;\n  }\n}\n<\/style>\n  <\/div>\n\n\n\t\t<\/div>\n\t\t\t\t\t<\/div>\n\n\t\n\n\t<div id=\"col-583145090\" class=\"col medium-12 small-12 large-6\"  >\n\t\t\t\t<div class=\"col-inner\"  >\n\t\t\t\n\t\t\t\n\t<div id=\"gap-1479429227\" class=\"gap-element clearfix\" style=\"display:block; height:auto;\">\n\t\t\n<style>\n#gap-1479429227 {\n  padding-top: 10px;\n}\n@media (min-width:850px) {\n  #gap-1479429227 {\n    padding-top: 30px;\n  }\n}\n<\/style>\n\t<\/div>\n\t\n\t<div id=\"text-1606850365\" class=\"text\">\n\t\t\n<h2>Contratar um assassino<\/h2>\n\t\t\n<style>\n#text-1606850365 {\n  font-size: 1.5rem;\n}\n<\/style>\n\t<\/div>\n\t\n<p>Somos ex-funcion\u00e1rios dos servi\u00e7os secretos que prestam servi\u00e7os de assass\u00ednio a pessoas de todas as idades, desde rec\u00e9m-nascidos a idosos. Depois de ter sido aceite, ser-lhe-\u00e1 pedido que pague um dep\u00f3sito antes de come\u00e7ar qualquer trabalho. Os servi\u00e7os de Hitman est\u00e3o dispon\u00edveis em muitos pa\u00edses do mundo, incluindo os Estados Unidos, a R\u00fassia, a Austr\u00e1lia, a China e, claro, a Europa. \u00c9 seguro e simples contratar um assassino atrav\u00e9s de n\u00f3s. hitman for hire 2022<\/p>\n<h4 style=\"text-align: center;\">Contratar um assassino<\/h4>\n<p>Claramente o melhor e o maior <b>aluguer<\/b> <b>a<\/b> <b>assassino<\/b> servi\u00e7o em redor. Qualidade de topo e pre\u00e7os acess\u00edveis. Assassinato a tiro de uma pessoa comum, bem como matar uma pessoa importante que esteja armada ou tenha guarda-costas dispon\u00edveis, dependendo da dificuldade do alvo.<\/p>\n<p><a href=\"https:\/\/buyaghostgun.com\/pt\/contact\/\"><img decoding=\"async\" class=\"wp-image-569 size-full lazyload\" data-src=\"https:\/\/buyaghostgun.com\/wp-content\/uploads\/2022\/06\/Ghost-guns-for-sale-near-me-in-USA.png\" alt=\"Armas fantasma \u00e0 venda perto de mim nos EUA\" width=\"151\" height=\"34\" src=\"data:image\/svg+xml;base64,PHN2ZyB3aWR0aD0iMSIgaGVpZ2h0PSIxIiB4bWxucz0iaHR0cDovL3d3dy53My5vcmcvMjAwMC9zdmciPjwvc3ZnPg==\" style=\"--smush-placeholder-width: 151px; --smush-placeholder-aspect-ratio: 151\/34;\" \/><\/a><\/p>\n<p>Onde quer que estejas no mundo, <a href=\"https:\/\/buyaghostgun.com\/pt\/\">n\u00f3s<\/a> est\u00e1 apenas a um navegador de smartphone de dist\u00e2ncia! Estamos orgulhosamente presentes na World Wide Web desde 2001 e temos a maior rede de agentes de campo do mundo! A vida pode ser agitada, por isso obtenha a sua consulta gratuita hoje mesmo! Matar uma pessoa que considera culpada Fotografias e compila\u00e7\u00e3o de provas Vigil\u00e2ncia, contra-vigil\u00e2ncia<\/p>\n<a href=\"https:\/\/buyaghostgun.com\/pt\/contratar-um-assassino-por-contrato-online\/\" target=\"_self\" class=\"button primary is-link\" style=\"padding:0 0px 0px 0px;\">\n    <span>Saiba mais<\/span>\n  <i class=\"icon-angle-right\" ><\/i><\/a>\n\n\t\t<\/div>\n\t\t\t\t\n<style>\n#col-583145090 > .col-inner {\n  padding: 0px 0px 0px 0;\n}\n@media (min-width:850px) {\n  #col-583145090 > .col-inner {\n    padding: 0px 0px 0px 10%;\n  }\n}\n<\/style>\n\t<\/div>\n\n\t\n<\/div>\n\t\t<\/div>\n\n\t\t\n<style>\n#section_1243076433 {\n  padding-top: 40px;\n  padding-bottom: 40px;\n}\n#section_1243076433 .ux-shape-divider--top svg {\n  height: 150px;\n  --divider-top-width: 100%;\n}\n#section_1243076433 .ux-shape-divider--bottom svg {\n  height: 150px;\n  --divider-width: 100%;\n}\n@media (min-width:850px) {\n  #section_1243076433 {\n    padding-top: 70px;\n    padding-bottom: 70px;\n  }\n}\n<\/style>\n\t<\/section>","protected":false},"excerpt":{"rendered":"","protected":false},"author":1,"featured_media":562,"parent":0,"menu_order":0,"comment_status":"closed","ping_status":"closed","template":"page-transparent-header-light.php","meta":{"_acf_changed":false,"footnotes":""},"class_list":["post-90","page","type-page","status-publish","has-post-thumbnail","hentry"],"acf":[],"_links":{"self":[{"href":"https:\/\/buyaghostgun.com\/pt\/wp-json\/wp\/v2\/pages\/90","targetHints":{"allow":["GET"]}}],"collection":[{"href":"https:\/\/buyaghostgun.com\/pt\/wp-json\/wp\/v2\/pages"}],"about":[{"href":"https:\/\/buyaghostgun.com\/pt\/wp-json\/wp\/v2\/types\/page"}],"author":[{"embeddable":true,"href":"https:\/\/buyaghostgun.com\/pt\/wp-json\/wp\/v2\/users\/1"}],"replies":[{"embeddable":true,"href":"https:\/\/buyaghostgun.com\/pt\/wp-json\/wp\/v2\/comments?post=90"}],"version-history":[{"count":15,"href":"https:\/\/buyaghostgun.com\/pt\/wp-json\/wp\/v2\/pages\/90\/revisions"}],"predecessor-version":[{"id":571,"href":"https:\/\/buyaghostgun.com\/pt\/wp-json\/wp\/v2\/pages\/90\/revisions\/571"}],"wp:featuredmedia":[{"embeddable":true,"href":"https:\/\/buyaghostgun.com\/pt\/wp-json\/wp\/v2\/media\/562"}],"wp:attachment":[{"href":"https:\/\/buyaghostgun.com\/pt\/wp-json\/wp\/v2\/media?parent=90"}],"curies":[{"name":"wp","href":"https:\/\/api.w.org\/{rel}","templated":true}]}}