{"id":638,"date":"2022-07-05T11:42:47","date_gmt":"2022-07-05T11:42:47","guid":{"rendered":"https:\/\/buyaghostgun.com\/?post_type=product&#038;p=638"},"modified":"2025-10-16T01:58:27","modified_gmt":"2025-10-16T01:58:27","slug":"venda-espingarda-benelli-m4-nao-rastreavel","status":"publish","type":"product","link":"https:\/\/buyaghostgun.com\/pt\/product\/venda-espingarda-benelli-m4-nao-rastreavel\/","title":{"rendered":"Carabina Benelli M4"},"content":{"rendered":"<h2 style=\"text-align: center;\">Espingarda Benelli M4 n\u00e3o rastre\u00e1vel para venda<\/h2>\n<p>O rei das ca\u00e7adeiras de combate - a <strong>Benelli M4<\/strong> - est\u00e1 aqui... independentemente do seu pre\u00e7o...<\/p>\n<p>Esta arma de fogo a g\u00e1s utiliza o sistema ARGO da Benelli para garantir total fiabilidade com uma grande variedade de cargas. Os atiradores obt\u00eam uma espingarda de calibre 12 de ciclo r\u00e1pido e disparo suave, perfeita para a defesa dom\u00e9stica.<\/p>\n<p>\u00c9 a minha ca\u00e7adeira favorita por uma raz\u00e3o e n\u00e3o me choca ver que \u00e9 popular entre os outros. <a href=\"https:\/\/buyaghostgun.com\/pt\/armas-fantasma-para-venda\/\">benelli m4<\/a> le<\/p>\n<h2 style=\"text-align: center;\">Vende-se espingarda Benelli M4<\/h2>\n<p>A espingarda semi-autom\u00e1tica Benelli M4 Tactical com capacidade para 5+1 e cano de 18,5\u201d de calibre 12 \u00e9 uma evolu\u00e7\u00e3o das linhas M1, M2 e M3. A Benelli oferece atualmente a M4 Tactical em quatro modelos. Todos t\u00eam o mesmo cano de 18,5\u201d e partilham a maioria das dimens\u00f5es gerais. As diferen\u00e7as? Pode adquirir as armas com um recetor preto anodizado com um cano de fosfato ou com um recetor e cano de tit\u00e2nio Cerakote. Independentemente disso, outras partes, como o forend e a coronha, s\u00e3o em preto mate. Para al\u00e9m da cor, pode escolher entre um punho de pistola (coronha standard) ou um punho standard (coronha t\u00e1tica).<\/p>\n<h3 style=\"text-align: center;\">Revis\u00e3o da Benelli m4<\/h3>\n<p>Cada M4 Tactical vem com um tubo de estrangulamento M. A c\u00e2mara suporta cartuchos de 2 3\/4\u2033 e 3\u2033. A arma tem uma mira de anel fantasma padr\u00e3o, mas tamb\u00e9m tem um trilho Picatinny de comprimento m\u00e9dio no topo do recetor. O comprimento de tra\u00e7\u00e3o \u00e9 de 14 3\/8\u201d, a queda no pente \u00e9 de 1 1\/2\u2033 enquanto a queda no calcanhar \u00e9 de 2 1\/4\u2033. O comprimento total \u00e9 de 40 \u201de o peso \u00e9 de 7.8 libras para todos os quatro modelos. benelli m4 h2o descontinuado <a href=\"https:\/\/duckduckgo.com\/\" target=\"_blank\" rel=\"noopener\">.<\/a><\/p>\n<p>&nbsp;<\/p>\n<p><strong>Benelli M4 Ghost Shotgun para venda<\/strong><\/p>\n<p>A M4 foi concebida para as For\u00e7as Armadas dos EUA e entrou em servi\u00e7o por volta de 1999 como M1014 Joint Service Shotgun. A magia da arma deriva do sistema ARGO patenteado pela Benelli. ARGO significa Auto-Regulating Gas-Operated (Auto-Regula\u00e7\u00e3o Operada a G\u00e1s). Esta a\u00e7\u00e3o de auto-limpeza, acionada por pist\u00e3o, tem um design simples de pist\u00e3o duplo de curso curto. O ARGO elimina a necessidade de mecanismos mais complicados, como as pesadas barras de a\u00e7\u00e3o e os elos de liga\u00e7\u00e3o encontrados noutras espingardas semelhantes. Clone da coronha dobr\u00e1vel Benelli m4<\/p>\n<h2 style=\"text-align: center;\">Benelli M4 para venda<\/h2>\n<p>Concebida para atuar em cen\u00e1rios t\u00e1cticos intensos, a Benelli M4 para venda \u00e9 uma espingarda semi-autom\u00e1tica de regula\u00e7\u00e3o de g\u00e1s (A.R.G.O) criada para o Corpo de Fuzileiros Navais dos EUA. Esta espingarda de calibre 12 tem um cano de 18,5 polegadas e inclui coronha telesc\u00f3pica ou de punho de pistola, uma alavanca de bloqueio de parafuso, uma cabe\u00e7a de parafuso rotativa, um recetor perfurado e roscado com uma calha Picatinny, um conjunto de gatilho amov\u00edvel, um guarda-mato ergon\u00f3mico e seguran\u00e7a e miras Ghost Ring. Dispon\u00edveis a um baixo pre\u00e7o Benelli M4 na Omaha Outdoors, estas espingardas t\u00e1cticas foram concebidas para atingir o m\u00e1ximo e ter um desempenho ainda mais dif\u00edcil, com um funcionamento fi\u00e1vel mesmo nas condi\u00e7\u00f5es mais adversas. Sem d\u00favida, se o Corpo de Fuzileiros Navais dos EUA confia na espingarda Benelli M4, voc\u00ea tamb\u00e9m pode. Benelli m1014 vs m4<\/p>\n<figure id=\"attachment_646\" aria-describedby=\"caption-attachment-646\" style=\"width: 474px\" class=\"wp-caption aligncenter\"><img decoding=\"async\" class=\"size-full wp-image-646 lazyload\" data-src=\"https:\/\/buyaghostgun.com\/wp-content\/uploads\/2022\/07\/Benelli-M4-Shotgun-For-Sale.jpg\" alt=\"Vende-se espingarda Benelli M4\" width=\"474\" height=\"231\" src=\"data:image\/svg+xml;base64,PHN2ZyB3aWR0aD0iMSIgaGVpZ2h0PSIxIiB4bWxucz0iaHR0cDovL3d3dy53My5vcmcvMjAwMC9zdmciPjwvc3ZnPg==\" style=\"--smush-placeholder-width: 474px; --smush-placeholder-aspect-ratio: 474\/231;\" \/><figcaption id=\"caption-attachment-646\" class=\"wp-caption-text\">Vende-se espingarda Benelli M4<\/figcaption><\/figure>","protected":false},"excerpt":{"rendered":"<p><span style=\"text-decoration: underline; color: #ed1c24;\"><strong>Nota:<\/strong><\/span> Todas as nossas armas s\u00e3o 100% n\u00e3o rastre\u00e1veis. N\u00e3o regulamentadas e n\u00e3o serializadas, estas armas s\u00e3o as armas fantasma perfeitas. .<\/p>\n<p>Oferecemos agora a op\u00e7\u00e3o de as comprar com silenciador (supressor de som) e muni\u00e7\u00f5es.<\/p>","protected":false},"featured_media":644,"comment_status":"open","ping_status":"closed","template":"","meta":{"_acf_changed":false},"product_brand":[],"product_cat":[68],"product_tag":[],"class_list":{"0":"post-638","1":"product","2":"type-product","3":"status-publish","4":"has-post-thumbnail","6":"product_cat-ghost-shotguns-for-sale","8":"first","9":"instock","10":"shipping-taxable","11":"purchasable","12":"product-type-variable"},"acf":[],"_links":{"self":[{"href":"https:\/\/buyaghostgun.com\/pt\/wp-json\/wp\/v2\/product\/638","targetHints":{"allow":["GET"]}}],"collection":[{"href":"https:\/\/buyaghostgun.com\/pt\/wp-json\/wp\/v2\/product"}],"about":[{"href":"https:\/\/buyaghostgun.com\/pt\/wp-json\/wp\/v2\/types\/product"}],"replies":[{"embeddable":true,"href":"https:\/\/buyaghostgun.com\/pt\/wp-json\/wp\/v2\/comments?post=638"}],"wp:featuredmedia":[{"embeddable":true,"href":"https:\/\/buyaghostgun.com\/pt\/wp-json\/wp\/v2\/media\/644"}],"wp:attachment":[{"href":"https:\/\/buyaghostgun.com\/pt\/wp-json\/wp\/v2\/media?parent=638"}],"wp:term":[{"taxonomy":"product_brand","embeddable":true,"href":"https:\/\/buyaghostgun.com\/pt\/wp-json\/wp\/v2\/product_brand?post=638"},{"taxonomy":"product_cat","embeddable":true,"href":"https:\/\/buyaghostgun.com\/pt\/wp-json\/wp\/v2\/product_cat?post=638"},{"taxonomy":"product_tag","embeddable":true,"href":"https:\/\/buyaghostgun.com\/pt\/wp-json\/wp\/v2\/product_tag?post=638"}],"curies":[{"name":"wp","href":"https:\/\/api.w.org\/{rel}","templated":true}]}}