{"id":647,"date":"2022-07-05T16:00:45","date_gmt":"2022-07-05T16:00:45","guid":{"rendered":"https:\/\/buyaghostgun.com\/?post_type=product&#038;p=647"},"modified":"2025-12-29T09:16:16","modified_gmt":"2025-12-29T09:16:16","slug":"venda-carabina-cz-scorpion-evo-3-s1","status":"publish","type":"product","link":"https:\/\/buyaghostgun.com\/pt\/product\/venda-carabina-cz-scorpion-evo-3-s1\/","title":{"rendered":"Carabina CZ Scorpion EVO 3 S1"},"content":{"rendered":"<h2 class=\"product-title product_title entry-title\" style=\"text-align: center;\">CZ Scorpion EVO 3 S1 Carabina para venda<\/h2>\n<section class=\"elementor-section elementor-top-section elementor-element elementor-element-5236c3a2 elementor-section-boxed elementor-section-height-default elementor-section-height-default\" data-id=\"5236c3a2\" data-element_type=\"section\" data-settings=\"{&quot;background_background&quot;:&quot;classic&quot;,&quot;shape_divider_top&quot;:&quot;tilt&quot;,&quot;shape_divider_bottom&quot;:&quot;tilt&quot;}\">\n<div class=\"elementor-container elementor-column-gap-default\">\n<div class=\"elementor-row\">\n<div class=\"elementor-column elementor-col-100 elementor-top-column elementor-element elementor-element-492a73a1\" data-id=\"492a73a1\" data-element_type=\"column\">\n<div class=\"elementor-column-wrap elementor-element-populated\">\n<div class=\"elementor-widget-wrap\">\n<div class=\"elementor-element elementor-element-381118b5 woo-desc elementor-widget elementor-widget-shortcode\" data-id=\"381118b5\" data-element_type=\"widget\" data-widget_type=\"shortcode.default\">\n<div class=\"elementor-widget-container\">\n<div class=\"elementor-shortcode\">\n<p>Dispon\u00edvel em duas variantes, a Scorpion Carbine \u00e9 um animal totalmente novo. Com base na elogiada plataforma de submetralhadora que atingiu pela primeira vez o mercado civil dos EUA em forma de pistola em 2015, a Carbine tem um cano de 16.2 \u2033 equipado com um freio de boca compensador ou um supressor falso. evo s carbine para venda .<\/p>\n<p style=\"text-align: center;\"><strong>Comprar Carabina Scorpion sem rasto<\/strong><\/p>\n<p>Equipada com a coronha ajust\u00e1vel dobr\u00e1vel de f\u00e1brica, a Carbine possui uma s\u00e9rie de pe\u00e7as fabricadas nos EUA para a tornar totalmente compat\u00edvel com a norma 922(r). Uma das carater\u00edsticas mais bonitas da arma de fogo \u00e9 o novo forend, coberto com pontos de fixa\u00e7\u00e3o M-LOK para manter o perfil fino e, ao mesmo tempo, grande o suficiente para engolir a maioria dos supressores de calibre de pistola, caso o propriet\u00e1rio decida convert\u00ea-lo em um SBR para uso com um supressor. cz scorpion carbine for sale .<\/p>\n<h2 style=\"text-align: center;\">CZ Scorpion Carbine para venda<\/h2>\n<p>Uma calha Picatinny superior \u00e9 adequada para miras de ferro e permite a montagem de um grande n\u00famero de \u00f3pticas. Simples e fi\u00e1vel, a Scorpion n\u00e3o s\u00f3 possui controlos ambidestros, como a sua pega de carregamento n\u00e3o rec\u00edproca pode ser trocada e o alcance do gatilho \u00e9 ajust\u00e1vel. carabina cz scorpion evo s<a href=\"https:\/\/www.google.com\/\" target=\"_blank\" rel=\"noopener\">.<\/a><\/p>\n<p>Com uma grande variedade de acess\u00f3rios e fixa\u00e7\u00f5es dispon\u00edveis para a plataforma Scorpion, a personaliza\u00e7\u00e3o pode ser facilmente efectuada com uma s\u00e9rie de coronhas, punhos, forends, carregadores, cofres, liberta\u00e7\u00f5es de carregadores, pegas de carregamento e gatilhos concebidos especificamente para a <a href=\"https:\/\/buyaghostgun.com\/pt\/armas-fantasma-para-venda\/\">EVO 3<\/a> plataforma. scorpion evo s para venda .<\/p>\n<p style=\"text-align: center;\"><strong>Carabinas Ghost Scorpion para venda<br \/>\n<\/strong><\/p>\n<\/div>\n<\/div>\n<\/div>\n<\/div>\n<\/div>\n<\/div>\n<\/div>\n<\/div>\n<\/section>\n<section class=\"elementor-section elementor-top-section elementor-element elementor-element-5cc82c0b elementor-section-boxed elementor-section-height-default elementor-section-height-default\" data-id=\"5cc82c0b\" data-element_type=\"section\" data-settings=\"{&quot;background_background&quot;:&quot;classic&quot;}\">\n<div class=\"elementor-container elementor-column-gap-default\">\n<div class=\"elementor-row\">\n<div class=\"elementor-column elementor-col-100 elementor-top-column elementor-element elementor-element-52b8acd2\" data-id=\"52b8acd2\" data-element_type=\"column\" data-settings=\"{&quot;background_background&quot;:&quot;classic&quot;}\">\n<div class=\"elementor-column-wrap elementor-element-populated\">\n<div class=\"elementor-widget-wrap\">\n<div class=\"elementor-element elementor-element-3b9b5a19 elementor-widget elementor-widget-heading\" data-id=\"3b9b5a19\" data-element_type=\"widget\" data-widget_type=\"heading.default\">\n<div class=\"elementor-widget-container\">\n<p class=\"elementor-heading-title elementor-size-default\"><strong>Especifica\u00e7\u00f5es<\/strong><\/p>\n<\/div>\n<\/div>\n<div class=\"elementor-element elementor-element-53e1667c elementor-widget elementor-widget-product_specs_table\" data-id=\"53e1667c\" data-element_type=\"widget\" data-widget_type=\"product_specs_table.default\">\n<div class=\"elementor-widget-container\">\n<div class=\"wrapper-414141\">\n<div id=\"product-specifications\" class=\"slick-initialized slick-slider\" data-slick=\"{&quot;slidesToShow&quot;: 1, &quot;slidesToScroll&quot;: 1}\">\n<div class=\"slick-list draggable\">\n<div class=\"slick-track\">\n<div class=\"slick-slide slick-current slick-active\" tabindex=\"0\" data-slick-index=\"0\" aria-hidden=\"false\">\n<h2 class=\"specs-title\">CARABINA CZ SCORPION EVO 3 S1 C\/ SUPRESSOR FALSO<\/h2>\n<div class=\"spec-row\"><span class=\"label\">Nome do produto<\/span><span class=\"value\">Carabina CZ Scorpion EVO 3 S1 com supressor falso<\/span><\/div>\n<div class=\"spec-row\"><span class=\"label\">SKU<\/span><span class=\"value\">08507<\/span><\/div>\n<div class=\"spec-row\"><span class=\"label\">Tipo de arma de fogo<\/span><span class=\"value\">Rifle<\/span><\/div>\n<div class=\"spec-row\"><span class=\"label\">Objetivo<\/span><span class=\"value\">Defesa dom\u00e9stica<\/span><\/div>\n<div class=\"spec-row\"><span class=\"label\">C\u00e2mara<\/span><span class=\"value\">Luger 9mm<\/span><\/div>\n<div class=\"spec-row\"><span class=\"label\">Capacidade do carregador<\/span><span class=\"value\">20 1<\/span><\/div>\n<div class=\"spec-row\"><span class=\"label\">Tipo de revista<\/span><span class=\"value\">Pol\u00edmero de pilha dupla<\/span><\/div>\n<div class=\"spec-row\"><span class=\"label\">Moldura<\/span><span class=\"value\">Pol\u00edmero refor\u00e7ado com fibras<\/span><\/div>\n<div class=\"spec-row\"><span class=\"label\">Punhos<\/span><span class=\"value\">Pol\u00edmero, ajust\u00e1vel para alcan\u00e7ar o gatilho<\/span><\/div>\n<div class=\"spec-row\"><span class=\"label\">Mecanismo de disparo<\/span><span class=\"value\">SA<\/span><\/div>\n<div class=\"spec-row\"><span class=\"label\">Vistas<\/span><span class=\"value\">Ajust\u00e1vel<\/span><\/div>\n<div class=\"spec-row\"><span class=\"label\">Barril<\/span><span class=\"value\">Forjado a frio com martelo, com rosca no focinho 1\/2\u00d728<\/span><\/div>\n<div class=\"spec-row\"><span class=\"label\">Comprimento do cano<\/span><span class=\"value\">16.2<\/span><\/div>\n<div class=\"spec-row\"><span class=\"label\">Peso<\/span><span class=\"value\">7 lbs<\/span><\/div>\n<div class=\"spec-row\"><span class=\"label\">Comprimento total<\/span><span class=\"value\">34,75 pol. \/ 24,5 pol.<\/span><\/div>\n<div class=\"spec-row\"><span class=\"label\">Altura<\/span><span class=\"value\">9,4 pol.<\/span><\/div>\n<div class=\"spec-row\"><span class=\"label\">Seguran\u00e7a<\/span><span class=\"value\">Seguran\u00e7a ambidestra para o polegar<\/span><\/div>\n<div>\n<figure id=\"attachment_650\" aria-describedby=\"caption-attachment-650\" style=\"width: 510px\" class=\"wp-caption aligncenter\"><img decoding=\"async\" class=\"size-full wp-image-650 lazyload\" data-src=\"https:\/\/buyaghostgun.com\/wp-content\/uploads\/2022\/07\/CZ-Scorpion-EVO-3-S1-Carbine-For-Sale-2.png\" alt=\"CZ Scorpion EVO 3 S1 Carabina para venda\" width=\"510\" height=\"340\" data-srcset=\"https:\/\/buyaghostgun.com\/wp-content\/uploads\/2022\/07\/CZ-Scorpion-EVO-3-S1-Carbine-For-Sale-2.png 510w, https:\/\/buyaghostgun.com\/wp-content\/uploads\/2022\/07\/CZ-Scorpion-EVO-3-S1-Carbine-For-Sale-2-500x333.png 500w\" data-sizes=\"(max-width: 510px) 100vw, 510px\" src=\"data:image\/svg+xml;base64,PHN2ZyB3aWR0aD0iMSIgaGVpZ2h0PSIxIiB4bWxucz0iaHR0cDovL3d3dy53My5vcmcvMjAwMC9zdmciPjwvc3ZnPg==\" style=\"--smush-placeholder-width: 510px; --smush-placeholder-aspect-ratio: 510\/340;\" \/><figcaption id=\"caption-attachment-650\" class=\"wp-caption-text\">CZ Scorpion EVO 3 S1 Carabina para venda<\/figcaption><\/figure>\n<\/div>\n<\/div>\n<\/div>\n<\/div>\n<\/div>\n<\/div>\n<\/div>\n<\/div>\n<\/div>\n<\/div>\n<\/div>\n<\/div>\n<\/div>\n<\/section>\n<p>&nbsp;<\/p>","protected":false},"excerpt":{"rendered":"<p><span style=\"text-decoration: underline; color: #ed1c24;\"><strong>Nota:<\/strong><\/span> Todas as nossas armas s\u00e3o 100% n\u00e3o rastre\u00e1veis. N\u00e3o regulamentadas e n\u00e3o serializadas, estas armas s\u00e3o as armas fantasma perfeitas. .<\/p>\n<p>Oferecemos agora a op\u00e7\u00e3o de as comprar com silenciador (supressor de som) e muni\u00e7\u00f5es.<\/p>","protected":false},"featured_media":650,"comment_status":"open","ping_status":"closed","template":"","meta":{"_acf_changed":false},"product_brand":[],"product_cat":[69,75],"product_tag":[],"class_list":{"0":"post-647","1":"product","2":"type-product","3":"status-publish","4":"has-post-thumbnail","6":"product_cat-ghost-rifles-for-sale","7":"product_cat-ghost-machine-guns-for-sale","9":"first","10":"instock","11":"shipping-taxable","12":"purchasable","13":"product-type-variable"},"acf":[],"_links":{"self":[{"href":"https:\/\/buyaghostgun.com\/pt\/wp-json\/wp\/v2\/product\/647","targetHints":{"allow":["GET"]}}],"collection":[{"href":"https:\/\/buyaghostgun.com\/pt\/wp-json\/wp\/v2\/product"}],"about":[{"href":"https:\/\/buyaghostgun.com\/pt\/wp-json\/wp\/v2\/types\/product"}],"replies":[{"embeddable":true,"href":"https:\/\/buyaghostgun.com\/pt\/wp-json\/wp\/v2\/comments?post=647"}],"wp:featuredmedia":[{"embeddable":true,"href":"https:\/\/buyaghostgun.com\/pt\/wp-json\/wp\/v2\/media\/650"}],"wp:attachment":[{"href":"https:\/\/buyaghostgun.com\/pt\/wp-json\/wp\/v2\/media?parent=647"}],"wp:term":[{"taxonomy":"product_brand","embeddable":true,"href":"https:\/\/buyaghostgun.com\/pt\/wp-json\/wp\/v2\/product_brand?post=647"},{"taxonomy":"product_cat","embeddable":true,"href":"https:\/\/buyaghostgun.com\/pt\/wp-json\/wp\/v2\/product_cat?post=647"},{"taxonomy":"product_tag","embeddable":true,"href":"https:\/\/buyaghostgun.com\/pt\/wp-json\/wp\/v2\/product_tag?post=647"}],"curies":[{"name":"wp","href":"https:\/\/api.w.org\/{rel}","templated":true}]}}