{"id":656,"date":"2022-07-05T16:24:55","date_gmt":"2022-07-05T16:24:55","guid":{"rendered":"https:\/\/buyaghostgun.com\/?post_type=product&#038;p=656"},"modified":"2025-11-30T13:38:47","modified_gmt":"2025-11-30T13:38:47","slug":"venda-pistola-cz-75-sp-01-nao-rastreavel","status":"publish","type":"product","link":"https:\/\/buyaghostgun.com\/pt\/product\/venda-pistola-cz-75-sp-01-nao-rastreavel\/","title":{"rendered":"Pistola de m\u00e3o CZ 75 SP-01"},"content":{"rendered":"<h2 style=\"text-align: center;\">Vende-se arma de fogo CZ 75 SP-01 n\u00e3o rastre\u00e1vel<\/h2>\n<p>A CZ 75 SP-01 \u00e9 a primeira pistola de tamanho normal (4.6\u201d bbl) da CZ a apresentar a tecnologia de fabrico melhorada e a ergonomia do modelo CZ 75 Compact P-01 aprovado pela NATO. Com uma calha de acess\u00f3rios 1913 integral na tampa do guarda p\u00f3, pain\u00e9is de borracha e o acabamento em policarbonato preto resistente \u00e0 corros\u00e3o da CZ, a SP-01 \u00e9 o mais recente modelo a juntar-se \u00e0 fam\u00edlia de pistolas baseadas na plataforma CZ 75 (SA\/DA)<a href=\"https:\/\/www.google.com\/\" target=\"_blank\" rel=\"noopener\">. <\/a><\/p>\n<h3 style=\"text-align: center;\"><span class=\"tagify__input\" tabindex=\"0\" role=\"textbox\" contenteditable=\"true\" data-placeholder=\"Example: Rank Math SEO\" aria-placeholder=\"Example: Rank Math SEO\" aria-autocomplete=\"both\" aria-multiline=\"false\">Comprar armas de fogo fantasma para venda<\/span><\/h3>\n<p>Com base na geometria melhorada do punho da compacta P-01, a SP-01 utiliza uma cauda de castor alargada para proteger a m\u00e3o forte do atirador e permitir um punho mais profundo e seguro. A nova geometria do punho, o quadriculado em \u00e1reas chave nas al\u00e7as dianteiras e traseiras e a redistribui\u00e7\u00e3o de massa proporcionada pela calha de acess\u00f3rios diminuem visivelmente o recuo percebido dos modelos anteriores e permitem uma aquisi\u00e7\u00e3o e transi\u00e7\u00e3o mais r\u00e1pidas do alvo<a href=\"https:\/\/duckduckgo.com\/\" target=\"_blank\" rel=\"noopener\">.<\/a><\/p>\n<h3 style=\"text-align: center;\">Comprar pistola CZ 75 SP-01 online<\/h3>\n<p>A SP-01 foi concebida como uma arma de servi\u00e7o militar e policial. O novo modelo \u00e9 atualmente utilizado pelas for\u00e7as de seguran\u00e7a que lutam na guerra contra o terrorismo. Gra\u00e7as \u00e0 sua precis\u00e3o excecional e carater\u00edsticas de manuseamento superiores, a CZ 75 SP-01 tamb\u00e9m encontrou adeptos no campo do desporto e do tiro ao alvo. A sua lista de utilizadores no circuito de competi\u00e7\u00e3o inclui os campe\u00f5es mundiais Adam Tyc e Angus Hobdell (1\u00ba e 3\u00ba lugar respetivamente no campeonato IPSC de 2005, World Shoot XIV). <a href=\"https:\/\/buyaghostgun.com\/pt\/\">cz 75 sp-01<\/a> revis\u00e3o .<\/p>\n<figure id=\"attachment_657\" aria-describedby=\"caption-attachment-657\" style=\"width: 233px\" class=\"wp-caption aligncenter\"><img decoding=\"async\" class=\"size-full wp-image-657 lazyload\" data-src=\"https:\/\/buyaghostgun.com\/wp-content\/uploads\/2022\/07\/Untraceable-CZ-75-SP-01-Handgun-For-Sale.png\" alt=\"Vende-se arma de fogo CZ 75 SP-01 n\u00e3o rastre\u00e1vel\" width=\"233\" height=\"155\" src=\"data:image\/svg+xml;base64,PHN2ZyB3aWR0aD0iMSIgaGVpZ2h0PSIxIiB4bWxucz0iaHR0cDovL3d3dy53My5vcmcvMjAwMC9zdmciPjwvc3ZnPg==\" style=\"--smush-placeholder-width: 233px; --smush-placeholder-aspect-ratio: 233\/155;\" \/><figcaption id=\"caption-attachment-657\" class=\"wp-caption-text\">Vende-se arma de fogo CZ 75 SP-01 n\u00e3o rastre\u00e1vel<\/figcaption><\/figure>\n<p>&nbsp;<\/p>\n<section class=\"elementor-section elementor-top-section elementor-element elementor-element-1a4f151b elementor-section-boxed elementor-section-height-default elementor-section-height-default\" data-id=\"1a4f151b\" data-element_type=\"section\" data-settings=\"{&quot;background_background&quot;:&quot;classic&quot;}\">\n<div class=\"elementor-container elementor-column-gap-default\">\n<div class=\"elementor-row\">\n<div class=\"elementor-column elementor-col-100 elementor-top-column elementor-element elementor-element-2640c88b\" data-id=\"2640c88b\" data-element_type=\"column\" data-settings=\"{&quot;background_background&quot;:&quot;classic&quot;}\">\n<div class=\"elementor-column-wrap elementor-element-populated\">\n<div class=\"elementor-widget-wrap\">\n<div class=\"elementor-element elementor-element-5038c49f elementor-widget elementor-widget-heading\" data-id=\"5038c49f\" data-element_type=\"widget\" data-widget_type=\"heading.default\">\n<div class=\"elementor-widget-container\">\n<h4 class=\"elementor-heading-title elementor-size-default\">Especifica\u00e7\u00f5es<\/h4>\n<\/div>\n<\/div>\n<\/div>\n<\/div>\n<\/div>\n<\/div>\n<\/div>\n<\/section>\n<div class=\"slick-list draggable\">\n<div class=\"slick-track\">\n<div class=\"slick-slide slick-current slick-active\" tabindex=\"0\" data-slick-index=\"0\" aria-hidden=\"false\">\n<h3 class=\"specs-title\"><strong>CZ 75 SP-01 - 9MM<\/strong><\/h3>\n<div class=\"spec-row\"><span class=\"label\">Nome do produto<\/span><span class=\"value\">CZ 75 SP-01 - 9mm<\/span><\/div>\n<div class=\"spec-row\"><span class=\"label\">SKU<\/span><span class=\"value\">91152<\/span><\/div>\n<div class=\"spec-row\"><span class=\"label\">Tipo de arma de fogo<\/span><span class=\"value\">Arma de fogo<\/span><\/div>\n<div class=\"spec-row\"><span class=\"label\">C\u00e2mara<\/span><span class=\"value\">Luger 9mm<\/span><\/div>\n<div class=\"spec-row\"><span class=\"label\">Capacidade do carregador<\/span><span class=\"value\">19<\/span><\/div>\n<div class=\"spec-row\"><span class=\"label\">Tipo de revista<\/span><span class=\"value\">Pilha dupla<\/span><\/div>\n<div class=\"spec-row\"><span class=\"label\">Moldura<\/span><span class=\"value\">A\u00e7o<\/span><\/div>\n<div class=\"spec-row\"><span class=\"label\">Punhos<\/span><span class=\"value\">Borracha<\/span><\/div>\n<div class=\"spec-row\"><span class=\"label\">Mecanismo de disparo<\/span><span class=\"value\">DA\/SA<\/span><\/div>\n<div class=\"spec-row\"><span class=\"label\">Vistas<\/span><span class=\"value\">Miras nocturnas fixas<\/span><\/div>\n<div class=\"spec-row\"><span class=\"label\">Barril<\/span><span class=\"value\">Forjado a martelo a frio<\/span><\/div>\n<div class=\"spec-row\"><span class=\"label\">Comprimento do cano<\/span><span class=\"value\">4,6 pol.<\/span><\/div>\n<div class=\"spec-row\"><span class=\"label\">Peso<\/span><span class=\"value\">40.7<\/span><\/div>\n<div class=\"spec-row\"><span class=\"label\">Comprimento total<\/span><span class=\"value\">8,15 in<\/span><\/div>\n<div class=\"spec-row\"><span class=\"label\">Altura<\/span><span class=\"value\">5,79 pol.<\/span><\/div>\n<div class=\"spec-row\"><span class=\"label\">Largura<\/span><span class=\"value\">1,46 in<\/span><\/div>\n<div class=\"spec-row\"><span class=\"label\">Seguran\u00e7a<\/span><span class=\"value\">Seguran\u00e7a manual, paragem de seguran\u00e7a no martelo, seguran\u00e7a de bloqueio do pino de disparo<\/span><\/div>\n<div>\n<h3 class=\"c-detail__title\" style=\"text-align: center;\">Vende-se pistola CZ 75 SP-01 Tactical calibre 9mm<\/h3>\n<p>&nbsp;<\/p>\n<\/div>\n<\/div>\n<\/div>\n<\/div>","protected":false},"excerpt":{"rendered":"<div class=\"product-short-description\">\n<p><span style=\"text-decoration: underline; color: #ed1c24;\"><strong>Nota:<\/strong><\/span> Todas as nossas armas s\u00e3o 100% n\u00e3o rastre\u00e1veis. N\u00e3o regulamentadas e n\u00e3o serializadas, estas armas s\u00e3o as armas fantasma perfeitas. .<\/p>\n<p>Oferecemos agora a op\u00e7\u00e3o de as comprar com silenciador (supressor de som) e muni\u00e7\u00f5es.<\/p>\n<\/div>","protected":false},"featured_media":657,"comment_status":"open","ping_status":"closed","template":"","meta":{"_acf_changed":false},"product_brand":[],"product_cat":[70],"product_tag":[143],"class_list":{"0":"post-656","1":"product","2":"type-product","3":"status-publish","4":"has-post-thumbnail","6":"product_cat-ghost-handguns-for-sale","7":"product_tag-cz-75-sp-01-10-round","9":"first","10":"instock","11":"shipping-taxable","12":"purchasable","13":"product-type-variable"},"acf":[],"_links":{"self":[{"href":"https:\/\/buyaghostgun.com\/pt\/wp-json\/wp\/v2\/product\/656","targetHints":{"allow":["GET"]}}],"collection":[{"href":"https:\/\/buyaghostgun.com\/pt\/wp-json\/wp\/v2\/product"}],"about":[{"href":"https:\/\/buyaghostgun.com\/pt\/wp-json\/wp\/v2\/types\/product"}],"replies":[{"embeddable":true,"href":"https:\/\/buyaghostgun.com\/pt\/wp-json\/wp\/v2\/comments?post=656"}],"wp:featuredmedia":[{"embeddable":true,"href":"https:\/\/buyaghostgun.com\/pt\/wp-json\/wp\/v2\/media\/657"}],"wp:attachment":[{"href":"https:\/\/buyaghostgun.com\/pt\/wp-json\/wp\/v2\/media?parent=656"}],"wp:term":[{"taxonomy":"product_brand","embeddable":true,"href":"https:\/\/buyaghostgun.com\/pt\/wp-json\/wp\/v2\/product_brand?post=656"},{"taxonomy":"product_cat","embeddable":true,"href":"https:\/\/buyaghostgun.com\/pt\/wp-json\/wp\/v2\/product_cat?post=656"},{"taxonomy":"product_tag","embeddable":true,"href":"https:\/\/buyaghostgun.com\/pt\/wp-json\/wp\/v2\/product_tag?post=656"}],"curies":[{"name":"wp","href":"https:\/\/api.w.org\/{rel}","templated":true}]}}