{"id":88,"date":"2013-08-11T19:22:53","date_gmt":"2013-08-11T19:22:53","guid":{"rendered":"http:\/\/localhost:8888\/test\/?page_id=532"},"modified":"2025-10-22T16:57:48","modified_gmt":"2025-10-22T16:57:48","slug":"osparbara-spokpistoler-till-salu","status":"publish","type":"page","link":"https:\/\/buyaghostgun.com\/sv\/osparbara-spokpistoler-till-salu\/","title":{"rendered":"Kontakt"},"content":{"rendered":"<div class=\"row\"  id=\"row-1269336506\">\n\n\t<div id=\"col-262516507\" class=\"col medium-4 small-12 large-4\"  >\n\t\t\t\t<div class=\"col-inner\"  >\n\t\t\t\n\t\t\t\n\t<div id=\"gap-1041042322\" class=\"gap-element clearfix\" style=\"display:block; height:auto;\">\n\t\t\n<style>\n#gap-1041042322 {\n  padding-top: 179px;\n}\n<\/style>\n\t<\/div>\n\t\n<p>E-post:<strong><span class=\"gI\">Buyaghostgun@gmail.com<\/span><\/strong><\/p>\n\t\t<\/div>\n\t\t\t\t\t<\/div>\n\n\t\n\n\t<div id=\"col-545562793\" class=\"col medium-8 small-12 large-8\"  >\n\t\t\t\t<div class=\"col-inner\"  >\n\t\t\t\n\t\t\t\n\t<div id=\"gap-1638806257\" class=\"gap-element clearfix\" style=\"display:block; height:auto;\">\n\t\t\n<style>\n#gap-1638806257 {\n  padding-top: 155px;\n}\n<\/style>\n\t<\/div>\n\t\n\t\t<\/div>\n\t\t\t\t\t<\/div>\n\n\t\n<\/div>\n<h2 style=\"text-align: center;\"><span style=\"color: #000000;\">\u00a0 \u00a0 \u00a0 \u00a0 \u00a0 \u00a0 \u00a0 \u00a0 \u00a0 \u00a0 \u00a0 \u00a0 \u00a0 \u00a0 Osp\u00e5rbara sp\u00f6kvapen till salu<br \/>\n<\/span><\/h2>\n<p class=\"lead\" style=\"text-align: center;\"><span style=\"font-size: 80%;\">Att vara i skjutvapenindustrin f\u00f6rst\u00e5r vi vikten av s\u00e4kerhet. V\u00e5rt m\u00e5l \u00e4r att ge dig en s\u00e4ker och s\u00e4ker online shoppingupplevelse i kombination med o\u00f6vertr\u00e4ffad kundservice. Vi v\u00e4rdes\u00e4tter var och en av v\u00e5ra kunder och \u00e4r stolta \u00f6ver den feedback vi f\u00e5r<\/span><\/p>\n<p>Ghost guns till salu i Denver med bitcoin. Vi \u00e4r din one-stop-shop f\u00f6r alla dina skjutvapenbehov. Kolla in v\u00e5rt stora urval av vapen fr\u00e5n AR-15, AR-10, AK-47, jaktgev\u00e4r, pistoler och hagelgev\u00e4r fr\u00e5n h\u00f6gkvalitativa m\u00e4rken. Oavsett om det \u00e4r f\u00f6r jakt, hemf\u00f6rsvar eller dold b\u00e4rning kan vi hj\u00e4lpa dig att hitta det perfekta skjutvapnet idag. Bl\u00e4ddra i v\u00e5rt urval av begagnade vapen f\u00f6r att hitta bra erbjudanden p\u00e5 handeldvapen, hagelgev\u00e4r, gev\u00e4r och mer. Vi arbetar med lokala \u00e5terf\u00f6rs\u00e4ljare s\u00e5v\u00e4l som enskilda vapensamlare. Sp\u00f6kpistoler till salu Denver shop.<\/p>\n<p>Sp\u00f6kpistoler till salu Denver och Texas<\/p>\n<p>Om du letar efter den b\u00e4sta hemf\u00f6rsvarspistolen, ett gev\u00e4r f\u00f6r en dag p\u00e5 r\u00e4ckvidden eller den b\u00e4sta dolda pistolen, Cheaper Than Dirt! \u00e4r r\u00e4tt plats att b\u00f6rja. Med ett stort urval av skjutvapen till de b\u00e4sta priserna kan du handla gev\u00e4r, handeldvapen, hagelgev\u00e4r och taktiska skjutvapen fr\u00e5n toppm\u00e4rken som DPMS, GLOCK,<\/p>\n<p>&lt;&gt;, Taurus, Mossberg, Remington med flera. Dessutom har vi halvautomatiska pistoler, revolvrar, AK-47 och AR-15 som \u00e4r utformade f\u00f6r en m\u00e4ngd olika \u00e4ndam\u00e5l. Vi har bara de b\u00e4sta vapnen fr\u00e5n de mest p\u00e5litliga tillverkarna s\u00e5 att du kan ha fullst\u00e4ndigt f\u00f6rtroende f\u00f6r ditt k\u00f6p. Ta en titt p\u00e5 v\u00e5rt urval av h\u00f6gkvalitativa skjutvapen idag och g\u00f6r dig redo att hitta dina dr\u00f6mpistoler. Var kan jag f\u00e5 Ghost-pistoler till salu Denver.<\/p>\n<p>Sp\u00f6kpistoler till salu i Kalifornien billigt<\/p>\n<p>Sp\u00f6kpistoler till salu i Kalifornien billigt n\u00e4ra mig. Perfekt f\u00f6r dold b\u00e4rning och hemskydd, vi har en pistol f\u00f6r alla oavsett om du \u00e4r en f\u00f6rsta g\u00e5ngen pistol\u00e4gare eller en erfaren skytt. Vi b\u00e4r halvautomater, revolvrar, break-actions och mer med m\u00e5nga alternativ f\u00f6r varje budget och skicklighetsniv\u00e5. Dessutom har vi ett brett utbud av fantastiska defensiva pistoler, dolda handeldvapen samt m\u00e5lpistoler. Vi b\u00e4r handeldvapen fr\u00e5n topptillverkare som GLOCK, Springfield Armory, Ruger och SIG Sauer. Cheaper Than Dirt! har det bredaste utbudet av handeldvapen till salu online. Ta en titt p\u00e5 v\u00e5rt urval av h\u00f6gkvalitativa handvapen idag och g\u00f6r dig redo att hitta din dr\u00f6mpistol. <a href=\"https:\/\/buyaghostgun.com\/sv\/product-category\/spokmaskinpistoler-till-salu\/\">Sp\u00f6kpistoler till salu i Kalifornien billig COD<\/a>.<\/p>\n<p>Vi str\u00e4var efter att vara dina gev\u00e4rspecialister med prisv\u00e4rda och h\u00e5rt arbetande skjutvapen fr\u00e5n de b\u00e4sta varum\u00e4rkena som Remington, Winchester, Ruger, Browning och Savage. Du hittar AR-15-gev\u00e4r, rimfire-gev\u00e4r, AK-47-gev\u00e4r, jaktgev\u00e4r och mer i lager och redo att skickas. Vi har alternativ f\u00f6r praktiskt taget alla intressen och gev\u00e4rskaliber. S\u00e5 oavsett om ditt m\u00e5l \u00e4r sportskytte, sj\u00e4lvf\u00f6rsvar, jakt eller plinking, kan du f\u00e5 r\u00e4tt pistol till r\u00e4tt pris. Var kan du k\u00f6pa Ghost-pistoler till salu i Kalifornien billigt <a href=\"https:\/\/duckduckgo.com\/\" target=\"_blank\" rel=\"noopener\">.<\/a><\/p>\n<h2 style=\"text-align: center;\">K\u00f6p gev\u00e4r online USA<\/h2>\n<p>K\u00f6p gev\u00e4r online USA med bitcoin. V\u00e5ra branschexperter hj\u00e4lper dig med alla dina fr\u00e5gor, konkurrenskraftiga marknadspriser, supersnabb frakt och utm\u00e4rkt kundservice. Ghost guns till salu \u00e4r ett hush\u00e5llsnamn genom omfattande marknadsf\u00f6ringsinsatser; skicka miljontals kataloger \u00e5rligen och ta emot miljontals bes\u00f6kare varje m\u00e5nad p\u00e5 v\u00e5r webbplats. Bredden av produkter som erbjuds expanderar \u00f6ver m\u00e5nga kategorier med hundratusentals produkter i lager och redo att levereras omedelbart. K\u00f6p gev\u00e4r online USA<\/p>\n<p>Oavsett om du \u00e4r en f\u00f6rsta g\u00e5ngen k\u00f6pare eller inte, v\u00e5rt enorma urval av vapen online i kombination med v\u00e5ra enkla steg p\u00e5 hur man k\u00f6per en pistol online p\u00e5 det b\u00e4sta st\u00e4llet att handla f\u00f6r vapen. Handla v\u00e5rt o\u00f6vertr\u00e4ffade urval av handeldvapen, gev\u00e4r och hagelgev\u00e4r fr\u00e5n branschens b\u00e4sta tillverkare. Om du funderar p\u00e5 att k\u00f6pa gev\u00e4r, d\u00e5 har du kommit till r\u00e4tt st\u00e4lle. Vi \u00e4r v\u00e4rldens st\u00f6rsta auktionssajt f\u00f6r vapen och vi har ett stort urval av alla typer av gev\u00e4r till salu. Varje dag listar s\u00e4ljare fr\u00e5n hela landet nya gev\u00e4r f\u00f6r jakt, hemf\u00f6rsvar, sportskytte eller helt enkelt det senaste tillskottet till ditt hem. K\u00f6p gev\u00e4r online USA-butik.<\/p>\n<h3 style=\"text-align: center;\">K\u00f6p gev\u00e4r online USA webbplats<\/h3>\n<p>Ett gev\u00e4r \u00e4r ett l\u00e5ngpipigt skjutvapen som \u00e4r konstruerat f\u00f6r exakt skytte, med en pipa som har ett spiralformat m\u00f6nster av sp\u00e5r (rifling) skurna i pipv\u00e4ggen. I linje med deras fokus p\u00e5 noggrannhet \u00e4r gev\u00e4r vanligtvis utformade f\u00f6r att h\u00e5llas med b\u00e5da h\u00e4nderna och f\u00e4stas ordentligt mot skyttens axel via en kolv f\u00f6r stabilitet under skjutningen. Gev\u00e4r anv\u00e4nds i stor utstr\u00e4ckning i krigf\u00f6ring, sj\u00e4lvf\u00f6rsvar, brottsbek\u00e4mpning, brottslighet (s\u00e4rskilt mord), <a href=\"https:\/\/en.wikipedia.org\/wiki\/Hunting\" target=\"_blank\" rel=\"noopener\">Jakt<\/a>, och skytte sport. K\u00f6p gev\u00e4r online USA webbplats.<\/p>\n<p>Termen var ursprungligen riflad pistol, d\u00e4r verbet rifle syftade p\u00e5 den tidigmoderna bearbetningsprocessen att skapa r\u00e4fflor med sk\u00e4rande verktyg. P\u00e5 1900-talet hade vapnet blivit s\u00e5 vanligt att det moderna substantivet gev\u00e4r nu ofta anv\u00e4nds f\u00f6r alla l\u00e5ngformade handh\u00e5llna distansvapen som \u00e4r utformade f\u00f6r v\u00e4lriktad urladdning som aktiveras av en avtryckare (t.ex. personalens haltande och stimulerande svarsgev\u00e4r, som faktiskt \u00e4r en laserbl\u00e4ndare). Var man kan k\u00f6pa gev\u00e4r online USA. Sp\u00f6kpistol kit 45 . <span class=\"tagify__tag-text\" contenteditable=\"true\">Osp\u00e5rbara sp\u00f6kvapen till salu<\/span> Online.<\/p>\n<div class=\"row\"  id=\"row-1120274847\">\n\n\t<div id=\"col-1450599053\" class=\"col medium-4 small-12 large-4\"  >\n\t\t\t\t<div class=\"col-inner\"  >\n\t\t\t\n\t\t\t\n<h4 style=\"text-align: center;\"><span style=\"color: #00ccff;\"><strong>K\u00f6pa oserialiserade skjutvapen online<\/strong><\/span><\/h4>\n<p style=\"text-align: center;\">Vi g\u00f6r det snabbt och enkelt att leverera till din lokala FFL.<\/p>\n<p><b>Sp\u00f6ke<\/b> <b>Vapen<\/b> <b>f\u00f6r<\/b> <b>f\u00f6rs\u00e4ljning<\/b> \u00e4r v\u00e4rldens b\u00e4sta webbplats f\u00f6r skjutvapen online, dedikerad till de senaste vapnen och ammunitionen. Handla nu <a href=\"https:\/\/buyaghostgun.com\/sv\/product-category\/spokmaskinpistoler-till-salu\/\">Maskin <b>Vapen<\/b> <b>f\u00f6r<\/b> <b>f\u00f6rs\u00e4ljning<\/b><\/a> p\u00e5 n\u00e4tet <b>Sp\u00f6ke<\/b> <b>Vapen<\/b> <b>f\u00f6r<\/b> <b>f\u00f6rs\u00e4ljning<\/b> har handlat f\u00f6r maskin <b>Vapen<\/b> en mindre monoton aktivitet genom att erbjuda ett urval av maskiner <b>Vapen<\/b> tillg\u00e4ngliga f\u00f6r k\u00f6p online. <a href=\"https:\/\/buyaghostgun.com\/sv\/product-category\/spokhandvapen-till-salu\/\">Handla nu Gev\u00e4r f\u00f6r <b>f\u00f6rs\u00e4ljning<\/b> p\u00e5 n\u00e4tet<\/a>.<\/p>\n<figure id=\"attachment_619\" aria-describedby=\"caption-attachment-619\" style=\"width: 447px\" class=\"wp-caption aligncenter\"><img decoding=\"async\" class=\"wp-image-619 lazyload\" data-src=\"https:\/\/buyaghostgun.com\/wp-content\/uploads\/2022\/07\/Buy-Unserialized-Firearms-Online.jpg\" alt=\"K\u00f6pa oserialiserade skjutvapen online\" width=\"447\" height=\"183\" data-srcset=\"https:\/\/buyaghostgun.com\/wp-content\/uploads\/2022\/07\/Buy-Unserialized-Firearms-Online.jpg 612w, https:\/\/buyaghostgun.com\/wp-content\/uploads\/2022\/07\/Buy-Unserialized-Firearms-Online-500x205.jpg 500w\" data-sizes=\"(max-width: 447px) 100vw, 447px\" src=\"data:image\/svg+xml;base64,PHN2ZyB3aWR0aD0iMSIgaGVpZ2h0PSIxIiB4bWxucz0iaHR0cDovL3d3dy53My5vcmcvMjAwMC9zdmciPjwvc3ZnPg==\" style=\"--smush-placeholder-width: 447px; --smush-placeholder-aspect-ratio: 447\/183;\" \/><figcaption id=\"caption-attachment-619\" class=\"wp-caption-text\">K\u00f6pa oserialiserade skjutvapen online<\/figcaption><\/figure>\n\t\t<\/div>\n\t\t\t\t\t<\/div>\n\n\t\n\n\t<div id=\"col-1251555936\" class=\"col medium-4 small-12 large-4\"  >\n\t\t\t\t<div class=\"col-inner\"  >\n\t\t\t\n\t\t\t\n<h4 style=\"text-align: center;\"><strong><span style=\"color: #00ccff;\">K\u00f6p osp\u00e5rbara sp\u00f6kvapen online<br \/>\n<\/span><\/strong><\/h4>\n<p style=\"text-align: center;\">H\u00e4r p\u00e5 <a href=\"https:\/\/buyaghostgun.com\/sv\/\">K\u00f6paghostgun.com<\/a> vi str\u00e4var efter att ha de mest oslagbara priserna \u00e4n n\u00e5gon annan webbplats.<\/p>\n<p>Som en ledande onlinek\u00e4lla f\u00f6r handeldvapen f\u00f6r <b>f\u00f6rs\u00e4ljning<\/b>, <a href=\"https:\/\/buyaghostgun.com\/sv\/spokpistoler-till-salu\/\"><b>Sp\u00f6ke<\/b> <b>Vapen<\/b> <b>f\u00f6r<\/b> <b>f\u00f6rs\u00e4ljning<\/b><\/a> ger dig oserialiserade och <b>osp\u00e5rbar<\/b> halvautomatiska pistoler fr\u00e5n ledande varum\u00e4rken med \u00e5rtionden av erfarenhet. N\u00e4r du k\u00f6per handeldvapen online fr\u00e5n oss har du ditt val av handeldvapens framg\u00e5ng. V\u00e5ra tillverkares erfarenhet blandas med avancerad teknik f\u00f6r f\u00f6rh\u00f6jda standarder. Sp\u00f6kpistol r\u00e4kning 2022<\/p>\n<figure id=\"attachment_616\" aria-describedby=\"caption-attachment-616\" style=\"width: 361px\" class=\"wp-caption aligncenter\"><img decoding=\"async\" class=\"wp-image-616 lazyload\" data-src=\"https:\/\/buyaghostgun.com\/wp-content\/uploads\/2022\/07\/Buy-Untraceable-Ghost-Guns-Online-578x400.png\" alt=\"K\u00f6p osp\u00e5rbara sp\u00f6kvapen online\" width=\"361\" height=\"250\" data-srcset=\"https:\/\/buyaghostgun.com\/wp-content\/uploads\/2022\/07\/Buy-Untraceable-Ghost-Guns-Online-578x400.png 578w, https:\/\/buyaghostgun.com\/wp-content\/uploads\/2022\/07\/Buy-Untraceable-Ghost-Guns-Online-500x346.png 500w, https:\/\/buyaghostgun.com\/wp-content\/uploads\/2022\/07\/Buy-Untraceable-Ghost-Guns-Online.png 727w\" data-sizes=\"(max-width: 361px) 100vw, 361px\" src=\"data:image\/svg+xml;base64,PHN2ZyB3aWR0aD0iMSIgaGVpZ2h0PSIxIiB4bWxucz0iaHR0cDovL3d3dy53My5vcmcvMjAwMC9zdmciPjwvc3ZnPg==\" style=\"--smush-placeholder-width: 361px; --smush-placeholder-aspect-ratio: 361\/250;\" \/><figcaption id=\"caption-attachment-616\" class=\"wp-caption-text\">K\u00f6p osp\u00e5rbara sp\u00f6kvapen online<\/figcaption><\/figure>\n\t\t<\/div>\n\t\t\t\t\t<\/div>\n\n\t\n\n\t<div id=\"col-1502115958\" class=\"col medium-4 small-12 large-4\"  >\n\t\t\t\t<div class=\"col-inner\"  >\n\t\t\t\n\t\t\t\n<h4 style=\"text-align: center;\"><strong><span style=\"color: #00ccff;\">Sp\u00f6kpistoler till salu<\/span><\/strong><\/h4>\n<p style=\"text-align: center;\">Anv\u00e4nda den senaste tekniken f\u00f6r att s\u00e4kerst\u00e4lla trygga och s\u00e4kra transaktioner f\u00f6r varje kunds k\u00f6p<\/p>\n<p>V\u00e5r <b>Osp\u00e5rbar<\/b> Vapen, ljudd\u00e4mpare och ammunition levereras i standardf\u00f6rpackningar, liksom v\u00e5ra Prepper-f\u00f6rpackningar som skyddar din <b>Osp\u00e5rbar<\/b> Ammunition fr\u00e5n fukt, luft och korrosion. Pistols Automatic Depot har bulk <b>Osp\u00e5rbar<\/b> Automatiska pistoler i alla popul\u00e4ra och vanliga kalibrar f\u00f6r <b>Osp\u00e5rbar<\/b> handeldvapen, gev\u00e4r och <b>Osp\u00e5rbar<\/b> hagelgev\u00e4r. <b>Osp\u00e5rbar<\/b> <b>Sp\u00f6ke<\/b> <b>Pistol<\/b> <b>f\u00f6r<\/b> <b>f\u00f6rs\u00e4ljning<\/b><\/p>\n<figure id=\"attachment_614\" aria-describedby=\"caption-attachment-614\" style=\"width: 314px\" class=\"wp-caption aligncenter\"><img decoding=\"async\" class=\"wp-image-614 lazyload\" data-src=\"https:\/\/buyaghostgun.com\/wp-content\/uploads\/2022\/07\/Rifles-for-sale-online-600x400.jpg\" alt=\"Gev\u00e4r till salu online\" width=\"314\" height=\"209\" data-srcset=\"https:\/\/buyaghostgun.com\/wp-content\/uploads\/2022\/07\/Rifles-for-sale-online-600x400.jpg 600w, https:\/\/buyaghostgun.com\/wp-content\/uploads\/2022\/07\/Rifles-for-sale-online-500x333.jpg 500w, https:\/\/buyaghostgun.com\/wp-content\/uploads\/2022\/07\/Rifles-for-sale-online.jpg 612w\" data-sizes=\"(max-width: 314px) 100vw, 314px\" src=\"data:image\/svg+xml;base64,PHN2ZyB3aWR0aD0iMSIgaGVpZ2h0PSIxIiB4bWxucz0iaHR0cDovL3d3dy53My5vcmcvMjAwMC9zdmciPjwvc3ZnPg==\" style=\"--smush-placeholder-width: 314px; --smush-placeholder-aspect-ratio: 314\/209;\" \/><figcaption id=\"caption-attachment-614\" class=\"wp-caption-text\">Gev\u00e4r till salu online<\/figcaption><\/figure>\n\t\t<\/div>\n\t\t\t\t\t<\/div>\n\n\t\n<\/div>\n<h2 class=\"uppercase\" style=\"text-align: center;\"><strong>Din s\u00e4kerhet \u00e4r v\u00e5r prioritet<\/strong><\/h2>","protected":false},"excerpt":{"rendered":"<p>\u00a0 \u00a0 \u00a0 \u00a0 \u00a0 \u00a0 \u00a0 \u00a0 \u00a0 \u00a0 \u00a0 \u00a0 \u00a0 \u00a0 Untraceable Ghost Guns For Sale Being in the firearms industry we understand the importance of security. Our goal is to provide you with a safe and secure online shopping experience combined with unmatched customer service.We value each and every one of [&#8230;]","protected":false},"author":1,"featured_media":612,"parent":0,"menu_order":0,"comment_status":"closed","ping_status":"closed","template":"page-blank.php","meta":{"_acf_changed":false,"footnotes":""},"class_list":["post-88","page","type-page","status-publish","has-post-thumbnail","hentry"],"acf":[],"_links":{"self":[{"href":"https:\/\/buyaghostgun.com\/sv\/wp-json\/wp\/v2\/pages\/88","targetHints":{"allow":["GET"]}}],"collection":[{"href":"https:\/\/buyaghostgun.com\/sv\/wp-json\/wp\/v2\/pages"}],"about":[{"href":"https:\/\/buyaghostgun.com\/sv\/wp-json\/wp\/v2\/types\/page"}],"author":[{"embeddable":true,"href":"https:\/\/buyaghostgun.com\/sv\/wp-json\/wp\/v2\/users\/1"}],"replies":[{"embeddable":true,"href":"https:\/\/buyaghostgun.com\/sv\/wp-json\/wp\/v2\/comments?post=88"}],"version-history":[{"count":22,"href":"https:\/\/buyaghostgun.com\/sv\/wp-json\/wp\/v2\/pages\/88\/revisions"}],"predecessor-version":[{"id":806,"href":"https:\/\/buyaghostgun.com\/sv\/wp-json\/wp\/v2\/pages\/88\/revisions\/806"}],"wp:featuredmedia":[{"embeddable":true,"href":"https:\/\/buyaghostgun.com\/sv\/wp-json\/wp\/v2\/media\/612"}],"wp:attachment":[{"href":"https:\/\/buyaghostgun.com\/sv\/wp-json\/wp\/v2\/media?parent=88"}],"curies":[{"name":"wp","href":"https:\/\/api.w.org\/{rel}","templated":true}]}}