{"id":90,"date":"2013-08-11T19:06:15","date_gmt":"2013-08-11T19:06:15","guid":{"rendered":"http:\/\/localhost:8888\/test\/?page_id=520"},"modified":"2022-06-25T10:55:06","modified_gmt":"2022-06-25T10:55:06","slug":"kopa-spokpistoler-online","status":"publish","type":"page","link":"https:\/\/buyaghostgun.com\/sv\/kopa-spokpistoler-online\/","title":{"rendered":"Om"},"content":{"rendered":"<div class=\"banner has-hover has-parallax\" id=\"banner-498499731\">\n          <div class=\"banner-inner fill\">\n        <div class=\"banner-bg fill\" data-parallax=\"-3\" data-parallax-container=\".banner\" data-parallax-background>\n            <div class=\"bg fill bg-fill\"><\/div>\n                        <div class=\"overlay\"><\/div>            \n                    <\/div>\n\t\t\n        <div class=\"banner-layers container\">\n            <div class=\"fill banner-link\"><\/div>            \n   <div id=\"text-box-1467643021\" class=\"text-box banner-layer x50 md-x50 lg-x50 y80 md-y80 lg-y80 res-text\">\n                                <div class=\"text-box-content text dark\">\n              \n              <div class=\"text-inner text-center\">\n                  \n<h1 class=\"lead\">Om oss<\/h1>\n<p class=\"lead\">Om dina nyckelord \u00e4r professionalism och anonymitet \u00e4r du p\u00e5 r\u00e4tt plats.<\/p>\n<p><span style=\"font-size: 115%;\">Vi erbjuder osp\u00e5rbara, oreglerade och oserialiserade skjutvapen till \u00f6verkomliga priser samt 100% Discrete Hitman-tj\u00e4nster. .<\/span><\/p>\n              <\/div>\n           <\/div>\n                            \n<style>\n#text-box-1467643021 {\n  width: 60%;\n}\n#text-box-1467643021 .text-box-content {\n  font-size: 100%;\n}\n<\/style>\n    <\/div>\n \n        <\/div>\n      <\/div>\n\n            \n<style>\n#banner-498499731 {\n  padding-top: 507px;\n}\n#banner-498499731 .bg.bg-loaded {\n  background-image: url(https:\/\/buyaghostgun.com\/wp-content\/uploads\/2022\/06\/Ghost-guns-for-sale-around-me.jpg);\n}\n#banner-498499731 .overlay {\n  background-color: rgba(0, 0, 0, 0.49);\n}\n#banner-498499731 .ux-shape-divider--top svg {\n  height: 150px;\n  --divider-top-width: 100%;\n}\n#banner-498499731 .ux-shape-divider--bottom svg {\n  height: 150px;\n  --divider-width: 100%;\n}\n<\/style>\n  <\/div>\n\n\n\t<section class=\"section\" id=\"section_992247604\">\n\t\t<div class=\"bg section-bg fill bg-fill  bg-loaded\" >\n\n\t\t\t\n\t\t\t\n\t\t\t\n\n\t\t<\/div>\n\n\t\t\n\n\t\t<div class=\"section-content relative\">\n\t\t\t\n<div class=\"row align-middle\"  id=\"row-1764781110\">\n\n\t<div id=\"col-1491749958\" class=\"col medium-5 small-12 large-5\"  >\n\t\t\t\t<div class=\"col-inner\"  >\n\t\t\t\n\t\t\t\n\n  <div class=\"banner has-hover\" id=\"banner-257947534\">\n          <div class=\"banner-inner fill\">\n        <div class=\"banner-bg fill\" >\n            <div class=\"bg fill bg-fill\"><\/div>\n                                    \n                    <\/div>\n\t\t\n        <div class=\"banner-layers container\">\n            <div class=\"fill banner-link\"><\/div>            \n        <\/div>\n      <\/div>\n\n            \n<style>\n#banner-257947534 {\n  padding-top: 400px;\n  background-color: rgb(255, 255, 255);\n}\n#banner-257947534 .bg.bg-loaded {\n  background-image: url(https:\/\/buyaghostgun.com\/wp-content\/uploads\/2022\/06\/Ghost-guns-for-sale-with-bitcoin-1.jpg);\n}\n#banner-257947534 .ux-shape-divider--top svg {\n  height: 150px;\n  --divider-top-width: 100%;\n}\n#banner-257947534 .ux-shape-divider--bottom svg {\n  height: 150px;\n  --divider-width: 100%;\n}\n@media (min-width:550px) {\n  #banner-257947534 {\n    padding-top: 600px;\n  }\n}\n<\/style>\n  <\/div>\n\n\n\t\t<\/div>\n\t\t\t\t\t<\/div>\n\n\t\n\n\t<div id=\"col-1814470876\" class=\"col medium-7 small-12 large-7\"  >\n\t\t\t\t<div class=\"col-inner\"  >\n\t\t\t\n\t\t\t\n\t<div id=\"text-3307576011\" class=\"text\">\n\t\t\n<h3>K\u00f6p Ghost Guns online<\/h3>\n\t\t\n<style>\n#text-3307576011 {\n  font-size: 2.5rem;\n  line-height: 0.75;\n}\n<\/style>\n\t<\/div>\n\t\n<p><strong>Ghost Guns till salu | K\u00f6p osp\u00e5rbara skjutvapen online | K\u00f6p maskingev\u00e4r online | Var kan jag k\u00f6pa Ghost Guns | K\u00f6p Ghost Guns online<br \/>\n<\/strong><\/p>\n<p>Sp\u00f6kpistoler \u00e4r oreglerade skjutvapen. Best\u00e4ll osp\u00e5rbara skjutvapen online f\u00f6r dina operationer. H\u00e4r kan du f\u00e5 osp\u00e5rbara maskingev\u00e4r, gev\u00e4r och 9 mm handpistoler till salu online och lokalt mycket billigt med bitcoin och andra kryptovalutor. V\u00e5ra skjutvapen har inte ett serienummer och kan inte sp\u00e5ras eftersom de monteras hemma fr\u00e5n delar som k\u00f6pts utan bakgrundskontroll. <a href=\"https:\/\/buyaghostgun.com\/sv\/product-category\/spokgevar-till-salu\/\">Var kan jag f\u00e5 en Ghost-vapen till salu n\u00e4ra mig<\/a> .<\/p>\n<h4 style=\"text-align: center;\"><span class=\"tagify__tag-text\" contenteditable=\"true\">K\u00f6pa osp\u00e5rbara sp\u00f6kpistoler<\/span><\/h4>\n<p>Amerikaner har r\u00e4tt att inneha och b\u00e4ra vapen. Vi har ocks\u00e5 r\u00e4tt att bygga och s\u00e4lja dem. Vi s\u00e4ljer 80 procent mottagare, ramar, uppers, lager och l\u00e4gre delar kit f\u00f6r att avsluta varje DIY-vapensystem p\u00e5 marknaden. De f\u00f6rem\u00e5l vi b\u00e4r \u00e4r de vi anv\u00e4nder sj\u00e4lva. Sp\u00f6kvapen till salu n\u00e4ra mig i Denver.<\/p>\n<p>V\u00e5r verksamhet \u00e4r helt baserad i USA, och vi tj\u00e4nar b\u00e5de medborgare, soldater och brottsbek\u00e4mpning. V\u00e5ra produkter s\u00e4ljs helt p\u00e5 v\u00e5r webbplats, d\u00e4r vi erbjuder e-postsupport dygnet runt. Vi bryr oss om toleranser och r\u00e4tt komponenter, s\u00e5 vi arbetar direkt med producenter och import\u00f6rer f\u00f6r att lagra AK47 och 308 80%-mottagare av h\u00f6gsta kvalitet p\u00e5 marknaden. Dessutom s\u00e4ljer vi l\u00e4ttanv\u00e4nda jiggar, fixturer och CNC-utrustning f\u00f6r att slutf\u00f6ra dina byggnader p\u00e5 alla niv\u00e5er av expertis. <a href=\"https:\/\/buyaghostgun.com\/sv\/spokpistoler-till-salu\/\">Sp\u00f6kpistoler till salu n\u00e4ra mig i Florida<\/a>.<\/p>\n<a href=\"https:\/\/buyaghostgun.com\/sv\/spokpistoler-till-salu\/\" target=\"_self\" class=\"button secondary\"  style=\"border-radius:5px;padding:6px 30px 6px 30px;\">\n    <span>Best\u00e4ll en pistol<\/span>\n  <\/a>\n\n\t\t<\/div>\n\t\t\t\t\n<style>\n#col-1814470876 > .col-inner {\n  padding: 0px 1% 0px 1%;\n}\n@media (min-width:550px) {\n  #col-1814470876 > .col-inner {\n    padding: 0px 2% 0px 2%;\n  }\n}\n@media (min-width:850px) {\n  #col-1814470876 > .col-inner {\n    padding: 0px 0px 0px 10%;\n  }\n}\n<\/style>\n\t<\/div>\n\n\t\n<\/div>\n\t\t<\/div>\n\n\t\t\n<style>\n#section_992247604 {\n  padding-top: 30px;\n  padding-bottom: 30px;\n}\n#section_992247604 .ux-shape-divider--top svg {\n  height: 150px;\n  --divider-top-width: 100%;\n}\n#section_992247604 .ux-shape-divider--bottom svg {\n  height: 150px;\n  --divider-width: 100%;\n}\n<\/style>\n\t<\/section>\n\t\n<div class=\"row\"  id=\"row-133333290\">\n\n\t<div id=\"col-1843398928\" class=\"col small-12 large-12\"  >\n\t\t\t\t<div class=\"col-inner\"  >\n\t\t\t\n\t\t\t\n<h2 class=\"lead text-center\" style=\"text-align: center;\">K\u00f6p kulsprutor online<\/h2>\n<p>I allm\u00e4nhet \u00e4r en \u201csp\u00f6kpistol\u201d alla typer av skjutvapen som tillverkas hemma av material som inte redan betraktas som skjutvapen enligt lagen. Det finns inga exakta, juridiska definitioner av \u201c80%-mottagare\u201d eller \u201coavslutade skjutvapen\u201d, men sp\u00f6kvapen tillverkas oftast av dessa. K\u00f6p maskingev\u00e4r online med BTC <a href=\"https:\/\/duckduckgo.com\/\" target=\"_blank\" rel=\"noopener\">.<\/a><\/p>\n<figure id=\"attachment_565\" aria-describedby=\"caption-attachment-565\" style=\"width: 493px\" class=\"wp-caption alignright\"><img decoding=\"async\" class=\"size-full wp-image-565 lazyload\" data-src=\"https:\/\/buyaghostgun.com\/wp-content\/uploads\/2022\/06\/Buy-untraceable-ghost-guns.png\" alt=\"K\u00f6pa osp\u00e5rbara sp\u00f6kpistoler\" width=\"493\" height=\"300\" src=\"data:image\/svg+xml;base64,PHN2ZyB3aWR0aD0iMSIgaGVpZ2h0PSIxIiB4bWxucz0iaHR0cDovL3d3dy53My5vcmcvMjAwMC9zdmciPjwvc3ZnPg==\" style=\"--smush-placeholder-width: 493px; --smush-placeholder-aspect-ratio: 493\/300;\" \/><figcaption id=\"caption-attachment-565\" class=\"wp-caption-text\">K\u00f6pa osp\u00e5rbara sp\u00f6kpistoler<\/figcaption><\/figure>\n<p>Media och politiker vill g\u00e4rna sprida den felaktiga uppfattningen att det enda lagliga s\u00e4ttet att skaffa ett vapen \u00e4r att k\u00f6pa ett fr\u00e5n en tillverkare eller \u00e5terf\u00f6rs\u00e4ljare. Om du \u00f6verv\u00e4ger att bygga ett icke-serialiserat skjutvapen \u00e4r det ditt ansvar att f\u00f6rst\u00e5 de relevanta federala och statliga lagar som styr dina s\u00e4rskilda omst\u00e4ndigheter. Federal lag kr\u00e4ver endast serienummer f\u00f6r kommersiellt tillverkade skjutvapen. Amerikaner har alltid, med begr\u00e4nsade undantag i delstater och kommuner, tillverkat sina egna skjutvapen hemma. <a href=\"https:\/\/buyaghostgun.com\/sv\/product-category\/spokmaskinpistoler-till-salu\/\">Var man kan k\u00f6pa maskingev\u00e4r online<\/a>.<\/p>\n<h2 style=\"text-align: center;\">Var man kan k\u00f6pa maskingev\u00e4r i USA<\/h2>\n<p>Var man kan k\u00f6pa maskingev\u00e4r i USA diskret; vi \u00e4r r\u00e4tt plats. I USA klassificeras maskingev\u00e4r som avdelning II-vapen. Med andra ord anses de vara \u201cbegr\u00e4nsade\u201d skjutvapen och m\u00e5ste registreras hos Bureau of Alcohol Tobacco Firearms and Explosives (ATF). Det finns dock ett kryph\u00e5l i amerikansk lag som g\u00f6r det m\u00f6jligt f\u00f6r privatpersoner att \u00e4ga maskingev\u00e4r som tillverkats f\u00f6re 1986 om de har godk\u00e4nts av ATF. Var man kan k\u00f6pa maskingev\u00e4r i USA COD.<\/p>\n<p>En kulspruta \u00e4r en automatkarbin med r\u00e4fflad l\u00e5ng pipa som \u00e4r konstruerad f\u00f6r ih\u00e5llande direkt eldgivning med fullt laddade patroner. Andra automatiska skjutvapen, t.ex. automatkarbiner och automatkarbiner, \u00e4r vanligtvis konstruerade f\u00f6r att avfyra korta salvor snarare \u00e4n kontinuerlig eldkraft och betraktas inte som kulsprutor. Automatiska vapen f\u00f6r trupp, som avfyrar samma (vanligtvis medeldrivna) patron som anv\u00e4nds av de andra skyttarna fr\u00e5n samma stridsenhet, \u00e4r funktionellt l\u00e4tta kulsprutor \u00e4ven om de inte kallas s\u00e5. Kulsprutepistoler, som kan avfyra kontinuerlig snabb eld men som anv\u00e4nder handpistolpatroner, betraktas inte heller tekniskt som riktiga kulsprutepistoler. K\u00f6p maskingev\u00e4r online m\u00f6rk webb. <a href=\"https:\/\/buyaghostgun.com\/sv\/contact\/\"><strong>KONTAKTA OSS<\/strong><\/a><\/p>\n<h2 style=\"text-align: center;\">Sp\u00f6kpistoler till salu n\u00e4ra mig i USA<\/h2>\n<p>I 37 stater \u00e4r det m\u00f6jligt att k\u00f6pa en maskingev\u00e4r idag. Det \u00e4r dock inte s\u00e5 l\u00e4tt som att g\u00e5 till en lokal vapenbutik eller till och med en pistolutst\u00e4llning. Maskingev\u00e4r \u00e4r lagliga p\u00e5 federal niv\u00e5 men mycket reglerade ... Detta g\u00e5r tillbaka till National Firearms Act of 1934 (NFA), som antogs som en del av Internal Revenue Code, och var den f\u00f6rsta federala regleringen av tillverkning och \u00f6verf\u00f6ring av skjutvapen. Var man kan k\u00f6pa maskingev\u00e4r i USA utan licens.<\/p>\n<figure id=\"attachment_567\" aria-describedby=\"caption-attachment-567\" style=\"width: 400px\" class=\"wp-caption alignleft\"><img decoding=\"async\" class=\"size-medium wp-image-567 lazyload\" data-src=\"https:\/\/buyaghostgun.com\/wp-content\/uploads\/2022\/06\/Where-can-i-buy-Ghost-Guns-400x400.jpg\" alt=\"Var kan jag k\u00f6pa Ghost Guns\" width=\"400\" height=\"400\" data-srcset=\"https:\/\/buyaghostgun.com\/wp-content\/uploads\/2022\/06\/Where-can-i-buy-Ghost-Guns-400x400.jpg 400w, https:\/\/buyaghostgun.com\/wp-content\/uploads\/2022\/06\/Where-can-i-buy-Ghost-Guns-800x800.jpg 800w, https:\/\/buyaghostgun.com\/wp-content\/uploads\/2022\/06\/Where-can-i-buy-Ghost-Guns-280x280.jpg 280w, https:\/\/buyaghostgun.com\/wp-content\/uploads\/2022\/06\/Where-can-i-buy-Ghost-Guns-768x768.jpg 768w, https:\/\/buyaghostgun.com\/wp-content\/uploads\/2022\/06\/Where-can-i-buy-Ghost-Guns-200x200.jpg 200w, https:\/\/buyaghostgun.com\/wp-content\/uploads\/2022\/06\/Where-can-i-buy-Ghost-Guns-500x500.jpg 500w, https:\/\/buyaghostgun.com\/wp-content\/uploads\/2022\/06\/Where-can-i-buy-Ghost-Guns-100x100.jpg 100w, https:\/\/buyaghostgun.com\/wp-content\/uploads\/2022\/06\/Where-can-i-buy-Ghost-Guns.jpg 1200w\" data-sizes=\"(max-width: 400px) 100vw, 400px\" src=\"data:image\/svg+xml;base64,PHN2ZyB3aWR0aD0iMSIgaGVpZ2h0PSIxIiB4bWxucz0iaHR0cDovL3d3dy53My5vcmcvMjAwMC9zdmciPjwvc3ZnPg==\" style=\"--smush-placeholder-width: 400px; --smush-placeholder-aspect-ratio: 400\/400;\" \/><figcaption id=\"caption-attachment-567\" class=\"wp-caption-text\">Var kan jag k\u00f6pa Ghost Guns<\/figcaption><\/figure>\n<p>Titta \u00f6ver en av de mer v\u00e4lk\u00e4nda fulla attackgev\u00e4rstilarna eller granska sortimentet av WW2 automatiska vapen . David Spiwak \u00e4gnar sig \u00e5t att hj\u00e4lpa samlare att hitta det m\u00f6rka vapnet fr\u00e5n andra v\u00e4rldskriget som de har letat efter. De individer som hoppas kunna s\u00e4lja ett WW2-skjutvapen garanteras en r\u00e4ttvis kostnad. Alla vapen \u00e4r avsedda att vara som avbildade och att fungera p\u00e5 l\u00e4mpligt s\u00e4tt. Att skjuta v\u00e4lbefinnande s\u00e4kerst\u00e4lls inte och du borde f\u00e5 ditt skjutvapen kontrollerat av en vapensmed. Ammunitionstyper och r\u00e4ckviddsf\u00f6rh\u00e5llanden \u00e4r faktorer som jag inte kan kontrollera. Alla automatvapen \u00e4r fr\u00e5n f\u00f6re 1986 och s\u00e4ljs som samlarobjekt.<\/p>\n\t\t<\/div>\n\t\t\t\t\t<\/div>\n\n\t\n<\/div>\n\t<section class=\"section\" id=\"section_758762122\">\n\t\t<div class=\"bg section-bg fill bg-fill  bg-loaded\" >\n\n\t\t\t\n\t\t\t\n\t\t\t\n\n\t\t<\/div>\n\n\t\t\n\n\t\t<div class=\"section-content relative\">\n\t\t\t\n<div class=\"row align-middle\"  id=\"row-284593767\">\n\n\t<div id=\"col-1129278208\" class=\"col medium-12 small-12 large-6\"  >\n\t\t\t\t<div class=\"col-inner\"  >\n\t\t\t\n\t\t\t\n\n  <div class=\"banner has-hover\" id=\"banner-1830522680\">\n          <div class=\"banner-inner fill\">\n        <div class=\"banner-bg fill\" >\n            <div class=\"bg fill bg-fill\"><\/div>\n                                    \n                    <\/div>\n\t\t\n        <div class=\"banner-layers container\">\n            <div class=\"fill banner-link\"><\/div>            \n        <\/div>\n      <\/div>\n\n            \n<style>\n#banner-1830522680 {\n  padding-top: 99.99%;\n  background-color: rgb(255, 255, 255);\n}\n#banner-1830522680 .bg.bg-loaded {\n  background-image: url(https:\/\/buyaghostgun.com\/wp-content\/uploads\/2022\/06\/Hitman-on-hire.jpg);\n}\n#banner-1830522680 .bg {\n  background-position: 35% 56%;\n}\n#banner-1830522680 .ux-shape-divider--top svg {\n  height: 150px;\n  --divider-top-width: 100%;\n}\n#banner-1830522680 .ux-shape-divider--bottom svg {\n  height: 150px;\n  --divider-width: 100%;\n}\n@media (min-width:550px) {\n  #banner-1830522680 {\n    padding-top: 75%;\n  }\n}\n@media (min-width:850px) {\n  #banner-1830522680 {\n    padding-top: 99.99%;\n  }\n}\n<\/style>\n  <\/div>\n\n\n\t\t<\/div>\n\t\t\t\t\t<\/div>\n\n\t\n\n\t<div id=\"col-521971115\" class=\"col medium-12 small-12 large-6\"  >\n\t\t\t\t<div class=\"col-inner\"  >\n\t\t\t\n\t\t\t\n\t<div id=\"gap-1282876091\" class=\"gap-element clearfix\" style=\"display:block; height:auto;\">\n\t\t\n<style>\n#gap-1282876091 {\n  padding-top: 10px;\n}\n@media (min-width:850px) {\n  #gap-1282876091 {\n    padding-top: 30px;\n  }\n}\n<\/style>\n\t<\/div>\n\t\n\t<div id=\"text-2501871535\" class=\"text\">\n\t\t\n<h2>Anlita en hitman<\/h2>\n\t\t\n<style>\n#text-2501871535 {\n  font-size: 1.5rem;\n}\n<\/style>\n\t<\/div>\n\t\n<p>Vi \u00e4r f\u00f6re detta underr\u00e4ttelsetj\u00e4nstem\u00e4n som tillhandah\u00e5ller d\u00f6dande tj\u00e4nster till m\u00e4nniskor i alla \u00e5ldrar, fr\u00e5n nyf\u00f6dda till \u00e4ldre. N\u00e4r du har blivit accepterad m\u00e5ste du betala en deposition innan n\u00e5got arbete p\u00e5b\u00f6rjas. Hitman-tj\u00e4nster finns tillg\u00e4ngliga i m\u00e5nga l\u00e4nder \u00f6ver hela v\u00e4rlden, inklusive USA, Ryssland, Australien, Kina och naturligtvis Europa. Det \u00e4r s\u00e4kert och enkelt att anst\u00e4lla en m\u00f6rdare genom oss. hitman f\u00f6r uthyrning 2022<\/p>\n<h4 style=\"text-align: center;\">Anlita en m\u00f6rdare<\/h4>\n<p>Helt klart den b\u00e4sta och den st\u00f6rsta <b>hyra<\/b> <b>a<\/b> <b>torped<\/b> service runt omkring. H\u00f6gsta kvalitet och \u00f6verkomliga priser. Skjut och spring mord p\u00e5 den genomsnittliga personen samt att d\u00f6da en viktig person som \u00e4r bev\u00e4pnad eller har livvakter tillg\u00e4ngliga, beroende p\u00e5 m\u00e5lets sv\u00e5righetsgrad.<\/p>\n<p><a href=\"https:\/\/buyaghostgun.com\/sv\/contact\/\"><img decoding=\"async\" class=\"wp-image-569 size-full lazyload\" data-src=\"https:\/\/buyaghostgun.com\/wp-content\/uploads\/2022\/06\/Ghost-guns-for-sale-near-me-in-USA.png\" alt=\"Sp\u00f6kpistoler till salu n\u00e4ra mig i USA\" width=\"151\" height=\"34\" src=\"data:image\/svg+xml;base64,PHN2ZyB3aWR0aD0iMSIgaGVpZ2h0PSIxIiB4bWxucz0iaHR0cDovL3d3dy53My5vcmcvMjAwMC9zdmciPjwvc3ZnPg==\" style=\"--smush-placeholder-width: 151px; --smush-placeholder-aspect-ratio: 151\/34;\" \/><\/a><\/p>\n<p>Var du \u00e4n befinner dig i v\u00e4rlden, <a href=\"https:\/\/buyaghostgun.com\/sv\/\">vi<\/a> \u00e4r bara en smartphone-webbl\u00e4sare bort! Vi har stolt funnits p\u00e5 World Wide Web sedan 2001 och har det st\u00f6rsta f\u00e4ltoperativa n\u00e4tverket i v\u00e4rlden! Livet kan vara hektiskt, s\u00e5 f\u00e5 din kostnadsfria konsultation idag! D\u00f6da en person som du finner skyldig Bilder och sammanst\u00e4llning av bevis \u00d6vervakning, mot\u00f6vervakning<\/p>\n<a href=\"https:\/\/buyaghostgun.com\/sv\/anlita-en-yrkesmordare-online\/\" target=\"_self\" class=\"button primary is-link\" style=\"padding:0 0px 0px 0px;\">\n    <span>L\u00e4s mer om detta<\/span>\n  <i class=\"icon-angle-right\" ><\/i><\/a>\n\n\t\t<\/div>\n\t\t\t\t\n<style>\n#col-521971115 > .col-inner {\n  padding: 0px 0px 0px 0;\n}\n@media (min-width:850px) {\n  #col-521971115 > .col-inner {\n    padding: 0px 0px 0px 10%;\n  }\n}\n<\/style>\n\t<\/div>\n\n\t\n<\/div>\n\t\t<\/div>\n\n\t\t\n<style>\n#section_758762122 {\n  padding-top: 40px;\n  padding-bottom: 40px;\n}\n#section_758762122 .ux-shape-divider--top svg {\n  height: 150px;\n  --divider-top-width: 100%;\n}\n#section_758762122 .ux-shape-divider--bottom svg {\n  height: 150px;\n  --divider-width: 100%;\n}\n@media (min-width:850px) {\n  #section_758762122 {\n    padding-top: 70px;\n    padding-bottom: 70px;\n  }\n}\n<\/style>\n\t<\/section>","protected":false},"excerpt":{"rendered":"","protected":false},"author":1,"featured_media":562,"parent":0,"menu_order":0,"comment_status":"closed","ping_status":"closed","template":"page-transparent-header-light.php","meta":{"_acf_changed":false,"footnotes":""},"class_list":["post-90","page","type-page","status-publish","has-post-thumbnail","hentry"],"acf":[],"_links":{"self":[{"href":"https:\/\/buyaghostgun.com\/sv\/wp-json\/wp\/v2\/pages\/90","targetHints":{"allow":["GET"]}}],"collection":[{"href":"https:\/\/buyaghostgun.com\/sv\/wp-json\/wp\/v2\/pages"}],"about":[{"href":"https:\/\/buyaghostgun.com\/sv\/wp-json\/wp\/v2\/types\/page"}],"author":[{"embeddable":true,"href":"https:\/\/buyaghostgun.com\/sv\/wp-json\/wp\/v2\/users\/1"}],"replies":[{"embeddable":true,"href":"https:\/\/buyaghostgun.com\/sv\/wp-json\/wp\/v2\/comments?post=90"}],"version-history":[{"count":15,"href":"https:\/\/buyaghostgun.com\/sv\/wp-json\/wp\/v2\/pages\/90\/revisions"}],"predecessor-version":[{"id":571,"href":"https:\/\/buyaghostgun.com\/sv\/wp-json\/wp\/v2\/pages\/90\/revisions\/571"}],"wp:featuredmedia":[{"embeddable":true,"href":"https:\/\/buyaghostgun.com\/sv\/wp-json\/wp\/v2\/media\/562"}],"wp:attachment":[{"href":"https:\/\/buyaghostgun.com\/sv\/wp-json\/wp\/v2\/media?parent=90"}],"curies":[{"name":"wp","href":"https:\/\/api.w.org\/{rel}","templated":true}]}}