{"id":623,"date":"2022-07-04T21:32:01","date_gmt":"2022-07-04T21:32:01","guid":{"rendered":"https:\/\/buyaghostgun.com\/?post_type=product&#038;p=623"},"modified":"2026-04-27T20:03:36","modified_gmt":"2026-04-27T20:03:36","slug":"kop-cz-evo3-till-salu","status":"publish","type":"product","link":"https:\/\/buyaghostgun.com\/sv\/product\/kop-cz-evo3-till-salu\/","title":{"rendered":"Ceska Zbrojovka (CZ EVO3) kulsprutepistoler"},"content":{"rendered":"<h2 style=\"text-align: center;\">K\u00f6p CZ EVO3 till salu<\/h2>\n<p>CZ EVO3 till salu n\u00e4ra mig. Ceska Zbrojovka \u00e4r allm\u00e4nt k\u00e4nd som CZ EVO3 i USA och \u00e4r \u00e4nnu en maskinpistol som ocks\u00e5 tillh\u00f6r maskingev\u00e4rsfamiljen med en liten skillnad att den \u00e4r mycket mer smalare, smal i sin design, l\u00e4tt att h\u00e5lla och l\u00e4tt att hantera ocks\u00e5. \u00d6verlag har metallens arkitektoniska design ett rent, borstat metallutseende och k\u00e4nns ocks\u00e5 bra eftersom det skr\u00e4ddarsyddes med h\u00e4nsyn till hur den genomsnittliga vapenhanteraren skulle f\u00f6redra sitt vapen n\u00e4r det g\u00e4ller hantering, hastighet och n\u00e4r det g\u00e4ller att det \u00e4r ett ekonomiskt alternativ f\u00f6r taktiska styrkor oavsett land. .<\/p>\n<p style=\"text-align: center;\"><strong>K\u00f6p cz evo 3 online<\/strong><\/p>\n<p>CZ EVO3 st\u00e5r fast som en universell pistolfigur och skulle passa f\u00f6r alla som inte \u00e4r f\u00f6r kr\u00e4vande n\u00e4r det g\u00e4ller hur kraftfulla de vill att deras vapen ska vara. Sp\u00f6kpistoler \u00e4r oserialiserade och osp\u00e5rbara skjutvapen som kan k\u00f6pas online och monteras hemma. Dessa kit \u00e4r allm\u00e4nt tillg\u00e4ngliga och kan k\u00f6pas av vem som helst, inklusive f\u00f6rbjudna k\u00f6pare, inhemska missbrukare och vapenhandlare utan bakgrundskontroll. <a href=\"https:\/\/buyaghostgun.com\/sv\/\">CZ EVO3 till salu p\u00e5 n\u00e4tet<\/a>. CZ EVO3 till salu i Pennsylvania,CZ EVO3 s\u00e4ljs online med bitcoin,K\u00f6p Ceska Zbrojovka-vapen online i Philadelphia,K\u00f6p Ceska Zbrojovka-vapen billigt,cz scorpion evo3 a1 till salu lokalt.<\/p>\n<figure id=\"attachment_630\" aria-describedby=\"caption-attachment-630\" style=\"width: 600px\" class=\"wp-caption aligncenter\"><img decoding=\"async\" class=\"size-full wp-image-630 lazyload\" data-src=\"https:\/\/buyaghostgun.com\/wp-content\/uploads\/2022\/07\/CZ-EVO3-for-sale-in-USA.webp\" alt=\"CZ EVO3 till salu i USA\" width=\"600\" height=\"400\" data-srcset=\"https:\/\/buyaghostgun.com\/wp-content\/uploads\/2022\/07\/CZ-EVO3-for-sale-in-USA.webp 600w, https:\/\/buyaghostgun.com\/wp-content\/uploads\/2022\/07\/CZ-EVO3-for-sale-in-USA-500x333.webp 500w\" data-sizes=\"(max-width: 600px) 100vw, 600px\" src=\"data:image\/svg+xml;base64,PHN2ZyB3aWR0aD0iMSIgaGVpZ2h0PSIxIiB4bWxucz0iaHR0cDovL3d3dy53My5vcmcvMjAwMC9zdmciPjwvc3ZnPg==\" style=\"--smush-placeholder-width: 600px; --smush-placeholder-aspect-ratio: 600\/400;\" \/><figcaption id=\"caption-attachment-630\" class=\"wp-caption-text\">CZ EVO3 till salu i USA<\/figcaption><\/figure>\n<h2 id=\"line1\" style=\"text-align: center;\"><a class=\"attribute-value\">K\u00f6p Ceska Zbrojovka-vapen online<\/a><\/h2>\n<p>Om du befinner dig i en krigszon rekommenderas inte pistolen eller f\u00f6rstahandsvalet men skulle fortfarande passa perfekt i taktiska styrkor, specialenheter och andra l\u00e4tta v\u00e4pnade styrkor. En av de b\u00e4sta sakerna med det \u00e4r att f\u00f6r sin maximerade och finjusterade f\u00f6r prestanda \u00f6verklagande \u00e4r det fortfarande en relativt billig pistol p\u00e5 marknaderna. Underskatta dock inte CZ p\u00e5 grund av dess storlek eftersom den har en toppmodern bakre syn som har fyra bl\u00e4ndarstorlekar f\u00f6r att tillgodose n\u00e4ra avst\u00e5nd och l\u00e5ngt avst\u00e5nd ocks\u00e5, en armst\u00f6d f\u00f6r att hj\u00e4lpa stabiliteten vid hantering f\u00f6r att \u00f6ka exakta skott och totalt sett drivs som en halvautomatisk maskin <a href=\"https:\/\/buyaghostgun.com\/sv\/product\/ak-47-vapen-till-salu\/\">pistol<\/a>. Scorpion Carbine finns i tv\u00e5 varianter och \u00e4r ett helt nytt djur.<\/p>\n<p style=\"text-align: center;\"><strong>K\u00f6p CZ Scorpion EVO 3 A1 till salu<\/strong><\/p>\n<p>Carbine bygger p\u00e5 den ber\u00f6mda submachinegun-plattformen som f\u00f6rst tr\u00e4ffade den amerikanska civila marknaden i pistolform 2015 och har en 16,2 \u2033 pipa utrustad med antingen en kompenserande mynningsbroms eller en faux suppressor. Carbine \u00e4r utrustad med fabrikens f\u00e4llbara justerbara lager och har ett antal USA-tillverkade delar som g\u00f6r den helt 922 (r) kompatibel. En av de trevligaste funktionerna i skjutvapnet \u00e4r den nydesignade fronten, t\u00e4ckt av M-LOK-f\u00e4stpunkter f\u00f6r att h\u00e5lla profilen smal samtidigt som den \u00e4r tillr\u00e4ckligt stor f\u00f6r att sv\u00e4lja de flesta pistolkaliber suppressorer om \u00e4garen best\u00e4mmer sig f\u00f6r v\u00e4gen f\u00f6r att konvertera den till en SBR f\u00f6r anv\u00e4ndning med en suppressor. cz scorpion 9mm pistol med stag. CZ EVO3 till salu i USA<\/p>\n<h2 style=\"text-align: center;\">Var kan jag f\u00e5 CZ EVO3 till salu<\/h2>\n<p>En Picatinny-skena p\u00e5 ovansidan passar f\u00f6r j\u00e4rnsikten och m\u00f6jligg\u00f6r montering av ett stort antal optik. Scorpion \u00e4r enkel och p\u00e5litlig och har inte bara ambidextr\u00f6sa reglage, utan \u00e4ven ett utbytbart laddningshandtag och justerbar r\u00e4ckvidd till avtryckaren. Scorpion-plattformen har ett stort utbud av tillbeh\u00f6r, vilket g\u00f6r det enkelt att anpassa vapnet med ett antal olika skaft, grepp, fram\u00e4ndar, magasin, s\u00e4kringar, magasinutl\u00f6sare, laddningshandtag och avtryckare som \u00e4r s\u00e4rskilt utformade f\u00f6r EVO 3-plattformen. Wickedly robust och byggd f\u00f6r att utf\u00f6ra, CZ Scorpion till salu \u00e4r dimensionerad f\u00f6r att man\u00f6vrera i tr\u00e5nga kvarter samtidigt som den levererar den kritiska m\u00e5lnoggrannheten du beh\u00f6ver. <span class=\"tagify__tag-text\" contenteditable=\"true\">K\u00f6p CZ EVO3 till salu<\/span><\/p>\n<p>.<\/p>\n<figure id=\"attachment_631\" aria-describedby=\"caption-attachment-631\" style=\"width: 600px\" class=\"wp-caption alignright\"><img decoding=\"async\" class=\"size-medium wp-image-631 lazyload\" data-src=\"https:\/\/buyaghostgun.com\/wp-content\/uploads\/2022\/07\/Untraceable-guns-for-sale-600x400.jpeg\" alt=\"Osp\u00e5rbara vapen till salu\" width=\"600\" height=\"400\" data-srcset=\"https:\/\/buyaghostgun.com\/wp-content\/uploads\/2022\/07\/Untraceable-guns-for-sale-600x400.jpeg 600w, https:\/\/buyaghostgun.com\/wp-content\/uploads\/2022\/07\/Untraceable-guns-for-sale-500x333.jpeg 500w, https:\/\/buyaghostgun.com\/wp-content\/uploads\/2022\/07\/Untraceable-guns-for-sale.jpeg 750w\" data-sizes=\"(max-width: 600px) 100vw, 600px\" src=\"data:image\/svg+xml;base64,PHN2ZyB3aWR0aD0iMSIgaGVpZ2h0PSIxIiB4bWxucz0iaHR0cDovL3d3dy53My5vcmcvMjAwMC9zdmciPjwvc3ZnPg==\" style=\"--smush-placeholder-width: 600px; --smush-placeholder-aspect-ratio: 600\/400;\" \/><figcaption id=\"caption-attachment-631\" class=\"wp-caption-text\">Osp\u00e5rbara vapen till salu<\/figcaption><\/figure>\n<p style=\"text-align: center;\"><strong>USA:s vapenbutik<\/strong><\/p>\n<p>Med sin extremt tillf\u00f6rlitliga och okomplicerade funktion \u00e4r denna blowback, semi-auto 9mm mycket anpassningsbar, med ambidextrous kontroller, en justerbar avtryckarr\u00e4ckvidd och ett utbytbart laddningshandtag. CZ Scorpion EVO 3 b\u00e4r ett exoskelett laddat med tillbeh\u00f6rsklara monteringsskenor och f\u00e4stpunkter f\u00f6r obegr\u00e4nsad anpassning med tillg\u00e4ngliga h\u00e4ngslen, grepp, fram\u00e4ndar, magasin, s\u00e4kringar, magasinutl\u00f6sare, laddningshandtag och avtryckare. F\u00f6r tr\u00e5nga utrymmen ger 9mm CZ Scorpion Micro dig \u00e4nnu mer m\u00e5ngsidighet, med en 4,12-tums pipa och ett avtagbart, teleskopiskt st\u00f6d. Sl\u00e4pp loss din fulla potential p\u00e5 skjutbanan eller p\u00e5 slagf\u00e4ltet med en av dessa prisv\u00e4rda, h\u00f6gpresterande pistoler i gev\u00e4rsstil. Var kan jag f\u00e5 CZ EVO3 till salu.cz scorpion evo 3 s1 <a href=\"https:\/\/buyaghostgun.com\/sv\/product-category\/spokmaskinpistoler-till-salu\/\">karbin<\/a><\/p>\n<h2 style=\"text-align: center;\">CZ EVO3 till salu i USA<\/h2>\n<p>cz scorpion evo3 a1 till salu med bitcoin. En kulspruta \u00e4r ett automateldande, r\u00e4fflat skjutvapen med l\u00e5ng pipa som \u00e4r konstruerat f\u00f6r ih\u00e5llande direkt eldgivning med fullt laddade patroner. Andra automatiska skjutvapen som automatkarbiner och automatkarbiner \u00e4r vanligtvis utformade mer f\u00f6r att avfyra korta salvor snarare \u00e4n kontinuerlig eldkraft och anses inte vara kulsprutor. Automatiska vapen f\u00f6r trupp, som avfyrar samma (vanligtvis medeldrivna) patron som anv\u00e4nds av de andra skyttarna fr\u00e5n samma stridsenhet, \u00e4r funktionellt l\u00e4tta kulsprutor men kallas inte s\u00e5. K\u00f6p cz evo 3 online .<\/p>\n<h4 style=\"text-align: center;\"><strong>Osp\u00e5rbara vapen till salu<\/strong><\/h4>\n<p>Kulsprutepistoler, som kan avge kontinuerlig snabb eld men som anv\u00e4nder patroner f\u00f6r handeldvapen, betraktas inte heller tekniskt som riktiga kulsprutor. Liknande automatiska skjutvapen med en kaliber st\u00f6rre \u00e4n 20 mm (0,79 in) klassificeras som autokanoner, snarare \u00e4n kulsprutor. Som en klass av milit\u00e4ra kinetiska projektilvapen \u00e4r kulsprutor utformade f\u00f6r att huvudsakligen anv\u00e4ndas som infanterist\u00f6dvapen och anv\u00e4nds i allm\u00e4nhet n\u00e4r de \u00e4r f\u00e4sta p\u00e5 ett tv\u00e5- eller trebensstativ, ett fast f\u00e4ste eller en tung vapenplattform f\u00f6r stabilitet mot rekyl. M\u00e5nga maskingev\u00e4r anv\u00e4nder ocks\u00e5 b\u00e4ltesmatning och \u00f6ppen bultdrift, funktioner som normalt inte finns p\u00e5 andra infanterirepeterande skjutvapen. cz scorpion evo 3 s1 suppressor .<\/p>\n<p style=\"text-align: center;\"><strong>cz scorpion evo3 a1 till salu i Colorado.<\/strong><\/p>\n<p>En kulsprutepistol, f\u00f6rkortat SMG, \u00e4r en magasinf\u00f6rsedd, automatisk karbin avsedd att avfyra handeldvapenpatroner. Termen \u201dkulsprutepistol\u201d myntades av <a href=\"https:\/\/en.wikipedia.org\/wiki\/John_T._Thompson\" target=\"_blank\" rel=\"noopener\">John T. Thompson<\/a>, uppfinnaren av Thompson-kulsprutan, f\u00f6r att beskriva dess designkoncept som ett automatiskt skjutvapen med betydligt mindre eldkraft \u00e4n en kulspruta (d\u00e4rav prefixet \u201dsub\u201d). Eftersom en kulspruta m\u00e5ste avfyra gev\u00e4rspatroner f\u00f6r att klassificeras som en kulspruta, betraktas inte kulsprutepistoler som kulsprutor. Kulsprutan utvecklades under f\u00f6rsta v\u00e4rldskriget (1914-1918) som ett offensivt n\u00e4rstridsvapen, fr\u00e4mst f\u00f6r skyttegravsr\u00e4der. scorpion evo3 s1 9mm 20rd .<\/p>\n<h4 style=\"text-align: center;\"><strong>K\u00f6p cz handeldvapen online<\/strong><\/h4>\n<p>Som mest under andra v\u00e4rldskriget (1939-1945) tillverkades miljontals SMG:er f\u00f6r anv\u00e4ndning av s\u00e5v\u00e4l regulj\u00e4ra trupper som hemliga kommandosoldater och partisaner. Efter kriget d\u00f6k det ofta upp nya SMG-design. P\u00e5 1980-talet minskade dock anv\u00e4ndningen av SMG. I dag har kulsprutepistoler till stor del ersatts av automatkarbiner, som har l\u00e4ngre r\u00e4ckvidd och kan tr\u00e4nga igenom de hj\u00e4lmar och skyddsv\u00e4star som anv\u00e4nds av modernt infanteri. Men k-pistar anv\u00e4nds fortfarande av milit\u00e4ra specialstyrkor och polisens SWAT-team f\u00f6r n\u00e4rstrid (CQB) eftersom de \u00e4r ett vapen med pistolkaliber som \u00e4r l\u00e4tt att kontrollera och mindre ben\u00e4gna att \u00f6verpenetrera m\u00e5let. czusa scorpion evo3 s1 9mm .<\/p>\n<p style=\"text-align: center;\"><strong>cz scorpion evo3 a1 till salu i Kalifornien.<\/strong><\/p>\n<p>De flesta moderna kulsprutor \u00e4r av l\u00e5styp, och av dessa anv\u00e4nder de flesta principen om gasdriven omladdning, som tappar bort en del av drivgasen fr\u00e5n den avfyrade patronen och anv\u00e4nder dess mekaniska tryck f\u00f6r att l\u00e5sa upp slutstycket och cykla handlingen. Den f\u00f6rsta av dessa uppfanns av de franska br\u00f6derna Claire, som 1892 patenterade ett gasdrivet gev\u00e4r med en gascylinder. Den ryska PK-kulsprutan \u00e4r ett mer modernt exempel.<\/p>\n<p style=\"text-align: center;\"><strong>CZ scorpion evo 3 till salu<\/strong><\/p>\n<p>Ett annat effektivt och mycket anv\u00e4nt format \u00e4r den rekylaktiverade typen, som anv\u00e4nder vapnets rekylenergi f\u00f6r samma \u00e4ndam\u00e5l. Maskingev\u00e4r som M2 Browning och MG42 \u00e4r av denna andra typ. En kam, en spak eller ett st\u00e4lldon absorberar en del av rekylenergin f\u00f6r att driva vapenmekanismen. cz scorpion 3 plus .<\/p>\n<p style=\"text-align: center;\"><strong>cz scorpion evo3 a1 till salu i Storbritannien.<\/strong><\/p>\n<p>Ett externt aktiverat vapen anv\u00e4nder en extern kraftk\u00e4lla, t.ex. en elmotor eller en handvev, f\u00f6r att flytta mekanismen genom avfyrningssekvensen. Moderna vapen av denna typ kallas ofta Gatling-pistoler, efter den ursprungliga uppfinnaren (inte bara av den v\u00e4lk\u00e4nda handvevade protomaskingev\u00e4ret fr\u00e5n 1800-talet, utan ocks\u00e5 av den f\u00f6rsta eldrivna versionen).<\/p>\n<p style=\"text-align: center;\"><strong>Fantastiska kulsprutor till salu<\/strong><\/p>\n<p>De har flera pipor, var och en med en tillh\u00f6rande kammare och mekanism p\u00e5 en roterande karusell och ett system av kammar som laddar, sp\u00e4nner och avfyrar varje mekanism successivt n\u00e4r den roterar genom sekvensen; i huvudsak \u00e4r varje pipa ett separat bultpipegev\u00e4r som anv\u00e4nder en gemensam matningsk\u00e4lla. Den kontinuerliga karakt\u00e4ren hos den roterande mekanismen och dess relativa immunitet mot \u00f6verhettning m\u00f6jligg\u00f6r en mycket h\u00f6g cyklisk eldhastighet, ofta flera tusen skott per minut. cz scorpion evo 3 s1 thread pitch .<\/p>\n<p style=\"text-align: center;\"><strong>Osp\u00e5rbara vapen till salu<\/strong><\/p>\n<p>Rotationsvapen \u00e4r mindre ben\u00e4gna att fastna \u00e4n vapen som drivs med gas eller rekyl, eftersom den externa kraftk\u00e4llan kommer att skjuta ut felskjutna skott utan vidare problem, men detta \u00e4r inte m\u00f6jligt i de s\u00e4llsynta fallen med sj\u00e4lvdrivna rotationsvapen. Roterande konstruktioner \u00e4r i sig relativt skrymmande och dyra och anv\u00e4nds d\u00e4rf\u00f6r i allm\u00e4nhet med stora kulor, 20 mm i diameter eller mer, ofta kallade roterande kanoner - \u00e4ven om minigun med gev\u00e4rskaliber \u00e4r ett undantag fr\u00e5n detta. S\u00e5dana vapen \u00e4r mycket tillf\u00f6rlitliga och formidabelt effektiva, men en nackdel \u00e4r att vikten och storleken p\u00e5 kraftk\u00e4llan och drivmekanismen g\u00f6r dem vanligtvis opraktiska f\u00f6r anv\u00e4ndning utanf\u00f6r ett fordon eller flygplan. cz evo 3 s1 specs .<\/p>\n<p style=\"text-align: center;\"><strong>cz scorpion evo3 a1 till salu i Australien.<\/strong><\/p>\n<p>Revolverkanoner, som Mauser MK 213, utvecklades under andra v\u00e4rldskriget av tyskarna f\u00f6r att ge h\u00f6gkalibriga kanoner med en rimlig eldhastighet och tillf\u00f6rlitlighet. I motsats till det roterande formatet har s\u00e5dana vapen en enda pipa och en rekyldriven vagn som h\u00e5ller en roterande kammare med vanligtvis fem kammare. N\u00e4r varje skott avfyras, elektriskt, r\u00f6r sig vagnen tillbaka och roterar kammaren vilket ocks\u00e5 kastar ut den f\u00f6rbrukade hylsan, indexerar n\u00e4sta skarpa skott som ska avfyras med pipan och laddar n\u00e4sta skott i kammaren.<\/p>\n<p style=\"text-align: center;\"><strong>scorpion evo 3 till salu<\/strong><\/p>\n<p>Handlingen \u00e4r mycket lik den f\u00f6r revolverpistoler som var vanliga p\u00e5 1800- och 1900-talet, vilket ger denna typ av vapen sitt namn. En kedjepistol \u00e4r en specifik, patenterad typ av revolverkanon, vars namn i detta fall h\u00e4rr\u00f6r fr\u00e5n dess drivmekanism. cz scorpion sbr .<\/p>\n<h4 style=\"text-align: center;\"><strong>cz scorpion evo3 a1 till salu med kryptovalutor.<\/strong><\/h4>\n<p>Som n\u00e4mnts ovan alstras stora m\u00e4ngder v\u00e4rme n\u00e4r en kulspruta avfyras under l\u00e4ngre perioder. I v\u00e4rsta fall kan detta leda till att en patron \u00f6verhettas och detonerar \u00e4ven n\u00e4r avtryckaren inte \u00e4r intryckt, vilket kan leda till skador eller till att vapnet cyklar och forts\u00e4tter att skjuta tills ammunitionen \u00e4r slut eller har fastnat; detta kallas \"cooking off\" (till skillnad fr\u00e5n \"runaway fire\" d\u00e4r slutstycket inte \u00e5terg\u00e5r i l\u00e4ge n\u00e4r avtryckaren sl\u00e4pps). <span class=\"tagify__tag-text\" contenteditable=\"true\">K\u00f6p CZ EVO3 till salu<\/span> .<\/p>\n<p class=\"eYbsle mKq8g Da4KQe\" style=\"text-align: center;\"><strong>CZ Scorpion EVO 3 S1 Pistol<\/strong><\/p>\n<p>F\u00f6r att f\u00f6rhindra att kokning uppst\u00e5r kr\u00e4vs n\u00e5gon form av kylsystem eller konstruktionselement. Tidiga kulsprutor var ofta vattenkylda och \u00e4ven om denna teknik var mycket effektiv (och faktiskt var en av orsakerna till kulsprutornas \u00f6k\u00e4nda effektivitet under f\u00f6rsta v\u00e4rldskriget <a href=\"https:\/\/buyaghostgun.com\/sv\/product\/kopa-spoke-handeldvapen-pistoler\/\">Krig<\/a> ), vattenmantlarna tillf\u00f6rde ocks\u00e5 betydande vikt till en redan skrymmande design; de var ocks\u00e5 s\u00e5rbara f\u00f6r fiendernas kulor sj\u00e4lva. Var kan jag best\u00e4lla cz scorpion evo3 a1 till salu i mitt omr\u00e5de. skorpionpistol. K\u00f6p CZ Scorpion EVO 3 A1 till salu. .<\/p>\n<figure id=\"attachment_629\" aria-describedby=\"caption-attachment-629\" style=\"width: 600px\" class=\"wp-caption aligncenter\"><img decoding=\"async\" class=\"size-medium wp-image-629 lazyload\" data-src=\"https:\/\/buyaghostgun.com\/wp-content\/uploads\/2022\/07\/Buy-Ceska-Zbrojovka-guns-online-600x400.png\" alt=\"K\u00f6p Ceska Zbrojovka-vapen online\" width=\"600\" height=\"400\" data-srcset=\"https:\/\/buyaghostgun.com\/wp-content\/uploads\/2022\/07\/Buy-Ceska-Zbrojovka-guns-online-600x400.png 600w, https:\/\/buyaghostgun.com\/wp-content\/uploads\/2022\/07\/Buy-Ceska-Zbrojovka-guns-online-768x512.png 768w, https:\/\/buyaghostgun.com\/wp-content\/uploads\/2022\/07\/Buy-Ceska-Zbrojovka-guns-online-500x333.png 500w, https:\/\/buyaghostgun.com\/wp-content\/uploads\/2022\/07\/Buy-Ceska-Zbrojovka-guns-online.png 1070w\" data-sizes=\"(max-width: 600px) 100vw, 600px\" src=\"data:image\/svg+xml;base64,PHN2ZyB3aWR0aD0iMSIgaGVpZ2h0PSIxIiB4bWxucz0iaHR0cDovL3d3dy53My5vcmcvMjAwMC9zdmciPjwvc3ZnPg==\" style=\"--smush-placeholder-width: 600px; --smush-placeholder-aspect-ratio: 600\/400;\" \/><figcaption id=\"caption-attachment-629\" class=\"wp-caption-text\">K\u00f6p Ceska Zbrojovka-vapen online<\/figcaption><\/figure>\n<p><strong>M\u00e5ngsidiga alternativ<\/strong><\/p>\n<p>Gev\u00e4ret, som ursprungligen utformades f\u00f6r milit\u00e4r och brottsbek\u00e4mpande anv\u00e4ndning i A1-varianten, har en avfyrningsbrytare som ger skytten fyra avfyrningsalternativ. S\u00e4kert l\u00e4ge, halvautomatisk, tre skotts salva och helautomatisk eldgivning. A1-modellen ger operat\u00f6ren m\u00f6jlighet att v\u00e4lja r\u00e4tt avfyrningsl\u00e4ge f\u00f6r situationen. CZ erbj\u00f6d snabbt Scorpion EVO 3-plattformen i en civil modell och flera civila varianter. CZ Scorpion EVO S1 och CZ Scorpion EVO S2 erbjuds p\u00e5 den civila marknaden i flera konfigurationer som m\u00f6jligg\u00f6r enkel anpassning och anpassning. Fungerar som karbingev\u00e4r, pistol och SBR; med gott om utrymme f\u00f6r skenor och en g\u00e4ngad pipa f\u00f6r tillbeh\u00f6r som mynningsbromsar och ljudd\u00e4mpare. CZ Scorpion EVO 3-produktlinjen ger entusiasterna de alternativ de efterfr\u00e5gar.<\/p>\n<p><strong>G\u00f6r den till en SBR<\/strong><\/p>\n<p>CZ erbjuder Scorpion EVO 3 S1 som en pistol, med motsvarande klassificering hos ATF. Men med l\u00e4mplig licensiering och beaktande av federala, statliga och lokala lagar accepterar Scorpion-pistolen l\u00e4tt det CZ-designade SB Tactical-armst\u00f6det. Enligt federal lag och ATF:s policy utg\u00f6r en kortpipig revolver om man f\u00e4ster en stock p\u00e5 en pistol eller en anordning som \u00e4r avsedd som stock. Short Barreled Rifles (SBR) kr\u00e4ver registrering hos ATF och en federal skatt. Om en SBR finns p\u00e5 din lista, och du \u00e4r villig att g\u00f6ra det juridiska och regulatoriska benarbetet, \u00e4r CZ Scorpion EVO 3 S2 med den valfria mikrost\u00f6det den perfekta passformen. En pistol i pintstorlek med en teleskopisk eller hopf\u00e4llbar lager i 9mm \u00e4r stor p\u00e5 funktionalitet, praktisk och cool!<\/p>","protected":false},"excerpt":{"rendered":"<div class=\"product-short-description\">\n<p><span style=\"text-decoration: underline; color: #ed1c24;\"><strong>Obs!<\/strong><\/span> Alla v\u00e5ra vapen \u00e4r 100% osp\u00e5rbara. Oreglerade och oserialiserade, dessa vapen \u00e4r dina perfekta fantompistoler. .<\/p>\n<p>Vi erbjuder nu m\u00f6jligheten att k\u00f6pa dem med ljudd\u00e4mpare (ljudd\u00e4mpare) och ammunition.<\/p>\n<\/div>","protected":false},"featured_media":633,"comment_status":"open","ping_status":"closed","template":"","meta":{"_acf_changed":false},"product_brand":[],"product_cat":[75,70,69,68],"product_tag":[141,105,130,138,137,139,106,131,132,108,109,110,111,112,113,136,114,115,142,116,117,118,119,120,133,123,135,124,125,126,140,134,128,129],"class_list":{"0":"post-623","1":"product","2":"type-product","3":"status-publish","4":"has-post-thumbnail","6":"product_cat-ghost-machine-guns-for-sale","7":"product_cat-ghost-handguns-for-sale","8":"product_cat-ghost-rifles-for-sale","9":"product_cat-ghost-shotguns-for-sale","10":"product_tag-amazing-machine-guns-for-sale","11":"product_tag-are-ghost-guns-real","12":"product_tag-are-ghostguns-illegal","13":"product_tag-buy-cz-evo-3-online","14":"product_tag-buy-cz-handgun-online","15":"product_tag-buy-cz-scorpion-evo-3-a1-for-sale","16":"product_tag-buy-ghost-guns-online","17":"product_tag-buy-handgun-vithout-background-check","18":"product_tag-buy-pistols-with-no-paperwnrk","19":"product_tag-buy-pistols-with-no-paperwork","20":"product_tag-buy-unserialized-firearms-online","21":"product_tag-buy-untraceable-guns","22":"product_tag-california-law-on-ghost-guns","23":"product_tag-california-penal-code-ghost-gun","24":"product_tag-california-senator-ghost-gun","25":"product_tag-cz-scorpion-evo-3-for-sale","26":"product_tag-ghost-guns-car-clock-pistols","27":"product_tag-handgun-basics-for-beginners","28":"product_tag-handgun-semi-auto","29":"product_tag-handguns","30":"product_tag-handguns-pistols-for-sale","31":"product_tag-how-make-gun-at-home","32":"product_tag-nighthawk-custom-pistols","33":"product_tag-pistols","34":"product_tag-possession-of-a-stolen-firearm-pc-possession-of-ghost-gun-car-possession-of-unregistered-firearm-pc","35":"product_tag-possession-of-unserialized-firearm","36":"product_tag-scorpion-evo-3-for-sale","37":"product_tag-smith-and-wesson-pistols","38":"product_tag-springfield-pistols","39":"product_tag-untraceable-guns-for-sale","40":"product_tag-usa-firearms-store","41":"product_tag-wd-lat-is-a-ghost-ar","42":"product_tag-what-makes-a-gun-untraceable","43":"product_tag-wilson-combat-pistols","45":"first","46":"instock","47":"shipping-taxable","48":"purchasable","49":"product-type-variable"},"acf":[],"_links":{"self":[{"href":"https:\/\/buyaghostgun.com\/sv\/wp-json\/wp\/v2\/product\/623","targetHints":{"allow":["GET"]}}],"collection":[{"href":"https:\/\/buyaghostgun.com\/sv\/wp-json\/wp\/v2\/product"}],"about":[{"href":"https:\/\/buyaghostgun.com\/sv\/wp-json\/wp\/v2\/types\/product"}],"replies":[{"embeddable":true,"href":"https:\/\/buyaghostgun.com\/sv\/wp-json\/wp\/v2\/comments?post=623"}],"wp:featuredmedia":[{"embeddable":true,"href":"https:\/\/buyaghostgun.com\/sv\/wp-json\/wp\/v2\/media\/633"}],"wp:attachment":[{"href":"https:\/\/buyaghostgun.com\/sv\/wp-json\/wp\/v2\/media?parent=623"}],"wp:term":[{"taxonomy":"product_brand","embeddable":true,"href":"https:\/\/buyaghostgun.com\/sv\/wp-json\/wp\/v2\/product_brand?post=623"},{"taxonomy":"product_cat","embeddable":true,"href":"https:\/\/buyaghostgun.com\/sv\/wp-json\/wp\/v2\/product_cat?post=623"},{"taxonomy":"product_tag","embeddable":true,"href":"https:\/\/buyaghostgun.com\/sv\/wp-json\/wp\/v2\/product_tag?post=623"}],"curies":[{"name":"wp","href":"https:\/\/api.w.org\/{rel}","templated":true}]}}