{"id":647,"date":"2022-07-05T16:00:45","date_gmt":"2022-07-05T16:00:45","guid":{"rendered":"https:\/\/buyaghostgun.com\/?post_type=product&#038;p=647"},"modified":"2025-12-29T09:16:16","modified_gmt":"2025-12-29T09:16:16","slug":"cz-scorpion-evo-3-s1-karbin-till-salu","status":"publish","type":"product","link":"https:\/\/buyaghostgun.com\/sv\/product\/cz-scorpion-evo-3-s1-karbin-till-salu\/","title":{"rendered":"CZ Scorpion EVO 3 S1 karbin"},"content":{"rendered":"<h2 class=\"product-title product_title entry-title\" style=\"text-align: center;\">CZ Scorpion EVO 3 S1 Carbine till salu<\/h2>\n<section class=\"elementor-section elementor-top-section elementor-element elementor-element-5236c3a2 elementor-section-boxed elementor-section-height-default elementor-section-height-default\" data-id=\"5236c3a2\" data-element_type=\"section\" data-settings=\"{&quot;background_background&quot;:&quot;classic&quot;,&quot;shape_divider_top&quot;:&quot;tilt&quot;,&quot;shape_divider_bottom&quot;:&quot;tilt&quot;}\">\n<div class=\"elementor-container elementor-column-gap-default\">\n<div class=\"elementor-row\">\n<div class=\"elementor-column elementor-col-100 elementor-top-column elementor-element elementor-element-492a73a1\" data-id=\"492a73a1\" data-element_type=\"column\">\n<div class=\"elementor-column-wrap elementor-element-populated\">\n<div class=\"elementor-widget-wrap\">\n<div class=\"elementor-element elementor-element-381118b5 woo-desc elementor-widget elementor-widget-shortcode\" data-id=\"381118b5\" data-element_type=\"widget\" data-widget_type=\"shortcode.default\">\n<div class=\"elementor-widget-container\">\n<div class=\"elementor-shortcode\">\n<p>Scorpion Carbine finns i tv\u00e5 varianter och \u00e4r ett helt nytt djur. Carbine bygger p\u00e5 den ber\u00f6mda submachinegun-plattformen som f\u00f6rst tr\u00e4ffade den amerikanska civila marknaden i pistolform 2015 och har en 16,2 \u2033 fat utrustad med antingen en kompenserande mynningsbroms eller en faux suppressor. evo s karbin till salu. .<\/p>\n<p style=\"text-align: center;\"><strong>K\u00f6p Osp\u00e5rbar Scorpion Carbine<\/strong><\/p>\n<p>Carbine \u00e4r utrustad med fabrikens f\u00e4llbara justerbara kolv och har ett antal USA-tillverkade delar som g\u00f6r den helt 922(r)-kompatibel. En av de trevligaste funktionerna i skjutvapnet \u00e4r den nydesignade fronten, t\u00e4ckt av M-LOK-f\u00e4stpunkter f\u00f6r att h\u00e5lla profilen smal samtidigt som den \u00e4r tillr\u00e4ckligt stor f\u00f6r att sv\u00e4lja de flesta pistolkaliber suppressorer om \u00e4garen best\u00e4mmer sig f\u00f6r v\u00e4gen f\u00f6r att konvertera den till en SBR f\u00f6r anv\u00e4ndning med en suppressor. cz skorpionkarbin till salu. .<\/p>\n<h2 style=\"text-align: center;\">CZ Scorpion Carbine till salu<\/h2>\n<p>En Picatinny-skena p\u00e5 ovansidan passar f\u00f6r j\u00e4rnsikten och m\u00f6jligg\u00f6r montering av ett stort antal optik. Scorpion \u00e4r enkel och p\u00e5litlig och har inte bara ambidextrous reglage, utan \u00e4ven ett utbytbart laddningshandtag och justerbar r\u00e4ckvidd till avtryckaren. cz scorpion evo s carbine<a href=\"https:\/\/www.google.com\/\" target=\"_blank\" rel=\"noopener\">.<\/a><\/p>\n<p>Med en m\u00e4ngd tillbeh\u00f6r och tillbeh\u00f6r som finns tillg\u00e4ngliga f\u00f6r Scorpion-plattformen kan anpassning enkelt g\u00f6ras med ett antal skaft, grepp, fram\u00e4ndar, magasin, s\u00e4kringar, magasinutl\u00f6sare, laddningshandtag och avtryckare som \u00e4r utformade speciellt f\u00f6r <a href=\"https:\/\/buyaghostgun.com\/sv\/spokpistoler-till-salu\/\">EVO 3<\/a> plattform. scorpion evo s till salu .<\/p>\n<p style=\"text-align: center;\"><strong>Ghost Scorpion Carbines till salu<br \/>\n<\/strong><\/p>\n<\/div>\n<\/div>\n<\/div>\n<\/div>\n<\/div>\n<\/div>\n<\/div>\n<\/div>\n<\/section>\n<section class=\"elementor-section elementor-top-section elementor-element elementor-element-5cc82c0b elementor-section-boxed elementor-section-height-default elementor-section-height-default\" data-id=\"5cc82c0b\" data-element_type=\"section\" data-settings=\"{&quot;background_background&quot;:&quot;classic&quot;}\">\n<div class=\"elementor-container elementor-column-gap-default\">\n<div class=\"elementor-row\">\n<div class=\"elementor-column elementor-col-100 elementor-top-column elementor-element elementor-element-52b8acd2\" data-id=\"52b8acd2\" data-element_type=\"column\" data-settings=\"{&quot;background_background&quot;:&quot;classic&quot;}\">\n<div class=\"elementor-column-wrap elementor-element-populated\">\n<div class=\"elementor-widget-wrap\">\n<div class=\"elementor-element elementor-element-3b9b5a19 elementor-widget elementor-widget-heading\" data-id=\"3b9b5a19\" data-element_type=\"widget\" data-widget_type=\"heading.default\">\n<div class=\"elementor-widget-container\">\n<p class=\"elementor-heading-title elementor-size-default\"><strong>Specifikationer<\/strong><\/p>\n<\/div>\n<\/div>\n<div class=\"elementor-element elementor-element-53e1667c elementor-widget elementor-widget-product_specs_table\" data-id=\"53e1667c\" data-element_type=\"widget\" data-widget_type=\"product_specs_table.default\">\n<div class=\"elementor-widget-container\">\n<div class=\"wrapper-414141\">\n<div id=\"product-specifications\" class=\"slick-initialized slick-slider\" data-slick=\"{&quot;slidesToShow&quot;: 1, &quot;slidesToScroll&quot;: 1}\">\n<div class=\"slick-list draggable\">\n<div class=\"slick-track\">\n<div class=\"slick-slide slick-current slick-active\" tabindex=\"0\" data-slick-index=\"0\" aria-hidden=\"false\">\n<h2 class=\"specs-title\">CZ SCORPION EVO 3 S1 KARBIN MED FALSK LJUDD\u00c4MPARE<\/h2>\n<div class=\"spec-row\"><span class=\"label\">Produktens namn<\/span><span class=\"value\">CZ Scorpion EVO 3 S1 karbin med falsk ljudd\u00e4mpare<\/span><\/div>\n<div class=\"spec-row\"><span class=\"label\">SKU<\/span><span class=\"value\">08507<\/span><\/div>\n<div class=\"spec-row\"><span class=\"label\">Typ av skjutvapen<\/span><span class=\"value\">Gev\u00e4r<\/span><\/div>\n<div class=\"spec-row\"><span class=\"label\">Syfte<\/span><span class=\"value\">F\u00f6rsvar av hemmet<\/span><\/div>\n<div class=\"spec-row\"><span class=\"label\">Kammare<\/span><span class=\"value\">9 mm Luger<\/span><\/div>\n<div class=\"spec-row\"><span class=\"label\">Magasinskapacitet<\/span><span class=\"value\">20 1<\/span><\/div>\n<div class=\"spec-row\"><span class=\"label\">Typ av magasin<\/span><span class=\"value\">Dubbelstaplad polymer<\/span><\/div>\n<div class=\"spec-row\"><span class=\"label\">Ram<\/span><span class=\"value\">Fiberarmerad polymer<\/span><\/div>\n<div class=\"spec-row\"><span class=\"label\">Handtag<\/span><span class=\"value\">Polymer, justerbar f\u00f6r r\u00e4ckvidd till avtryckare<\/span><\/div>\n<div class=\"spec-row\"><span class=\"label\">Trigger Mech<\/span><span class=\"value\">SA<\/span><\/div>\n<div class=\"spec-row\"><span class=\"label\">Syner<\/span><span class=\"value\">Justerbar<\/span><\/div>\n<div class=\"spec-row\"><span class=\"label\">Fat<\/span><span class=\"value\">Kallhammarsmidd, mynningsg\u00e4ngad 1\/2\u00d728<\/span><\/div>\n<div class=\"spec-row\"><span class=\"label\">Pipans l\u00e4ngd<\/span><span class=\"value\">16.2<\/span><\/div>\n<div class=\"spec-row\"><span class=\"label\">Vikt<\/span><span class=\"value\">7 kg<\/span><\/div>\n<div class=\"spec-row\"><span class=\"label\">Total l\u00e4ngd<\/span><span class=\"value\">34,75 tum \/ 24,5 tum<\/span><\/div>\n<div class=\"spec-row\"><span class=\"label\">H\u00f6jd<\/span><span class=\"value\">9,4 tum<\/span><\/div>\n<div class=\"spec-row\"><span class=\"label\">S\u00e4kerhet<\/span><span class=\"value\">Ambidextrisk tumsp\u00e4rr<\/span><\/div>\n<div>\n<figure id=\"attachment_650\" aria-describedby=\"caption-attachment-650\" style=\"width: 510px\" class=\"wp-caption aligncenter\"><img decoding=\"async\" class=\"size-full wp-image-650 lazyload\" data-src=\"https:\/\/buyaghostgun.com\/wp-content\/uploads\/2022\/07\/CZ-Scorpion-EVO-3-S1-Carbine-For-Sale-2.png\" alt=\"CZ Scorpion EVO 3 S1 Carbine till salu\" width=\"510\" height=\"340\" data-srcset=\"https:\/\/buyaghostgun.com\/wp-content\/uploads\/2022\/07\/CZ-Scorpion-EVO-3-S1-Carbine-For-Sale-2.png 510w, https:\/\/buyaghostgun.com\/wp-content\/uploads\/2022\/07\/CZ-Scorpion-EVO-3-S1-Carbine-For-Sale-2-500x333.png 500w\" data-sizes=\"(max-width: 510px) 100vw, 510px\" src=\"data:image\/svg+xml;base64,PHN2ZyB3aWR0aD0iMSIgaGVpZ2h0PSIxIiB4bWxucz0iaHR0cDovL3d3dy53My5vcmcvMjAwMC9zdmciPjwvc3ZnPg==\" style=\"--smush-placeholder-width: 510px; --smush-placeholder-aspect-ratio: 510\/340;\" \/><figcaption id=\"caption-attachment-650\" class=\"wp-caption-text\">CZ Scorpion EVO 3 S1 Carbine till salu<\/figcaption><\/figure>\n<\/div>\n<\/div>\n<\/div>\n<\/div>\n<\/div>\n<\/div>\n<\/div>\n<\/div>\n<\/div>\n<\/div>\n<\/div>\n<\/div>\n<\/div>\n<\/section>\n<p>&nbsp;<\/p>","protected":false},"excerpt":{"rendered":"<p><span style=\"text-decoration: underline; color: #ed1c24;\"><strong>Obs!<\/strong><\/span> Alla v\u00e5ra vapen \u00e4r 100% osp\u00e5rbara. Oreglerade och oserialiserade, dessa vapen \u00e4r dina perfekta fantompistoler. .<\/p>\n<p>Vi erbjuder nu m\u00f6jligheten att k\u00f6pa dem med ljudd\u00e4mpare (ljudd\u00e4mpare) och ammunition.<\/p>","protected":false},"featured_media":650,"comment_status":"open","ping_status":"closed","template":"","meta":{"_acf_changed":false},"product_brand":[],"product_cat":[69,75],"product_tag":[],"class_list":{"0":"post-647","1":"product","2":"type-product","3":"status-publish","4":"has-post-thumbnail","6":"product_cat-ghost-rifles-for-sale","7":"product_cat-ghost-machine-guns-for-sale","9":"first","10":"instock","11":"shipping-taxable","12":"purchasable","13":"product-type-variable"},"acf":[],"_links":{"self":[{"href":"https:\/\/buyaghostgun.com\/sv\/wp-json\/wp\/v2\/product\/647","targetHints":{"allow":["GET"]}}],"collection":[{"href":"https:\/\/buyaghostgun.com\/sv\/wp-json\/wp\/v2\/product"}],"about":[{"href":"https:\/\/buyaghostgun.com\/sv\/wp-json\/wp\/v2\/types\/product"}],"replies":[{"embeddable":true,"href":"https:\/\/buyaghostgun.com\/sv\/wp-json\/wp\/v2\/comments?post=647"}],"wp:featuredmedia":[{"embeddable":true,"href":"https:\/\/buyaghostgun.com\/sv\/wp-json\/wp\/v2\/media\/650"}],"wp:attachment":[{"href":"https:\/\/buyaghostgun.com\/sv\/wp-json\/wp\/v2\/media?parent=647"}],"wp:term":[{"taxonomy":"product_brand","embeddable":true,"href":"https:\/\/buyaghostgun.com\/sv\/wp-json\/wp\/v2\/product_brand?post=647"},{"taxonomy":"product_cat","embeddable":true,"href":"https:\/\/buyaghostgun.com\/sv\/wp-json\/wp\/v2\/product_cat?post=647"},{"taxonomy":"product_tag","embeddable":true,"href":"https:\/\/buyaghostgun.com\/sv\/wp-json\/wp\/v2\/product_tag?post=647"}],"curies":[{"name":"wp","href":"https:\/\/api.w.org\/{rel}","templated":true}]}}