{"id":656,"date":"2022-07-05T16:24:55","date_gmt":"2022-07-05T16:24:55","guid":{"rendered":"https:\/\/buyaghostgun.com\/?post_type=product&#038;p=656"},"modified":"2025-11-30T13:38:47","modified_gmt":"2025-11-30T13:38:47","slug":"osparbar-cz-75-sp-01-handeldvapen-till-salu","status":"publish","type":"product","link":"https:\/\/buyaghostgun.com\/sv\/product\/osparbar-cz-75-sp-01-handeldvapen-till-salu\/","title":{"rendered":"CZ 75 SP-01 Handeldvapen"},"content":{"rendered":"<h2 style=\"text-align: center;\">Osp\u00e5rbar CZ 75 SP-01 handeldvapen till salu<\/h2>\n<p>CZ 75 SP-01 \u00e4r den f\u00f6rsta fullstora pistolen (4,6 tums pipa) fr\u00e5n CZ som har den f\u00f6rb\u00e4ttrade tillverkningstekniken och ergonomin fr\u00e5n den NATO-godk\u00e4nda CZ 75 Compact P-01-modellen. SP-01 har en integrerad 1913-tillbeh\u00f6rsskena p\u00e5 dammskyddet, gummigreppspaneler och CZ:s korrosionsbest\u00e4ndiga svarta polycoatfinish och \u00e4r den senaste modellen i familjen av pistoler baserade p\u00e5 CZ 75 (SA\/DA)-plattformen<a href=\"https:\/\/www.google.com\/\" target=\"_blank\" rel=\"noopener\">. <\/a><\/p>\n<h3 style=\"text-align: center;\"><span class=\"tagify__input\" tabindex=\"0\" role=\"textbox\" contenteditable=\"true\" data-placeholder=\"Example: Rank Math SEO\" aria-placeholder=\"Example: Rank Math SEO\" aria-autocomplete=\"both\" aria-multiline=\"false\">K\u00f6p Ghost Handguns till salu<\/span><\/h3>\n<p>Med utg\u00e5ngspunkt i den f\u00f6rb\u00e4ttrade greppsgeometrin hos den kompakta P-01 har SP-01 en f\u00f6rl\u00e4ngd b\u00e4versvans f\u00f6r att skydda skyttens starka hand och ge ett djupare och s\u00e4krare grepp. Den nya greppgeometrin, rutm\u00f6nstringen i viktiga omr\u00e5den p\u00e5 de fr\u00e4mre och bakre remmarna och omf\u00f6rdelningen av massan som tillhandah\u00e5lls av tillbeh\u00f6rsskenan minskar m\u00e4rkbart den upplevda rekylen fr\u00e5n tidigare modeller och m\u00f6jligg\u00f6r snabbare m\u00e5langivelse och \u00f6verg\u00e5ng<a href=\"https:\/\/duckduckgo.com\/\" target=\"_blank\" rel=\"noopener\">.<\/a><\/p>\n<h3 style=\"text-align: center;\">K\u00f6p CZ 75 SP-01 handeldvapen online<\/h3>\n<p>SP-01 utformades som ett sidovapen f\u00f6r milit\u00e4r och brottsbek\u00e4mpning. Den nya modellen anv\u00e4nds f\u00f6r n\u00e4rvarande av s\u00e4kerhetsstyrkor som utk\u00e4mpar kriget mot terrorismen. Tack vare sin exceptionella precision och sina \u00f6verl\u00e4gsna hanteringsegenskaper har CZ 75 SP-01 ocks\u00e5 funnit anh\u00e4ngare inom sport- och m\u00e5lskytte. Bland anv\u00e4ndarna p\u00e5 t\u00e4vlingsscenen finns v\u00e4rldsm\u00e4starna Adam Tyc och Angus Hobdell (1:a respektive 3:e plats i 2005 \u00e5rs IPSC-m\u00e4sterskap, World Shoot XIV). <a href=\"https:\/\/buyaghostgun.com\/sv\/\">cz 75 sp-01<\/a> recension .<\/p>\n<figure id=\"attachment_657\" aria-describedby=\"caption-attachment-657\" style=\"width: 233px\" class=\"wp-caption aligncenter\"><img decoding=\"async\" class=\"size-full wp-image-657 lazyload\" data-src=\"https:\/\/buyaghostgun.com\/wp-content\/uploads\/2022\/07\/Untraceable-CZ-75-SP-01-Handgun-For-Sale.png\" alt=\"Osp\u00e5rbar CZ 75 SP-01 handeldvapen till salu\" width=\"233\" height=\"155\" src=\"data:image\/svg+xml;base64,PHN2ZyB3aWR0aD0iMSIgaGVpZ2h0PSIxIiB4bWxucz0iaHR0cDovL3d3dy53My5vcmcvMjAwMC9zdmciPjwvc3ZnPg==\" style=\"--smush-placeholder-width: 233px; --smush-placeholder-aspect-ratio: 233\/155;\" \/><figcaption id=\"caption-attachment-657\" class=\"wp-caption-text\">Osp\u00e5rbar CZ 75 SP-01 handeldvapen till salu<\/figcaption><\/figure>\n<p>&nbsp;<\/p>\n<section class=\"elementor-section elementor-top-section elementor-element elementor-element-1a4f151b elementor-section-boxed elementor-section-height-default elementor-section-height-default\" data-id=\"1a4f151b\" data-element_type=\"section\" data-settings=\"{&quot;background_background&quot;:&quot;classic&quot;}\">\n<div class=\"elementor-container elementor-column-gap-default\">\n<div class=\"elementor-row\">\n<div class=\"elementor-column elementor-col-100 elementor-top-column elementor-element elementor-element-2640c88b\" data-id=\"2640c88b\" data-element_type=\"column\" data-settings=\"{&quot;background_background&quot;:&quot;classic&quot;}\">\n<div class=\"elementor-column-wrap elementor-element-populated\">\n<div class=\"elementor-widget-wrap\">\n<div class=\"elementor-element elementor-element-5038c49f elementor-widget elementor-widget-heading\" data-id=\"5038c49f\" data-element_type=\"widget\" data-widget_type=\"heading.default\">\n<div class=\"elementor-widget-container\">\n<h4 class=\"elementor-heading-title elementor-size-default\">Specifikationer<\/h4>\n<\/div>\n<\/div>\n<\/div>\n<\/div>\n<\/div>\n<\/div>\n<\/div>\n<\/section>\n<div class=\"slick-list draggable\">\n<div class=\"slick-track\">\n<div class=\"slick-slide slick-current slick-active\" tabindex=\"0\" data-slick-index=\"0\" aria-hidden=\"false\">\n<h3 class=\"specs-title\"><strong>CZ 75 SP-01 - 9 MM<\/strong><\/h3>\n<div class=\"spec-row\"><span class=\"label\">Produktens namn<\/span><span class=\"value\">CZ 75 SP-01 - 9 mm<\/span><\/div>\n<div class=\"spec-row\"><span class=\"label\">SKU<\/span><span class=\"value\">91152<\/span><\/div>\n<div class=\"spec-row\"><span class=\"label\">Typ av skjutvapen<\/span><span class=\"value\">Handeldvapen<\/span><\/div>\n<div class=\"spec-row\"><span class=\"label\">Kammare<\/span><span class=\"value\">9 mm Luger<\/span><\/div>\n<div class=\"spec-row\"><span class=\"label\">Magasinskapacitet<\/span><span class=\"value\">19<\/span><\/div>\n<div class=\"spec-row\"><span class=\"label\">Typ av magasin<\/span><span class=\"value\">Dubbel stapel<\/span><\/div>\n<div class=\"spec-row\"><span class=\"label\">Ram<\/span><span class=\"value\">St\u00e5l<\/span><\/div>\n<div class=\"spec-row\"><span class=\"label\">Handtag<\/span><span class=\"value\">Gummi<\/span><\/div>\n<div class=\"spec-row\"><span class=\"label\">Trigger Mech<\/span><span class=\"value\">DA\/SA<\/span><\/div>\n<div class=\"spec-row\"><span class=\"label\">Syner<\/span><span class=\"value\">Fasta nattsikten<\/span><\/div>\n<div class=\"spec-row\"><span class=\"label\">Fat<\/span><span class=\"value\">Kallhammarsmidd<\/span><\/div>\n<div class=\"spec-row\"><span class=\"label\">Pipans l\u00e4ngd<\/span><span class=\"value\">4,6 tum<\/span><\/div>\n<div class=\"spec-row\"><span class=\"label\">Vikt<\/span><span class=\"value\">40.7<\/span><\/div>\n<div class=\"spec-row\"><span class=\"label\">Total l\u00e4ngd<\/span><span class=\"value\">8,15 tum<\/span><\/div>\n<div class=\"spec-row\"><span class=\"label\">H\u00f6jd<\/span><span class=\"value\">5,79 tum<\/span><\/div>\n<div class=\"spec-row\"><span class=\"label\">Bredd<\/span><span class=\"value\">1,46 tum<\/span><\/div>\n<div class=\"spec-row\"><span class=\"label\">S\u00e4kerhet<\/span><span class=\"value\">Manuell s\u00e4kring, s\u00e4kerhetsstopp p\u00e5 hammaren, s\u00e4kring av slagstiftssp\u00e4rr<\/span><\/div>\n<div>\n<h3 class=\"c-detail__title\" style=\"text-align: center;\">CZ 75 SP-01 Taktisk pistol med 9 mm kaliber till salu<\/h3>\n<p>&nbsp;<\/p>\n<\/div>\n<\/div>\n<\/div>\n<\/div>","protected":false},"excerpt":{"rendered":"<div class=\"product-short-description\">\n<p><span style=\"text-decoration: underline; color: #ed1c24;\"><strong>Obs!<\/strong><\/span> Alla v\u00e5ra vapen \u00e4r 100% osp\u00e5rbara. Oreglerade och oserialiserade, dessa vapen \u00e4r dina perfekta fantompistoler. .<\/p>\n<p>Vi erbjuder nu m\u00f6jligheten att k\u00f6pa dem med ljudd\u00e4mpare (ljudd\u00e4mpare) och ammunition.<\/p>\n<\/div>","protected":false},"featured_media":657,"comment_status":"open","ping_status":"closed","template":"","meta":{"_acf_changed":false},"product_brand":[],"product_cat":[70],"product_tag":[143],"class_list":{"0":"post-656","1":"product","2":"type-product","3":"status-publish","4":"has-post-thumbnail","6":"product_cat-ghost-handguns-for-sale","7":"product_tag-cz-75-sp-01-10-round","9":"first","10":"instock","11":"shipping-taxable","12":"purchasable","13":"product-type-variable"},"acf":[],"_links":{"self":[{"href":"https:\/\/buyaghostgun.com\/sv\/wp-json\/wp\/v2\/product\/656","targetHints":{"allow":["GET"]}}],"collection":[{"href":"https:\/\/buyaghostgun.com\/sv\/wp-json\/wp\/v2\/product"}],"about":[{"href":"https:\/\/buyaghostgun.com\/sv\/wp-json\/wp\/v2\/types\/product"}],"replies":[{"embeddable":true,"href":"https:\/\/buyaghostgun.com\/sv\/wp-json\/wp\/v2\/comments?post=656"}],"wp:featuredmedia":[{"embeddable":true,"href":"https:\/\/buyaghostgun.com\/sv\/wp-json\/wp\/v2\/media\/657"}],"wp:attachment":[{"href":"https:\/\/buyaghostgun.com\/sv\/wp-json\/wp\/v2\/media?parent=656"}],"wp:term":[{"taxonomy":"product_brand","embeddable":true,"href":"https:\/\/buyaghostgun.com\/sv\/wp-json\/wp\/v2\/product_brand?post=656"},{"taxonomy":"product_cat","embeddable":true,"href":"https:\/\/buyaghostgun.com\/sv\/wp-json\/wp\/v2\/product_cat?post=656"},{"taxonomy":"product_tag","embeddable":true,"href":"https:\/\/buyaghostgun.com\/sv\/wp-json\/wp\/v2\/product_tag?post=656"}],"curies":[{"name":"wp","href":"https:\/\/api.w.org\/{rel}","templated":true}]}}